{"id":997,"date":"2022-05-27T13:36:27","date_gmt":"2022-05-27T13:36:27","guid":{"rendered":"https:\/\/feelcaboverde.com\/?page_id=997"},"modified":"2023-04-02T09:59:08","modified_gmt":"2023-04-02T09:59:08","slug":"eletricidade-voltagem","status":"publish","type":"page","link":"https:\/\/feelcaboverde.com\/it\/eletricidade-voltagem\/","title":{"rendered":"Eletricidade &#038; Voltagem"},"content":{"rendered":"<h3>Eletricidade e voltagem em Cabo Verde<\/h3>\n<p>O padr\u00e3o de voltagem em Cabo Verde \u00e9 de <strong>220-230 volts<\/strong>, com uma <strong>frequ\u00eancia de 50Hz<\/strong>.<\/p>\n<p>Em Cabo Verde, a eletricidade \u00e9 fornecida pela empresa nacional de eletricidade e \u00e1gua, a Electra. Em geral, a eletricidade no pa\u00eds \u00e9 confi\u00e1vel e est\u00e1vel, mas podem ocorrer cortes de energia ocasionais, especialmente\u00a0 devido a problemas t\u00e9cnicos.<\/p>\n<p>Em algumas \u00e1reas mais remotas do pa\u00eds, ainda \u00e9 comum encontrar locais que dependem de energia gerada a partir de pain\u00e9is solares ou de geradores diesel, especialmente em ilhas menores. No entanto, a maioria das cidades e vilas em Cabo Verde \u00e9 atendida pela rede el\u00e9trica nacional.<\/p>\n<h3>Tomadas em Cabo Verde e adaptador respetivo<\/h3>\n<p>Os plugs e tomadas em Cabo Verde seguem o padr\u00e3o europeu (dois pinos), e s\u00e3o do tipo C e tipo F. O plug do tipo C possui dois pinos redondos paralelos, enquanto o do tipo F tem dois clipes terra al\u00e9m dos dois pinos redondos.<\/p>\n<figure style=\"width: 255px\" class=\"wp-caption alignleft\"><img decoding=\"async\" class=\"\" style=\"margin-left: 0px; margin-top: 0px;\" src=\"https:\/\/lh6.googleusercontent.com\/_IgBvA9eOZV6uC9apEU7QJPHFB8clzFAu-VJURoN0RV_j5O0bUcggOOXx7d8uHyQZceYABgOY0wEPzedFMuR0Wrb1QifwPuJwUuMCrMxqi2FCqyuIaPWFYQlbXXbPGdcFyryA_xyOPY\" alt=\"Type C plug and pin used in Cape Verde\" width=\"255\" height=\"255\" \/><figcaption class=\"wp-caption-text\">Tomada e plug tipo C usados em Cabo Verde<\/figcaption><\/figure>\n<figure style=\"width: 256px\" class=\"wp-caption alignleft\"><img decoding=\"async\" class=\"\" style=\"margin-left: 0px; margin-top: 0px;\" src=\"https:\/\/lh4.googleusercontent.com\/pZWEYAjW3CNp-tqteA5WzNDeDR1uwnCgNazsFn0hLLxik51pLKeqbwQAzg9-wq7dS4uV8LLP4AYAVaf85-Doj60JH4PX4y8LrxS_p6q8gZYU5xNTlV2ARFA7zJx_sK_lKSwiKPYCDXc\" alt=\"Type F plug and pin used in Cape Verde\" width=\"256\" height=\"256\" \/><figcaption class=\"wp-caption-text\">Tomada e plug tipo F usados em Cabo Verde<\/figcaption><\/figure>\n<p>&nbsp;<\/p>\n<p>&nbsp;<\/p>\n<p>&nbsp;<\/p>\n<p>&nbsp;<\/p>\n<p>&nbsp;<\/p>\n<p>&nbsp;<\/p>\n<p>&nbsp;<\/p>\n<p>&nbsp;<\/p>\n<p>&nbsp;<\/p>\n<p><strong>Que tipo de adaptador usar em Cabo Verde?<\/strong><\/p>\n<p>Caso a voltagem do seu eletr\u00f3nico for similar \u00e0 de Cabo Verde (220-230 volts), um<a href=\"https:\/\/www.amazon.com\/Travel-Conair-Adapter-Protection-Europe\/dp\/B0015R1US8\/ref=sr_1_2?crid=259AOSX6QWUC7&amp;dchild=1&amp;keywords=travel+smart+conair+adapter&amp;qid=1629427511&amp;sprefix=travel+smart+cona%2Caps%2C340&amp;sr=8-2\" rel=\"nofollow noopener\" target=\"_blank\"> adaptador com os plugs C ou F<\/a> \u00e9 o indicado. Se, entretanto, a voltagem do seu aparelho for diferente da de Cabo Verde, precisar\u00e1 de um <a href=\"https:\/\/www.amazon.com\/Travel-Smart-Conair-Adapter-Converter\/dp\/B00DWYEVE2\/ref=sr_1_3?crid=259AOSX6QWUC7&amp;dchild=1&amp;keywords=travel+smart+conair+adapter&amp;qid=1629427511&amp;sprefix=travel+smart+cona%2Caps%2C340&amp;sr=8-3\" rel=\"nofollow noopener\" target=\"_blank\">adaptador com conversor de voltagem<\/a>.<\/p>","protected":false},"excerpt":{"rendered":"<p>Eletricidade e voltagem em Cabo Verde O padr\u00e3o de voltagem em Cabo Verde \u00e9 de 220-230 volts, com uma frequ\u00eancia de 50Hz. Em Cabo Verde, a eletricidade \u00e9 fornecida pela empresa nacional de eletricidade e \u00e1gua, a Electra. Em geral, a eletricidade no pa\u00eds \u00e9 confi\u00e1vel e est\u00e1vel, mas podem ocorrer cortes de energia ocasionais, [&hellip;]<\/p>","protected":false},"author":1,"featured_media":0,"parent":0,"menu_order":0,"comment_status":"closed","ping_status":"closed","template":"","meta":{"footnotes":""},"categories":[],"tags":[],"class_list":["post-997","page","type-page","status-publish","hentry"],"_links":{"self":[{"href":"https:\/\/feelcaboverde.com\/it\/wp-json\/wp\/v2\/pages\/997","targetHints":{"allow":["GET"]}}],"collection":[{"href":"https:\/\/feelcaboverde.com\/it\/wp-json\/wp\/v2\/pages"}],"about":[{"href":"https:\/\/feelcaboverde.com\/it\/wp-json\/wp\/v2\/types\/page"}],"author":[{"embeddable":true,"href":"https:\/\/feelcaboverde.com\/it\/wp-json\/wp\/v2\/users\/1"}],"replies":[{"embeddable":true,"href":"https:\/\/feelcaboverde.com\/it\/wp-json\/wp\/v2\/comments?post=997"}],"version-history":[{"count":20,"href":"https:\/\/feelcaboverde.com\/it\/wp-json\/wp\/v2\/pages\/997\/revisions"}],"predecessor-version":[{"id":4162,"href":"https:\/\/feelcaboverde.com\/it\/wp-json\/wp\/v2\/pages\/997\/revisions\/4162"}],"wp:attachment":[{"href":"https:\/\/feelcaboverde.com\/it\/wp-json\/wp\/v2\/media?parent=997"}],"wp:term":[{"taxonomy":"category","embeddable":true,"href":"https:\/\/feelcaboverde.com\/it\/wp-json\/wp\/v2\/categories?post=997"},{"taxonomy":"post_tag","embeddable":true,"href":"https:\/\/feelcaboverde.com\/it\/wp-json\/wp\/v2\/tags?post=997"}],"curies":[{"name":"wp","href":"https:\/\/api.w.org\/{rel}","templated":true}]}}