{"id":978,"date":"2022-05-27T13:33:04","date_gmt":"2022-05-27T13:33:04","guid":{"rendered":"https:\/\/feelcaboverde.com\/?page_id=978"},"modified":"2023-04-02T00:00:05","modified_gmt":"2023-04-02T00:00:05","slug":"dinheiro-bancos","status":"publish","type":"page","link":"https:\/\/feelcaboverde.com\/it\/dinheiro-bancos\/","title":{"rendered":"Dinheiro &#038; Bancos em Cabo Verde"},"content":{"rendered":"<div data-elementor-type=\"wp-page\" data-elementor-id=\"978\" class=\"elementor elementor-978\">\n\t\t\t\t\t\t\t\t\t<section data-particle_enable=\"false\" data-particle-mobile-disabled=\"false\" class=\"elementor-section elementor-top-section elementor-element elementor-element-43b54aea elementor-section-boxed elementor-section-height-default elementor-section-height-default\" data-id=\"43b54aea\" data-element_type=\"section\">\n\t\t\t\t\t\t<div class=\"elementor-container elementor-column-gap-default\">\n\t\t\t\t\t<div class=\"elementor-column elementor-col-100 elementor-top-column elementor-element elementor-element-6e42e8a5\" data-id=\"6e42e8a5\" data-element_type=\"column\">\n\t\t\t<div class=\"elementor-widget-wrap elementor-element-populated\">\n\t\t\t\t\t\t\t\t<div class=\"elementor-element elementor-element-56626ddb elementor-widget elementor-widget-text-editor\" data-id=\"56626ddb\" data-element_type=\"widget\" data-widget_type=\"text-editor.default\">\n\t\t\t\t<div class=\"elementor-widget-container\">\n\t\t\t<style>\/*! elementor - v3.7.1 - 14-08-2022 *\/\n.elementor-widget-text-editor.elementor-drop-cap-view-stacked .elementor-drop-cap{background-color:#818a91;color:#fff}.elementor-widget-text-editor.elementor-drop-cap-view-framed .elementor-drop-cap{color:#818a91;border:3px solid;background-color:transparent}.elementor-widget-text-editor:not(.elementor-drop-cap-view-default) .elementor-drop-cap{margin-top:8px}.elementor-widget-text-editor:not(.elementor-drop-cap-view-default) .elementor-drop-cap-letter{width:1em;height:1em}.elementor-widget-text-editor .elementor-drop-cap{float:left;text-align:center;line-height:1;font-size:50px}.elementor-widget-text-editor .elementor-drop-cap-letter{display:inline-block}<\/style>\t\t\t\t<p><span style=\"color: var( --e-global-color-text ); font-family: var( --e-global-typography-text-font-family ), Sans-serif; font-weight: var( --e-global-typography-text-font-weight ); text-align: var(--text-align); font-size: 1rem;\">A <\/span><span style=\"color: var( --e-global-color-text ); font-family: var( --e-global-typography-text-font-family ), Sans-serif; text-align: var(--text-align); font-size: 1rem;\"><b>moeda de Cabo Verde \u00e9 o escudo cabo-verdiano<\/b><\/span><span style=\"color: var( --e-global-color-text ); font-family: var( --e-global-typography-text-font-family ), Sans-serif; font-weight: var( --e-global-typography-text-font-weight ); text-align: var(--text-align); font-size: 1rem;\"> (ECV). Notas existem nas denomina\u00e7\u00f5es de 200, 500, 1000, 2000 e 5000 escudos. As moedas circulantes s\u00e3o na denomina\u00e7\u00e3o de 1, 5, 10, 20, 50 e 100 escudos.<\/span><br><\/p>\n<p>O escudo est\u00e1 indexado ao euro e segue a sua taxa de c\u00e2mbio, ou seja, se a cota\u00e7\u00e3o do euro sobe, o mesmo acontece com o escudo. Um euro (\u20ac1) equivale a aproximadamente 110 escudos.<\/p>\n<h3><strong>Transporte de dinheiro para Cabo Verde <\/strong><\/h3>\n<p>Deve declarar nas Alf\u00e2ndegas, \u00e0 entrada e \u00e0 sa\u00edda do pa\u00eds, se viajar com valor monet\u00e1rio, metais ou pedras preciosas, de valor igual ou superior a 1.000.000$00 (um milh\u00e3o de escudos) ou seu equivalente em outra moeda.<\/p>\n<p>A sa\u00edda ou exporta\u00e7\u00e3o de notas e moedas met\u00e1licas nacionais \u00e9 livre at\u00e9 o limite de 20.000$00 (vinte mil de escudos). Para valores superiores, \u00e9 necess\u00e1ria autoriza\u00e7\u00e3o especial e pr\u00e9via do Banco de Cabo Verde, mediante justifica\u00e7\u00e3o.<\/p>\n<p>Para mais informa\u00e7\u00f5es sobre opera\u00e7\u00f5es cambiais para viajantes, consulte as <a href=\"https:\/\/www.bcv.cv\/SiteCollectionDocuments\/ViajantesNet.pdf\" rel=\"nofollow noopener\" target=\"_blank\">orienta\u00e7\u00f5es do Banco de Cabo Verde<\/a>.<\/p>\n<h3><strong>Troca de divisas em Cabo Verde<\/strong><\/h3>\n<p>A troca de divisas em Cabo Verde est\u00e1 dispon\u00edvel nos aeroportos internacionais, bancos locais, e em algumas ag\u00eancias de viagens.<\/p>\n<p>No geral, n\u00e3o \u00e9 poss\u00edvel trocar escudos no exterior, ent\u00e3o evite retornar com valores elevados.&nbsp;&nbsp;<\/p>\n<p>As taxas de c\u00e2mbio comervial em vigor em Cabo Verde podem ser consultadas <a href=\"https:\/\/www.bca.cv\/espaco-de-mercados\" rel=\"nofollow noopener\" target=\"_blank\">aqui<\/a>.<\/p>\n<p><br><\/p>\n<h3><strong>Hor\u00e1rio de funcionamento dos bancos em Cabo Verde<\/strong><\/h3>\n<p>De modeo geral, os bancos em Cabo Verde funcionam de segunda a sexta-feira, das 08:00-15:00.<\/p>\n<p><br><\/p>\n<h3><strong>Cart\u00f5es de cr\u00e9dito em Cabo Verde<\/strong><\/h3>\n<p>Cart\u00f5es de cr\u00e9dito <strong>Visa, MasterCard e American Express s\u00e3o oficialmente <\/strong><a href=\"https:\/\/www.sisp.cv\/visa-mastercard.aspx\" rel=\"nofollow noopener\" target=\"_blank\"><strong>aceites em Cabo Verde<\/strong><\/a>.&nbsp; Eles podem ser usados para pagamento em hot\u00e9is e restaurantes grandes, principalmente nas cidades maiores.<\/p>\n<p>No interior e cidades menores, pode n\u00e3o ser poss\u00edvel pagamento com cart\u00f5es internacionais. Por precau\u00e7\u00e3o, \u00e9 sempre recomend\u00e1vel ter algum dinheiro em esp\u00e9cie em m\u00e3os. O euro \u00e9 a divisa internacional mais amplamente usada em Cabo Verde. Alguns estabelecimentos comerciais nas ilhas do Sal e Boavista aceitam o pagamento em euros.&nbsp;<\/p>\n<p>\u00c9 poss\u00edvel obter dinheiro de cart\u00f5es de cr\u00e9ditos em bancos, mas as taxas tendem a ser elevadas.<\/p>\n<p><br><\/p>\n<h3><strong>ATMs ou Caixas Eletr\u00f3nicos (em Cabo Verde<\/strong><\/h3>\n<p>Existem ATMs em todas as ilhas de Cabo Verde (chamadas caixas Vinti4). Entretanto, s\u00e3o menos frequentes nas cidades menores e concentram-se principalmente nos centros. Localidades menores ou afastadas geralmente n\u00e3o possuem ATMs e podem n\u00e3o aceitar cart\u00f5es de cr\u00e9dito. Leve sempre algum dinheiro em esp\u00e9cie para passeios principalmente para fora da cidade.<\/p><p><br><\/p>\n<h3><strong>Perguntas frequentes<\/strong>:<\/h3>\n<ul>\n<li>Pode-se usar euros em Cabo Verde?<\/li>\n<\/ul>\n<p>O euro \u00e9 comumente aceito nas ilhas do Sal e Boavista. Nas outras \u00e9 menos comum aceitarem pagamento com euros em estabelecimentos comerciais, mas casas de c\u00e2mbio est\u00e3o dispon\u00edveis em todas as ilhas.&nbsp;<\/p>\n<ul>\n<li>Qual \u00e9 a melhor moeda para levar para Cabo Verde?<\/li>\n<\/ul>\n<p>O euro \u00e9 a melhor moeda para levar para Cabo Verde por ser a divisa mais amplamente usada e porque o escudo est\u00e1-lhe indexado, ou seja, se o euro sobe o escudo sobe tamb\u00e9m.<\/p>\n<p>Pode ser conveniente converter algum dinheiro de viagem para euro caso esteja a pensar visitar Cabo Verde.<\/p>\t\t\t\t\t\t<\/div>\n\t\t\t\t<\/div>\n\t\t\t\t\t<\/div>\n\t\t<\/div>\n\t\t\t\t\t\t\t<\/div>\n\t\t<\/section>\n\t\t\t\t\t\t\t<\/div>","protected":false},"excerpt":{"rendered":"<p>A moeda de Cabo Verde \u00e9 o escudo cabo-verdiano (ECV). Notas existem nas denomina\u00e7\u00f5es de 200, 500, 1000, 2000 e 5000 escudos. As moedas circulantes s\u00e3o na denomina\u00e7\u00e3o de 1, 5, 10, 20, 50 e 100 escudos. O escudo est\u00e1 indexado ao euro e segue a sua taxa de c\u00e2mbio, ou seja, se a cota\u00e7\u00e3o [&hellip;]<\/p>","protected":false},"author":1,"featured_media":0,"parent":0,"menu_order":0,"comment_status":"closed","ping_status":"closed","template":"","meta":{"footnotes":""},"categories":[],"tags":[],"class_list":["post-978","page","type-page","status-publish","hentry"],"_links":{"self":[{"href":"https:\/\/feelcaboverde.com\/it\/wp-json\/wp\/v2\/pages\/978","targetHints":{"allow":["GET"]}}],"collection":[{"href":"https:\/\/feelcaboverde.com\/it\/wp-json\/wp\/v2\/pages"}],"about":[{"href":"https:\/\/feelcaboverde.com\/it\/wp-json\/wp\/v2\/types\/page"}],"author":[{"embeddable":true,"href":"https:\/\/feelcaboverde.com\/it\/wp-json\/wp\/v2\/users\/1"}],"replies":[{"embeddable":true,"href":"https:\/\/feelcaboverde.com\/it\/wp-json\/wp\/v2\/comments?post=978"}],"version-history":[{"count":12,"href":"https:\/\/feelcaboverde.com\/it\/wp-json\/wp\/v2\/pages\/978\/revisions"}],"predecessor-version":[{"id":4110,"href":"https:\/\/feelcaboverde.com\/it\/wp-json\/wp\/v2\/pages\/978\/revisions\/4110"}],"wp:attachment":[{"href":"https:\/\/feelcaboverde.com\/it\/wp-json\/wp\/v2\/media?parent=978"}],"wp:term":[{"taxonomy":"category","embeddable":true,"href":"https:\/\/feelcaboverde.com\/it\/wp-json\/wp\/v2\/categories?post=978"},{"taxonomy":"post_tag","embeddable":true,"href":"https:\/\/feelcaboverde.com\/it\/wp-json\/wp\/v2\/tags?post=978"}],"curies":[{"name":"wp","href":"https:\/\/api.w.org\/{rel}","templated":true}]}}