{"id":965,"date":"2022-05-27T13:29:39","date_gmt":"2022-05-27T13:29:39","guid":{"rendered":"https:\/\/feelcaboverde.com\/?page_id=965"},"modified":"2023-12-22T01:05:19","modified_gmt":"2023-12-22T01:05:19","slug":"contatos-de-emergencia","status":"publish","type":"page","link":"https:\/\/feelcaboverde.com\/it\/contatos-de-emergencia\/","title":{"rendered":"Contatos de Emerg\u00eancia"},"content":{"rendered":"<div data-elementor-type=\"wp-page\" data-elementor-id=\"965\" class=\"elementor elementor-965\">\n\t\t\t\t\t\t\t\t\t<section data-particle_enable=\"false\" data-particle-mobile-disabled=\"false\" class=\"elementor-section elementor-top-section elementor-element elementor-element-43b54aea elementor-section-boxed elementor-section-height-default elementor-section-height-default\" data-id=\"43b54aea\" data-element_type=\"section\">\n\t\t\t\t\t\t<div class=\"elementor-container elementor-column-gap-default\">\n\t\t\t\t\t<div class=\"elementor-column elementor-col-100 elementor-top-column elementor-element elementor-element-6e42e8a5\" data-id=\"6e42e8a5\" data-element_type=\"column\">\n\t\t\t<div class=\"elementor-widget-wrap elementor-element-populated\">\n\t\t\t\t\t\t\t\t<div class=\"elementor-element elementor-element-56626ddb elementor-widget elementor-widget-text-editor\" data-id=\"56626ddb\" data-element_type=\"widget\" data-widget_type=\"text-editor.default\">\n\t\t\t\t<div class=\"elementor-widget-container\">\n\t\t\t<style>\/*! elementor - v3.7.1 - 14-08-2022 *\/\n.elementor-widget-text-editor.elementor-drop-cap-view-stacked .elementor-drop-cap{background-color:#818a91;color:#fff}.elementor-widget-text-editor.elementor-drop-cap-view-framed .elementor-drop-cap{color:#818a91;border:3px solid;background-color:transparent}.elementor-widget-text-editor:not(.elementor-drop-cap-view-default) .elementor-drop-cap{margin-top:8px}.elementor-widget-text-editor:not(.elementor-drop-cap-view-default) .elementor-drop-cap-letter{width:1em;height:1em}.elementor-widget-text-editor .elementor-drop-cap{float:left;text-align:center;line-height:1;font-size:50px}.elementor-widget-text-editor .elementor-drop-cap-letter{display:inline-block}<\/style>\t\t\t\t<p>F\u00e9rias e viagens n\u00e3o s\u00e3o imunes a imprevistos . Por isso, \u00e9 importante saber quais s\u00e3o os n\u00fameros de emerg\u00eancia para cada situa\u00e7\u00e3o. Esses s\u00e3o os contatos para emerg\u00eancias em Cabo Verde.<\/p>\n<ul>\n<li><strong>Hospitais &#8211; 130<\/strong>. O n\u00famero 130 deve ser acionado em casos de emerg\u00eancia m\u00e9dica, como males s\u00fabitos, acidentes graves ou problemas relacionados \u00e0 sa\u00fade.&nbsp;<\/li>\n<li><strong>Bombeiros &#8211; 131<\/strong>. O n\u00famero 131 \u00e9 utilizado em situa\u00e7\u00f5es que envolvam inc\u00eandios, desabamentos, enchentes, salvamentos e outras emerg\u00eancias que necessitem da atua\u00e7\u00e3o dos bombeiros.&nbsp;<\/li>\n<li><strong>Pol\u00edcia Nacional (PN) &#8211; 132.<\/strong> O n\u00famero 132 \u00e9 destinado a situa\u00e7\u00f5es que envolvam a seguran\u00e7a p\u00fablica, como roubos, furtos, sequestros e outras viola\u00e7\u00f5es da lei. A Pol\u00edcia Nacional de Cabo Verde \u00e9 respons\u00e1vel por garantir a ordem e a seguran\u00e7a do pa\u00eds, atuando de forma preventiva e repressiva.<\/li>\n<li><strong>Servi\u00e7o Nacional de Prote\u00e7\u00e3o Civil e Bombeiros (SNPCB) &#8211; 8001112.<\/strong> O n\u00famero 8001112 \u00e9 utilizado para emerg\u00eancias relacionadas a desastres naturais, como terremotos, tsunamis, furac\u00f5es, entre outros. O Servi\u00e7o Nacional de Prote\u00e7\u00e3o Civil e Bombeiros (SNPCB) \u00e9 respons\u00e1vel por planejar e coordenar a\u00e7\u00f5es de preven\u00e7\u00e3o e resposta a emerg\u00eancias, atuando em conjunto com outras institui\u00e7\u00f5es governamentais e organiza\u00e7\u00f5es da sociedade civil.<\/li>\n<\/ul><div><br><\/div>\n<p>\u00c9 importante ressaltar que em caso de emerg\u00eancia, \u00e9 fundamental manter a calma e fornecer informa\u00e7\u00f5es precisas para o atendente. Informe o endere\u00e7o mais exato poss\u00edvel do local da ocorr\u00eancia e o n\u00famero de telefone para contato.&nbsp;<\/p>\t\t\t\t\t\t<\/div>\n\t\t\t\t<\/div>\n\t\t\t\t\t<\/div>\n\t\t<\/div>\n\t\t\t\t\t\t\t<\/div>\n\t\t<\/section>\n\t\t\t\t\t\t\t<\/div>","protected":false},"excerpt":{"rendered":"<p>F\u00e9rias e viagens n\u00e3o s\u00e3o imunes a imprevistos . Por isso, \u00e9 importante saber quais s\u00e3o os n\u00fameros de emerg\u00eancia para cada situa\u00e7\u00e3o. Esses s\u00e3o os contatos para emerg\u00eancias em Cabo Verde. Hospitais &#8211; 130. O n\u00famero 130 deve ser acionado em casos de emerg\u00eancia m\u00e9dica, como males s\u00fabitos, acidentes graves ou problemas relacionados \u00e0 [&hellip;]<\/p>","protected":false},"author":1,"featured_media":0,"parent":0,"menu_order":0,"comment_status":"closed","ping_status":"closed","template":"","meta":{"footnotes":""},"categories":[],"tags":[],"class_list":["post-965","page","type-page","status-publish","hentry"],"_links":{"self":[{"href":"https:\/\/feelcaboverde.com\/it\/wp-json\/wp\/v2\/pages\/965","targetHints":{"allow":["GET"]}}],"collection":[{"href":"https:\/\/feelcaboverde.com\/it\/wp-json\/wp\/v2\/pages"}],"about":[{"href":"https:\/\/feelcaboverde.com\/it\/wp-json\/wp\/v2\/types\/page"}],"author":[{"embeddable":true,"href":"https:\/\/feelcaboverde.com\/it\/wp-json\/wp\/v2\/users\/1"}],"replies":[{"embeddable":true,"href":"https:\/\/feelcaboverde.com\/it\/wp-json\/wp\/v2\/comments?post=965"}],"version-history":[{"count":15,"href":"https:\/\/feelcaboverde.com\/it\/wp-json\/wp\/v2\/pages\/965\/revisions"}],"predecessor-version":[{"id":4886,"href":"https:\/\/feelcaboverde.com\/it\/wp-json\/wp\/v2\/pages\/965\/revisions\/4886"}],"wp:attachment":[{"href":"https:\/\/feelcaboverde.com\/it\/wp-json\/wp\/v2\/media?parent=965"}],"wp:term":[{"taxonomy":"category","embeddable":true,"href":"https:\/\/feelcaboverde.com\/it\/wp-json\/wp\/v2\/categories?post=965"},{"taxonomy":"post_tag","embeddable":true,"href":"https:\/\/feelcaboverde.com\/it\/wp-json\/wp\/v2\/tags?post=965"}],"curies":[{"name":"wp","href":"https:\/\/api.w.org\/{rel}","templated":true}]}}