{"id":957,"date":"2022-05-27T13:27:43","date_gmt":"2022-05-27T13:27:43","guid":{"rendered":"https:\/\/feelcaboverde.com\/?page_id=957"},"modified":"2025-04-19T00:37:22","modified_gmt":"2025-04-19T00:37:22","slug":"conduzir-em-cabo-verde","status":"publish","type":"page","link":"https:\/\/feelcaboverde.com\/it\/conduzir-em-cabo-verde\/","title":{"rendered":"Conduzir em Cabo Verde"},"content":{"rendered":"<div data-elementor-type=\"wp-page\" data-elementor-id=\"957\" class=\"elementor elementor-957\">\n\t\t\t\t\t\t\t\t\t<section data-particle_enable=\"false\" data-particle-mobile-disabled=\"false\" class=\"elementor-section elementor-top-section elementor-element elementor-element-43b54aea elementor-section-boxed elementor-section-height-default elementor-section-height-default\" data-id=\"43b54aea\" data-element_type=\"section\">\n\t\t\t\t\t\t<div class=\"elementor-container elementor-column-gap-default\">\n\t\t\t\t\t<div class=\"elementor-column elementor-col-100 elementor-top-column elementor-element elementor-element-6e42e8a5\" data-id=\"6e42e8a5\" data-element_type=\"column\">\n\t\t\t<div class=\"elementor-widget-wrap elementor-element-populated\">\n\t\t\t\t\t\t\t\t<div class=\"elementor-element elementor-element-56626ddb elementor-widget elementor-widget-text-editor\" data-id=\"56626ddb\" data-element_type=\"widget\" data-widget_type=\"text-editor.default\">\n\t\t\t\t<div class=\"elementor-widget-container\">\n\t\t\t<style>\/*! elementor - v3.7.1 - 14-08-2022 *\/\n.elementor-widget-text-editor.elementor-drop-cap-view-stacked .elementor-drop-cap{background-color:#818a91;color:#fff}.elementor-widget-text-editor.elementor-drop-cap-view-framed .elementor-drop-cap{color:#818a91;border:3px solid;background-color:transparent}.elementor-widget-text-editor:not(.elementor-drop-cap-view-default) .elementor-drop-cap{margin-top:8px}.elementor-widget-text-editor:not(.elementor-drop-cap-view-default) .elementor-drop-cap-letter{width:1em;height:1em}.elementor-widget-text-editor .elementor-drop-cap{float:left;text-align:center;line-height:1;font-size:50px}.elementor-widget-text-editor .elementor-drop-cap-letter{display:inline-block}<\/style>\t\t\t\t<p>Conduzir em Cabo Verde \u00e9 razoavelmente simples, e pode ser uma boa op\u00e7\u00e3o alugar um carro para quem quer mais flexibilidade e independ\u00eancia durante a estadia no arquip\u00e9lago.<\/p>\n<p><strong>Visitantes com carta de condu\u00e7\u00e3o estrangeira podem conduzir em Cabo Verde com a carta de condu\u00e7\u00e3o do seu pa\u00eds de origem por at\u00e9 seis meses. <\/strong>Entretanto deve<strong>&nbsp;<\/strong>ter sempre consigo o seu passaporte ou documento de identifica\u00e7\u00e3o. Cartas de condu\u00e7\u00e3o emitidas em Portugal s\u00e3o v\u00e1lidas em Cabo Verde em fun\u00e7\u00e3o de um<a href=\"https:\/\/diariodarepublica.pt\/dr\/detalhe\/decreto-lei\/46-2022-185971761\" rel=\"nofollow noopener\" target=\"_blank\"> acordo bilateral entre os pa\u00edses<\/a>.<\/p>\n<h4><strong>&nbsp;<\/strong><\/h4>\n<h4><strong>Regras b\u00e1sicas de tr\u00e2nsito em Cabo Verde<\/strong><\/h4>\n<p>A condi\u00e7\u00e3o das estradas e regulamentos de tr\u00e2nsito em Cabo Verde podem diferir do seu pa\u00eds de origem, pelo que conv\u00e9m tomar aten\u00e7\u00e3o para algumas <b>regras de condu\u00e7\u00e3o b\u00e1sicas em Cabo Verde<\/b>:<\/p>\n<ul>\n<li>A idade m\u00ednima para conduzir em Cabo Verde \u00e9 de 18 anos.<\/li>\n<li>Em Cabo Verde, conduz-se do lado direito da faixa de rodagem.<\/li>\n<li>A velocidade m\u00e1xima permitida em Cabo Verde \u00e9 de 50 Km\/h nas zonas urbanas e de 90 Km\/h fora das cidades\/localidades. Dentro das localidades, deve ser mais cauteloso com a velocidade e prestar especial aten\u00e7\u00e3o \u00e0s pessoas atravessando a estrada, pois \u00e9 comum faz\u00ea-lo fora de passadeiras principalmente em locais onde estas s\u00e3o escassas ou inexistentes.<\/li>\n<li>O uso do cinto de seguran\u00e7a \u00e9 obrigat\u00f3rio para o condutor e passageiros do banco da frente, nos autom\u00f3veis ligeiros. Embora muitos tendem a ignorar essa regra, evite faz\u00ea-lo tanto para a sua seguran\u00e7a como para evitar ser multado.<\/li>\n<li>Motociclistas e passageiros de motocicletas t\u00eam de usar capacete de seguran\u00e7a em Cabo Verde. Motociclos devem transitar sempre com as luzes de cruzamento acesas durante o dia.<\/li>\n<li>Nas interse\u00e7\u00f5es ou cruzamentos n\u00e3o sinalizados, o ve\u00edculo da direita tem prioridade. Nas rotundas, deve ceder a passagem aos ve\u00edculos que nela j\u00e1 circulam.<\/li>\n<li>Crian\u00e7as com menos de 12 anos de idade devem sentar no banco de tr\u00e1s.<\/li>\n<li>Ve\u00edculos devem ser estacionados na dire\u00e7\u00e3o do tr\u00e1fego.<\/li>\n<li>Por lei, em Cabo Verde, os ve\u00edculos motorizados s\u00f3 podem circular se possu\u00edrem um seguro obrigat\u00f3rio de Responsabilidade Civil Autom\u00f3vel (seguro contra terceiros). Deve sempre certificar que o comprovativo do seguro esteja no carro (adesivo do seguro normalmente colocado no para-brisa do carro).<\/li>\n<li>A taxa de alcoolemia m\u00e1xima permitida em Cabo Verde \u00e9 de 0,5 g\/l de sangue. Al\u00e9m do risco \u00e0 seguran\u00e7a, o motorista com taxa de \u00e1lcool no sangue igual ou superior a 0,5 g\/l e inferior a 1,20 g\/l pode ser punido com multa de 25.000 ECV (\u20ac250) a 250.000 ECV (\u20ac2.500). Quando a taxa for igual ou superior a 1,20 g\/l, pode incorrer a pena de pris\u00e3o de 3 a 12 meses ou pena de multa at\u00e9 100 dias. A pena de pris\u00e3o pode estender-se at\u00e9 2 anos se o condutor sob efeito do \u00e1lcool tiver causado acidente de via\u00e7\u00e3o. Em resumo, se for beber, pegue um t\u00e1xi!<\/li>\n<\/ul>\n<div>&nbsp;<\/div>\n<div>Para mais informa\u00e7\u00f5es consulte o <a href=\"https:\/\/www.estradas.cv\/site\/index.php\/developers-2\/category\/7-legislacao-rodoviaria\" rel=\"nofollow noopener\" target=\"_blank\"><b>c\u00f3digo de estrada de Cabo Verde<\/b><\/a>&nbsp;atualizado,&nbsp;ou visite o site <a href=\"https:\/\/www.estradas.cv\/site\/index.php\/developers-2\/category\/7-legislacao-rodoviaria\" rel=\"nofollow noopener\" target=\"_blank\">estradas.cv<\/a>.<\/div>\n<p><strong>&nbsp;<\/strong><\/p>\n<h4><strong>Abastecimento de combust\u00edvel em Cabo Verde<\/strong><\/h4>\n<p>Bombas de combust\u00edvel em Cabo Verde s\u00e3o da Enacol e da Shell, e frequentemente possuem sua pr\u00f3pria loja de conveni\u00eancia. Normalmente est\u00e3o localizadas nas entradas ou sa\u00eddas das localidades, e distribu\u00eddas convenientemente dentro das cidades maiores.&nbsp; As bombas de abastecimento n\u00e3o s\u00e3o self-service, um atendente ir\u00e1 abastec\u00ea-lo.<\/p>\n<h4><strong>&nbsp;<\/strong><\/h4>\n<h4><strong>Estradas p\u00fablicas <\/strong><\/h4>\n<p>Cabo Verde conta com uma extensa rede de estradas. Ruas asfaltadas s\u00e3o cada vez mais prevalentes, principalmente nas zonas urbanas. Entretanto, estradas calcetadas ainda s\u00e3o muito comuns.<\/p>\n<p>Passadeiras listradas para pe\u00f5es s\u00e3o usuais nas zonas urbanas, e devem ser respeitadas pelo motorista. Sinaliza\u00e7\u00e3o de tr\u00e2nsito luminosa em Cabo Verde \u00e9 muito rara, mas poder\u00e1 encontr\u00e1-la normalmente na cidade da Praia.<\/p>\n<p>Na \u00e9poca das chuvas \u00e9 preciso ser extra cauteloso tanto nas estradas que cortam montanhas (lama e deslizamentos de terra s\u00e3o comuns) como nas vias calcetadas (que tendem a ficar particularmente escorregadias).<\/p>\n<p><strong>Dica<\/strong>: Se pretende alugar um autom\u00f3vel durante sua estadia em Cabo Verde, considere um carro 4&#215;4, principalmente se planeja aventurar-se pelo interior ou em caminhos irregulares como as dunas de areia do do <a href=\"https:\/\/feelcaboverde.com\/it\/deserto-de-viana-ilha-da-boavista\/\">deserto de Viana<\/a>.<\/p>\n<p>Se precisar de mais orienta\u00e7\u00f5es espec\u00edficas sobre transporte em Cabo Verde, aluguer de carros ou outros, n\u00e3o hesite em contactar-nos.&nbsp;<\/p>\t\t\t\t\t\t<\/div>\n\t\t\t\t<\/div>\n\t\t\t\t\t<\/div>\n\t\t<\/div>\n\t\t\t\t\t\t\t<\/div>\n\t\t<\/section>\n\t\t\t\t\t\t\t<\/div>","protected":false},"excerpt":{"rendered":"<p>Conduzir em Cabo Verde \u00e9 razoavelmente simples, e pode ser uma boa op\u00e7\u00e3o alugar um carro para quem quer mais flexibilidade e independ\u00eancia durante a estadia no arquip\u00e9lago. Visitantes com carta de condu\u00e7\u00e3o estrangeira podem conduzir em Cabo Verde com a carta de condu\u00e7\u00e3o do seu pa\u00eds de origem por at\u00e9 seis meses. Entretanto deve&nbsp;ter [&hellip;]<\/p>","protected":false},"author":1,"featured_media":0,"parent":0,"menu_order":0,"comment_status":"closed","ping_status":"closed","template":"","meta":{"footnotes":""},"categories":[],"tags":[],"class_list":["post-957","page","type-page","status-publish","hentry"],"_links":{"self":[{"href":"https:\/\/feelcaboverde.com\/it\/wp-json\/wp\/v2\/pages\/957","targetHints":{"allow":["GET"]}}],"collection":[{"href":"https:\/\/feelcaboverde.com\/it\/wp-json\/wp\/v2\/pages"}],"about":[{"href":"https:\/\/feelcaboverde.com\/it\/wp-json\/wp\/v2\/types\/page"}],"author":[{"embeddable":true,"href":"https:\/\/feelcaboverde.com\/it\/wp-json\/wp\/v2\/users\/1"}],"replies":[{"embeddable":true,"href":"https:\/\/feelcaboverde.com\/it\/wp-json\/wp\/v2\/comments?post=957"}],"version-history":[{"count":52,"href":"https:\/\/feelcaboverde.com\/it\/wp-json\/wp\/v2\/pages\/957\/revisions"}],"predecessor-version":[{"id":5618,"href":"https:\/\/feelcaboverde.com\/it\/wp-json\/wp\/v2\/pages\/957\/revisions\/5618"}],"wp:attachment":[{"href":"https:\/\/feelcaboverde.com\/it\/wp-json\/wp\/v2\/media?parent=957"}],"wp:term":[{"taxonomy":"category","embeddable":true,"href":"https:\/\/feelcaboverde.com\/it\/wp-json\/wp\/v2\/categories?post=957"},{"taxonomy":"post_tag","embeddable":true,"href":"https:\/\/feelcaboverde.com\/it\/wp-json\/wp\/v2\/tags?post=957"}],"curies":[{"name":"wp","href":"https:\/\/api.w.org\/{rel}","templated":true}]}}