{"id":948,"date":"2022-05-27T13:22:05","date_gmt":"2022-05-27T13:22:05","guid":{"rendered":"https:\/\/feelcaboverde.com\/?page_id=948"},"modified":"2023-03-16T23:47:00","modified_gmt":"2023-03-16T23:47:00","slug":"comunicacao-telefonica","status":"publish","type":"page","link":"https:\/\/feelcaboverde.com\/it\/comunicacao-telefonica\/","title":{"rendered":"Comunica\u00e7\u00e3o Telef\u00f3nica em Cabo Verde"},"content":{"rendered":"<div data-elementor-type=\"wp-page\" data-elementor-id=\"948\" class=\"elementor elementor-948\">\n\t\t\t\t\t\t\t\t\t<section data-particle_enable=\"false\" data-particle-mobile-disabled=\"false\" class=\"elementor-section elementor-top-section elementor-element elementor-element-43b54aea elementor-section-boxed elementor-section-height-default elementor-section-height-default\" data-id=\"43b54aea\" data-element_type=\"section\">\n\t\t\t\t\t\t<div class=\"elementor-container elementor-column-gap-default\">\n\t\t\t\t\t<div class=\"elementor-column elementor-col-100 elementor-top-column elementor-element elementor-element-6e42e8a5\" data-id=\"6e42e8a5\" data-element_type=\"column\">\n\t\t\t<div class=\"elementor-widget-wrap elementor-element-populated\">\n\t\t\t\t\t\t\t\t<div class=\"elementor-element elementor-element-56626ddb elementor-widget elementor-widget-text-editor\" data-id=\"56626ddb\" data-element_type=\"widget\" data-widget_type=\"text-editor.default\">\n\t\t\t\t<div class=\"elementor-widget-container\">\n\t\t\t<style>\/*! elementor - v3.7.1 - 14-08-2022 *\/\n.elementor-widget-text-editor.elementor-drop-cap-view-stacked .elementor-drop-cap{background-color:#818a91;color:#fff}.elementor-widget-text-editor.elementor-drop-cap-view-framed .elementor-drop-cap{color:#818a91;border:3px solid;background-color:transparent}.elementor-widget-text-editor:not(.elementor-drop-cap-view-default) .elementor-drop-cap{margin-top:8px}.elementor-widget-text-editor:not(.elementor-drop-cap-view-default) .elementor-drop-cap-letter{width:1em;height:1em}.elementor-widget-text-editor .elementor-drop-cap{float:left;text-align:center;line-height:1;font-size:50px}.elementor-widget-text-editor .elementor-drop-cap-letter{display:inline-block}<\/style>\t\t\t\t<p>O indicativo ou c\u00f3digo de \u00e1rea de Cabo Verde \u00e9 <strong>+238 (00238).<\/strong><\/p>\n<p>Servi\u00e7os de comunica\u00e7\u00e3o s\u00e3o fornecidos pela <a href=\"http:\/\/www.cvtelecom.cv\/\" rel=\"nofollow noopener\" target=\"_blank\">Cabo Verde Telecom<\/a> e pela <a href=\"https:\/\/www.uniteltmais.cv\/\" rel=\"nofollow noopener\" target=\"_blank\">Unitel T+<\/a><\/p>\n<p><strong>Cart\u00f5es telef\u00f3nicos (SIM cards)<\/strong><\/p>\n<p>O servi\u00e7o telef\u00f3nico fixo e m\u00f3vel em Cabo Verde \u00e9 bastante acess\u00edvel e existe cobertura m\u00f3vel e de internet em quase todo lugar habitado. O pre\u00e7o de um chip ou cart\u00e3o SIM \u00e9 100 escudos (cerca de \u20ac 1) em ambas as provedoras m\u00f3veis nacionais. Entretanto, o seu telefone precisa ser desbloqueado para outras operadoras para poder usar um cart\u00e3o SIM diferente.<\/p>\n<p>As tarifas telef\u00f3nicas e para internet m\u00f3vel s\u00e3o acess\u00edveis tamb\u00e9m, e n\u00e3o diferem muito entre as provedoras. Para tarifas detalhadas, consulte os sites da <a href=\"http:\/\/www.cvtelecom.cv\/\" rel=\"nofollow noopener\" target=\"_blank\">Cabo Verde Telecom<\/a> e da <a href=\"https:\/\/www.uniteltmais.cv\/\" rel=\"nofollow noopener\" target=\"_blank\">Unitel T+<\/a>.<\/p>\n<p>Pode comprar chips ou cart\u00f5es SIM nos aeroportos internacionais, em estabelecimentos comerciais e em vendedores ambulantes em centros urbanos. Recarga m\u00f3vel \u00e9 poss\u00edvel em in\u00fameros estabelecimentos comerciais, incluindo lojas e minimercados, e com vendedores ambulantes.<\/p>\n<p>Como o WiFi n\u00e3o \u00e9 t\u00e3o amplamente dispon\u00edvel em todas as localidades, pode optar por adquirir um cart\u00e3o telef\u00f3nico, principalmente se planejar fazer v\u00e1rias excurs\u00f5es ou atividades fora do hotel.<\/p>\t\t\t\t\t\t<\/div>\n\t\t\t\t<\/div>\n\t\t\t\t\t<\/div>\n\t\t<\/div>\n\t\t\t\t\t\t\t<\/div>\n\t\t<\/section>\n\t\t\t\t\t\t\t<\/div>","protected":false},"excerpt":{"rendered":"<p>O indicativo ou c\u00f3digo de \u00e1rea de Cabo Verde \u00e9 +238 (00238). Servi\u00e7os de comunica\u00e7\u00e3o s\u00e3o fornecidos pela Cabo Verde Telecom e pela Unitel T+ Cart\u00f5es telef\u00f3nicos (SIM cards) Servi\u00e7o telef\u00f3nico m\u00f3vel em Cabo Verde \u00e9 bastante acess\u00edvel e existe cobertura m\u00f3vel e de internet em quase todo lugar habitado. O pre\u00e7o de um chip [&hellip;]<\/p>","protected":false},"author":1,"featured_media":0,"parent":0,"menu_order":0,"comment_status":"closed","ping_status":"closed","template":"","meta":{"footnotes":""},"categories":[23],"tags":[],"class_list":["post-948","page","type-page","status-publish","hentry","category-guia-de-viagem-a-z"],"_links":{"self":[{"href":"https:\/\/feelcaboverde.com\/it\/wp-json\/wp\/v2\/pages\/948","targetHints":{"allow":["GET"]}}],"collection":[{"href":"https:\/\/feelcaboverde.com\/it\/wp-json\/wp\/v2\/pages"}],"about":[{"href":"https:\/\/feelcaboverde.com\/it\/wp-json\/wp\/v2\/types\/page"}],"author":[{"embeddable":true,"href":"https:\/\/feelcaboverde.com\/it\/wp-json\/wp\/v2\/users\/1"}],"replies":[{"embeddable":true,"href":"https:\/\/feelcaboverde.com\/it\/wp-json\/wp\/v2\/comments?post=948"}],"version-history":[{"count":12,"href":"https:\/\/feelcaboverde.com\/it\/wp-json\/wp\/v2\/pages\/948\/revisions"}],"predecessor-version":[{"id":4072,"href":"https:\/\/feelcaboverde.com\/it\/wp-json\/wp\/v2\/pages\/948\/revisions\/4072"}],"wp:attachment":[{"href":"https:\/\/feelcaboverde.com\/it\/wp-json\/wp\/v2\/media?parent=948"}],"wp:term":[{"taxonomy":"category","embeddable":true,"href":"https:\/\/feelcaboverde.com\/it\/wp-json\/wp\/v2\/categories?post=948"},{"taxonomy":"post_tag","embeddable":true,"href":"https:\/\/feelcaboverde.com\/it\/wp-json\/wp\/v2\/tags?post=948"}],"curies":[{"name":"wp","href":"https:\/\/api.w.org\/{rel}","templated":true}]}}