{"id":932,"date":"2022-05-27T13:17:49","date_gmt":"2022-05-27T13:17:49","guid":{"rendered":"https:\/\/feelcaboverde.com\/?page_id=932"},"modified":"2022-11-30T10:07:51","modified_gmt":"2022-11-30T10:07:51","slug":"bebidas","status":"publish","type":"page","link":"https:\/\/feelcaboverde.com\/it\/bebidas\/","title":{"rendered":"Bebidas"},"content":{"rendered":"<div data-elementor-type=\"wp-page\" data-elementor-id=\"932\" class=\"elementor elementor-932\">\n\t\t\t\t\t\t\t\t\t<section data-particle_enable=\"false\" data-particle-mobile-disabled=\"false\" class=\"elementor-section elementor-top-section elementor-element elementor-element-43b54aea elementor-section-boxed elementor-section-height-default elementor-section-height-default\" data-id=\"43b54aea\" data-element_type=\"section\">\n\t\t\t\t\t\t<div class=\"elementor-container elementor-column-gap-default\">\n\t\t\t\t\t<div class=\"elementor-column elementor-col-100 elementor-top-column elementor-element elementor-element-6e42e8a5\" data-id=\"6e42e8a5\" data-element_type=\"column\">\n\t\t\t<div class=\"elementor-widget-wrap elementor-element-populated\">\n\t\t\t\t\t\t\t\t<div class=\"elementor-element elementor-element-56626ddb elementor-widget elementor-widget-text-editor\" data-id=\"56626ddb\" data-element_type=\"widget\" data-widget_type=\"text-editor.default\">\n\t\t\t\t<div class=\"elementor-widget-container\">\n\t\t\t<style>\/*! elementor - v3.7.1 - 14-08-2022 *\/\n.elementor-widget-text-editor.elementor-drop-cap-view-stacked .elementor-drop-cap{background-color:#818a91;color:#fff}.elementor-widget-text-editor.elementor-drop-cap-view-framed .elementor-drop-cap{color:#818a91;border:3px solid;background-color:transparent}.elementor-widget-text-editor:not(.elementor-drop-cap-view-default) .elementor-drop-cap{margin-top:8px}.elementor-widget-text-editor:not(.elementor-drop-cap-view-default) .elementor-drop-cap-letter{width:1em;height:1em}.elementor-widget-text-editor .elementor-drop-cap{float:left;text-align:center;line-height:1;font-size:50px}.elementor-widget-text-editor .elementor-drop-cap-letter{display:inline-block}<\/style>\t\t\t\t<p><strong>Bebidas t\u00edpicas de Cabo Verde<\/strong><\/p><p>Em Cabo Verde, o alcoolismo \u00e9 um s\u00e9rio problema de sa\u00fade p\u00fablica. Em virtude disso, o Parlamento de Cabo Verde promulgou em 2019 a Lei do \u00c1lcool (Lei n\u00ba 51\/IX\/2019, de 08 de Abril) estabelecendo o regime de disponibilidade, venda e consumo de bebidas alco\u00f3licas em diferentes contextos.<\/p><p>A legisla\u00e7\u00e3o nacional estabelece:<\/p><ul><li>A<strong> idade m\u00ednima para o consumo de \u00e1lcool em Cabo Verde \u00e9 de 18 anos<\/strong>.<\/li><li>\u00c9 permitida a venda e consumo de bebidas alco\u00f3licas em:<ul><li>\u201cestabelecimentos comerciais de restaura\u00e7\u00e3o ou de bebidas\u201d (bares, restaurantes).<\/li><li>\u201cestabelecimentos de divers\u00e3o noturna e an\u00e1logos\u201d (discotecas, casas noturnas).<\/li><li>\u201cestabelecimentos situados em portos e aeroportos em local de acessibilidade reservada a passageiros\u201d, e &#8220;espa\u00e7os onde se realizam festivais\u201d.<\/li><\/ul><\/li><li>Fica proibido:<ul><li>O consumo de bebidas alco\u00f3licas em via p\u00fablica.<\/li><li>Vender e colocar \u00e0 disposi\u00e7\u00e3o bebidas alco\u00f3licas em clubes, salas ou recintos desportivos, festas acad\u00e9micas, com\u00edcios e eventos de frequ\u00eancia de jovens e menores (&#8230;).<\/li><li>Facultar, vender e\/ou colocar \u00e0 disposi\u00e7\u00e3o bebidas alco\u00f3licas em locais p\u00fablicos e em locais abertos ao p\u00fablico a menores de 18 anos, a quem se apresente notoriamente embriagado ou aparente ser portador de anomalia ps\u00edquica.<\/li><li>A disponibiliza\u00e7\u00e3o, a venda e o consumo de bebidas alco\u00f3licas nas cantinas, quiosques, barracas e mercearias, em m\u00e1quinas autom\u00e1ticas, e em postos de abastecimento de combust\u00edvel localizados nas estradas ou fora das localidades.<\/li><\/ul><\/li><\/ul><p>\u00a0<\/p><p><strong>Perguntas frequentes:<\/strong><\/p><ol><li>Que tipos de bebidas pode-se consumir durante as f\u00e9rias em Cabo Verde?<\/li><\/ol><p>Durante a estadia em Cabo Verde, visitantes podem provar <strong>bebidas n\u00e3o alco\u00f3licas<\/strong> como sucos naturais de frutos da esta\u00e7\u00e3o (maracuj\u00e1, tamarindo, papaia, baob\u00e1 ou calabaceira, manga, etc.), ch\u00e1s e ch\u00e1s gelados (como o \u201cbissap\u201d ou hibisco roxo), caf\u00e9 nacional da ilha do Fogo, etc.<\/p><p>Podem experimentar tamb\u00e9m <strong>bebidas alco\u00f3licas<\/strong> como o \u201cgrogue\u201d ou aguardente (bebida destilada de cana de a\u00e7\u00facar t\u00edpica de Cabo Verde), ponches e licores variados, a cerveja nacional \u201cStrela\u201d, o vinho da ilha do Fogo (produzido com uvas cultivadas em solos vulc\u00e2nicos), caipirinhas, etc, bem como outras variedades importadas.<\/p>\t\t\t\t\t\t<\/div>\n\t\t\t\t<\/div>\n\t\t\t\t\t<\/div>\n\t\t<\/div>\n\t\t\t\t\t\t\t<\/div>\n\t\t<\/section>\n\t\t\t\t\t\t\t<\/div>","protected":false},"excerpt":{"rendered":"<p>Bebidas t\u00edpicas de Cabo Verde Em Cabo Verde, o alcoolismo \u00e9 um s\u00e9rio problema de sa\u00fade p\u00fablica. Em virtude disso, o Parlamento de Cabo Verde promulgou em 2019 a Lei do \u00c1lcool (Lei n\u00ba 51\/IX\/2019, de 08 de Abril) estabelecendo o regime de disponibilidade, venda e consumo de bebidas alco\u00f3licas em diferentes contextos. A legisla\u00e7\u00e3o [&hellip;]<\/p>","protected":false},"author":1,"featured_media":0,"parent":0,"menu_order":0,"comment_status":"closed","ping_status":"closed","template":"","meta":{"footnotes":""},"categories":[23],"tags":[],"class_list":["post-932","page","type-page","status-publish","hentry","category-guia-de-viagem-a-z"],"_links":{"self":[{"href":"https:\/\/feelcaboverde.com\/it\/wp-json\/wp\/v2\/pages\/932","targetHints":{"allow":["GET"]}}],"collection":[{"href":"https:\/\/feelcaboverde.com\/it\/wp-json\/wp\/v2\/pages"}],"about":[{"href":"https:\/\/feelcaboverde.com\/it\/wp-json\/wp\/v2\/types\/page"}],"author":[{"embeddable":true,"href":"https:\/\/feelcaboverde.com\/it\/wp-json\/wp\/v2\/users\/1"}],"replies":[{"embeddable":true,"href":"https:\/\/feelcaboverde.com\/it\/wp-json\/wp\/v2\/comments?post=932"}],"version-history":[{"count":4,"href":"https:\/\/feelcaboverde.com\/it\/wp-json\/wp\/v2\/pages\/932\/revisions"}],"predecessor-version":[{"id":936,"href":"https:\/\/feelcaboverde.com\/it\/wp-json\/wp\/v2\/pages\/932\/revisions\/936"}],"wp:attachment":[{"href":"https:\/\/feelcaboverde.com\/it\/wp-json\/wp\/v2\/media?parent=932"}],"wp:term":[{"taxonomy":"category","embeddable":true,"href":"https:\/\/feelcaboverde.com\/it\/wp-json\/wp\/v2\/categories?post=932"},{"taxonomy":"post_tag","embeddable":true,"href":"https:\/\/feelcaboverde.com\/it\/wp-json\/wp\/v2\/tags?post=932"}],"curies":[{"name":"wp","href":"https:\/\/api.w.org\/{rel}","templated":true}]}}