{"id":924,"date":"2022-05-27T13:14:50","date_gmt":"2022-05-27T13:14:50","guid":{"rendered":"https:\/\/feelcaboverde.com\/?page_id=924"},"modified":"2023-03-16T23:39:13","modified_gmt":"2023-03-16T23:39:13","slug":"animais-perigosos","status":"publish","type":"page","link":"https:\/\/feelcaboverde.com\/it\/animais-perigosos\/","title":{"rendered":"Animais Perigosos em Cabo Verde"},"content":{"rendered":"<div data-elementor-type=\"wp-page\" data-elementor-id=\"924\" class=\"elementor elementor-924\">\n\t\t\t\t\t\t\t\t\t<section data-particle_enable=\"false\" data-particle-mobile-disabled=\"false\" class=\"elementor-section elementor-top-section elementor-element elementor-element-43b54aea elementor-section-boxed elementor-section-height-default elementor-section-height-default\" data-id=\"43b54aea\" data-element_type=\"section\">\n\t\t\t\t\t\t<div class=\"elementor-container elementor-column-gap-default\">\n\t\t\t\t\t<div class=\"elementor-column elementor-col-100 elementor-top-column elementor-element elementor-element-6e42e8a5\" data-id=\"6e42e8a5\" data-element_type=\"column\">\n\t\t\t<div class=\"elementor-widget-wrap elementor-element-populated\">\n\t\t\t\t\t\t\t\t<div class=\"elementor-element elementor-element-56626ddb elementor-widget elementor-widget-text-editor\" data-id=\"56626ddb\" data-element_type=\"widget\" data-widget_type=\"text-editor.default\">\n\t\t\t\t<div class=\"elementor-widget-container\">\n\t\t\t<style>\/*! elementor - v3.7.1 - 14-08-2022 *\/\n.elementor-widget-text-editor.elementor-drop-cap-view-stacked .elementor-drop-cap{background-color:#818a91;color:#fff}.elementor-widget-text-editor.elementor-drop-cap-view-framed .elementor-drop-cap{color:#818a91;border:3px solid;background-color:transparent}.elementor-widget-text-editor:not(.elementor-drop-cap-view-default) .elementor-drop-cap{margin-top:8px}.elementor-widget-text-editor:not(.elementor-drop-cap-view-default) .elementor-drop-cap-letter{width:1em;height:1em}.elementor-widget-text-editor .elementor-drop-cap{float:left;text-align:center;line-height:1;font-size:50px}.elementor-widget-text-editor .elementor-drop-cap-letter{display:inline-block}<\/style>\t\t\t\t<p>A fauna nacional cabo-verdiana \u00e9 bem pac\u00edfica. N\u00e3o existem grandes predadores ou cobras no territ\u00f3rio e os animais venenosos s\u00e3o raros.<\/p><p><strong>Aranhas<\/strong><\/p><p>Existem aranhas em Cabo Verde, mas n\u00e3o s\u00e3o t\u00e3o comumente vistas nas cidades.<\/p><p>Ap\u00f3s as chuvas, principalmente em localidades do interior, \u00e9 comum observar-se conjuntos de aranhas penduradas em \u00e1rvores.<\/p><p>Apesar de n\u00e3o ser comum o relato de acidentes por picadas de aranhas, deve-se evitar toc\u00e1-las, principalmente se n\u00e3o conhecer a esp\u00e9cie.<\/p><p><strong>Centopeias ou lacraias<\/strong><\/p><p>H\u00e1 centopeias em Cabo Verde, mas n\u00e3o s\u00e3o comuns. Esses artr\u00f3podes terrestres rastejantes s\u00e3o ocasionalmente vistos, particularmente em locais escuros e h\u00famidos, ou com alguma vegeta\u00e7\u00e3o.<\/p><p>A picada pode ser dolorosa e causar incha\u00e7o e vermelhid\u00e3o na pele. A aplica\u00e7\u00e3o de compressa de gelo pode ajudar a aliviar os sintomas. Esses normalmente n\u00e3o duram mais de 48h.<\/p><p><strong>Ouri\u00e7os do mar<\/strong><\/p><p>Os ouri\u00e7os do mar s\u00e3o animais globulares espinhosos comuns em pedras e rochas de algumas praias. N\u00e3o \u00e9 recomend\u00e1vel andar descal\u00e7o debaixo de \u00e1gua ou em rochas e pedras marinhas onde existam ouri\u00e7os. O contato com os espinhos do ouri\u00e7o pode causar uma les\u00e3o perfurante e dolorosa.<\/p><p>Caso pise num ouri\u00e7o do mar, deve tentar retirar os espinhos imediatamente. A aplica\u00e7\u00e3o de compressas com vinagre pode ajudar na remo\u00e7\u00e3o. Caso os espinhos tenham entrado profundamente, pode precisar ir ao servi\u00e7o de sa\u00fade local para remov\u00ea-los. Espinhos n\u00e3o extra\u00eddos podem causar inflama\u00e7\u00e3o e dor prolongada.<\/p><p><strong>Caravela-portuguesa ou garrafa-azul <\/strong><\/p><p>As caravelas-portuguesas s\u00e3o organismos flutuantes que flutuam pelo oceano empurradas pelos ventos. Tamb\u00e9m chamada de garrafa azul, devido \u00e0 cor azulada que por vezes adquire, essas criaturas podem ter uma apar\u00eancia atrativa, mas s\u00e3o muito perigosas!<\/p><p>Embora sejam raras em Cabo Verde, h\u00e1 relatos de terem dado a costa em algumas praias previamente. Ocasionalmente foram observadas mortas dando a costa devido \u00e0 corrente.<\/p><p>Apesar da sua beleza e apar\u00eancia inofensiva, deve-se manter dist\u00e2ncia delas, mesmo mortas. As caravelas-portuguesas possuem tent\u00e1culos que liberam uma toxina que causa dor intensa, queimadura local, rea\u00e7\u00f5es al\u00e9rgicas graves com potencial para arritmias card\u00edacas.<\/p><p>Em caso de contato com caravelas-portuguesas, deve-se tomar as <a href=\"https:\/\/www.natgeo.pt\/animais\/2018\/06\/caravela-portuguesa-saiba-porque-e-tao-temida\" rel=\"nofollow noopener\" target=\"_blank\">seguintes precau\u00e7\u00f5es<\/a>:<\/p><ul><li>Lavar a \u00e1rea afetada com \u00e1gua do mar cuidadosamente e sem esfregar.<\/li><li>Remover os tent\u00e1culos da pele com um instrumento pl\u00e1stico.<\/li><li>Aplicar se poss\u00edvel vinagre ou compressa quente no local. Nunca usar \u00e1lcool ou am\u00f3nia!<\/li><li>Procurar o servi\u00e7o de sa\u00fade imediatamente.<\/li><\/ul><p>\u00a0<strong>Tubar\u00f5es<\/strong><\/p><p>Cabo Verde \u00e9 uma regi\u00e3o imensamente importante para v\u00e1rias esp\u00e9cies de tubar\u00f5es e raias do nordeste do atl\u00e2ntico, servindo de lar a mais de <a href=\"https:\/\/shark.swiss\/projects\/current\/cape-verde\" rel=\"nofollow noopener\" target=\"_blank\">60 esp\u00e9cies<\/a> de tubar\u00f5es e raias.<\/p><p>Apesar disso, ataques de tubar\u00f5es s\u00e3o muito raros em Cabo Verde, com apenas <a href=\"https:\/\/www.dexamsabi.com\/2015\/09\/santiago-jovem-atacado-por-tubarao-em.html\" rel=\"nofollow noopener\" target=\"_blank\">um caso reportado na m\u00eddia<\/a> nos \u00faltimos dez anos.<\/p><p><strong>Dica<\/strong>: Na ilha do Sal, <strong>na Sharkbay, \u00e9 poss\u00edvel observar e nadar com tubar\u00f5es lim\u00e3o<\/strong>, que s\u00e3o esp\u00e9cies inofensivas. Uma experi\u00eancia que!<\/p><p><strong>Perguntas frequentes:<\/strong><\/p><ol><li>H\u00e1 cobras em Cabo Verde?<\/li><\/ol><p>N\u00e3o existem cobras em nenhuma das ilhas de Cabo Verde! Raramente cobras foram encontradas no pa\u00eds, possivelmente trazidas por navios porta-containers.<\/p>\t\t\t\t\t\t<\/div>\n\t\t\t\t<\/div>\n\t\t\t\t\t<\/div>\n\t\t<\/div>\n\t\t\t\t\t\t\t<\/div>\n\t\t<\/section>\n\t\t\t\t\t\t\t<\/div>","protected":false},"excerpt":{"rendered":"<p>A fauna nacional cabo-verdiana \u00e9 bem pac\u00edfica. N\u00e3o existem grandes predadores ou cobras no territ\u00f3rio e os animais venenosos s\u00e3o raros. Aranhas Existem aranhas em Cabo Verde, mas n\u00e3o s\u00e3o t\u00e3o comumente vistas nas cidades. Ap\u00f3s as chuvas, principalmente em localidades do interior, \u00e9 comum observar-se conjuntos de aranhas penduradas em \u00e1rvores. Apesar de n\u00e3o [&hellip;]<\/p>","protected":false},"author":1,"featured_media":0,"parent":0,"menu_order":0,"comment_status":"closed","ping_status":"closed","template":"","meta":{"footnotes":""},"categories":[23],"tags":[],"class_list":["post-924","page","type-page","status-publish","hentry","category-guia-de-viagem-a-z"],"_links":{"self":[{"href":"https:\/\/feelcaboverde.com\/it\/wp-json\/wp\/v2\/pages\/924","targetHints":{"allow":["GET"]}}],"collection":[{"href":"https:\/\/feelcaboverde.com\/it\/wp-json\/wp\/v2\/pages"}],"about":[{"href":"https:\/\/feelcaboverde.com\/it\/wp-json\/wp\/v2\/types\/page"}],"author":[{"embeddable":true,"href":"https:\/\/feelcaboverde.com\/it\/wp-json\/wp\/v2\/users\/1"}],"replies":[{"embeddable":true,"href":"https:\/\/feelcaboverde.com\/it\/wp-json\/wp\/v2\/comments?post=924"}],"version-history":[{"count":9,"href":"https:\/\/feelcaboverde.com\/it\/wp-json\/wp\/v2\/pages\/924\/revisions"}],"predecessor-version":[{"id":4063,"href":"https:\/\/feelcaboverde.com\/it\/wp-json\/wp\/v2\/pages\/924\/revisions\/4063"}],"wp:attachment":[{"href":"https:\/\/feelcaboverde.com\/it\/wp-json\/wp\/v2\/media?parent=924"}],"wp:term":[{"taxonomy":"category","embeddable":true,"href":"https:\/\/feelcaboverde.com\/it\/wp-json\/wp\/v2\/categories?post=924"},{"taxonomy":"post_tag","embeddable":true,"href":"https:\/\/feelcaboverde.com\/it\/wp-json\/wp\/v2\/tags?post=924"}],"curies":[{"name":"wp","href":"https:\/\/api.w.org\/{rel}","templated":true}]}}