{"id":3352,"date":"2022-11-30T12:53:07","date_gmt":"2022-11-30T12:53:07","guid":{"rendered":"https:\/\/feelcaboverde.com\/?page_id=3352"},"modified":"2025-02-15T18:48:39","modified_gmt":"2025-02-15T18:48:39","slug":"povo-e-morabeza-2","status":"publish","type":"page","link":"https:\/\/feelcaboverde.com\/it\/povo-e-morabeza-2\/","title":{"rendered":"Povo e Morabeza de Cabo Verde"},"content":{"rendered":"<div data-elementor-type=\"wp-page\" data-elementor-id=\"3352\" class=\"elementor elementor-3352\">\n\t\t\t\t\t\t\t\t\t<section data-particle_enable=\"false\" data-particle-mobile-disabled=\"false\" class=\"elementor-section elementor-top-section elementor-element elementor-element-7d82efc1 elementor-section-boxed elementor-section-height-default elementor-section-height-default\" data-id=\"7d82efc1\" data-element_type=\"section\">\n\t\t\t\t\t\t<div class=\"elementor-container elementor-column-gap-default\">\n\t\t\t\t\t<div class=\"elementor-column elementor-col-100 elementor-top-column elementor-element elementor-element-6e6df1f9\" data-id=\"6e6df1f9\" data-element_type=\"column\">\n\t\t\t<div class=\"elementor-widget-wrap elementor-element-populated\">\n\t\t\t\t\t\t\t\t<div class=\"elementor-element elementor-element-7a23810c elementor-widget elementor-widget-text-editor\" data-id=\"7a23810c\" data-element_type=\"widget\" data-widget_type=\"text-editor.default\">\n\t\t\t\t<div class=\"elementor-widget-container\">\n\t\t\t<style>\/*! elementor - v3.7.1 - 14-08-2022 *\/\n.elementor-widget-text-editor.elementor-drop-cap-view-stacked .elementor-drop-cap{background-color:#818a91;color:#fff}.elementor-widget-text-editor.elementor-drop-cap-view-framed .elementor-drop-cap{color:#818a91;border:3px solid;background-color:transparent}.elementor-widget-text-editor:not(.elementor-drop-cap-view-default) .elementor-drop-cap{margin-top:8px}.elementor-widget-text-editor:not(.elementor-drop-cap-view-default) .elementor-drop-cap-letter{width:1em;height:1em}.elementor-widget-text-editor .elementor-drop-cap{float:left;text-align:center;line-height:1;font-size:50px}.elementor-widget-text-editor .elementor-drop-cap-letter{display:inline-block}<\/style>\t\t\t\t<h3><b>Morabeza: O Esp\u00edrito Acolhedor do Povo Cabo-Verdiano<\/b><\/h3><div><b>\u00a0<\/b><\/div><h4><strong style=\"color: inherit; font-family: inherit; font-size: 1.5rem; text-align: var(--text-align);\">1. O que \u00e9 a Morabeza?<\/strong><\/h4><p data-sourcepos=\"5:1-5:444\">A palavra &#8220;morabeza&#8221; \u00e9 um regionalismo cabo-verdiano derivado do crioulo que representa a <b>amabilidade no trato, a afei\u00e7\u00e3o espont\u00e2nea, a saudade do que ainda n\u00e3o partiu, a cad\u00eancia calma e o sorriso f\u00e1cil que caracterizam o cabo-verdiano<\/b>. Morabeza \u00e9 muito mais do que simples hospitalidade ou simpatia. \u00c9 um conceito amplo, uma filosofia de vida enraizada no quotidiano do povo das ilhas.\u00a0<\/p><p data-sourcepos=\"5:1-5:444\">\u00c9 um sentimento que transcende defini\u00e7\u00f5es e se expressa de maneira singular em <a href=\"https:\/\/feelcaboverde.com\/it\/cabo-verde\/\">Cabo Verde<\/a>.<\/p><p data-sourcepos=\"7:1-7:256\">A morabeza \u00e9 a marca registrada do povo cabo-verdiano. \u00c9 o que nos define, o que nos diferencia, o que nos torna t\u00e3o singulares. \u00c9 um convite para desacelerar, para apreciar as coisas simples da vida, para se conectar com o outro de forma aut\u00eantica e genu\u00edna.<\/p><p data-sourcepos=\"7:1-7:256\">\u00a0<\/p><p data-sourcepos=\"7:1-7:256\"><strong style=\"color: inherit; font-family: inherit; font-size: 1.5rem; text-align: var(--text-align);\">2. O Contexto Hist\u00f3rico e Cultural da Morabeza<\/strong><\/p><p data-sourcepos=\"11:1-11:317\">Cabo Verde nasceu sob o signo da saudade e da morabeza, sentimentos que se complementam e definem a identidade do povo cabo-verdiano. Segundo <a href=\"https:\/\/api.eciencia.cv\/server\/api\/core\/bitstreams\/01855921-646a-4050-9e0f-20ef727a21ab\/content\" rel=\"nofollow noopener\" target=\"_blank\">estudiosos<\/a>, essas caracter\u00edsticas s\u00e3o o verso e o reverso do mesmo esp\u00edrito que melhor caracteriza o homem cabo-verdiano: expansivo, de trato f\u00e1cil e aberto ao outro.<\/p><p data-sourcepos=\"13:1-13:487\">A morabeza tornou-se um tra\u00e7o essencial na constru\u00e7\u00e3o da <a href=\"https:\/\/feelcaboverde.com\/it\/simbolos-nacionais-de-cabo-verde\/\">identidade nacional<\/a>, ajudando a unir um arquip\u00e9lago de ilhas com realidades distintas. Essa cordialidade crioula criou pontes entre as diferen\u00e7as e fortaleceu la\u00e7os comunit\u00e1rios, permitindo um esp\u00edrito de acolhimento que se reflete tanto nas rela\u00e7\u00f5es interpessoais quanto na estabilidade social e pol\u00edtica do pa\u00eds. Essa caracter\u00edstica sociocultural manifesta uma &#8220;disposi\u00e7\u00e3o psicol\u00f3gica democr\u00e1tica&#8221;, refor\u00e7ando a coes\u00e3o nacional.<\/p><p data-sourcepos=\"15:1-15:416\">Al\u00e9m disso, o cabo-verdiano cultivou, ao longo da sua <a href=\"https:\/\/feelcaboverde.com\/it\/historia-de-cabo-verde\/\">hist\u00f3ria<\/a>, uma rela\u00e7\u00e3o de proximidade e respeito pelo outro. Essa predisposi\u00e7\u00e3o para a hospitalidade n\u00e3o se restringe apenas \u00e0s intera\u00e7\u00f5es dentro do arquip\u00e9lago, mas tamb\u00e9m se projeta para a di\u00e1spora, onde a saudade se torna um elo com a terra natal. Os emigrantes carregam consigo a morabeza, recriando em outros territ\u00f3rios a ess\u00eancia do calor humano das ilhas.<\/p><h4>\u00a0<\/h4><h4><strong>3. Como a Morabeza se Manifesta no Quotidiano em Cabo Verde<\/strong><\/h4><p data-sourcepos=\"19:1-19:123\">A morabeza est\u00e1 presente nas pequenas a\u00e7\u00f5es cotidianas. N\u00e3o \u00e9 apenas um conceito abstrato, mas algo que se sente e se vive.\u00a0Est\u00e1 presente nas pequenas a\u00e7\u00f5es cotidianas:<\/p><ul><li data-start=\"2540\" data-end=\"2624\">Na vendedora de frutas que presenteia com um sorriso e um coment\u00e1rio brincalh\u00e3o.<\/li><li data-start=\"2625\" data-end=\"2774\">No motorista de <span data-start=\"2643\" data-end=\"2652\"><i>hiace<\/i><\/span> (transporte coletivo) que, mesmo na correria, encontra tempo para uma piada ou uma conversa animada com os passageiros.<\/li><li data-start=\"2775\" data-end=\"2841\">No pescador que oferece um peixe rec\u00e9m-pescado a um conhecido.<\/li><li data-start=\"2842\" data-end=\"2895\">No cumprimento espont\u00e2neo na rua.<\/li><li data-start=\"2896\" data-end=\"3035\">Nas <a href=\"https:\/\/feelcaboverde.com\/it\/arte-e-cultura\/\">festas populares<\/a>, onde a morabeza se traduz em dan\u00e7a, m\u00fasica e abra\u00e7os, como nos vibrantes carnavais ou as animadas festas religiosas populares onde a morabeza se transforma em dan\u00e7a, m\u00fasica e abra\u00e7os. \u00c9 o sentimento de perten\u00e7a que une as pessoas, independentemente de qual ilha vieram ou para onde v\u00e3o.<\/li><\/ul><div><span style=\"font-family: var( --e-global-typography-text-font-family ), Sans-serif; font-size: 1rem; font-weight: var( --e-global-typography-text-font-weight ); text-align: var(--text-align);\">A morabeza se expressa no bem receber, no trato am\u00e1vel e proximidade, na partilha e, principalmente, no ritmo sem pressa. Porque aqui em Cabo Verde, o tempo tem um compasso pr\u00f3prio. Sem estresse e sem correria, a vida flui em harmonia com as rela\u00e7\u00f5es humanas: a conversa na esquina, o cumprimento ao desconhecido e a pausa &#8220;conta um coza&#8221; (contar algo) s\u00e3o express\u00f5es desse modo de viver.<\/span><\/div><p data-sourcepos=\"21:1-21:552\"><span style=\"font-family: var( --e-global-typography-text-font-family ), Sans-serif; font-weight: var( --e-global-typography-text-font-weight ); text-align: var(--text-align); font-size: 1rem;\">\u00a0<\/span><\/p><h4><strong>4. A Morabeza na Atualidade<\/strong><\/h4><p data-start=\"3424\" data-end=\"3678\">Como em qualquer sociedade, Cabo Verde tamb\u00e9m enfrenta mudan\u00e7as. As din\u00e2micas socioculturais, sobretudo nos meios urbanos, trouxeram novos desafios. A globaliza\u00e7\u00e3o e a crescente digitaliza\u00e7\u00e3o da juventude alteraram certos h\u00e1bitos e formas de intera\u00e7\u00e3o.<\/p><p data-start=\"3680\" data-end=\"3877\">Ainda assim, a morabeza continua latente. Mesmo em meio \u00e0 moderniza\u00e7\u00e3o, a ess\u00eancia desse esp\u00edrito acolhedor permanece na maneira como os cabo-verdianos se relacionam e recebem aqueles que chegam.<\/p><h4>\u00a0<\/h4><h4 style=\"font-family: Helvetica, sans-serif; color: #000000;\"><span style=\"font-weight: bolder;\">Conclus\u00e3o<\/span><\/h4><p data-sourcepos=\"31:1-31:221\">A morabeza cabo-verdiana n\u00e3o \u00e9 apenas um atributo do povo, mas um verdadeiro patrim\u00f4nio imaterial. \u00c9 um modo de ser e de estar no mundo, uma marca que diferencia Cabo Verde e se torna inesquec\u00edvel para quem a experimenta.<\/p><p data-sourcepos=\"33:1-33:122\">A Morabeza \u00e9 parte do que nos faz sentir-nos cabo-verdianos acima de tudo e independentemente de onde estivermos no mundo!<\/p><p data-sourcepos=\"35:1-35:295\">Se voc\u00ea vier a Cabo Verde, n\u00e3o espere encontrar um para\u00edso intocado. Espere encontrar pessoas de carne e osso, com seus problemas e suas alegrias, mas que carregam no cora\u00e7\u00e3o a morabeza \u2013 essa energia boa. Essa \u00e9 a magia das ilhas: um convite \u00e0 conex\u00e3o humana genu\u00edna, sem pressa e sem reservas.<\/p><p data-sourcepos=\"35:1-35:295\">\u00a0<\/p><h4><b>Extra: Significado de Morabeza Segundo <a href=\"https:\/\/www.facebook.com\/morabeza.turismo\/posts\/o-que-%C3%A9-a-morabeza\/1091760067534246\/\" rel=\"nofollow noopener\" target=\"_blank\">Visitantes<\/a><\/b><\/h4><p data-sourcepos=\"35:1-35:295\"><img decoding=\"async\" src=\"http:\/\/feelcaboverde.com\/wp-content\/uploads\/2025\/02\/Morabeza-2.png\" alt=\"Coment\u00e1rios de turistas sobre a cultura de Morabeza de Cabo Verde\" width=\"500\" height=\"470\" \/> \u00a0<\/p><p data-sourcepos=\"35:1-35:295\"><img decoding=\"async\" src=\"http:\/\/feelcaboverde.com\/wp-content\/uploads\/2025\/02\/Morabeza-2.png\" alt=\"Coment\u00e1rios de turistas sobre a cultura de Morabeza de Cabo Verde\" width=\"500\" height=\"470\" \/>\u00a0<\/p><p data-sourcepos=\"35:1-35:295\"><img decoding=\"async\" src=\"http:\/\/feelcaboverde.com\/wp-content\/uploads\/2025\/02\/Morabeza-2.png\" alt=\"Coment\u00e1rios de turistas sobre a cultura de Morabeza de Cabo Verde\" width=\"500\" height=\"470\" \/><\/p>\t\t\t\t\t\t<\/div>\n\t\t\t\t<\/div>\n\t\t\t\t\t<\/div>\n\t\t<\/div>\n\t\t\t\t\t\t\t<\/div>\n\t\t<\/section>\n\t\t\t\t\t\t\t<\/div>","protected":false},"excerpt":{"rendered":"<p>Morabeza: O Esp\u00edrito Acolhedor do Povo Cabo-Verdiano \u00a0 1. O que \u00e9 a Morabeza? A palavra &#8220;morabeza&#8221; \u00e9 um regionalismo cabo-verdiano derivado do crioulo que representa a amabilidade no trato, a afei\u00e7\u00e3o espont\u00e2nea, a saudade do que ainda n\u00e3o partiu, a cad\u00eancia calma e o sorriso f\u00e1cil que caracterizam o cabo-verdiano. Morabeza \u00e9 muito mais [&hellip;]<\/p>","protected":false},"author":1,"featured_media":0,"parent":0,"menu_order":0,"comment_status":"closed","ping_status":"closed","template":"","meta":{"footnotes":""},"categories":[22],"tags":[],"class_list":["post-3352","page","type-page","status-publish","hentry","category-mundo-de-experiencias"],"_links":{"self":[{"href":"https:\/\/feelcaboverde.com\/it\/wp-json\/wp\/v2\/pages\/3352","targetHints":{"allow":["GET"]}}],"collection":[{"href":"https:\/\/feelcaboverde.com\/it\/wp-json\/wp\/v2\/pages"}],"about":[{"href":"https:\/\/feelcaboverde.com\/it\/wp-json\/wp\/v2\/types\/page"}],"author":[{"embeddable":true,"href":"https:\/\/feelcaboverde.com\/it\/wp-json\/wp\/v2\/users\/1"}],"replies":[{"embeddable":true,"href":"https:\/\/feelcaboverde.com\/it\/wp-json\/wp\/v2\/comments?post=3352"}],"version-history":[{"count":71,"href":"https:\/\/feelcaboverde.com\/it\/wp-json\/wp\/v2\/pages\/3352\/revisions"}],"predecessor-version":[{"id":5290,"href":"https:\/\/feelcaboverde.com\/it\/wp-json\/wp\/v2\/pages\/3352\/revisions\/5290"}],"wp:attachment":[{"href":"https:\/\/feelcaboverde.com\/it\/wp-json\/wp\/v2\/media?parent=3352"}],"wp:term":[{"taxonomy":"category","embeddable":true,"href":"https:\/\/feelcaboverde.com\/it\/wp-json\/wp\/v2\/categories?post=3352"},{"taxonomy":"post_tag","embeddable":true,"href":"https:\/\/feelcaboverde.com\/it\/wp-json\/wp\/v2\/tags?post=3352"}],"curies":[{"name":"wp","href":"https:\/\/api.w.org\/{rel}","templated":true}]}}