{"id":244,"date":"2021-08-16T21:03:16","date_gmt":"2021-08-16T21:03:16","guid":{"rendered":"https:\/\/feelcaboverde.com\/?page_id=244"},"modified":"2025-02-15T17:25:27","modified_gmt":"2025-02-15T17:25:27","slug":"atividades-aquaticas","status":"publish","type":"page","link":"https:\/\/feelcaboverde.com\/it\/atividades-aquaticas\/","title":{"rendered":"Atividades aqu\u00e1ticas em Cabo Verde"},"content":{"rendered":"<div data-elementor-type=\"wp-page\" data-elementor-id=\"244\" class=\"elementor elementor-244\">\n\t\t\t\t\t\t\t\t\t<section data-particle_enable=\"false\" data-particle-mobile-disabled=\"false\" class=\"elementor-section elementor-top-section elementor-element elementor-element-6fd7d4c elementor-section-boxed elementor-section-height-default elementor-section-height-default\" data-id=\"6fd7d4c\" data-element_type=\"section\">\n\t\t\t\t\t\t<div class=\"elementor-container elementor-column-gap-default\">\n\t\t\t\t\t<div class=\"elementor-column elementor-col-100 elementor-top-column elementor-element elementor-element-c39d51c\" data-id=\"c39d51c\" data-element_type=\"column\">\n\t\t\t<div class=\"elementor-widget-wrap elementor-element-populated\">\n\t\t\t\t\t\t\t\t<div class=\"elementor-element elementor-element-92236e6 elementor-widget elementor-widget-text-editor\" data-id=\"92236e6\" data-element_type=\"widget\" data-widget_type=\"text-editor.default\">\n\t\t\t\t<div class=\"elementor-widget-container\">\n\t\t\t<style>\/*! elementor - v3.7.1 - 14-08-2022 *\/\n.elementor-widget-text-editor.elementor-drop-cap-view-stacked .elementor-drop-cap{background-color:#818a91;color:#fff}.elementor-widget-text-editor.elementor-drop-cap-view-framed .elementor-drop-cap{color:#818a91;border:3px solid;background-color:transparent}.elementor-widget-text-editor:not(.elementor-drop-cap-view-default) .elementor-drop-cap{margin-top:8px}.elementor-widget-text-editor:not(.elementor-drop-cap-view-default) .elementor-drop-cap-letter{width:1em;height:1em}.elementor-widget-text-editor .elementor-drop-cap{float:left;text-align:center;line-height:1;font-size:50px}.elementor-widget-text-editor .elementor-drop-cap-letter{display:inline-block}<\/style>\t\t\t\t<h3><strong>Atividades e Desportos Aqu\u00e1ticos em Cabo Verde: Guia Completo para se Divertir na \u00c1gua<\/strong><\/h3><p>Cabo Verde, um arquip\u00e9lago aben\u00e7oado com \u00e1guas cristalinas, paisagens vulc\u00e2nicas e um clima tropical durante todo o ano, \u00e9 um para\u00edso para os amantes de atividades aqu\u00e1ticas e desportos n\u00e1uticos. Se voc\u00ea est\u00e1 em busca de turismo n\u00e1utico, aventura, relaxamento ou simplesmente divers\u00e3o na \u00e1gua, Cabo Verde tem algo a oferecer para todos os gostos e idades.<\/p><p>\u00a0<\/p><h4><strong>1. Mergulhar nas Profundezas do Atl\u00e2ntico<\/strong><\/h4><p>As \u00e1guas que cercam o arquip\u00e9lago de Cabo Verde abrigam uma rica diversidade de vida marinha, com ricos corais, peixes ex\u00f3ticos e at\u00e9 mesmo a chance de nadar com tartarugas marinhas. Mergulhar em Cabo Verde \u00e9 uma experi\u00eancia inesquec\u00edvel, seja voc\u00ea um mergulhador experiente ou um iniciante curioso.<\/p><p><strong>Ilhas como <a href=\"https:\/\/feelcaboverde.com\/it\/sal\/\">Sal<\/a>, <a href=\"https:\/\/feelcaboverde.com\/it\/boavista\/\">Boa Vista<\/a> e <a href=\"https:\/\/feelcaboverde.com\/it\/sao-vicente\/\">S\u00e3o Vicente<\/a> oferecem diversos pontos de mergulho<\/strong>, com diferentes n\u00edveis de dificuldade e profundidade. Se voc\u00ea nunca mergulhou antes, n\u00e3o se preocupe! H\u00e1 servi\u00e7os de mergulho que oferecem aulas e equipamentos para iniciantes.<\/p><p>\u00a0<\/p><h4><strong>2. Snorkeling em \u00c1guas Cristalinas<\/strong><\/h4><p>Se voc\u00ea prefere explorar a vida marinha sem se aprofundar tanto, o snorkeling \u00e9 a atividade perfeita para voc\u00ea. <strong>As \u00e1guas calmas e transparentes de Cabo Verde s\u00e3o ideais para observar peixes coloridos, corais e outras criaturas marinhas<\/strong>.<\/p><p>Voc\u00ea pode praticar snorkeling em diversas praias do arquip\u00e9lago, como a Praia de Santa Maria no Sal, a Praia de Chaves na Boa Vista, a Praia de Bitche Rotxa no <a href=\"https:\/\/feelcaboverde.com\/it\/maio\/\">Maio<\/a> e tantas outras. Leve seus \u00f3culos de snorkeling e snorkel ou alugue-os nos servi\u00e7os locais (nem todas as ilhas podem oferecer esses materiais) e prepare-se para se maravilhar com a beleza do mundo submarino.<\/p><h4>\u00a0<\/h4><h4><strong>3. Surfar as Ondas do Vento Cabo-verdiano<\/strong><\/h4><p>Cabo Verde \u00e9 um destino cada vez mais popular entre os surfistas, com <strong>ondas perfeitas para todos os n\u00edveis de experi\u00eancia<\/strong>. Se voc\u00ea \u00e9 um surfista experiente, vai adorar as ondas desafiadoras da Ponta Preta no Sal ou da Boca da Lapa (Sandy Beach) \u2013 Ilha de S\u00e3o Vicente &#8211; onde se realiza o \u201cOpen Sandy\u201d, uma das maiores provas do circuito nacional de surf e bodyboard em Cabo Verde.<\/p><p>Se voc\u00ea est\u00e1 come\u00e7ando, h\u00e1 escolas de surf em algumas ilhas que oferecem aulas e aluguel de pranchas.<\/p><p><strong>A melhor \u00e9poca para surfar em Cabo Verde \u00e9 de outubro a mar\u00e7o<\/strong>, quando as ondas s\u00e3o mais consistentes e o vento sopra com mais intensidade. Mas n\u00e3o se preocupe, \u00e9 poss\u00edvel encontrar boas ondas durante todo o ano.<\/p><p>\u00a0<\/p><h4><strong>4. Windsurf e Kitesurf: Ventos de Aventuras<\/strong><\/h4><p>Cabo Verde \u00e9 mundialmente reconhecido como um destino de windsurf e kitesurf, com ventos al\u00edsios constantes e condi\u00e7\u00f5es ideais para a pr\u00e1tica desses esportes. <strong>As ilhas do Sal e da Boa Vista s\u00e3o os para\u00edsos dos velejadores<\/strong>, com praias como Ponta Preta, Kite Beach e Praia de Chaves que atraem atletas de todo o mundo.<\/p><p>Se voc\u00ea quer aprender a velejar, h\u00e1 diversas escolas que oferecem aulas para todos os n\u00edveis, desde iniciantes at\u00e9 velejadores experientes. <strong>Alugar o equipamento \u00e9 f\u00e1cil na ilha do Sal e voc\u00ea pode escolher entre pranchas, velas e kites de diferentes tamanhos<\/strong>. Para outras ilhas, procure saber antes de visitar a praia pretendida se eles alugam equipamentos no local.<\/p><p data-start=\"0\" data-end=\"202\">A melhor \u00e9poca para praticar <strong data-start=\"29\" data-end=\"41\">windsurf<\/strong> e <strong data-start=\"44\" data-end=\"56\">kitesurf<\/strong> em Cabo Verde vai de <strong data-start=\"78\" data-end=\"97\">novembro a mar\u00e7o<\/strong>, quando os ventos al\u00edsios s\u00e3o mais fortes e constantes\u00a0<span style=\"font-family: var( --e-global-typography-text-font-family ), Sans-serif; font-weight: var( --e-global-typography-text-font-weight ); text-align: var(--text-align); font-size: 1rem;\">criando condi\u00e7\u00f5es perfeitas para manobras radicais.<\/span><\/p><p data-start=\"0\" data-end=\"202\"><span style=\"font-family: var( --e-global-typography-text-font-family ), Sans-serif; font-weight: var( --e-global-typography-text-font-weight ); text-align: var(--text-align); font-size: 1rem;\">\u00a0<\/span><\/p><h4><span style=\"font-weight: bold; text-align: var(--text-align); font-size: 1.5rem;\">5. Stand-Up\u00a0<\/span><span style=\"font-size: 24px; font-weight: bold; font-family: var( --e-global-typography-text-font-family ), Sans-serif; text-align: var(--text-align);\">Paddle<\/span><b style=\"color: inherit; font-family: inherit; text-align: var(--text-align); font-size: 1.5rem;\">: Flutuando sobre o Azul<\/b><\/h4><div><span style=\"color: inherit; font-family: var( --e-global-typography-text-font-family ), Sans-serif; text-align: var(--text-align); font-weight: var( --e-global-typography-text-font-weight ); font-size: 1rem;\">O stand-up paddle \u00e9 uma atividade relaxante e divertida que permite explorar as paisagens costeiras de Cabo Verde de uma nova perspectiva. <\/span><strong style=\"color: inherit; font-family: var( --e-global-typography-text-font-family ), Sans-serif; text-align: var(--text-align); font-size: 1rem;\">Remar em p\u00e9 em uma prancha, com o mar azul como pano de fundo, \u00e9 uma experi\u00eancia \u00fanica<\/strong><span style=\"color: inherit; font-family: var( --e-global-typography-text-font-family ), Sans-serif; text-align: var(--text-align); font-weight: var( --e-global-typography-text-font-weight ); font-size: 1rem;\">.<\/span><\/div><p>Voc\u00ea pode praticar stand-up paddle\u00a0em diversas praias calmas do arquip\u00e9lago, como a Praia de Santa Maria no Sal, a Praia de Chaves na Boa Vista ou a Praia de S\u00e3o Francisco em Santiago. <strong>Alugue uma prancha e um remo e prepare-se para se encantar com a beleza da costa cabo-verdiana<\/strong>.<\/p><p>\u00a0<\/p><h4><strong>6. Pesca Tradicional: A Cultura Viva de Cabo Verde<\/strong><\/h4><p>Cabo Verde oferece diversas op\u00e7\u00f5es para os amantes da pesca, desde a pesca com arp\u00e3o em alto mar at\u00e9 a pesca tradicional em pequenas embarca\u00e7\u00f5es. <strong>Lugares como Tarrafal de Monte Trigo, com sua hist\u00f3ria piscat\u00f3ria e longas praias de areia negra, s\u00e3o ideais para quem busca uma experi\u00eancia aut\u00eantica<\/strong>.<\/p><p>Voc\u00ea pode pescar diversas esp\u00e9cies de peixes, como atum, garoupa, peixe-espada, serra, dourado e tantos outros.<\/p><h4><strong>\u00a0<\/strong><\/h4><h4><strong>7. Banho em Piscinas Naturais: Um Mergulho na Beleza Natural<\/strong><\/h4><p>As piscinas naturais de Cabo Verde s\u00e3o um convite ao relaxamento e \u00e0 contempla\u00e7\u00e3o da natureza. <strong>Juncalinho em <a href=\"https:\/\/feelcaboverde.com\/it\/sao-nicolau\/\">S\u00e3o Nicolau<\/a>, as piscinas de Faj\u00e3 d&#8217;\u00c1gua na <a href=\"https:\/\/feelcaboverde.com\/it\/brava\/\">Brava<\/a>, Salina na ilha do <a href=\"https:\/\/feelcaboverde.com\/it\/fogo\/\">Fogo<\/a> e Piscina Natural de Cuba, ilha de <a href=\"https:\/\/feelcaboverde.com\/it\/santiago\/\">Santiago<\/a> s\u00e3o exemplos de lugares onde voc\u00ea pode se banhar em \u00e1guas calmas<\/strong>, cercado por paisagens exuberantes.<\/p><p>Aproveite para relaxar, nadar e tirar fotos incr\u00edveis nesses para\u00edsos naturais. <strong>Leve sua roupa de banho, protetor solar e uma c\u00e2mera \u00e0 prova d&#8217;\u00e1gua<\/strong> para registrar momentos inesquec\u00edveis.<\/p><p>\u00a0<\/p><h4><strong>8. Observa\u00e7\u00e3o de Baleia: Um Encontro com criaturas majestosas<\/strong><\/h4><p>Cabo Verde \u00e9 um ponto de passagem para baleias jubarte durante sua migra\u00e7\u00e3o anual. <strong>De fevereiro a maio, \u00e9 poss\u00edvel avistar baleias do mar em diversas ilhas de Cabo Verde<\/strong>.<\/p><p>Empresas de turismo oferecem passeios de barco para observa\u00e7\u00e3o de baleias, com guias especializados que fornecem informa\u00e7\u00f5es sobre o comportamento e a biologia desses gigantes. <strong>Prepare-se para se emocionar com a beleza e a impon\u00eancia das baleias jubarte<\/strong>.<\/p><p>\u00a0<\/p><h4><strong>9. Observa\u00e7\u00e3o e Encontro com Tubar\u00f5es: Uma Aventura com Emo\u00e7\u00e3o<\/strong><\/h4><p>Se voc\u00ea \u00e9 corajoso e gosta de emo\u00e7\u00f5es fortes, pode se aventurar em um passeio entre tubar\u00f5es na Shark Bay do Sal. <strong>Essa \u00e9 uma experi\u00eancia \u00fanica e emocionante, onde voc\u00ea pode nadar com tubar\u00f5es lim\u00e3o em seu habitat natural<\/strong>. Essa esp\u00e9cie <b>n\u00e3o \u00e9<\/b><strong> considerada predadora de humanos<\/strong>. Embora sejam animais selvagens e capazes de morder, eles geralmente n\u00e3o representam uma amea\u00e7a para as pessoas.<\/p><p>A atividade \u00e9 realizada sob a supervis\u00e3o de guias locais que garantem procuram a sua prote\u00e7\u00e3o e o bem-estar dos animais. <strong>Prepare-se para sentir a adrenalina correndo em suas veias ao se deparar com essas criaturas lindas<\/strong>.<\/p><p>\u00a0<\/p><h4><strong>10. Mergulho com Tartarugas: Um Encontro Inesquec\u00edvel<\/strong><\/h4><p>A Praia de S\u00e3o Pedro, em <a href=\"https:\/\/feelcaboverde.com\/it\/sao-vicente\/\">S\u00e3o Vicente<\/a>, \u00e9 um dos melhores lugares para mergulhar com tartarugas marinhas em Cabo Verde. <strong>Esses animais d\u00f3ceis e curiosos se aproximam dos mergulhadores, proporcionando um encontro m\u00e1gico e inesquec\u00edvel<\/strong>.<\/p><p>Al\u00e9m de mergulhar com as tartarugas, <strong>voc\u00ea pode aproveitar para relaxar na Praia de S\u00e3o Pedro e admirar um dos pores do sol mais bonitos do arquip\u00e9lago <\/strong>enquanto come algumas postas da nossa cl\u00e1ssica moreia frita.\u00a0<\/p><p>\u00a0<\/p><h4><strong>11. Banho nas Salinas de Pedra de Lume: Uma Experi\u00eancia Hist\u00f3rica e Relaxante<\/strong><\/h4><p>As <a href=\"https:\/\/feelcaboverde.com\/it\/salinas-de-pedra-de-lume-ilha-do-sal\/\">Salinas de Pedra de Lume<\/a>, no Sal, s\u00e3o um lugar \u00fanico em Cabo Verde, onde voc\u00ea pode se banhar em \u00e1guas salgadas com alta densidade, que n\u00e3o deixam o corpo afundar. <strong>Al\u00e9m de relaxar e se divertir, voc\u00ea pode conhecer um pouco da hist\u00f3ria do com\u00e9rcio de sal no arquip\u00e9lago<\/strong>.<\/p><p>As Salinas de Pedra de Lume s\u00e3o consideradas uma das <a href=\"https:\/\/feelcaboverde.com\/it\/\">7 Maravilhas de Cabo Verde<\/a> e <strong>acredita-se que suas \u00e1guas tenham propriedades medicinais<\/strong>. Leve sua roupa de banho, protetor solar e prepare-se para uma experi\u00eancia relaxante e culturalmente rica.<\/p><p>\u00a0<\/p><h4><strong>12. Passeios de Bote por Tarrafal de Santiago: Grutas e Paisagens Deslumbrantes<\/strong><\/h4><p>Se voc\u00ea gosta de aventura e paisagens exuberantes, n\u00e3o pode perder os passeios de bote por Tarrafal de Santiago. <strong>Durante o passeio, voc\u00ea ter\u00e1 a oportunidade de visitar grutas marinhas, praias desertas e forma\u00e7\u00f5es rochosas impressionantes<\/strong>.<\/p><p>\u00c9 uma \u00f3tima maneira de explorar a costa de Santiago e conhecer lugares que n\u00e3o s\u00e3o acess\u00edveis por terra. <strong>As empresas de turismo locais oferecem passeios de bote com diferentes dura\u00e7\u00f5es e roteiros<\/strong>.<\/p><p>\u00a0<\/p><h4><strong>13. Caiaque e canoagem (kayaking): Remando em Harmonia com a Natureza<\/strong><\/h4><p>O caiaque \u00e9 uma atividade f\u00edsica e relaxante que permite explorar a costa de Cabo Verde de uma forma diferente. <strong>Remar em um caiaque, com o mar como companhia, \u00e9 uma experi\u00eancia revigorante e inspiradora<\/strong>.<\/p><p>Voc\u00ea pode alugar caiaques em diversas praias do Sal e Boavista e explorar enseadas escondidas, grutas marinhas e paisagens exuberantes. <strong>\u00c9 uma \u00f3tima maneira de se conectar com a natureza e apreciar a beleza da costa cabo-verdiana<\/strong>. Para outras ilhas, verifique com seu provedor de viagem a possibilidade de alugar o equipamento.<\/p><p>\u00a0<\/p><h3><b>O Que Levar para as Atividades Aqu\u00e1ticas em Cabo Verde<\/b><\/h3><p data-sourcepos=\"3:1-3:173\">Para aproveitar ao m\u00e1ximo as atividades aqu\u00e1ticas em Cabo Verde, \u00e9 importante estar <strong>preparado com os itens essenciais<\/strong>. Temos um artigo detalhando o que deve <a href=\"https:\/\/feelcaboverde.com\/it\/o-que-levar-para-ferias-em-cabo-verde\/\">levar para f\u00e9rias em Cabo Verde<\/a>. Aqui est\u00e1 uma lista do que voc\u00ea n\u00e3o pode esquecer para atividades aqu\u00e1ticas:<\/p><h4 data-sourcepos=\"5:1-5:18\">\u00a0<\/h4><h4 data-sourcepos=\"5:1-5:18\"><strong>Indispens\u00e1veis<\/strong><\/h4><ul data-sourcepos=\"7:1-13:0\"><li data-sourcepos=\"7:1-7:66\"><strong>Roupa de banho<\/strong>: Essencial para qualquer atividade na \u00e1gua.<\/li><li data-sourcepos=\"8:1-8:116\"><strong>Protetor solar<\/strong>: O sol em Cabo Verde \u00e9 forte, por isso, proteja sua pele com um protetor solar de fator alto.<\/li><li data-sourcepos=\"9:1-9:54\"><strong>Chap\u00e9u ou bon\u00e9<\/strong>: Para proteger a cabe\u00e7a do sol.<\/li><li data-sourcepos=\"10:1-10:74\"><strong>\u00d3culos de sol<\/strong>: Para proteger os olhos do sol e do reflexo da \u00e1gua.<\/li><li data-sourcepos=\"11:1-11:49\"><strong>Toalha<\/strong>: Para se secar ap\u00f3s as atividades.<\/li><li data-sourcepos=\"12:1-13:0\"><strong>Garrafa de \u00e1gua<\/strong>: Para se manter hidratado durante as atividades.<\/li><\/ul><h4 data-sourcepos=\"14:1-14:13\">\u00a0<\/h4><h4 data-sourcepos=\"14:1-14:13\"><strong>Opcionais<\/strong><\/h4><ul data-sourcepos=\"16:1-21:0\"><li data-sourcepos=\"16:1-16:105\"><strong>Camisa de manga comprida<\/strong>: Para se proteger do sol, principalmente durante atividades mais longas.<\/li><li data-sourcepos=\"17:1-17:125\"><strong>Cal\u00e7ados adequados<\/strong>: Para caminhadas at\u00e9 praias ou piscinas naturais, escolha cal\u00e7ados confort\u00e1veis e antiderrapantes.<\/li><li data-sourcepos=\"18:1-18:136\"><strong>Equipamentos de snorkeling<\/strong>: Se voc\u00ea tiver seus pr\u00f3prios \u00f3culos, snorkel e nadadeiras, pode lev\u00e1-los para economizar com aluguel.<\/li><li data-sourcepos=\"19:1-19:71\"><strong>C\u00e2mera \u00e0 prova d&#8217;\u00e1gua<\/strong>: Para registrar suas aventuras aqu\u00e1ticas.<\/li><li data-sourcepos=\"20:1-21:0\"><strong>Repelente<\/strong>: Para se proteger de mosquitos, principalmente ao entardecer.<\/li><\/ul><h4 data-sourcepos=\"22:1-22:16\">\u00a0<\/h4><h4 data-sourcepos=\"22:1-22:16\"><strong>Dicas Extras<\/strong><\/h4><ul data-sourcepos=\"24:1-27:0\"><li data-sourcepos=\"24:1-24:157\"><strong>Aluguel de equipamentos<\/strong>: Se voc\u00ea n\u00e3o quiser levar seus pr\u00f3prios equipamentos, \u00e9 poss\u00edvel alug\u00e1-los em algumas lojas e escolas de mergulho nas ilhas mais tur\u00edsticas como Sal e Boavista, mas muitas praias principalmente nas ilhas menos tur\u00edsticas n\u00e3o ter\u00e3o esses servi\u00e7os. Verifique durante o planeamento.<\/li><li data-sourcepos=\"25:1-25:111\"><strong>Respeito \u00e0 natureza<\/strong>: Ao praticar atividades aqu\u00e1ticas, lembre-se de respeitar a vida marinha e o meio ambiente. N\u00e3o toque em corais, n\u00e3o jogue lixo no mar. Se fizer pesca, respeite as regras locais \u2013 n\u00e3o capture esp\u00e9cies protegidas ou fora do tamanho permitido.<\/li><li><strong>Respeite os habitats naturais<\/strong>: Seja em piscinas naturais ou grutas, evite deixar marcas, retirar pedras ou modificar o ambiente.<\/li><li><strong>Reduza o uso de pl\u00e1sticos descart\u00e1veis:<\/strong> Leve sua pr\u00f3pria garrafa reutiliz\u00e1vel e evite o uso excessivo de embalagens pl\u00e1sticas.<\/li><\/ul><p data-sourcepos=\"28:1-28:144\">\u00a0<\/p><p data-sourcepos=\"28:1-28:144\">Com estes itens essenciais e <a href=\"https:\/\/feelcaboverde.com\/it\/o-que-levar-para-ferias-em-cabo-verde\/\">alguns opcionais<\/a>, voc\u00ea estar\u00e1 pronto para se divertir e aproveitar ao m\u00e1ximo as atividades aqu\u00e1ticas em <a href=\"https:\/\/feelcaboverde.com\/it\/cabo-verde\/\">Cabo Verde<\/a>!<\/p>\t\t\t\t\t\t<\/div>\n\t\t\t\t<\/div>\n\t\t\t\t\t<\/div>\n\t\t<\/div>\n\t\t\t\t\t\t\t<\/div>\n\t\t<\/section>\n\t\t\t\t\t\t\t<\/div>","protected":false},"excerpt":{"rendered":"<p>Atividades e Desportos Aqu\u00e1ticos em Cabo Verde: Guia Completo para se Divertir na \u00c1gua Cabo Verde, um arquip\u00e9lago aben\u00e7oado com \u00e1guas cristalinas, paisagens vulc\u00e2nicas e um clima tropical durante todo o ano, \u00e9 um para\u00edso para os amantes de atividades aqu\u00e1ticas e desportos n\u00e1uticos. Se voc\u00ea est\u00e1 em busca de turismo n\u00e1utico, aventura, relaxamento ou [&hellip;]<\/p>","protected":false},"author":1,"featured_media":0,"parent":0,"menu_order":0,"comment_status":"closed","ping_status":"closed","template":"","meta":{"footnotes":""},"categories":[],"tags":[],"class_list":["post-244","page","type-page","status-publish","hentry"],"_links":{"self":[{"href":"https:\/\/feelcaboverde.com\/it\/wp-json\/wp\/v2\/pages\/244","targetHints":{"allow":["GET"]}}],"collection":[{"href":"https:\/\/feelcaboverde.com\/it\/wp-json\/wp\/v2\/pages"}],"about":[{"href":"https:\/\/feelcaboverde.com\/it\/wp-json\/wp\/v2\/types\/page"}],"author":[{"embeddable":true,"href":"https:\/\/feelcaboverde.com\/it\/wp-json\/wp\/v2\/users\/1"}],"replies":[{"embeddable":true,"href":"https:\/\/feelcaboverde.com\/it\/wp-json\/wp\/v2\/comments?post=244"}],"version-history":[{"count":49,"href":"https:\/\/feelcaboverde.com\/it\/wp-json\/wp\/v2\/pages\/244\/revisions"}],"predecessor-version":[{"id":5271,"href":"https:\/\/feelcaboverde.com\/it\/wp-json\/wp\/v2\/pages\/244\/revisions\/5271"}],"wp:attachment":[{"href":"https:\/\/feelcaboverde.com\/it\/wp-json\/wp\/v2\/media?parent=244"}],"wp:term":[{"taxonomy":"category","embeddable":true,"href":"https:\/\/feelcaboverde.com\/it\/wp-json\/wp\/v2\/categories?post=244"},{"taxonomy":"post_tag","embeddable":true,"href":"https:\/\/feelcaboverde.com\/it\/wp-json\/wp\/v2\/tags?post=244"}],"curies":[{"name":"wp","href":"https:\/\/api.w.org\/{rel}","templated":true}]}}