{"id":1915,"date":"2022-09-27T17:09:55","date_gmt":"2022-09-27T17:09:55","guid":{"rendered":"https:\/\/feelcaboverde.com\/?page_id=1915"},"modified":"2023-04-02T12:14:41","modified_gmt":"2023-04-02T12:14:41","slug":"fogo","status":"publish","type":"page","link":"https:\/\/feelcaboverde.com\/it\/fogo\/","title":{"rendered":"Fogo"},"content":{"rendered":"<div data-elementor-type=\"wp-page\" data-elementor-id=\"1915\" class=\"elementor elementor-1915\">\n\t\t\t\t\t\t\t<div class=\"elementor-element elementor-element-680395d e-container--column e-container\" data-id=\"680395d\" data-element_type=\"container\">\t\t\t\t<div class=\"elementor-element elementor-element-e595508 elementor--h-position-center elementor--v-position-middle elementor-arrows-position-inside elementor-pagination-position-inside elementor-widget elementor-widget-slides\" data-id=\"e595508\" data-element_type=\"widget\" data-settings=\"{&quot;navigation&quot;:&quot;both&quot;,&quot;autoplay&quot;:&quot;yes&quot;,&quot;pause_on_hover&quot;:&quot;yes&quot;,&quot;pause_on_interaction&quot;:&quot;yes&quot;,&quot;autoplay_speed&quot;:5000,&quot;infinite&quot;:&quot;yes&quot;,&quot;transition&quot;:&quot;slide&quot;,&quot;transition_speed&quot;:500}\" data-widget_type=\"slides.default\">\n\t\t\t\t<div class=\"elementor-widget-container\">\n\t\t\t<style>\/*! elementor-pro - v3.5.2 - 28-11-2021 *\/\n.elementor-slides .swiper-slide-bg{-webkit-background-size:cover;background-size:cover;background-position:50%;background-repeat:no-repeat;min-width:100%;min-height:100%}.elementor-slides .swiper-slide-inner{background-repeat:no-repeat;background-position:50%;position:absolute;top:0;left:0;bottom:0;right:0;padding:50px;margin:auto}.elementor-slides .swiper-slide-inner,.elementor-slides .swiper-slide-inner:hover{color:#fff;display:-webkit-box;display:-ms-flexbox;display:flex}.elementor-slides .swiper-slide-inner .elementor-background-overlay{position:absolute;z-index:0;top:0;bottom:0;left:0;right:0}.elementor-slides .swiper-slide-inner .elementor-slide-content{position:relative;z-index:1;width:100%}.elementor-slides .swiper-slide-inner .elementor-slide-heading{font-size:35px;font-weight:700;line-height:1}.elementor-slides .swiper-slide-inner .elementor-slide-description{font-size:17px;line-height:1.4}.elementor-slides .swiper-slide-inner .elementor-slide-description:not(:last-child),.elementor-slides .swiper-slide-inner .elementor-slide-heading:not(:last-child){margin-bottom:30px}.elementor-slides .swiper-slide-inner .elementor-slide-button{border:2px solid #fff;color:#fff;background:transparent;display:inline-block}.elementor-slides .swiper-slide-inner .elementor-slide-button,.elementor-slides .swiper-slide-inner .elementor-slide-button:hover{background:transparent;color:inherit;text-decoration:none}.elementor--v-position-top .swiper-slide-inner{-webkit-box-align:start;-ms-flex-align:start;align-items:flex-start}.elementor--v-position-bottom .swiper-slide-inner{-webkit-box-align:end;-ms-flex-align:end;align-items:flex-end}.elementor--v-position-middle .swiper-slide-inner{-webkit-box-align:center;-ms-flex-align:center;align-items:center}.elementor--h-position-left .swiper-slide-inner{-webkit-box-pack:start;-ms-flex-pack:start;justify-content:flex-start}.elementor--h-position-right .swiper-slide-inner{-webkit-box-pack:end;-ms-flex-pack:end;justify-content:flex-end}.elementor--h-position-center .swiper-slide-inner{-webkit-box-pack:center;-ms-flex-pack:center;justify-content:center}body.rtl .elementor-widget-slides .elementor-swiper-button-next{left:10px;right:auto}body.rtl .elementor-widget-slides .elementor-swiper-button-prev{right:10px;left:auto}.elementor-slides-wrapper div:not(.swiper-slide)>.swiper-slide-inner{display:none}@media (max-width:767px){.elementor-slides .swiper-slide-inner{padding:30px}.elementor-slides .swiper-slide-inner .elementor-slide-heading{font-size:23px;line-height:1;margin-bottom:15px}.elementor-slides .swiper-slide-inner .elementor-slide-description{font-size:13px;line-height:1.4;margin-bottom:15px}}<\/style>\t\t<div class=\"elementor-swiper\">\n\t\t\t<div class=\"elementor-slides-wrapper elementor-main-swiper swiper-container\" dir=\"ltr\" data-animation=\"\">\n\t\t\t\t<div class=\"swiper-wrapper elementor-slides\">\n\t\t\t\t\t\t\t\t\t\t<div class=\"elementor-repeater-item-0b8d762 swiper-slide\"><div class=\"swiper-slide-bg elementor-ken-burns elementor-ken-burns--in\"><\/div><div class=\"swiper-slide-inner\" ><div class=\"swiper-slide-contents\"><\/div><\/div><\/div><div class=\"elementor-repeater-item-d56afb1 swiper-slide\"><div class=\"swiper-slide-bg elementor-ken-burns elementor-ken-burns--in\"><\/div><div class=\"swiper-slide-inner\" ><div class=\"swiper-slide-contents\"><\/div><\/div><\/div><div class=\"elementor-repeater-item-302cf13 swiper-slide\"><div class=\"swiper-slide-bg elementor-ken-burns elementor-ken-burns--in\"><\/div><div class=\"swiper-slide-inner\" ><div class=\"swiper-slide-contents\"><\/div><\/div><\/div><div class=\"elementor-repeater-item-795d139 swiper-slide\"><div class=\"swiper-slide-bg elementor-ken-burns elementor-ken-burns--in\"><\/div><div class=\"swiper-slide-inner\" ><div class=\"swiper-slide-contents\"><\/div><\/div><\/div>\t\t\t\t<\/div>\n\t\t\t\t\t\t\t\t\t\t\t\t\t\t\t<div class=\"swiper-pagination\"><\/div>\n\t\t\t\t\t\t\t\t\t\t\t\t\t\t\t\t<div class=\"elementor-swiper-button elementor-swiper-button-prev\">\n\t\t\t\t\t\t\t<svg aria-hidden=\"true\" class=\"e-font-icon-svg e-eicon-chevron-left\"><use xlink:href=\"#eicon-chevron-left\" \/><\/svg>\t\t\t\t\t\t\t<span class=\"elementor-screen-only\">Previous<\/span>\n\t\t\t\t\t\t<\/div>\n\t\t\t\t\t\t<div class=\"elementor-swiper-button elementor-swiper-button-next\">\n\t\t\t\t\t\t\t<svg aria-hidden=\"true\" class=\"e-font-icon-svg e-eicon-chevron-right\"><use xlink:href=\"#eicon-chevron-right\" \/><\/svg>\t\t\t\t\t\t\t<span class=\"elementor-screen-only\">Next<\/span>\n\t\t\t\t\t\t<\/div>\n\t\t\t\t\t\t\t\t\t\t\t\t<\/div>\n\t\t<\/div>\n\t\t\t\t<\/div>\n\t\t\t\t<\/div>\n\t\t<\/div>\t\t<section data-particle_enable=\"false\" data-particle-mobile-disabled=\"false\" class=\"elementor-section elementor-top-section elementor-element elementor-element-4fe6f1b elementor-section-boxed elementor-section-height-default elementor-section-height-default elementor-invisible\" data-id=\"4fe6f1b\" data-element_type=\"section\" data-settings=\"{&quot;motion_fx_motion_fx_scrolling&quot;:&quot;yes&quot;,&quot;animation&quot;:&quot;zoomIn&quot;,&quot;motion_fx_devices&quot;:[&quot;desktop&quot;,&quot;tablet&quot;,&quot;mobile&quot;]}\">\n\t\t\t\t\t\t<div class=\"elementor-container elementor-column-gap-default\">\n\t\t\t\t\t<div class=\"elementor-column elementor-col-100 elementor-top-column elementor-element elementor-element-351c9a8\" data-id=\"351c9a8\" data-element_type=\"column\">\n\t\t\t<div class=\"elementor-widget-wrap elementor-element-populated\">\n\t\t\t\t\t\t\t\t<section data-particle_enable=\"false\" data-particle-mobile-disabled=\"false\" class=\"elementor-section elementor-inner-section elementor-element elementor-element-b585a59 elementor-section-boxed elementor-section-height-default elementor-section-height-default\" data-id=\"b585a59\" data-element_type=\"section\">\n\t\t\t\t\t\t<div class=\"elementor-container elementor-column-gap-default\">\n\t\t\t\t\t<div class=\"elementor-column elementor-col-100 elementor-inner-column elementor-element elementor-element-08e3431\" data-id=\"08e3431\" data-element_type=\"column\">\n\t\t\t<div class=\"elementor-widget-wrap elementor-element-populated\">\n\t\t\t\t\t\t\t\t<div class=\"elementor-element elementor-element-a628d03 elementor-widget elementor-widget-heading\" data-id=\"a628d03\" data-element_type=\"widget\" data-widget_type=\"heading.default\">\n\t\t\t\t<div class=\"elementor-widget-container\">\n\t\t\t<style>\/*! elementor - v3.7.1 - 14-08-2022 *\/\n.elementor-heading-title{padding:0;margin:0;line-height:1}.elementor-widget-heading .elementor-heading-title[class*=elementor-size-]>a{color:inherit;font-size:inherit;line-height:inherit}.elementor-widget-heading .elementor-heading-title.elementor-size-small{font-size:15px}.elementor-widget-heading .elementor-heading-title.elementor-size-medium{font-size:19px}.elementor-widget-heading .elementor-heading-title.elementor-size-large{font-size:29px}.elementor-widget-heading .elementor-heading-title.elementor-size-xl{font-size:39px}.elementor-widget-heading .elementor-heading-title.elementor-size-xxl{font-size:59px}<\/style><h2 class=\"elementor-heading-title elementor-size-default\">Ilha do Fogo<\/h2>\t\t<\/div>\n\t\t\t\t<\/div>\n\t\t\t\t<div class=\"elementor-element elementor-element-e86f908 elementor-widget elementor-widget-text-editor\" data-id=\"e86f908\" data-element_type=\"widget\" data-widget_type=\"text-editor.default\">\n\t\t\t\t<div class=\"elementor-widget-container\">\n\t\t\t<style>\/*! elementor - v3.7.1 - 14-08-2022 *\/\n.elementor-widget-text-editor.elementor-drop-cap-view-stacked .elementor-drop-cap{background-color:#818a91;color:#fff}.elementor-widget-text-editor.elementor-drop-cap-view-framed .elementor-drop-cap{color:#818a91;border:3px solid;background-color:transparent}.elementor-widget-text-editor:not(.elementor-drop-cap-view-default) .elementor-drop-cap{margin-top:8px}.elementor-widget-text-editor:not(.elementor-drop-cap-view-default) .elementor-drop-cap-letter{width:1em;height:1em}.elementor-widget-text-editor .elementor-drop-cap{float:left;text-align:center;line-height:1;font-size:50px}.elementor-widget-text-editor .elementor-drop-cap-letter{display:inline-block}<\/style>\t\t\t\t<p>A ilha do Fogo \u00e9 de uma beleza \u00edmpar. O seu nome deve-se ao imponente Pico do Fogo, um vulc\u00e3o que se eleva 2829 metros acima do n\u00edvel do mar, constituindo o ponto mais alto do arquip\u00e9lago e uma das sete maravilhas do pa\u00eds.<\/p>\n<p>Apesar do hist\u00f3rico de atividade recente, ao redor da montanha ardente vive uma resiliente comunidade na localidade de Ch\u00e3 das Caldeiras. Esses s\u00e3o os filhos do colosso de lava que se&nbsp; recusam a abandonar aquilo que lhes d\u00e1 a vida &#8211; o pr\u00f3prio vulc\u00e3o! Alguns destes habitam em funcos,&nbsp; casinhas cil\u00edndricas constru\u00eddas com o material expelido durante erup\u00e7\u00f5es.<\/p>\n<p>Contrastando tons de cinzas vulc\u00e2nicas com um verde denso de vegeta\u00e7\u00e3o, Ch\u00e3 das Caldeiras tem uma beleza \u00fanica. Seu solo rico em min\u00e9rios permite o cultivo de uvas usadas na produ\u00e7\u00e3o de vinhos locais. Al\u00e9m das uvas, tamb\u00e9m crescem nas encostas do vulc\u00e3o marmelos, figos, ma\u00e7\u00e3s, rom\u00e3s, p\u00eassegos e mel\u00f5es &#8211; os frutos da lava. Ch\u00e3 das Caldeira tamb\u00e9m abriga v\u00e1rias esp\u00e9cies de plantas end\u00e9micas, algumas raras e em risco de extin\u00e7\u00e3o.<\/p>\n<p>A cidade de S\u00e3o Filipe, a terceira mais antiga do arquip\u00e9lago, \u00e9 o maior centro urbano da ilha. Dotada de uma hist\u00f3ria riqu\u00edssima, uma arquitetura formosa, e paisagens fascinantes, esta cidade merece ser apreciada. Da arquitetura salientam-se os sobrados, marcas da hist\u00f3ria colonial.<\/p>\n<p>Delimitando o sudoeste da cidade encontra-se a praia <em>Fonti Bila<\/em> ou praia Senhora da Encarna\u00e7\u00e3o, um imenso areal preto vulc\u00e2nico. Suas fortes ondas desquebram em renda branca sobre a areia negra criando um contraste perfeito. Durante o dia, o ardente sol a pico revela os pequenos cristais na areia negra de <em>Fonti Bila<\/em>. Ao entardecer, o magn\u00edfico p\u00f4r do sol laranja rosado sobre esta praia \u00e9 um espet\u00e1culo da natureza imperd\u00edvel.<\/p>\n<p>Paragens tamb\u00e9m obrigat\u00f3rias em S\u00e3o Filipe incluem a Casa da Mem\u00f3ria, um museu que preserva recorda\u00e7\u00f5es tanto da ilha do vulc\u00e3o, como do restante do pa\u00eds; a casa das bandeiras, um importante s\u00edmbolo do folcl\u00f3rico da ilha; o lend\u00e1rio Cemit\u00e9rio de Brancos com sua hist\u00f3rias; e finalmente, o mercado local onde o delicioso aroma dos produtos frescos mistura-se ao calor humano dos foguenses e ao crioulo mel\u00f3dico das vendedeiras que clamam \u201clevam um cusa\u201d.<\/p>\n<p>Os foguenses s\u00e3o um povo festivo. Em Maio celebram a <a href=\"https:\/\/maravilhasdecaboverde.cv\/nho-sao-filipe\/\" rel=\"nofollow noopener\" target=\"_blank\">Festa de S\u00e3o Filipe<\/a> e em Junho o S\u00e3o Jo\u00e3o, reunindo multid\u00f5es em algumas das maiores manifesta\u00e7\u00f5es culturais do pa\u00eds. Durante essas festas pode-se presenciar as destemidas corridas de cavalo e saborear a<em> Djagacida<\/em>, prato t\u00edpico do Fogo.<\/p>\n<p>Uma visita a esta ilha s\u00f3 fica completa ap\u00f3s um banho nas piscinas naturais de Salinas. N\u00e3o se pode partir ainda sem beber um caf\u00e9 local em Mosteiros, ou antes provar o t\u00edpico vinho <em>manecom<\/em> e o queijo de cabra em forma de cogumelo.<\/p>\n<p><strong>A ilha do Fogo \u00e9 sinestesia pura! Deixe-se envolver pelo seu calor.<\/strong><\/p>\t\t\t\t\t\t<\/div>\n\t\t\t\t<\/div>\n\t\t\t\t\t<\/div>\n\t\t<\/div>\n\t\t\t\t\t\t\t<\/div>\n\t\t<\/section>\n\t\t\t\t\t<\/div>\n\t\t<\/div>\n\t\t\t\t\t\t\t<\/div>\n\t\t<\/section>\n\t\t\t\t\t\t\t<\/div>","protected":false},"excerpt":{"rendered":"<p>Previous Next Ilha do Fogo A ilha do Fogo \u00e9 de uma beleza \u00edmpar. O seu nome deve-se ao imponente Pico do Fogo, um vulc\u00e3o que se eleva 2829 metros acima do n\u00edvel do mar, constituindo o ponto mais alto do arquip\u00e9lago e uma das sete maravilhas do pa\u00eds. Apesar do hist\u00f3rico de atividade recente, [&hellip;]<\/p>","protected":false},"author":1,"featured_media":0,"parent":0,"menu_order":0,"comment_status":"closed","ping_status":"closed","template":"elementor_header_footer","meta":{"footnotes":""},"categories":[],"tags":[],"class_list":["post-1915","page","type-page","status-publish","hentry"],"_links":{"self":[{"href":"https:\/\/feelcaboverde.com\/it\/wp-json\/wp\/v2\/pages\/1915","targetHints":{"allow":["GET"]}}],"collection":[{"href":"https:\/\/feelcaboverde.com\/it\/wp-json\/wp\/v2\/pages"}],"about":[{"href":"https:\/\/feelcaboverde.com\/it\/wp-json\/wp\/v2\/types\/page"}],"author":[{"embeddable":true,"href":"https:\/\/feelcaboverde.com\/it\/wp-json\/wp\/v2\/users\/1"}],"replies":[{"embeddable":true,"href":"https:\/\/feelcaboverde.com\/it\/wp-json\/wp\/v2\/comments?post=1915"}],"version-history":[{"count":11,"href":"https:\/\/feelcaboverde.com\/it\/wp-json\/wp\/v2\/pages\/1915\/revisions"}],"predecessor-version":[{"id":4258,"href":"https:\/\/feelcaboverde.com\/it\/wp-json\/wp\/v2\/pages\/1915\/revisions\/4258"}],"wp:attachment":[{"href":"https:\/\/feelcaboverde.com\/it\/wp-json\/wp\/v2\/media?parent=1915"}],"wp:term":[{"taxonomy":"category","embeddable":true,"href":"https:\/\/feelcaboverde.com\/it\/wp-json\/wp\/v2\/categories?post=1915"},{"taxonomy":"post_tag","embeddable":true,"href":"https:\/\/feelcaboverde.com\/it\/wp-json\/wp\/v2\/tags?post=1915"}],"curies":[{"name":"wp","href":"https:\/\/api.w.org\/{rel}","templated":true}]}}