{"id":1623,"date":"2022-09-23T11:12:32","date_gmt":"2022-09-23T11:12:32","guid":{"rendered":"https:\/\/feelcaboverde.com\/?page_id=1623"},"modified":"2024-09-03T10:24:56","modified_gmt":"2024-09-03T10:24:56","slug":"sobre-nos","status":"publish","type":"page","link":"https:\/\/feelcaboverde.com\/it\/sobre-nos\/","title":{"rendered":"Sobre N\u00f3s"},"content":{"rendered":"<div data-elementor-type=\"wp-page\" data-elementor-id=\"1623\" class=\"elementor elementor-1623\">\n\t\t\t\t\t\t\t\t\t<section data-particle_enable=\"false\" data-particle-mobile-disabled=\"false\" class=\"elementor-section elementor-top-section elementor-element elementor-element-143098ea elementor-section-boxed elementor-section-height-default elementor-section-height-default\" data-id=\"143098ea\" data-element_type=\"section\">\n\t\t\t\t\t\t<div class=\"elementor-container elementor-column-gap-default\">\n\t\t\t\t\t<div class=\"elementor-column elementor-col-100 elementor-top-column elementor-element elementor-element-6da1a6dd\" data-id=\"6da1a6dd\" data-element_type=\"column\">\n\t\t\t<div class=\"elementor-widget-wrap elementor-element-populated\">\n\t\t\t\t\t\t\t\t<div class=\"elementor-element elementor-element-723fceb elementor-widget elementor-widget-heading\" data-id=\"723fceb\" data-element_type=\"widget\" data-widget_type=\"heading.default\">\n\t\t\t\t<div class=\"elementor-widget-container\">\n\t\t\t<style>\/*! elementor - v3.7.1 - 14-08-2022 *\/\n.elementor-heading-title{padding:0;margin:0;line-height:1}.elementor-widget-heading .elementor-heading-title[class*=elementor-size-]>a{color:inherit;font-size:inherit;line-height:inherit}.elementor-widget-heading .elementor-heading-title.elementor-size-small{font-size:15px}.elementor-widget-heading .elementor-heading-title.elementor-size-medium{font-size:19px}.elementor-widget-heading .elementor-heading-title.elementor-size-large{font-size:29px}.elementor-widget-heading .elementor-heading-title.elementor-size-xl{font-size:39px}.elementor-widget-heading .elementor-heading-title.elementor-size-xxl{font-size:59px}<\/style><h2 class=\"elementor-heading-title elementor-size-default\">Quem est\u00e1 por detr\u00e1s de Feel Cabo Verde?<\/h2>\t\t<\/div>\n\t\t\t\t<\/div>\n\t\t\t\t<div class=\"elementor-element elementor-element-239c031f elementor-widget elementor-widget-text-editor\" data-id=\"239c031f\" data-element_type=\"widget\" data-widget_type=\"text-editor.default\">\n\t\t\t\t<div class=\"elementor-widget-container\">\n\t\t\t<style>\/*! elementor - v3.7.1 - 14-08-2022 *\/\n.elementor-widget-text-editor.elementor-drop-cap-view-stacked .elementor-drop-cap{background-color:#818a91;color:#fff}.elementor-widget-text-editor.elementor-drop-cap-view-framed .elementor-drop-cap{color:#818a91;border:3px solid;background-color:transparent}.elementor-widget-text-editor:not(.elementor-drop-cap-view-default) .elementor-drop-cap{margin-top:8px}.elementor-widget-text-editor:not(.elementor-drop-cap-view-default) .elementor-drop-cap-letter{width:1em;height:1em}.elementor-widget-text-editor .elementor-drop-cap{float:left;text-align:center;line-height:1;font-size:50px}.elementor-widget-text-editor .elementor-drop-cap-letter{display:inline-block}<\/style>\t\t\t\t<p>Um grupo de jovens cabo-verdianos irremediavelmente apaixonados pelo Cabo Verde e que querem partilhar o melhor dele com o mundo.<\/p><p>O nosso principal objetivo \u00e9 fortalecer o turismo de base comunit\u00e1ria em Cabo Verde, pois acreditamos que isso pode ajudar a criar \u201clugares melhores para as pessoas viverem e lugares melhores para as pessoas visitarem\u201d.<\/p><p><strong>Nossa ideia<\/strong>: Combinar nosso conhecimento como residentes, nossa experi\u00eancia de viagens a todas as ilhas (incluindo a deserta ilha de Santa Luzia!), informa\u00e7\u00f5es colhidas de membros da comunidade, dados oficiais das autoridades nacionais e conhecimento especializado dos guias tur\u00edsticos locais, para criar uma vasta e confi\u00e1vel fonte de informa\u00e7\u00e3o para quem deseja saber mais sobre Cabo Verde, com foco em informa\u00e7\u00f5es relacionadas a viagens.<\/p>\t\t\t\t\t\t<\/div>\n\t\t\t\t<\/div>\n\t\t\t\t\t<\/div>\n\t\t<\/div>\n\t\t\t\t\t\t\t<\/div>\n\t\t<\/section>\n\t\t<div class=\"elementor-element elementor-element-944e0c4 e-container--row e-container\" data-id=\"944e0c4\" data-element_type=\"container\">\t\t<div class=\"elementor-element elementor-element-6c5c1dd e-container--column e-container\" data-id=\"6c5c1dd\" data-element_type=\"container\" data-settings=\"{&quot;background_background&quot;:&quot;classic&quot;}\">\t\t\t\t<div class=\"elementor-element elementor-element-8a9a38e elementor-widget elementor-widget-heading\" data-id=\"8a9a38e\" data-element_type=\"widget\" data-widget_type=\"heading.default\">\n\t\t\t\t<div class=\"elementor-widget-container\">\n\t\t\t<h2 class=\"elementor-heading-title elementor-size-default\">Miss\u00e3o<\/h2>\t\t<\/div>\n\t\t\t\t<\/div>\n\t\t\t\t<div class=\"elementor-element elementor-element-efeb281 elementor-widget elementor-widget-heading\" data-id=\"efeb281\" data-element_type=\"widget\" data-widget_type=\"heading.default\">\n\t\t\t\t<div class=\"elementor-widget-container\">\n\t\t\t<h2 class=\"elementor-heading-title elementor-size-default\">Ajudar qualquer pessoa em qualquer lugar a planejar de forma tranquila a sua viagem a Cabo Verde e aproveitar o melhor que as ilhas t\u00eam a oferecer.\n<\/h2>\t\t<\/div>\n\t\t\t\t<\/div>\n\t\t<\/div><div class=\"elementor-element elementor-element-daa3717 e-container--column e-container\" data-id=\"daa3717\" data-element_type=\"container\" data-settings=\"{&quot;background_background&quot;:&quot;classic&quot;}\">\t\t\t\t<div class=\"elementor-element elementor-element-877a3f6 elementor-widget elementor-widget-heading\" data-id=\"877a3f6\" data-element_type=\"widget\" data-widget_type=\"heading.default\">\n\t\t\t\t<div class=\"elementor-widget-container\">\n\t\t\t<h2 class=\"elementor-heading-title elementor-size-default\">Vis\u00e3o<\/h2>\t\t<\/div>\n\t\t\t\t<\/div>\n\t\t\t\t<div class=\"elementor-element elementor-element-dd547d0 elementor-widget elementor-widget-heading\" data-id=\"dd547d0\" data-element_type=\"widget\" data-widget_type=\"heading.default\">\n\t\t\t\t<div class=\"elementor-widget-container\">\n\t\t\t<h2 class=\"elementor-heading-title elementor-size-default\">Ser a fonte de informa\u00e7\u00e3o tur\u00edstica mais completa e confi\u00e1vel sobre Cabo Verde.\n<\/h2>\t\t<\/div>\n\t\t\t\t<\/div>\n\t\t<\/div><\/div>\t\t<section data-particle_enable=\"false\" data-particle-mobile-disabled=\"false\" class=\"elementor-section elementor-top-section elementor-element elementor-element-66f43af elementor-section-boxed elementor-section-height-default elementor-section-height-default\" data-id=\"66f43af\" data-element_type=\"section\">\n\t\t\t\t\t\t<div class=\"elementor-container elementor-column-gap-default\">\n\t\t\t\t\t<div class=\"elementor-column elementor-col-100 elementor-top-column elementor-element elementor-element-e0ffbab\" data-id=\"e0ffbab\" data-element_type=\"column\">\n\t\t\t<div class=\"elementor-widget-wrap elementor-element-populated\">\n\t\t\t\t\t\t\t\t<div class=\"elementor-element elementor-element-a48b0c4 elementor-widget elementor-widget-heading\" data-id=\"a48b0c4\" data-element_type=\"widget\" data-widget_type=\"heading.default\">\n\t\t\t\t<div class=\"elementor-widget-container\">\n\t\t\t<h2 class=\"elementor-heading-title elementor-size-default\">Procuramos cumprir a nossa miss\u00e3o:<\/h2>\t\t<\/div>\n\t\t\t\t<\/div>\n\t\t\t\t<div class=\"elementor-element elementor-element-7c1b6c7 elementor-widget elementor-widget-text-editor\" data-id=\"7c1b6c7\" data-element_type=\"widget\" data-widget_type=\"text-editor.default\">\n\t\t\t\t<div class=\"elementor-widget-container\">\n\t\t\t\t\t\t\t<ul><li>Providenciando a informa\u00e7\u00e3o mais completa e atualizada sobre Cabo Verde e os seus servi\u00e7os relacionados com viagens.<\/li><li>Atrav\u00e9s de parcerias com organiza\u00e7\u00f5es de viagens confi\u00e1veis \u200b\u200bpara oferecer aos viajantes a melhor rela\u00e7\u00e3o custo-benef\u00edcio.<\/li><li>Mostrando que Cabo Verde \u00e9 muito mais do que apenas um destino de sol e praia.<\/li><li>Destacando o papel dos residentes locais e de experi\u00eancias diferentes no arquip\u00e9lago.<\/li><\/ul>\t\t\t\t\t\t<\/div>\n\t\t\t\t<\/div>\n\t\t\t\t\t<\/div>\n\t\t<\/div>\n\t\t\t\t\t\t\t<\/div>\n\t\t<\/section>\n\t\t\t\t<section data-particle_enable=\"false\" data-particle-mobile-disabled=\"false\" class=\"elementor-section elementor-top-section elementor-element elementor-element-e9cb2db elementor-section-boxed elementor-section-height-default elementor-section-height-default\" data-id=\"e9cb2db\" data-element_type=\"section\">\n\t\t\t\t\t\t<div class=\"elementor-container elementor-column-gap-default\">\n\t\t\t\t\t<div class=\"elementor-column elementor-col-100 elementor-top-column elementor-element elementor-element-38bc073\" data-id=\"38bc073\" data-element_type=\"column\">\n\t\t\t<div class=\"elementor-widget-wrap elementor-element-populated\">\n\t\t\t\t\t\t\t\t<div class=\"elementor-element elementor-element-1b3dff9 elementor-widget elementor-widget-heading\" data-id=\"1b3dff9\" data-element_type=\"widget\" data-widget_type=\"heading.default\">\n\t\t\t\t<div class=\"elementor-widget-container\">\n\t\t\t<h2 class=\"elementor-heading-title elementor-size-default\">Cabo Verde est\u00e1 no core dos nossos valores fundamentais: <\/h2>\t\t<\/div>\n\t\t\t\t<\/div>\n\t\t\t\t\t<\/div>\n\t\t<\/div>\n\t\t\t\t\t\t\t<\/div>\n\t\t<\/section>\n\t\t<div class=\"elementor-element elementor-element-6c48620 e-container--row e-container\" data-id=\"6c48620\" data-element_type=\"container\">\t\t<div class=\"elementor-element elementor-element-5d71a25 e-container--column e-container\" data-id=\"5d71a25\" data-element_type=\"container\">\t\t\t\t<div class=\"elementor-element elementor-element-0934448 eael-infobox-content-align-center eael-infobox-icon-bg-shape-none eael-infobox-icon-hover-bg-shape-none elementor-widget elementor-widget-eael-info-box\" data-id=\"0934448\" data-element_type=\"widget\" data-widget_type=\"eael-info-box.default\">\n\t\t\t\t<div class=\"elementor-widget-container\">\n\t\t\t                    <div class=\"eael-infobox\">\n                    <div class=\"infobox-icon eael-icon-only\">\n\n            \n                            <div class=\"infobox-icon-wrap\">\n                    <i class=\"\"><\/i>                <\/div>\n            \n            \n        <\/div>\n            <div class=\"infobox-content eael-icon-only\">\n            <h4 class=\"title\">Compromisso<\/h4>\n                                                                        <p><p>Estamos comprometidos em colaborar com comunidades, guias locais e organiza\u00e7\u00f5es para trazer o melhor que as ilhas t\u00eam a oferecer, usando a nossa viv\u00eancia como residentes. Estamos tamb\u00e9m empenhados em tornar-nos a fonte de informa\u00e7\u00e3o online mais completa sobre Cabo Verde.<\/p><\/p>\n                                                                            <\/div>\n    <\/div>\t\t<\/div>\n\t\t\t\t<\/div>\n\t\t<\/div><div class=\"elementor-element elementor-element-ec8bddb e-container--column e-container\" data-id=\"ec8bddb\" data-element_type=\"container\">\t\t\t\t<div class=\"elementor-element elementor-element-d8b33ce eael-infobox-content-align-center eael-infobox-icon-bg-shape-none eael-infobox-icon-hover-bg-shape-none elementor-widget elementor-widget-eael-info-box\" data-id=\"d8b33ce\" data-element_type=\"widget\" data-widget_type=\"eael-info-box.default\">\n\t\t\t\t<div class=\"elementor-widget-container\">\n\t\t\t                    <div class=\"eael-infobox\">\n                    <div class=\"infobox-icon eael-icon-only\">\n\n            \n                            <div class=\"infobox-icon-wrap\">\n                    <i class=\"\"><\/i>                <\/div>\n            \n            \n        <\/div>\n            <div class=\"infobox-content eael-icon-only\">\n            <h4 class=\"title\">Autenticidade<\/h4>\n                                                                        <p><p>Nos esfor\u00e7amos para promover oportunidades nas quais voc\u00ea possa se conectar genuinamente com as pessoas e o lugar que elas est\u00e3o visitando. Os cabo-verdianos s\u00e3o conhecidos pela sua Morabeza (aconchego e hospitalidade) e queremos certificar que a sentir\u00e1 verdadeiramente quando nos visitar!<\/p><\/p>\n                                                                            <\/div>\n    <\/div>\t\t<\/div>\n\t\t\t\t<\/div>\n\t\t<\/div><\/div><div class=\"elementor-element elementor-element-7369346 e-container--row e-container\" data-id=\"7369346\" data-element_type=\"container\">\t\t<div class=\"elementor-element elementor-element-faed545 e-container--column e-container\" data-id=\"faed545\" data-element_type=\"container\">\t\t\t\t<div class=\"elementor-element elementor-element-9a01602 eael-infobox-content-align-center eael-infobox-icon-bg-shape-none eael-infobox-icon-hover-bg-shape-none elementor-widget elementor-widget-eael-info-box\" data-id=\"9a01602\" data-element_type=\"widget\" data-widget_type=\"eael-info-box.default\">\n\t\t\t\t<div class=\"elementor-widget-container\">\n\t\t\t                    <div class=\"eael-infobox\">\n                    <div class=\"infobox-icon eael-icon-only\">\n\n            \n                            <div class=\"infobox-icon-wrap\">\n                    <i class=\"\"><\/i>                <\/div>\n            \n            \n        <\/div>\n            <div class=\"infobox-content eael-icon-only\">\n            <h4 class=\"title\">Balan\u00e7o (Equil\u00edbrio)<\/h4>\n                                                                        <p><p>Pr\u00e1ticas de turismo insustent\u00e1veis \u200b\u200bpodem causar mais danos do que benef\u00edcios \u00e0s comunidades locais. Para evitar isso, procuramos encontrar um equil\u00edbrio que possa beneficiar o visitante sem prejudicar o turismo local. Para tal, incentivamos pr\u00e1ticas e comportamentos de viagem que minimizem os impactos negativos sociais, econ\u00f3micos, culturais e ambientais negativos e maximizem os positivos. N\u00f3s subscrevemos a m\u00e1xima que o turismo deve criar \u201clugares melhores para as pessoas viverem e lugares melhores para as pessoas visitarem\u201d, nessa ordem! (Harold Goodwin)<\/p><\/p>\n                                                                            <\/div>\n    <\/div>\t\t<\/div>\n\t\t\t\t<\/div>\n\t\t<\/div><div class=\"elementor-element elementor-element-42ff364 e-container--column e-container\" data-id=\"42ff364\" data-element_type=\"container\">\t\t\t\t<div class=\"elementor-element elementor-element-6c98696 eael-infobox-content-align-center eael-infobox-icon-bg-shape-none eael-infobox-icon-hover-bg-shape-none elementor-widget elementor-widget-eael-info-box\" data-id=\"6c98696\" data-element_type=\"widget\" data-widget_type=\"eael-info-box.default\">\n\t\t\t\t<div class=\"elementor-widget-container\">\n\t\t\t                    <div class=\"eael-infobox\">\n                    <div class=\"infobox-icon eael-icon-only\">\n\n            \n                            <div class=\"infobox-icon-wrap\">\n                    <i class=\"\"><\/i>                <\/div>\n            \n            \n        <\/div>\n            <div class=\"infobox-content eael-icon-only\">\n            <h4 class=\"title\">Otimismo<\/h4>\n                                                                        <p><p>Tudo come\u00e7a com atitude, e \u00e9 mais prov\u00e1vel que tenhamos sucesso se essa atitude for positiva. Na FeelCV, o otimismo alimenta o nosso trabalho e ajuda-nos a progredir, olhando para o futuro com entusiasmo e mente aberta. O otimismo \u00e9 sempre um item fundamental em nossa bagagem!<\/p><\/p>\n                                                                            <\/div>\n    <\/div>\t\t<\/div>\n\t\t\t\t<\/div>\n\t\t<\/div><\/div><div class=\"elementor-element elementor-element-ada136e e-container--row e-container\" data-id=\"ada136e\" data-element_type=\"container\">\t\t<div class=\"elementor-element elementor-element-0d2d482 e-container--column e-container\" data-id=\"0d2d482\" data-element_type=\"container\">\t\t\t\t<div class=\"elementor-element elementor-element-4a5e67d eael-infobox-content-align-center eael-infobox-icon-bg-shape-none eael-infobox-icon-hover-bg-shape-none elementor-widget elementor-widget-eael-info-box\" data-id=\"4a5e67d\" data-element_type=\"widget\" data-widget_type=\"eael-info-box.default\">\n\t\t\t\t<div class=\"elementor-widget-container\">\n\t\t\t                    <div class=\"eael-infobox\">\n                    <div class=\"infobox-icon eael-icon-only\">\n\n            \n                            <div class=\"infobox-icon-wrap\">\n                    <i class=\"\"><\/i>                <\/div>\n            \n            \n        <\/div>\n            <div class=\"infobox-content eael-icon-only\">\n            <h4 class=\"title\">Versatilidade<\/h4>\n                                                                        <p><p>Cabo Verde tem algo para cada perfil! Focamo-nos em trazer o melhor e mais verdadeiro do nosso pa\u00eds para que possa adequar a sua viagem \u00e0 sua personalidade e desejos.<\/p><\/p>\n                                                                            <\/div>\n    <\/div>\t\t<\/div>\n\t\t\t\t<\/div>\n\t\t<\/div><div class=\"elementor-element elementor-element-cba68b1 e-container--column e-container\" data-id=\"cba68b1\" data-element_type=\"container\">\t\t\t\t<div class=\"elementor-element elementor-element-69ecb3d eael-infobox-content-align-center eael-infobox-icon-bg-shape-none eael-infobox-icon-hover-bg-shape-none elementor-widget elementor-widget-eael-info-box\" data-id=\"69ecb3d\" data-element_type=\"widget\" data-widget_type=\"eael-info-box.default\">\n\t\t\t\t<div class=\"elementor-widget-container\">\n\t\t\t                    <div class=\"eael-infobox\">\n                    <div class=\"infobox-icon eael-icon-only\">\n\n            \n                            <div class=\"infobox-icon-wrap\">\n                    <i class=\"\"><\/i>                <\/div>\n            \n            \n        <\/div>\n            <div class=\"infobox-content eael-icon-only\">\n            <h4 class=\"title\">Experi\u00eancia<\/h4>\n                                                                        <p><p>Aproveitamos nossa vasta experi\u00eancia e conhecimento, reunidos como residentes e viajantes regulares em Cabo Verde, para fornecer as melhores informa\u00e7\u00f5es e recursos de forma a ajudar os visitantes a desfrutar da mais excecional experi\u00eancia em nossas ilhas.<\/p><\/p>\n                                                                            <\/div>\n    <\/div>\t\t<\/div>\n\t\t\t\t<\/div>\n\t\t<\/div><\/div><div class=\"elementor-element elementor-element-09ab992 e-container--row e-container\" data-id=\"09ab992\" data-element_type=\"container\">\t\t<div class=\"elementor-element elementor-element-359dab9 e-container--column e-container\" data-id=\"359dab9\" data-element_type=\"container\">\t\t\t\t<div class=\"elementor-element elementor-element-29a35a2 eael-infobox-content-align-center eael-infobox-icon-bg-shape-none eael-infobox-icon-hover-bg-shape-none elementor-widget elementor-widget-eael-info-box\" data-id=\"29a35a2\" data-element_type=\"widget\" data-widget_type=\"eael-info-box.default\">\n\t\t\t\t<div class=\"elementor-widget-container\">\n\t\t\t                    <div class=\"eael-infobox\">\n                    <div class=\"infobox-icon eael-icon-only\">\n\n            \n                            <div class=\"infobox-icon-wrap\">\n                    <i class=\"\"><\/i>                <\/div>\n            \n            \n        <\/div>\n            <div class=\"infobox-content eael-icon-only\">\n            <h4 class=\"title\">Respeito<\/h4>\n                                                                        <p><p>Respeitando o modo de viver, as culturas e as tradi\u00e7\u00f5es que encontramos nas nossas viagens pelas ilhas, conseguimos viver experi\u00eancias genu\u00ednas e inesquec\u00edveis em Cabo Verde. E porque tamb\u00e9m respeitamos e valorizamos os nossos leitores, queremos orient\u00e1-los para que tamb\u00e9m possam desfrutar respeitosamente do melhor de Cabo Verde!<\/p><\/p>\n                                                                            <\/div>\n    <\/div>\t\t<\/div>\n\t\t\t\t<\/div>\n\t\t<\/div><div class=\"elementor-element elementor-element-80a19f3 e-container--column e-container\" data-id=\"80a19f3\" data-element_type=\"container\">\t\t\t\t<div class=\"elementor-element elementor-element-e334589 eael-infobox-content-align-center eael-infobox-icon-bg-shape-none eael-infobox-icon-hover-bg-shape-none elementor-widget elementor-widget-eael-info-box\" data-id=\"e334589\" data-element_type=\"widget\" data-widget_type=\"eael-info-box.default\">\n\t\t\t\t<div class=\"elementor-widget-container\">\n\t\t\t                    <div class=\"eael-infobox\">\n                    <div class=\"infobox-icon eael-icon-only\">\n\n            \n                            <div class=\"infobox-icon-wrap\">\n                    <i class=\"\"><\/i>                <\/div>\n            \n            \n        <\/div>\n            <div class=\"infobox-content eael-icon-only\">\n            <h4 class=\"title\">Desenvolvimento<\/h4>\n                                                                        <p><p>O turismo \u00e9 atualmente a principal ferramenta de desenvolvimento de Cabo Verde. No entanto, para que traga progresso social e benef\u00edcio para a popula\u00e7\u00e3o local, as comunidades devem estar ativamente envolvidas e capacitadas nesta ind\u00fastria. O envolvimento e o desenvolvimento da comunidade s\u00e3o os principais impulsionadores do nosso trabalho.<\/p><\/p>\n                                                                            <\/div>\n    <\/div>\t\t<\/div>\n\t\t\t\t<\/div>\n\t\t<\/div><\/div><div class=\"elementor-element elementor-element-8719d92 e-container--row e-container\" data-id=\"8719d92\" data-element_type=\"container\">\t\t<div class=\"elementor-element elementor-element-46f90e6 e-container--column e-container\" data-id=\"46f90e6\" data-element_type=\"container\">\t\t\t\t<div class=\"elementor-element elementor-element-c540980 eael-infobox-content-align-center eael-infobox-icon-bg-shape-none eael-infobox-icon-hover-bg-shape-none elementor-widget elementor-widget-eael-info-box\" data-id=\"c540980\" data-element_type=\"widget\" data-widget_type=\"eael-info-box.default\">\n\t\t\t\t<div class=\"elementor-widget-container\">\n\t\t\t                    <div class=\"eael-infobox\">\n                    <div class=\"infobox-icon eael-icon-only\">\n\n            \n                            <div class=\"infobox-icon-wrap\">\n                    <i class=\"\"><\/i>                <\/div>\n            \n            \n        <\/div>\n            <div class=\"infobox-content eael-icon-only\">\n            <h4 class=\"title\">Excel\u00eancia<\/h4>\n                                                                        <p><p>N\u00f3s nos esfor\u00e7amos para ser os parceiros mais profissionais e recetivos nas jornadas de nossos leitores, usando nosso conhecimento, experi\u00eancia e rede para fornecer os melhores guias, servi\u00e7os e informa\u00e7\u00f5es sobre nossas ilhas.<\/p><\/p>\n                                                                            <\/div>\n    <\/div>\t\t<\/div>\n\t\t\t\t<\/div>\n\t\t<\/div><div class=\"elementor-element elementor-element-16a0e52 e-container--column e-container\" data-id=\"16a0e52\" data-element_type=\"container\">\t\t<\/div><\/div>\t\t\t\t\t<\/div>","protected":false},"excerpt":{"rendered":"<p>Quem est\u00e1 por detr\u00e1s de Feel Cabo Verde? Um grupo de jovens cabo-verdianos irremediavelmente apaixonados pelo Cabo Verde e que querem partilhar o melhor dele com o mundo. O nosso principal objetivo \u00e9 fortalecer o turismo de base comunit\u00e1ria em Cabo Verde, pois acreditamos que isso pode ajudar a criar \u201clugares melhores para as pessoas [&hellip;]<\/p>","protected":false},"author":1,"featured_media":0,"parent":0,"menu_order":0,"comment_status":"closed","ping_status":"closed","template":"","meta":{"footnotes":""},"categories":[],"tags":[],"class_list":["post-1623","page","type-page","status-publish","hentry"],"_links":{"self":[{"href":"https:\/\/feelcaboverde.com\/it\/wp-json\/wp\/v2\/pages\/1623","targetHints":{"allow":["GET"]}}],"collection":[{"href":"https:\/\/feelcaboverde.com\/it\/wp-json\/wp\/v2\/pages"}],"about":[{"href":"https:\/\/feelcaboverde.com\/it\/wp-json\/wp\/v2\/types\/page"}],"author":[{"embeddable":true,"href":"https:\/\/feelcaboverde.com\/it\/wp-json\/wp\/v2\/users\/1"}],"replies":[{"embeddable":true,"href":"https:\/\/feelcaboverde.com\/it\/wp-json\/wp\/v2\/comments?post=1623"}],"version-history":[{"count":76,"href":"https:\/\/feelcaboverde.com\/it\/wp-json\/wp\/v2\/pages\/1623\/revisions"}],"predecessor-version":[{"id":4967,"href":"https:\/\/feelcaboverde.com\/it\/wp-json\/wp\/v2\/pages\/1623\/revisions\/4967"}],"wp:attachment":[{"href":"https:\/\/feelcaboverde.com\/it\/wp-json\/wp\/v2\/media?parent=1623"}],"wp:term":[{"taxonomy":"category","embeddable":true,"href":"https:\/\/feelcaboverde.com\/it\/wp-json\/wp\/v2\/categories?post=1623"},{"taxonomy":"post_tag","embeddable":true,"href":"https:\/\/feelcaboverde.com\/it\/wp-json\/wp\/v2\/tags?post=1623"}],"curies":[{"name":"wp","href":"https:\/\/api.w.org\/{rel}","templated":true}]}}