{"id":1154,"date":"2022-05-27T14:19:19","date_gmt":"2022-05-27T14:19:19","guid":{"rendered":"https:\/\/feelcaboverde.com\/?page_id=1154"},"modified":"2025-03-01T22:36:22","modified_gmt":"2025-03-01T22:36:22","slug":"vistos-passaportes","status":"publish","type":"page","link":"https:\/\/feelcaboverde.com\/it\/vistos-passaportes\/","title":{"rendered":"Vistos  &#038; Passaportes"},"content":{"rendered":"<div data-elementor-type=\"wp-page\" data-elementor-id=\"1154\" class=\"elementor elementor-1154\">\n\t\t\t\t\t\t\t\t\t<section data-particle_enable=\"false\" data-particle-mobile-disabled=\"false\" class=\"elementor-section elementor-top-section elementor-element elementor-element-43b54aea elementor-section-boxed elementor-section-height-default elementor-section-height-default\" data-id=\"43b54aea\" data-element_type=\"section\">\n\t\t\t\t\t\t<div class=\"elementor-container elementor-column-gap-default\">\n\t\t\t\t\t<div class=\"elementor-column elementor-col-100 elementor-top-column elementor-element elementor-element-6e42e8a5\" data-id=\"6e42e8a5\" data-element_type=\"column\">\n\t\t\t<div class=\"elementor-widget-wrap elementor-element-populated\">\n\t\t\t\t\t\t\t\t<div class=\"elementor-element elementor-element-56626ddb elementor-widget elementor-widget-text-editor\" data-id=\"56626ddb\" data-element_type=\"widget\" data-widget_type=\"text-editor.default\">\n\t\t\t\t<div class=\"elementor-widget-container\">\n\t\t\t<style>\/*! elementor - v3.7.1 - 14-08-2022 *\/\n.elementor-widget-text-editor.elementor-drop-cap-view-stacked .elementor-drop-cap{background-color:#818a91;color:#fff}.elementor-widget-text-editor.elementor-drop-cap-view-framed .elementor-drop-cap{color:#818a91;border:3px solid;background-color:transparent}.elementor-widget-text-editor:not(.elementor-drop-cap-view-default) .elementor-drop-cap{margin-top:8px}.elementor-widget-text-editor:not(.elementor-drop-cap-view-default) .elementor-drop-cap-letter{width:1em;height:1em}.elementor-widget-text-editor .elementor-drop-cap{float:left;text-align:center;line-height:1;font-size:50px}.elementor-widget-text-editor .elementor-drop-cap-letter{display:inline-block}<\/style>\t\t\t\t<h3><b>Visto para Cabo Verde: Um Guia Completo e Atualizado para Viajantes<\/b><\/h3><p><span style=\"font-weight: 400;\">Est\u00e1 planejando uma viagem para <a href=\"https:\/\/feelcaboverde.com\/it\/cabo-verde\/\">Cabo Verde<\/a>? Saiba quais s\u00e3o os requisitos para entrada em Cabo Verde, incluindo necessidade de visto para Cabo Verde, passaporte, pr\u00e9-registro obrigat\u00f3rio e <a href=\"https:\/\/feelcaboverde.com\/it\/impostos-e-taxas-para-visitantes\/\">taxas<\/a>. Neste guia atualizado, voc\u00ea encontrar\u00e1 tudo o que precisa para evitar contratempos e aproveitar sua viagem com tranquilidade.<\/span><\/p><p><span style=\"font-weight: 400;\">\u00a0<\/span><\/p><h4><b><span style=\"background-color: transparent; color: var( --e-global-color-text ); font-family: var( --e-global-typography-text-font-family ), Sans-serif; text-align: var(--text-align);\">1.\u00a0<\/span><span style=\"background-color: transparent; color: var( --e-global-color-text ); font-family: var( --e-global-typography-text-font-family ), Sans-serif; text-align: var(--text-align);\">Validade de Passaporte<\/span><\/b><\/h4><p><span style=\"font-weight: 400;\">Para viajar a Cabo Verde, o seu passaporte deve ser v\u00e1lido por no m\u00ednimo 6 meses ap\u00f3s a data de entrada no pa\u00eds. Certifique-se de que seu passaporte atende a essa exig\u00eancia antes de viajar.<\/span><\/p><p><span style=\"font-weight: 400;\">\u00a0<\/span><\/p><h4><b><span style=\"background-color: transparent; color: var( --e-global-color-text ); font-family: var( --e-global-typography-text-font-family ), Sans-serif; text-align: var(--text-align);\">2.\u00a0<\/span><span style=\"background-color: transparent; color: var( --e-global-color-text ); font-family: var( --e-global-typography-text-font-family ), Sans-serif; text-align: var(--text-align);\">Tipos de Visto para Cabo Verde<\/span><\/b><\/h4><p><span style=\"font-weight: 400;\">Cabo Verde oferece diferentes tipos de visto, conforme o motivo da viagem e a dura\u00e7\u00e3o da estadia:<\/span><\/p><ul><li style=\"font-weight: 400;\" aria-level=\"1\"><b>Visto de Turismo para Cabo Verde:<\/b><span style=\"font-weight: 400;\"> Concedido para viagens de turismo e cruzeiros. V\u00e1lido por 90 dias, com possibilidade de prorroga\u00e7\u00e3o por mais 90 dias.<\/span><\/li><\/ul><ul><li style=\"font-weight: 400;\" aria-level=\"1\"><b>Visto de Tr\u00e2nsito:<\/b><span style=\"font-weight: 400;\"> Concedido a passageiros em tr\u00e2nsito, com dura\u00e7\u00e3o de 4 dias, prorrog\u00e1veis uma vez.<\/span><\/li><\/ul><ul><li style=\"font-weight: 400;\" aria-level=\"1\"><b>Visto Oficial, Diplom\u00e1tico ou de Cortesia: <\/b><span style=\"font-weight: 400;\">V\u00e1lido por 90 dias, permite a perman\u00eancia no pa\u00eds por at\u00e9 30 dias e pode ser v\u00e1lido para m\u00faltiplas entradas.<\/span><\/li><\/ul><ul><li style=\"font-weight: 400;\" aria-level=\"1\"><b>Visto Tempor\u00e1rio: <\/b><span style=\"font-weight: 400;\">Para viagens de curta dura\u00e7\u00e3o, como neg\u00f3cios, cultura, tratamento m\u00e9dico ou visitas familiares. O visto pode ser ordin\u00e1rio ou de m\u00faltiplas entradas, com dura\u00e7\u00e3o de at\u00e9 180 dias.<\/span><\/li><\/ul><ul><li style=\"font-weight: 400;\" aria-level=\"1\"><b>Visto de Resid\u00eancia: <\/b><span style=\"font-weight: 400;\">Concedido para estrangeiros que desejam viver em Cabo Verde. Pode ser solicitado por quem deseja trabalhar, estudar ou reunir-se com a fam\u00edlia. Este visto \u00e9 v\u00e1lido por 6 meses e pode ser renovado.<\/span><\/li><\/ul><p><span style=\"font-weight: 400;\">Os pedidos de <\/span><b>visto de resid\u00eancia<\/b><span style=\"font-weight: 400;\"> devem ser feitos diretamente em Cabo Verde, embora possam ser iniciados nas embaixadas ou postos consulares, que ent\u00e3o os enviam para o Dire\u00e7\u00e3o de Estrangeiros e Fronteiras (DEF) para an\u00e1lise e decis\u00e3o.<\/span><\/p><p><span style=\"font-weight: 400;\">\u00a0<\/span><\/p><h4><b><span style=\"background-color: transparent; color: var( --e-global-color-text ); font-family: var( --e-global-typography-text-font-family ), Sans-serif; text-align: var(--text-align);\">3.\u00a0<\/span><span style=\"background-color: transparent; color: var( --e-global-color-text ); font-family: var( --e-global-typography-text-font-family ), Sans-serif; text-align: var(--text-align);\">Isen\u00e7\u00e3o de Visto para Cabo Verde<\/span><\/b><\/h4><p><span style=\"font-weight: 400;\">Cidad\u00e3os de pa\u00edses que n\u00e3o precisam de visto para entrar em Cabo Verde s\u00e3o:<\/span><\/p><ul><li style=\"font-weight: 400;\" aria-level=\"1\"><b>Uni\u00e3o Europeia<\/b><span style=\"font-weight: 400;\">: Os cidad\u00e3os da <a href=\"https:\/\/european-union.europa.eu\/index_en\" rel=\"nofollow noopener\" target=\"_blank\">Uni\u00e3o Europeia<\/a>, incluindo o Reino Unido (ap\u00f3s o Brexit), est\u00e3o <\/span><b>isentos de visto para entrar no pa\u00eds para estadias at\u00e9 30 dias<\/b><span style=\"font-weight: 400;\">.<\/span><\/li><\/ul><ul><li style=\"font-weight: 400;\" aria-level=\"1\"><b>Cidad\u00e3os da CEDEAO:<\/b><span style=\"font-weight: 400;\"> Cidad\u00e3os dos pa\u00edses membros da Comunidade Econ\u00f3mica dos Estados da \u00c1frica Ocidental (<a href=\"https:\/\/ecowas.int\/sobre-a-cedeao\/?lang=pt-pt\" rel=\"nofollow noopener\" target=\"_blank\">CEDEAO<\/a>) est\u00e3o isentos de visto at\u00e9 90 dias. Para ficar mais de 90 dias em Cabo Verde, \u00e9 preciso solicitar a prorroga\u00e7\u00e3o do visto ou um visto ou autoriza\u00e7\u00e3o de resid\u00eancia.<\/span><\/li><\/ul><ul><li style=\"font-weight: 400;\" aria-level=\"1\"><b>Acordos Bilaterais:<\/b><span style=\"font-weight: 400;\"> Alguns <a href=\"https:\/\/portalconsular.mnec.gov.cv\/documents\/20126\/0\/paisesisentosvistos.pdf\/88183686-6688-1679-87b4-26b04f18110e\" rel=\"nofollow noopener\" target=\"_blank\">pa\u00edses<\/a> com acordos espec\u00edficos com Cabo Verde tamb\u00e9m t\u00eam isen\u00e7\u00e3o de visto.\u00a0<\/span><\/li><\/ul><p><span style=\"font-weight: 400;\">Quer verificar se o seu pa\u00eds est\u00e1 na lista de isen\u00e7\u00e3o de visto? Consulte a p\u00e1gina do <\/span><a href=\"https:\/\/portalconsular.mnec.gov.cv\/documents\/20126\/0\/paisesisentosvistos.pdf\/88183686-6688-1679-87b4-26b04f18110e\" rel=\"nofollow noopener\" target=\"_blank\"><span style=\"font-weight: 400;\">Portal Consular de Cabo Verde<\/span><\/a><span style=\"font-weight: 400;\">.<\/span><\/p><p><b>Outras <\/b><a href=\"https:\/\/portalconsular.mnec.gov.cv\/perguntas-frequentes\" rel=\"nofollow noopener\" target=\"_blank\"><b>Isen\u00e7\u00f5es de visto<\/b><\/a><b> para Cabo Verde:<\/b><\/p><ul><li style=\"font-weight: 400;\" aria-level=\"1\"><span style=\"font-weight: 400;\">Os naturais de Cabo Verde e seus c\u00f4njuges e descendentes, mediante a apresenta\u00e7\u00e3o de documentos (certid\u00e3o de nascimento, passaporte, certid\u00e3o de casamento ou outro documento) que comprovem a liga\u00e7\u00e3o com Cabo Verde (exemplo: ter nascido, ser casado ou filho de pai ou m\u00e3e nascido em Cabo Verde).<\/span><\/li><li style=\"font-weight: 400;\" aria-level=\"1\"><span style=\"font-weight: 400;\">Os estrangeiros com t\u00edtulo de resid\u00eancia v\u00e1lido.<\/span><\/li><li style=\"font-weight: 400;\" aria-level=\"1\"><span style=\"font-weight: 400;\">C\u00f4nsules honor\u00e1rios e agentes consulares de Cabo Verde de nacionalidade estrangeira.<\/span><\/li><li style=\"font-weight: 400;\" aria-level=\"1\"><span style=\"font-weight: 400;\">Estrangeiros que possuem um bilhete de identidade de funcion\u00e1rio ou agente de miss\u00e3o estrangeira ou de organiza\u00e7\u00e3o internacional, emitido pelo departamento governamental respons\u00e1vel pelas rela\u00e7\u00f5es exteriores de Cabo Verde.<\/span><\/li><li style=\"font-weight: 400;\" aria-level=\"1\"><span style=\"font-weight: 400;\">Estrangeiros que possuem um t\u00edtulo de viagem para refugiados<\/span><\/li><\/ul><div><b style=\"color: inherit; font-family: inherit; font-size: 1.5rem; text-align: var(--text-align);\">\u00a0<\/b><\/div><div><b style=\"color: inherit; font-family: inherit; font-size: 1.5rem; text-align: var(--text-align);\">4.\u00a0<span style=\"background-color: transparent; color: var( --e-global-color-text ); font-family: var( --e-global-typography-text-font-family ), Sans-serif; text-align: var(--text-align);\">Formul\u00e1rio de Pr\u00e9-Registo Obrigat\u00f3rio para Entrada em Cabo Verde<\/span><\/b><\/div><p><span style=\"font-weight: 400;\">Todos os viajantes, incluindo aqueles com passaportes diplom\u00e1ticos ou de servi\u00e7o, devem realizar o formul\u00e1rio de pr\u00e9-registo pelo menos 5 dias antes da data de entrada em Cabo Verde na plataforma <\/span><span style=\"font-weight: 400;\"><a href=\"https:\/\/registration.cv.zetes.com\/\" rel=\"nofollow noopener\" target=\"_blank\">EASE<\/a><\/span><span style=\"font-weight: 400;\">. O pr\u00e9-registo inclui informa\u00e7\u00f5es sobre o passaporte, a data de entrada, o <a href=\"https:\/\/feelcaboverde.com\/it\/voos-para-cabo-verde\/\">n\u00famero de voo<\/a>, a data de sa\u00edda e o local de alojamento.\u00a0<\/span><\/p><p><span style=\"font-weight: 400;\">Este processo tem como objetivo realizar uma verifica\u00e7\u00e3o de seguran\u00e7a antecipada dos viajantes pelas autoridades nacionais.<\/span><\/p><p><span style=\"font-weight: 400;\">Caso o viajante n\u00e3o tenha feito o pr\u00e9-registo, ele poder\u00e1 fazer o registo ao chegar. Na ocasi\u00e3o, proceder\u00e1 tamb\u00e9m ao pagamento da <a href=\"https:\/\/portalconsular.mnec.gov.cv\/perguntas-frequentes\" rel=\"nofollow noopener\" target=\"_blank\">taxa de seguran\u00e7a aeroportu\u00e1ria<\/a> (TSA).<\/span><\/p><p><span style=\"font-weight: 400;\">Todos os passageiros devem pagar a <a href=\"https:\/\/feelcaboverde.com\/it\/impostos-e-taxas-para-visitantes\/\">Taxa de Seguran\u00e7a Aeroportu\u00e1ria<\/a>. O valor para voos internacionais \u00e9 de 3.400 ECV (aproximadamente 31 euros ou 35 d\u00f3lares). No entanto, algumas categorias est\u00e3o isentas, incluindo:<\/span><\/p><ul><li style=\"font-weight: 400;\" aria-level=\"1\"><span style=\"font-weight: 400;\">Cidad\u00e3os cabo-verdianos, seus c\u00f4njuges e descendentes (com comprova\u00e7\u00e3o documental);<\/span><\/li><li style=\"font-weight: 400;\" aria-level=\"1\"><span style=\"font-weight: 400;\">Crian\u00e7as menores de 2 anos;<\/span><\/li><li style=\"font-weight: 400;\" aria-level=\"1\"><span style=\"font-weight: 400;\">Passageiros em miss\u00e3o oficial em aeronaves do governo;<\/span><\/li><li style=\"font-weight: 400;\" aria-level=\"1\"><span style=\"font-weight: 400;\">Passageiros em tr\u00e2nsito nos aeroportos nacionais;<\/span><\/li><li style=\"font-weight: 400;\" aria-level=\"1\"><span style=\"font-weight: 400;\">Passageiros de voos que retornam ao aeroporto por motivos t\u00e9cnicos ou de for\u00e7a maior.<\/span><\/li><\/ul><div>\u00a0<\/div><h4><b>5.\u00a0<span style=\"background-color: transparent; color: var( --e-global-color-text ); font-family: var( --e-global-typography-text-font-family ), Sans-serif; text-align: var(--text-align);\">\u00a0Visto \u00e0 Chegada em Cabo Verde<\/span><\/b><\/h4><p><span style=\"font-weight: 400;\">Cidad\u00e3os de alguns pa\u00edses podem obter o visto na chegada aos aeroportos internacionais de Sal, Boa Vista, S\u00e3o Vicente e Santiago.\u00a0\u00a0<\/span><\/p><p><b>D\u00favidas sobre o visto \u00e0 chegada em Cabo Verde?<\/b><span style=\"font-weight: 400;\"> Entre em contato com a <\/span><b>embaixada ou consulado mais pr\u00f3ximo<\/b><span style=\"font-weight: 400;\"> para informa\u00e7\u00f5es atualizadas.<\/span><\/p><p><b style=\"background-color: transparent; color: var( --e-global-color-text ); font-family: var( --e-global-typography-text-font-family ), Sans-serif; text-align: var(--text-align);\">\u00a0<\/b><\/p><h4><b><span style=\"background-color: transparent; color: var( --e-global-color-text ); font-family: var( --e-global-typography-text-font-family ), Sans-serif; text-align: var(--text-align);\">6.\u00a0<\/span><span style=\"background-color: transparent; color: var( --e-global-color-text ); font-family: var( --e-global-typography-text-font-family ), Sans-serif; text-align: var(--text-align);\">Regras Alfandeg\u00e1rias<\/span><\/b><\/h4><p><span style=\"font-weight: 400;\">As <a href=\"https:\/\/feelcaboverde.com\/it\/alfandegas-e-regulamentos\/\">regras alfandeg\u00e1rias de Cabo Verde<\/a> regulam a entrada de bens no pa\u00eds. Para mais informa\u00e7\u00f5es sobre o que \u00e9 permitido trazer, consulte a p\u00e1gina oficial das Regras Alfandeg\u00e1rias de Cabo Verde.<\/span><\/p><ul><li aria-level=\"1\"><b>\u00a0Exig\u00eancias de Vacinas<\/b><\/li><\/ul><p><span style=\"font-weight: 400;\">Cidad\u00e3os provenientes de pa\u00edses afetados pela febre amarela devem apresentar comprovante de vacina\u00e7\u00e3o. Para os demais pa\u00edses, n\u00e3o h\u00e1 exig\u00eancia obrigat\u00f3ria de vacinas.<\/span><\/p><p><b>Nota (disclaimer):<\/b><span style=\"font-weight: 400;\"> As informa\u00e7\u00f5es aqui apresentadas podem sofrer altera\u00e7\u00f5es conforme as autoridades cabo-verdianas atualizam as regras. Para detalhes atualizados ou esclarecimento de d\u00favidas, recomenda-se que os viajantes entrem em contato com a Embaixada ou Consulado de Cabo Verde mais pr\u00f3ximo ou consultem o Portal Consular de Cabo Verde.<\/span><\/p><h4><b>Conclus\u00e3o<\/b><\/h4><p><span style=\"font-weight: 400;\">Planejar sua viagem para o arquip\u00e9lago da Morabeza exige <\/span><b>aten\u00e7\u00e3o aos requisitos de entrada, incluindo passaporte, visto para Cabo Verde , pr\u00e9-registro e taxas<\/b><span style=\"font-weight: 400;\">. Certifique-se de verificar a necessidade de visto conforme sua nacionalidade e cumprir todas as exig\u00eancias antes da viagem. O pr\u00e9-registro na plataforma <\/span><a href=\"https:\/\/registration.cv.zetes.com\/\" rel=\"nofollow noopener\" target=\"_blank\"><span style=\"font-weight: 400;\">EASE <\/span><\/a><span style=\"font-weight: 400;\">\u00e9 obrigat\u00f3rio para todos os visitantes e deve ser feito com pelo menos 5 dias de anteced\u00eancia.<\/span><\/p><p><span style=\"font-weight: 400;\">Ao seguir este guia e se preparar com anteced\u00eancia, voc\u00ea poder\u00e1 desfrutar ao m\u00e1ximo das maravilhas que Cabo Verde tem a oferecer, desde suas <\/span><a href=\"https:\/\/feelcaboverde.com\/it\/praia-de-santa-maria-ilha-do-sal\/\"><b>praias paradis\u00edacas<\/b><\/a><span style=\"font-weight: 400;\"> e <\/span><a href=\"https:\/\/feelcaboverde.com\/it\/vulcao-do-fogo-ilha-do-fogo\/\"><b>paisagens vulc\u00e2nicas<\/b><\/a><span style=\"font-weight: 400;\"> at\u00e9 sua <\/span><a href=\"https:\/\/feelcaboverde.com\/it\/arte-e-cultura\/\"><b>cultura rica e vibrante<\/b><\/a><span style=\"font-weight: 400;\">.<\/span><\/p>\t\t\t\t\t\t<\/div>\n\t\t\t\t<\/div>\n\t\t\t\t\t<\/div>\n\t\t<\/div>\n\t\t\t\t\t\t\t<\/div>\n\t\t<\/section>\n\t\t\t\t\t\t\t<\/div>","protected":false},"excerpt":{"rendered":"<p>Visto para Cabo Verde: Um Guia Completo e Atualizado para Viajantes Est\u00e1 planejando uma viagem para Cabo Verde? Saiba quais s\u00e3o os requisitos para entrada em Cabo Verde, incluindo necessidade de visto para Cabo Verde, passaporte, pr\u00e9-registro obrigat\u00f3rio e taxas. Neste guia atualizado, voc\u00ea encontrar\u00e1 tudo o que precisa para evitar contratempos e aproveitar sua [&hellip;]<\/p>","protected":false},"author":1,"featured_media":0,"parent":0,"menu_order":0,"comment_status":"closed","ping_status":"closed","template":"","meta":{"footnotes":""},"categories":[],"tags":[],"class_list":["post-1154","page","type-page","status-publish","hentry"],"_links":{"self":[{"href":"https:\/\/feelcaboverde.com\/it\/wp-json\/wp\/v2\/pages\/1154","targetHints":{"allow":["GET"]}}],"collection":[{"href":"https:\/\/feelcaboverde.com\/it\/wp-json\/wp\/v2\/pages"}],"about":[{"href":"https:\/\/feelcaboverde.com\/it\/wp-json\/wp\/v2\/types\/page"}],"author":[{"embeddable":true,"href":"https:\/\/feelcaboverde.com\/it\/wp-json\/wp\/v2\/users\/1"}],"replies":[{"embeddable":true,"href":"https:\/\/feelcaboverde.com\/it\/wp-json\/wp\/v2\/comments?post=1154"}],"version-history":[{"count":35,"href":"https:\/\/feelcaboverde.com\/it\/wp-json\/wp\/v2\/pages\/1154\/revisions"}],"predecessor-version":[{"id":5420,"href":"https:\/\/feelcaboverde.com\/it\/wp-json\/wp\/v2\/pages\/1154\/revisions\/5420"}],"wp:attachment":[{"href":"https:\/\/feelcaboverde.com\/it\/wp-json\/wp\/v2\/media?parent=1154"}],"wp:term":[{"taxonomy":"category","embeddable":true,"href":"https:\/\/feelcaboverde.com\/it\/wp-json\/wp\/v2\/categories?post=1154"},{"taxonomy":"post_tag","embeddable":true,"href":"https:\/\/feelcaboverde.com\/it\/wp-json\/wp\/v2\/tags?post=1154"}],"curies":[{"name":"wp","href":"https:\/\/api.w.org\/{rel}","templated":true}]}}