{"id":1103,"date":"2022-05-27T14:07:17","date_gmt":"2022-05-27T14:07:17","guid":{"rendered":"https:\/\/feelcaboverde.com\/?page_id=1103"},"modified":"2023-04-02T22:08:13","modified_gmt":"2023-04-02T22:08:13","slug":"seguranca-pessoal","status":"publish","type":"page","link":"https:\/\/feelcaboverde.com\/it\/seguranca-pessoal\/","title":{"rendered":"Seguran\u00e7a Pessoal"},"content":{"rendered":"<div data-elementor-type=\"wp-page\" data-elementor-id=\"1103\" class=\"elementor elementor-1103\">\n\t\t\t\t\t\t\t\t\t<section data-particle_enable=\"false\" data-particle-mobile-disabled=\"false\" class=\"elementor-section elementor-top-section elementor-element elementor-element-43b54aea elementor-section-boxed elementor-section-height-default elementor-section-height-default\" data-id=\"43b54aea\" data-element_type=\"section\">\n\t\t\t\t\t\t<div class=\"elementor-container elementor-column-gap-default\">\n\t\t\t\t\t<div class=\"elementor-column elementor-col-100 elementor-top-column elementor-element elementor-element-6e42e8a5\" data-id=\"6e42e8a5\" data-element_type=\"column\">\n\t\t\t<div class=\"elementor-widget-wrap elementor-element-populated\">\n\t\t\t\t\t\t\t\t<div class=\"elementor-element elementor-element-56626ddb elementor-widget elementor-widget-text-editor\" data-id=\"56626ddb\" data-element_type=\"widget\" data-widget_type=\"text-editor.default\">\n\t\t\t\t<div class=\"elementor-widget-container\">\n\t\t\t<style>\/*! elementor - v3.7.1 - 14-08-2022 *\/\n.elementor-widget-text-editor.elementor-drop-cap-view-stacked .elementor-drop-cap{background-color:#818a91;color:#fff}.elementor-widget-text-editor.elementor-drop-cap-view-framed .elementor-drop-cap{color:#818a91;border:3px solid;background-color:transparent}.elementor-widget-text-editor:not(.elementor-drop-cap-view-default) .elementor-drop-cap{margin-top:8px}.elementor-widget-text-editor:not(.elementor-drop-cap-view-default) .elementor-drop-cap-letter{width:1em;height:1em}.elementor-widget-text-editor .elementor-drop-cap{float:left;text-align:center;line-height:1;font-size:50px}.elementor-widget-text-editor .elementor-drop-cap-letter{display:inline-block}<\/style>\t\t\t\t<p>Cabo Verde \u00e9 um destino tur\u00edstico conhecido pela hospitalidade dos habitantes locais. No entanto, como em qualquer lugar do mundo, a seguran\u00e7a pessoal \u00e9 uma preocupa\u00e7\u00e3o importante para os visitantes.\u00a0<\/p><p>Neste artigo, vamos fornecer dicas e orienta\u00e7\u00f5es \u00fateis sobre seguran\u00e7a pessoal em Cabo Verde, incluindo como evitar situa\u00e7\u00f5es perigosas, proteger seus pertences e o que fazer em caso de emerg\u00eancia. Com essas informa\u00e7\u00f5es, voc\u00ea pode desfrutar de suas f\u00e9rias com mais tranquilidade e aproveitar tudo o que este belo pa\u00eds tem a oferecer.<\/p><h3>\u00a0<\/h3><h3>Criminalidade em Cabo Verde<\/h3><p>No geral, a taxa de criminalidade em Cabo Verde \u00e9 <a href=\"https:\/\/www.osac.gov\/Country\/CaboVerde\/Content\/Detail\/Report\/33002b2a-1d03-4702-afe8-18d3928452a5\" rel=\"nofollow noopener\" target=\"_blank\">baixa<\/a>. De acordo com o <a href=\"https:\/\/ocindex.net\/assets\/downloads\/english\/ocindex_profile_cabo_verde.pdf\" rel=\"nofollow noopener\" target=\"_blank\">\u00edndice global do crime organizado<\/a>, o pa\u00eds figura entre os 50 pa\u00edses onde a taxa de criminalidade \u00e9 menor e a resili\u00eancia contra o crime superior.<\/p><figure id=\"attachment_4509\" aria-describedby=\"caption-attachment-4509\" style=\"width: 386px\" class=\"wp-caption aligncenter\"><img decoding=\"async\" class=\"wp-image-4509\" src=\"http:\/\/feelcaboverde.com\/wp-content\/uploads\/2023\/04\/score-de-criminalidade.png\" alt=\"Cape verde CRIMINALITY SCORE\" width=\"386\" height=\"401\" srcset=\"https:\/\/feelcaboverde.com\/wp-content\/uploads\/2023\/04\/score-de-criminalidade.png 750w, https:\/\/feelcaboverde.com\/wp-content\/uploads\/2023\/04\/score-de-criminalidade-289x300.png 289w\" sizes=\"(max-width: 386px) 100vw, 386px\" \/><figcaption id=\"caption-attachment-4509\" class=\"wp-caption-text\"><div>\u00a0<\/div><div>\u00cdndice de criminalidade de Cabo Verde. <a href=\"https:\/\/ocindex.net\/country\/cabo_verde\" rel=\"nofollow noopener\" target=\"_blank\">Global Organized Crime Index<\/a><\/div><\/figcaption><\/figure><p><span style=\"color: inherit; font-family: inherit; font-size: 1.75rem; text-align: var(--text-align);\">\u00a0<\/span><\/p><h3>Orienta\u00e7\u00f5es para seguran\u00e7a pessoal em Cabo Verde<\/h3><p>Entretanto, apesar de Cabo Verde estar entre os <a href=\"https:\/\/www.travelriskmap.com\/#\/planner\/map\/security\" rel=\"nofollow noopener\" target=\"_blank\">pa\u00edses mais seguros para viajantes<\/a>, existem relatos de turistas sendo v\u00edtimas de furtos e pequenos roubos. Para evitar potenciais incidentes durante a estadia, turistas devem tomar algumas precau\u00e7\u00f5es gerais de seguran\u00e7a:<\/p><ul><li>Nas praias ou em atividades externas, mantenha os seus pertences \u00e0 vista. Isso \u00e9 tamb\u00e9m v\u00e1lido para locais lotados como mercados, festivais ou eventos.<\/li><li>Aproveite as belas praias desertas e percursos de <em>hiking<\/em> isolados de Cabo Verde, mas certifique-se no hotel sobre a seguran\u00e7a desses locais caso queira se aventurar sozinho. De prefer\u00eancia, atividades em \u00e1reas isoladas devem ser feitas na companhia de algum residente local.<\/li><li>Evite andar com quantias elevadas de dinheiro, joias ostensivas ou equipamentos caros, a n\u00e3o ser se extremamente necess\u00e1rio.<\/li><li>Carregue consigo c\u00f3pias do seu passaporte e outros documentos de viagem, deixando os originais num local seguro\/ hotel.<\/li><li>Ap\u00f3s as atividades noturnas, prefira voltar para o alojamento de t\u00e1xi.<\/li><li>Num potencial ataque, evite resistir! A pol\u00edcia deve ser notificada de imediato (o n\u00famero de emerg\u00eancia \u00e9 o 112).<\/li><\/ul><h3><strong>\u00a0<\/strong><\/h3><h3>Perguntas frequentes<\/h3><p style=\"padding-left: 40px;\">1. Cabo Verde \u00e9 seguro para turistas?<\/p><p>Sim, Cabo Verde est\u00e1 entre os <a href=\"https:\/\/www.travelriskmap.com\/#\/planner\/map\/security\" rel=\"nofollow noopener\" target=\"_blank\">pa\u00edses mais seguros para viajantes<\/a>, ao lado de territ\u00f3rios como Noruega, Dinamarca e Gronel\u00e2ndia, Andorra, Eslov\u00e9nia, M\u00f3naco, S\u00e3o Marino, Su\u00ed\u00e7a, Luxemburgo, Isl\u00e2ndia e Finl\u00e2ndia.<\/p><p style=\"padding-left: 40px;\">2. Como \u00e9 a criminalidade em Cabo Verde?<\/p><p>A criminalidade em Cabo Verde em geral \u00e9 <a href=\"https:\/\/www.osac.gov\/Country\/CaboVerde\/Content\/Detail\/Report\/33002b2a-1d03-4702-afe8-18d3928452a5\" rel=\"nofollow noopener\" target=\"_blank\">baixa<\/a>. A maioria das infra\u00e7\u00f5es cometidas buscam ganho financeiro imediato (tais como furto de carteira, roubo e assalto \u00e0 m\u00e3o armada). Deve-se estar particularmente atento em locais isolados, com pouca ilumina\u00e7\u00e3o e durante a noite.<\/p><p style=\"padding-left: 40px;\">3. Qual \u00e9 a ilha mais perigosa de Cabo Verde?<\/p><p>No geral, as ilhas de Cabo Verde n\u00e3o s\u00e3o perigosas. Entretanto, como consequ\u00eancia da r\u00e1pida urbaniza\u00e7\u00e3o e do desemprego, a criminalidade aumentou nos \u00faltimos anos principalmente na cidade da Praia. A cidade do Mindelo, e as ilhas do Sal e Boavista (as mais tur\u00edsticas) tamb\u00e9m registaram um aumento, mas em menor grau.<\/p><p>Como resposta, o governo de Cabo Verde vem implementando <a href=\"https:\/\/www.governo.cv\/cidade-segura-governo-inaugura-centro-de-comando-de-s-vicente\/\" rel=\"nofollow noopener\" target=\"_blank\">medidas <\/a>visando salvaguardar a seguran\u00e7a nacional para os que habitam no pa\u00eds e para os visitantes.<\/p>\t\t\t\t\t\t<\/div>\n\t\t\t\t<\/div>\n\t\t\t\t\t<\/div>\n\t\t<\/div>\n\t\t\t\t\t\t\t<\/div>\n\t\t<\/section>\n\t\t\t\t\t\t\t<\/div>","protected":false},"excerpt":{"rendered":"<p>No geral, a taxa de criminalidade em Cabo Verde \u00e9 baixa. De acordo com o \u00edndice global do crime organizado, o pa\u00eds figura entre os 50 pa\u00edses onde a taxa de criminalidade \u00e9 menor e a resili\u00eancia contra o crime superior. \u00cdndice de criminalidade de Cabo Verde. Fonte: Global Organized Crime Index. Entretanto, apesar de [&hellip;]<\/p>","protected":false},"author":1,"featured_media":0,"parent":0,"menu_order":0,"comment_status":"closed","ping_status":"closed","template":"","meta":{"footnotes":""},"categories":[],"tags":[],"class_list":["post-1103","page","type-page","status-publish","hentry"],"_links":{"self":[{"href":"https:\/\/feelcaboverde.com\/it\/wp-json\/wp\/v2\/pages\/1103","targetHints":{"allow":["GET"]}}],"collection":[{"href":"https:\/\/feelcaboverde.com\/it\/wp-json\/wp\/v2\/pages"}],"about":[{"href":"https:\/\/feelcaboverde.com\/it\/wp-json\/wp\/v2\/types\/page"}],"author":[{"embeddable":true,"href":"https:\/\/feelcaboverde.com\/it\/wp-json\/wp\/v2\/users\/1"}],"replies":[{"embeddable":true,"href":"https:\/\/feelcaboverde.com\/it\/wp-json\/wp\/v2\/comments?post=1103"}],"version-history":[{"count":18,"href":"https:\/\/feelcaboverde.com\/it\/wp-json\/wp\/v2\/pages\/1103\/revisions"}],"predecessor-version":[{"id":4523,"href":"https:\/\/feelcaboverde.com\/it\/wp-json\/wp\/v2\/pages\/1103\/revisions\/4523"}],"wp:attachment":[{"href":"https:\/\/feelcaboverde.com\/it\/wp-json\/wp\/v2\/media?parent=1103"}],"wp:term":[{"taxonomy":"category","embeddable":true,"href":"https:\/\/feelcaboverde.com\/it\/wp-json\/wp\/v2\/categories?post=1103"},{"taxonomy":"post_tag","embeddable":true,"href":"https:\/\/feelcaboverde.com\/it\/wp-json\/wp\/v2\/tags?post=1103"}],"curies":[{"name":"wp","href":"https:\/\/api.w.org\/{rel}","templated":true}]}}