{"id":1045,"date":"2022-05-27T13:45:54","date_gmt":"2022-05-27T13:45:54","guid":{"rendered":"https:\/\/feelcaboverde.com\/?page_id=1045"},"modified":"2023-04-02T18:07:02","modified_gmt":"2023-04-02T18:07:02","slug":"internet","status":"publish","type":"page","link":"https:\/\/feelcaboverde.com\/it\/internet\/","title":{"rendered":"Internet"},"content":{"rendered":"<div data-elementor-type=\"wp-page\" data-elementor-id=\"1045\" class=\"elementor elementor-1045\">\n\t\t\t\t\t\t\t\t\t<section data-particle_enable=\"false\" data-particle-mobile-disabled=\"false\" class=\"elementor-section elementor-top-section elementor-element elementor-element-43b54aea elementor-section-boxed elementor-section-height-default elementor-section-height-default\" data-id=\"43b54aea\" data-element_type=\"section\">\n\t\t\t\t\t\t<div class=\"elementor-container elementor-column-gap-default\">\n\t\t\t\t\t<div class=\"elementor-column elementor-col-100 elementor-top-column elementor-element elementor-element-6e42e8a5\" data-id=\"6e42e8a5\" data-element_type=\"column\">\n\t\t\t<div class=\"elementor-widget-wrap elementor-element-populated\">\n\t\t\t\t\t\t\t\t<div class=\"elementor-element elementor-element-56626ddb elementor-widget elementor-widget-text-editor\" data-id=\"56626ddb\" data-element_type=\"widget\" data-widget_type=\"text-editor.default\">\n\t\t\t\t<div class=\"elementor-widget-container\">\n\t\t\t<style>\/*! elementor - v3.7.1 - 14-08-2022 *\/\n.elementor-widget-text-editor.elementor-drop-cap-view-stacked .elementor-drop-cap{background-color:#818a91;color:#fff}.elementor-widget-text-editor.elementor-drop-cap-view-framed .elementor-drop-cap{color:#818a91;border:3px solid;background-color:transparent}.elementor-widget-text-editor:not(.elementor-drop-cap-view-default) .elementor-drop-cap{margin-top:8px}.elementor-widget-text-editor:not(.elementor-drop-cap-view-default) .elementor-drop-cap-letter{width:1em;height:1em}.elementor-widget-text-editor .elementor-drop-cap{float:left;text-align:center;line-height:1;font-size:50px}.elementor-widget-text-editor .elementor-drop-cap-letter{display:inline-block}<\/style>\t\t\t\t<h3>Internet em Cabo Verde<\/h3><p>Cabo Verde possui internet atrav\u00e9s de dados m\u00f3veis, WiFi e banda larga fixa.<\/p><p>A taxa de penetra\u00e7\u00e3o (n\u00edvel de acesso) de internet no pa\u00eds ronda os 80%, de acordo com a <a href=\"https:\/\/www.arme.cv\/index.php?option=com_jdownloads&amp;task=download.send&amp;id=842&amp;catid=47&amp;m=0&amp;Itemid=741\" rel=\"nofollow noopener\" target=\"_blank\">Ag\u00eancia Reguladora das Atividades Econ\u00f3micas<\/a> (ARME). Cabo Verde possui atualmente rede 3G e 4G.<\/p><p>Para a banda larga fixa, a velocidade m\u00e9dia de download \u00e9 14,16 Mbit\/segundo. A qualidade da internet, isto \u00e9, flutua\u00e7\u00f5es de sinal e lat\u00eancia \u00e9 de 16 milissegundos em m\u00e9dia.<\/p><figure id=\"attachment_4362\" aria-describedby=\"caption-attachment-4362\" style=\"width: 361px\" class=\"wp-caption aligncenter\"><img decoding=\"async\" class=\"wp-image-4362\" src=\"http:\/\/feelcaboverde.com\/wp-content\/uploads\/2023\/04\/speed-test-cabo-verde.png\" alt=\"cape verde internet average speed\" width=\"361\" height=\"406\" srcset=\"https:\/\/feelcaboverde.com\/wp-content\/uploads\/2023\/04\/speed-test-cabo-verde.png 676w, https:\/\/feelcaboverde.com\/wp-content\/uploads\/2023\/04\/speed-test-cabo-verde-266x300.png 266w\" sizes=\"(max-width: 361px) 100vw, 361px\" \/><figcaption id=\"caption-attachment-4362\" class=\"wp-caption-text\">Velocidade m\u00e9dia da internet banda larga em Cabo Verde, 2022.\u00a0<a style=\"font-family: var( --e-global-typography-text-font-family ), Sans-serif; font-weight: var( --e-global-typography-text-font-weight ); text-align: var(--text-align); font-size: 1rem; background-color: #ffffff;\" href=\"https:\/\/www.speedtest.net\/global-index\/cape-verde\" rel=\"nofollow noopener\" target=\"_blank\">Speedtest<\/a><span style=\"color: var( --e-global-color-text ); font-family: var( --e-global-typography-text-font-family ), Sans-serif; font-weight: var( --e-global-typography-text-font-weight ); text-align: var(--text-align); font-size: 1rem;\">.<\/span><\/figcaption><\/figure><div><div><h3>\u00a0Acesso \u00e0 internet em Cabo Verde<\/h3><p>O acesso \u00e0 internet em Cabo Verde \u00e9 bom na maioria das localidades, seja atrav\u00e9s de dados m\u00f3veis, WiFi em caf\u00e9s, bares, restaurantes e algumas \u00e1reas p\u00fablicas como pra\u00e7as. Em \u00e1reas pouco povoadas, a cobertura de dados m\u00f3veis pode ser irregular e haver\u00e3o menos locais com WiFi.<\/p><p>Os aeroportos e a maioria dos hot\u00e9is e outros estabelecimentos para hospedagem t\u00eam WiFi. Entretanto, se a Internet \u00e9 imprescind\u00edvel para si, certifique-se que o local onde pretende ficar tem acesso, antes de reservar.\u00a0<\/p><p>\u00a0<\/p><h3>Internet m\u00f3vel em Cabo Verde<\/h3><p>Caso pretenda ficar muitos dias no pa\u00eds e precisar ter acesso a internet com frequ\u00eancia, pode optar por comprar um cart\u00e3o SIM com internet m\u00f3vel pr\u00e9-paga.<\/p><p>O pre\u00e7o de um cart\u00e3o SIM \u00e9 100 ECV para ambas as operadoras nacionais (<a href=\"http:\/\/www.cvmovel.cv\/\" rel=\"nofollow noopener\" target=\"_blank\">CV M\u00f3vel<\/a> e <a href=\"https:\/\/www.uniteltmais.cv\/\" rel=\"nofollow noopener\" target=\"_blank\">Unitel T+<\/a>). O pre\u00e7o de 5000 MB \u00e9 de cerca de 1000 ECV (10 euros), v\u00e1lidos por um m\u00eas. Para pre\u00e7\u00e1rios detalhados, consulte os sites da CV M\u00f3vel e da Unitel T+.<\/p><p>\u00a0<\/p><h3><span style=\"color: inherit; font-family: inherit; font-size: 1.75rem; text-align: var(--text-align);\">Conclus\u00e3o<\/span><\/h3><p>A internet em Cabo Verde est\u00e1 dispon\u00edvel atrav\u00e9s de diversas op\u00e7\u00f5es, incluindo dados m\u00f3veis, WiFi e banda larga fixa. A taxa de penetra\u00e7\u00e3o da internet no pa\u00eds \u00e9 de cerca de 80%, com velocidade m\u00e9dia de download de 14.60 Mbit\/segundo e qualidade razo\u00e1vel de sinal e lat\u00eancia.<\/p><p>Embora a maioria das localidades possua acesso \u00e0 internet, \u00e9 importante verificar a disponibilidade em locais espec\u00edficos antes de reservar hospedagem. Para quem precisa de acesso frequente \u00e0 internet durante a estadia, \u00e9 poss\u00edvel comprar um cart\u00e3o SIM com internet m\u00f3vel pr\u00e9-paga por pre\u00e7os acess\u00edveis.<\/p><\/div><\/div>\t\t\t\t\t\t<\/div>\n\t\t\t\t<\/div>\n\t\t\t\t\t<\/div>\n\t\t<\/div>\n\t\t\t\t\t\t\t<\/div>\n\t\t<\/section>\n\t\t\t\t\t\t\t<\/div>","protected":false},"excerpt":{"rendered":"<p>Cabo Verde possui internet atrav\u00e9s de dados m\u00f3veis, WiFi e banda larga fixa. A taxa de penetra\u00e7\u00e3o (n\u00edvel de acesso) de internet no pa\u00eds ronda os 80%, de acordo com a Ag\u00eancia Reguladora das Atividades Econ\u00f3micas (ARME). Cabo Verde possui atualmente rede 3G e 4G. Para a banda larga fixa, a velocidade m\u00e9dia de download [&hellip;]<\/p>","protected":false},"author":1,"featured_media":0,"parent":0,"menu_order":0,"comment_status":"closed","ping_status":"closed","template":"","meta":{"footnotes":""},"categories":[],"tags":[],"class_list":["post-1045","page","type-page","status-publish","hentry"],"_links":{"self":[{"href":"https:\/\/feelcaboverde.com\/it\/wp-json\/wp\/v2\/pages\/1045","targetHints":{"allow":["GET"]}}],"collection":[{"href":"https:\/\/feelcaboverde.com\/it\/wp-json\/wp\/v2\/pages"}],"about":[{"href":"https:\/\/feelcaboverde.com\/it\/wp-json\/wp\/v2\/types\/page"}],"author":[{"embeddable":true,"href":"https:\/\/feelcaboverde.com\/it\/wp-json\/wp\/v2\/users\/1"}],"replies":[{"embeddable":true,"href":"https:\/\/feelcaboverde.com\/it\/wp-json\/wp\/v2\/comments?post=1045"}],"version-history":[{"count":45,"href":"https:\/\/feelcaboverde.com\/it\/wp-json\/wp\/v2\/pages\/1045\/revisions"}],"predecessor-version":[{"id":4400,"href":"https:\/\/feelcaboverde.com\/it\/wp-json\/wp\/v2\/pages\/1045\/revisions\/4400"}],"wp:attachment":[{"href":"https:\/\/feelcaboverde.com\/it\/wp-json\/wp\/v2\/media?parent=1045"}],"wp:term":[{"taxonomy":"category","embeddable":true,"href":"https:\/\/feelcaboverde.com\/it\/wp-json\/wp\/v2\/categories?post=1045"},{"taxonomy":"post_tag","embeddable":true,"href":"https:\/\/feelcaboverde.com\/it\/wp-json\/wp\/v2\/tags?post=1045"}],"curies":[{"name":"wp","href":"https:\/\/api.w.org\/{rel}","templated":true}]}}