{"id":1037,"date":"2022-05-27T13:43:56","date_gmt":"2022-05-27T13:43:56","guid":{"rendered":"https:\/\/feelcaboverde.com\/?page_id=1037"},"modified":"2025-03-03T17:49:48","modified_gmt":"2025-03-03T17:49:48","slug":"impostos-e-taxas-para-visitantes","status":"publish","type":"page","link":"https:\/\/feelcaboverde.com\/it\/impostos-e-taxas-para-visitantes\/","title":{"rendered":"Taxa de Seguran\u00e7a Aeroportu\u00e1ria (TSA) e Taxa Tur\u00edstica de Cabo Verde"},"content":{"rendered":"<div data-elementor-type=\"wp-page\" data-elementor-id=\"1037\" class=\"elementor elementor-1037\">\n\t\t\t\t\t\t\t\t\t<section data-particle_enable=\"false\" data-particle-mobile-disabled=\"false\" class=\"elementor-section elementor-top-section elementor-element elementor-element-43b54aea elementor-section-boxed elementor-section-height-default elementor-section-height-default\" data-id=\"43b54aea\" data-element_type=\"section\">\n\t\t\t\t\t\t<div class=\"elementor-container elementor-column-gap-default\">\n\t\t\t\t\t<div class=\"elementor-column elementor-col-100 elementor-top-column elementor-element elementor-element-6e42e8a5\" data-id=\"6e42e8a5\" data-element_type=\"column\">\n\t\t\t<div class=\"elementor-widget-wrap elementor-element-populated\">\n\t\t\t\t\t\t\t\t<div class=\"elementor-element elementor-element-56626ddb elementor-widget elementor-widget-text-editor\" data-id=\"56626ddb\" data-element_type=\"widget\" data-widget_type=\"text-editor.default\">\n\t\t\t\t<div class=\"elementor-widget-container\">\n\t\t\t<style>\/*! elementor - v3.7.1 - 14-08-2022 *\/\n.elementor-widget-text-editor.elementor-drop-cap-view-stacked .elementor-drop-cap{background-color:#818a91;color:#fff}.elementor-widget-text-editor.elementor-drop-cap-view-framed .elementor-drop-cap{color:#818a91;border:3px solid;background-color:transparent}.elementor-widget-text-editor:not(.elementor-drop-cap-view-default) .elementor-drop-cap{margin-top:8px}.elementor-widget-text-editor:not(.elementor-drop-cap-view-default) .elementor-drop-cap-letter{width:1em;height:1em}.elementor-widget-text-editor .elementor-drop-cap{float:left;text-align:center;line-height:1;font-size:50px}.elementor-widget-text-editor .elementor-drop-cap-letter{display:inline-block}<\/style>\t\t\t\t<p><span style=\"color: var( --e-global-color-text ); font-family: var( --e-global-typography-text-font-family ), Sans-serif; font-weight: var( --e-global-typography-text-font-weight ); text-align: var(--text-align); font-size: 1rem;\">Se est\u00e1 a planear uma viagem para Cabo Verde, \u00e9 essencial entender as taxas obrigat\u00f3rias que podem ser aplicadas aos visitantes. Neste artigo, explicamos tudo sobre a Taxa de Seguran\u00e7a Aeroportu\u00e1ria (TSA) e a Taxa Tur\u00edstica de Cabo Verde, incluindo valores, como pagar, quem est\u00e1 isento e muito mais.<\/span><\/p><p><span style=\"color: var( --e-global-color-text ); font-family: var( --e-global-typography-text-font-family ), Sans-serif; font-weight: var( --e-global-typography-text-font-weight ); text-align: var(--text-align); font-size: 1rem;\">\u00a0<\/span><\/p><p><b style=\"color: inherit; font-family: inherit; font-size: 1.75rem; text-align: var(--text-align);\">Taxa de Seguran\u00e7a Aeroportu\u00e1ria (TSA) de Cabo Verde<\/b><\/p><p><img decoding=\"async\" class=\"size-medium wp-image-5461 alignleft\" src=\"http:\/\/feelcaboverde.com\/wp-content\/uploads\/2025\/03\/Taxa-de-Seguranca-Aeroportuaria-Cabo-Verde-300x300.jpg\" alt=\"Taxa de seguranca aeroportuaria de Cabo Verde. Cape Verde airport tax\" width=\"300\" height=\"300\" srcset=\"https:\/\/feelcaboverde.com\/wp-content\/uploads\/2025\/03\/Taxa-de-Seguranca-Aeroportuaria-Cabo-Verde-300x300.jpg 300w, https:\/\/feelcaboverde.com\/wp-content\/uploads\/2025\/03\/Taxa-de-Seguranca-Aeroportuaria-Cabo-Verde-1024x1024.jpg 1024w, https:\/\/feelcaboverde.com\/wp-content\/uploads\/2025\/03\/Taxa-de-Seguranca-Aeroportuaria-Cabo-Verde-150x150.jpg 150w, https:\/\/feelcaboverde.com\/wp-content\/uploads\/2025\/03\/Taxa-de-Seguranca-Aeroportuaria-Cabo-Verde-768x768.jpg 768w, https:\/\/feelcaboverde.com\/wp-content\/uploads\/2025\/03\/Taxa-de-Seguranca-Aeroportuaria-Cabo-Verde-1536x1536.jpg 1536w, https:\/\/feelcaboverde.com\/wp-content\/uploads\/2025\/03\/Taxa-de-Seguranca-Aeroportuaria-Cabo-Verde-12x12.jpg 12w, https:\/\/feelcaboverde.com\/wp-content\/uploads\/2025\/03\/Taxa-de-Seguranca-Aeroportuaria-Cabo-Verde.jpg 2048w\" sizes=\"(max-width: 300px) 100vw, 300px\" \/><\/p><div><div><p><span style=\"color: var( --e-global-color-text ); text-align: var(--text-align); font-size: 1rem;\">A\u00a0<\/span><a style=\"text-align: var(--text-align); background-color: #ffffff; font-size: 1rem;\" href=\"https:\/\/portalconsular.mnec.gov.cv\/perguntas-frequentes\" rel=\"nofollow noopener\" target=\"_blank\">Taxa de Seguran\u00e7a Aeroportu\u00e1ria<\/a><span style=\"color: var( --e-global-color-text ); text-align: var(--text-align); font-size: 1rem;\">\u00a0(TSA) \u00e9 um valor pago pelos servi\u00e7os prestados aos passageiros do transporte a\u00e9reo, e destina-se \u00e0 cobertura dos custos de recursos humanos, materiais e sistemas de informa\u00e7\u00e3o relacionados \u00e0 seguran\u00e7a fronteiri\u00e7a e aeroportu\u00e1ria.<\/span><\/p><\/div><h2><span style=\"font-size: 2rem; text-align: var(--text-align);\">1. Valor da Taxa de Seguran\u00e7a Aeroportu\u00e1ria\u00a0<\/span><\/h2><div><ul><li><span style=\"color: var( --e-global-color-text ); font-family: var( --e-global-typography-text-font-family ), Sans-serif; text-align: var(--text-align); font-size: 1rem;\"><b>Voos Internacionais: 3.400 CVE <\/b><\/span><span style=\"color: var( --e-global-color-text ); font-family: var( --e-global-typography-text-font-family ), Sans-serif; font-weight: var( --e-global-typography-text-font-weight ); text-align: var(--text-align); font-size: 1rem;\">(aproximadamente 31\u20ac) por pessoa.<\/span><\/li><li><span style=\"color: var( --e-global-color-text ); font-family: var( --e-global-typography-text-font-family ), Sans-serif; text-align: var(--text-align); font-size: 1rem;\"><b>Voos Dom\u00e9sticos (inter-ilhas): 150 CVE<\/b><\/span><span style=\"color: var( --e-global-color-text ); font-family: var( --e-global-typography-text-font-family ), Sans-serif; font-weight: var( --e-global-typography-text-font-weight ); text-align: var(--text-align); font-size: 1rem;\"> (cerca de 1,50\u20ac) por pessoa.<\/span><\/li><\/ul><\/div><div><span style=\"color: var( --e-global-color-text ); font-family: var( --e-global-typography-text-font-family ), Sans-serif; font-weight: var( --e-global-typography-text-font-weight ); text-align: var(--text-align); font-size: 1rem;\">\u00a0<\/span><\/div><div>Caso esteja viajando com alguma ag\u00eancia ou servi\u00e7o de reservas, verifique com eles se o pacote j\u00e1 inclui o valor TSA.<\/div><div><span style=\"color: var( --e-global-color-text ); font-family: var( --e-global-typography-text-font-family ), Sans-serif; font-weight: var( --e-global-typography-text-font-weight ); text-align: var(--text-align); font-size: 32px;\">\u00a0<\/span><\/div><h2><span style=\"color: var( --e-global-color-text ); font-family: var( --e-global-typography-text-font-family ), Sans-serif; font-weight: var( --e-global-typography-text-font-weight ); text-align: var(--text-align); font-size: 32px;\">2.\u00a0<\/span><span style=\"color: var( --e-global-color-text ); font-family: var( --e-global-typography-text-font-family ), Sans-serif; font-weight: var( --e-global-typography-text-font-weight ); text-align: var(--text-align); background-color: transparent; font-size: 2rem;\">Como Pagar a\u00a0<\/span><span style=\"color: inherit; font-family: inherit; font-weight: var( --e-global-typography-text-font-weight ); text-align: var(--text-align); font-size: 2rem;\">Taxa de Seguran\u00e7a Aeroportu\u00e1ria?<\/span><\/h2><p>A Taxa de Seguran\u00e7a Aeroportu\u00e1ria\u00a0pode ser paga de duas formas:<\/p><ul><li><span style=\"color: var( --e-global-color-text ); font-family: var( --e-global-typography-text-font-family ), Sans-serif; text-align: var(--text-align); font-size: 1rem;\"><b>Online<\/b><\/span><span style=\"color: var( --e-global-color-text ); font-family: var( --e-global-typography-text-font-family ), Sans-serif; font-weight: var( --e-global-typography-text-font-weight ); text-align: var(--text-align); font-size: 1rem;\">: Atrav\u00e9s da plataforma <a href=\"https:\/\/registration.cv.zetes.com\/\" rel=\"nofollow noopener\" target=\"_blank\">EASE<\/a>.\u00a0<\/span>Todos os cidad\u00e3os estrangeiros que pretendam viajar para Cabo Verde precisam fazer o <a href=\"https:\/\/registration.cv.zetes.com\/\" rel=\"nofollow noopener\" target=\"_blank\">pr\u00e9-registo at\u00e9 cinco dias antes<\/a> da sua entrada no pa\u00eds, e pagar a Taxa de Seguran\u00e7a Aeroportu\u00e1ria.<\/li><li><span style=\"color: var( --e-global-color-text ); font-family: var( --e-global-typography-text-font-family ), Sans-serif; text-align: var(--text-align); font-size: 1rem;\"><b>No Aeroporto, \u00e0 chegada<\/b><\/span><span style=\"color: var( --e-global-color-text ); font-family: var( --e-global-typography-text-font-family ), Sans-serif; font-weight: var( --e-global-typography-text-font-weight ); text-align: var(--text-align); font-size: 1rem;\">: Caso n\u00e3o tenha feito o pr\u00e9-registo e pago a taxa online, pode faz\u00ea-lo diretamente no aeroporto \u00e0 chegada. No entanto, recomenda-se o pagamento antecipado para evitar filas\u00a0<\/span><span style=\"color: var( --e-global-color-text ); font-family: var( --e-global-typography-text-font-family ), Sans-serif; font-weight: var( --e-global-typography-text-font-weight ); text-align: var(--text-align); font-size: 1rem;\">no servi\u00e7o de imigra\u00e7\u00e3o<\/span><span style=\"color: var( --e-global-color-text ); font-family: var( --e-global-typography-text-font-family ), Sans-serif; font-weight: var( --e-global-typography-text-font-weight ); text-align: var(--text-align); font-size: 1rem;\">. Futuramente, essa op\u00e7\u00e3o ser\u00e1 descontinuada.<\/span>\u00a0<\/li><\/ul><\/div><h2>\u00a0<\/h2><h2>3. Quem deve pagar a Taxa de Seguran\u00e7a Aeroportu\u00e1ria?<\/h2><p>Todos os passageiros que desembarcam em aeroportos e aer\u00f3dromos nacionais de<a href=\"https:\/\/feelcaboverde.com\/it\/cabo-verde\/\"> Cabo Verde<\/a> precisam pagar o TSA.<\/p><p>Est\u00e3o <strong>isentos de pagar o TSA<\/strong>:<\/p><ul><li>Titulares de passaporte Cabo-Verdiano nos voos internacionais;<\/li><li>Os naturais de Cabo Verde e os respetivos c\u00f4njuges e descendentes;<\/li><li>Os estrangeiros residentes em Cabo Verde;<\/li><li>Crian\u00e7as menores de 2 anos, independentemente da nacionalidade;<\/li><li>Passageiros em miss\u00f5es oficiais que desembarquem em aeronaves ao servi\u00e7o privativo do Estado de Cabo Verde ou Estado estrangeiro;<\/li><li>Passageiros de aeronaves que efetuem aterragens por motivo de retorno for\u00e7ado justificado por motivos de ordem t\u00e9cnica ou meteorol\u00f3gica, ou outras de for\u00e7a maior, devidamente comprovadas.<\/li><\/ul><div><br \/><br \/><\/div><div><b style=\"color: inherit; font-family: inherit; text-align: var(--text-align); font-size: 1.75rem;\">Taxa Tur\u00edstica de Cabo Verde<\/b><\/div><p><span style=\"color: var( --e-global-color-text ); font-family: var( --e-global-typography-text-font-family ), Sans-serif; font-weight: var( --e-global-typography-text-font-weight ); text-align: var(--text-align); font-size: 1rem;\"><img decoding=\"async\" class=\"size-medium wp-image-5460 alignleft\" src=\"http:\/\/feelcaboverde.com\/wp-content\/uploads\/2025\/03\/Tourist-Tax_-Taxa-Turistica-Cabo-Verde-300x300.jpg\" alt=\"Taxa turistica de Cabo Verde. Cape Verde Tourist tax\" width=\"300\" height=\"300\" srcset=\"https:\/\/feelcaboverde.com\/wp-content\/uploads\/2025\/03\/Tourist-Tax_-Taxa-Turistica-Cabo-Verde-300x300.jpg 300w, https:\/\/feelcaboverde.com\/wp-content\/uploads\/2025\/03\/Tourist-Tax_-Taxa-Turistica-Cabo-Verde-1024x1024.jpg 1024w, https:\/\/feelcaboverde.com\/wp-content\/uploads\/2025\/03\/Tourist-Tax_-Taxa-Turistica-Cabo-Verde-150x150.jpg 150w, https:\/\/feelcaboverde.com\/wp-content\/uploads\/2025\/03\/Tourist-Tax_-Taxa-Turistica-Cabo-Verde-768x768.jpg 768w, https:\/\/feelcaboverde.com\/wp-content\/uploads\/2025\/03\/Tourist-Tax_-Taxa-Turistica-Cabo-Verde-1536x1536.jpg 1536w, https:\/\/feelcaboverde.com\/wp-content\/uploads\/2025\/03\/Tourist-Tax_-Taxa-Turistica-Cabo-Verde-12x12.jpg 12w, https:\/\/feelcaboverde.com\/wp-content\/uploads\/2025\/03\/Tourist-Tax_-Taxa-Turistica-Cabo-Verde.jpg 2048w\" sizes=\"(max-width: 300px) 100vw, 300px\" \/><\/span><\/p><p><span style=\"color: var( --e-global-color-text ); font-family: var( --e-global-typography-text-font-family ), Sans-serif; font-weight: var( --e-global-typography-text-font-weight ); text-align: var(--text-align); font-size: 1rem;\">A <\/span><span style=\"color: var( --e-global-color-text ); font-family: var( --e-global-typography-text-font-family ), Sans-serif; text-align: var(--text-align); font-size: 1rem;\"><b>Taxa Tur\u00edstica de Cabo Verde<\/b><\/span><span style=\"color: var( --e-global-color-text ); font-family: var( --e-global-typography-text-font-family ), Sans-serif; font-weight: var( --e-global-typography-text-font-weight ); text-align: var(--text-align); font-size: 1rem;\"> \u00e9 um valor cobrado a todos os visitantes que se hospedam em estabelecimentos de hospedagem em Cabo Verde, como hot\u00e9is, hostels, apartamentos, pens\u00f5es ou outros do tipo. Esta taxa tem como objetivo financiar o desenvolvimento e a promo\u00e7\u00e3o do turismo no pa\u00eds,\u00a0<\/span><span style=\"color: var( --e-global-color-text ); font-family: var( --e-global-typography-text-font-family ), Sans-serif; font-weight: var( --e-global-typography-text-font-weight ); text-align: var(--text-align); font-size: 1rem;\">que \u00e9 uma das principais (e das poucas) fontes de rendimento do pa\u00eds<\/span><span style=\"color: var( --e-global-color-text ); font-family: var( --e-global-typography-text-font-family ), Sans-serif; font-weight: var( --e-global-typography-text-font-weight ); text-align: var(--text-align); font-size: 1rem;\">.<\/span><\/p><h2><span style=\"color: inherit; font-family: inherit; text-align: var(--text-align); font-size: 2rem;\">1. Valor da\u00a0<\/span><span style=\"color: inherit; font-family: inherit; text-align: var(--text-align); font-size: 2rem;\">Taxa Tur\u00edstica de Cabo Verde<\/span><\/h2><div><div>O valor da<b> taxa tur\u00edstica de Cabo Verde \u00e9 de 2,50\u20ac (276 CVE) por pessoa, por noite<\/b>, at\u00e9 um m\u00e1ximo de 10 noites (25\u20ac por h\u00f3spede).<\/div><div>\u00a0<\/div><div>Visitantes menores de 16 anos est\u00e3o isentos da\u00a0<span style=\"color: var( --e-global-color-text ); font-family: var( --e-global-typography-text-font-family ), Sans-serif; font-weight: var( --e-global-typography-text-font-weight ); text-align: var(--text-align); font-size: 1rem;\">taxa tur\u00edstica<\/span><span style=\"color: var( --e-global-color-text ); font-family: var( --e-global-typography-text-font-family ), Sans-serif; font-weight: var( --e-global-typography-text-font-weight ); text-align: var(--text-align); font-size: 1rem;\">.<\/span><\/div><div><span style=\"color: var( --e-global-color-text ); font-family: var( --e-global-typography-text-font-family ), Sans-serif; font-weight: var( --e-global-typography-text-font-weight ); text-align: var(--text-align); font-size: 1rem;\">\u00a0<\/span><\/div><\/div><h2>2.\u00a0<span style=\"text-align: var(--text-align);\">Como \u00e9 Cobrada a Taxa Tur\u00edstica?<\/span><\/h2><div><span style=\"color: var( --e-global-color-text ); font-family: var( --e-global-typography-text-font-family ), Sans-serif; font-size: 1rem; font-weight: var( --e-global-typography-text-font-weight ); text-align: var(--text-align);\">A taxa \u00e9 cobrada diretamente pelo estabelecimento de alojamento, geralmente no check-in ou check-out.<\/span><\/div><div><div>\u00a0<\/div><div>Em alguns casos, o valor j\u00e1 est\u00e1 inclu\u00eddo no pre\u00e7o da reserva. Verifique com a sua ag\u00eancia de viagens ou diretamente com o estabelecimento de alojamento se as taxas j\u00e1 est\u00e3o inclu\u00eddas no pacote ou reserva, evitando surpresas no momento do check-in ou check-out<\/div><div>\u00a0<\/div><\/div><h3><b>Perguntas Frequentes (Q&amp;A)<\/b><\/h3><div><p><b>a)\u00a0Qual a diferen\u00e7a entre a TSA e a Taxa Tur\u00edstica de Cabo Verde?<\/b><\/p><div>A Taxa de Seguran\u00e7a Aeroportu\u00e1ria (TSA) \u00e9 um valor cobrado a todos os passageiros estrangeiros que chegam a Cabo Verde, destinado a cobrir os custos de seguran\u00e7a aeroportu\u00e1ria e manuten\u00e7\u00e3o das infraestruturas. J\u00e1 a Taxa Tur\u00edstica \u00e9 aplicada a todos os visitantes que se hospedam em estabelecimentos de alojamento no pa\u00eds, com o objetivo de financiar o desenvolvimento do turismo.<\/div><div>\u00a0<\/div><\/div><p><span style=\"color: var( --e-global-color-text ); font-family: var( --e-global-typography-text-font-family ), Sans-serif; text-align: var(--text-align); font-size: 1rem;\"><b>b) Quanto \u00e9 a Taxa de Seguran\u00e7a Aeroportu\u00e1ria (TSA)?<\/b><\/span><\/p><div><div>Voos internacionais: 3.400 CVE (cerca de 31\u20ac) por pessoa.<\/div><div><span style=\"color: var( --e-global-color-text ); font-family: var( --e-global-typography-text-font-family ), Sans-serif; font-weight: var( --e-global-typography-text-font-weight ); text-align: var(--text-align); font-size: 1rem;\">Voos dom\u00e9sticos (inter-ilhas): 150 CVE (cerca de 1,50\u20ac) por pessoa.<\/span><\/div><div>\u00a0<\/div><p><b>c) Como pagar a Taxa de Seguran\u00e7a Aeroportu\u00e1ria?<\/b><\/p><div>Online: Atrav\u00e9s da plataforma <a href=\"https:\/\/registration.cv.zetes.com\/\" rel=\"nofollow noopener\" target=\"_blank\">EASE<\/a>, com pr\u00e9-registo obrigat\u00f3rio at\u00e9 5 dias antes da viagem.<\/div><div><span style=\"color: var( --e-global-color-text ); font-family: var( --e-global-typography-text-font-family ), Sans-serif; font-weight: var( --e-global-typography-text-font-weight ); text-align: var(--text-align); font-size: 1rem;\">No aeroporto: Caso n\u00e3o tenha pago online, pode pagar diretamente no aeroporto \u00e0 chegada.<\/span><\/div><div>\u00a0<\/div><p><b>d) Quem deve pagar a Taxa de Seguran\u00e7a Aeroportu\u00e1ria?<\/b><\/p><div><div>Todos os passageiros estrangeiros, exceto: t<span style=\"color: var( --e-global-color-text ); font-family: var( --e-global-typography-text-font-family ), Sans-serif; font-weight: var( --e-global-typography-text-font-weight ); text-align: var(--text-align); font-size: 1rem;\">itulares de passaporte cabo-verdiano em voos internacionais, c<\/span><span style=\"color: var( --e-global-color-text ); font-family: var( --e-global-typography-text-font-family ), Sans-serif; font-weight: var( --e-global-typography-text-font-weight ); text-align: var(--text-align); font-size: 1rem;\">rian\u00e7as menores de 2 anos, e<\/span><span style=\"color: var( --e-global-color-text ); font-family: var( --e-global-typography-text-font-family ), Sans-serif; font-weight: var( --e-global-typography-text-font-weight ); text-align: var(--text-align); font-size: 1rem;\">strangeiros residentes em Cabo Verde, p<\/span><span style=\"color: var( --e-global-color-text ); font-family: var( --e-global-typography-text-font-family ), Sans-serif; font-weight: var( --e-global-typography-text-font-weight ); text-align: var(--text-align); font-size: 1rem;\">assageiros em miss\u00f5es oficiais ou em voos de Estado.<\/span><\/div><div>\u00a0<\/div><p><b>e) Qual a validade do pagamento da Taxa de Seguran\u00e7a Aeroportu\u00e1ria?<\/b><\/p><div>O pagamento da TSA \u00e9 v\u00e1lido para a entrada no pa\u00eds na data selecionada.<\/div><\/div><\/div><div><span style=\"color: var( --e-global-color-text ); font-family: var( --e-global-typography-text-font-family ), Sans-serif; font-weight: var( --e-global-typography-text-font-weight ); text-align: var(--text-align); font-size: 1rem;\">\u00a0<\/span><\/div><p><b><span style=\"color: var( --e-global-color-text ); font-family: var( --e-global-typography-text-font-family ), Sans-serif; text-align: var(--text-align); font-size: 1rem;\">f) Quanto \u00e9 a Taxa Tur\u00edstica de Cabo Verde?<\/span><\/b><\/p><p>2,50\u20ac (276 CVE) por pessoa, por noite, at\u00e9 um m\u00e1ximo de 10 noites (25\u20ac no total).<\/p><p><span style=\"color: var( --e-global-color-text ); font-family: var( --e-global-typography-text-font-family ), Sans-serif; font-size: 1rem; text-align: var(--text-align);\"><b>g) A Taxa Tur\u00edstica est\u00e1 inclu\u00edda no pre\u00e7o da reserva?<\/b><\/span><\/p><p>Depende do estabelecimento ou ag\u00eancia de viagens. Confirme com anteced\u00eancia se o valor j\u00e1 est\u00e1 inclu\u00eddo no seu pacote.<\/p><p><span style=\"color: var( --e-global-color-text ); font-family: var( --e-global-typography-text-font-family ), Sans-serif; text-align: var(--text-align); font-size: 1rem;\"><b>h) A Taxa Tur\u00edstica aplica-se a crian\u00e7as?<\/b><\/span><\/p><p>N\u00e3o, crian\u00e7as menores de 16 anos est\u00e3o isentas.<\/p><p><b>i<span style=\"color: var( --e-global-color-text ); font-family: var( --e-global-typography-text-font-family ), Sans-serif; text-align: var(--text-align); font-size: 1rem;\">) \u00c9 preciso pagar Taxa para entrar em Cabo Verde?<\/span><\/b><\/p><p>Sim, todos os visitantes estrangeiros devem pagar a Taxa de Seguran\u00e7a Aeroportu\u00e1ria (TSA). Al\u00e9m disso, se ficar hospedado, tamb\u00e9m pagar\u00e1 a Taxa Tur\u00edstica.<\/p><div>\u00a0<\/div><h5><b style=\"color: inherit; font-family: inherit; text-align: var(--text-align); font-size: 1.75rem;\">Conclus\u00e3o<\/b><\/h5><div>Se pretende viajar para Cabo Verde, \u00e9 essencial saber sobre taxas que podem ser aplicados aos visitantes, incluindo a Taxa de Seguran\u00e7a Aeroportu\u00e1ria e a Taxa Tur\u00edstica de Cabo Verde. A Taxa de Seguran\u00e7a Aeroportu\u00e1ria deve ser paga por todos os cidad\u00e3os estrangeiros que viajam para Cabo Verde e \u00e9 usada para cobrir os custos relacionados \u00e0 seguran\u00e7a aeroportu\u00e1ria.\u00a0<span style=\"color: var( --e-global-color-text ); font-family: var( --e-global-typography-text-font-family ), Sans-serif; font-weight: var( --e-global-typography-text-font-weight ); text-align: var(--text-align); font-size: 1rem;\">A Taxa Tur\u00edstica \u00e9 aplicada a todos os visitantes que se hospedam em estabelecimentos de hospedagem e \u00e9 usada para o desenvolvimento e promo\u00e7\u00e3o do turismo no pa\u00eds.\u00a0Certifique-se com sua ag\u00eancia ou servi\u00e7o de reservas se essas taxas j\u00e1 est\u00e3o inclu\u00eddas no seu pacote de viagem.\u00a0<\/span><\/div><div><span style=\"color: var( --e-global-color-text ); font-family: var( --e-global-typography-text-font-family ), Sans-serif; font-weight: var( --e-global-typography-text-font-weight ); text-align: var(--text-align); font-size: 1rem;\">\u00a0<\/span><\/div><h5><span style=\"text-align: var(--text-align);\"><b>Dicas Extras<\/b><\/span><\/h5><div><ul><li>Fa\u00e7a o pr\u00e9-registo <a href=\"https:\/\/registration.cv.zetes.com\/\" rel=\"nofollow noopener\" target=\"_blank\">online <\/a>da TSA para evitar filas no aeroporto.<\/li><li>Guarde todos os comprovantes de pagamento.<\/li><li>Verifique com anteced\u00eancia se as taxas est\u00e3o inclu\u00eddas no seu pacote de viagem.<\/li><\/ul><div>\u00a0<\/div><div>Para mais informa\u00e7\u00f5es sobre o que precisa saber antes da sua viagem a <a href=\"https:\/\/feelcaboverde.com\/it\/cabo-verde\/\">Cabo Verde<\/a>, consulte o nosso <a href=\"https:\/\/feelcaboverde.com\/it\/guia-viagem-a-z\/\">Guia de Viagem de A-Z<\/a>!<\/div><div>\u00a0<\/div><\/div>\t\t\t\t\t\t<\/div>\n\t\t\t\t<\/div>\n\t\t\t\t\t<\/div>\n\t\t<\/div>\n\t\t\t\t\t\t\t<\/div>\n\t\t<\/section>\n\t\t\t\t\t\t\t<\/div>","protected":false},"excerpt":{"rendered":"<p>Se est\u00e1 a planear uma viagem para Cabo Verde, \u00e9 essencial entender as taxas obrigat\u00f3rias que podem ser aplicadas aos visitantes. Neste artigo, explicamos tudo sobre a Taxa de Seguran\u00e7a Aeroportu\u00e1ria (TSA) e a Taxa Tur\u00edstica de Cabo Verde, incluindo valores, como pagar, quem est\u00e1 isento e muito mais. \u00a0 Taxa de Seguran\u00e7a Aeroportu\u00e1ria (TSA) [&hellip;]<\/p>","protected":false},"author":1,"featured_media":0,"parent":0,"menu_order":0,"comment_status":"closed","ping_status":"closed","template":"","meta":{"footnotes":""},"categories":[],"tags":[],"class_list":["post-1037","page","type-page","status-publish","hentry"],"_links":{"self":[{"href":"https:\/\/feelcaboverde.com\/it\/wp-json\/wp\/v2\/pages\/1037","targetHints":{"allow":["GET"]}}],"collection":[{"href":"https:\/\/feelcaboverde.com\/it\/wp-json\/wp\/v2\/pages"}],"about":[{"href":"https:\/\/feelcaboverde.com\/it\/wp-json\/wp\/v2\/types\/page"}],"author":[{"embeddable":true,"href":"https:\/\/feelcaboverde.com\/it\/wp-json\/wp\/v2\/users\/1"}],"replies":[{"embeddable":true,"href":"https:\/\/feelcaboverde.com\/it\/wp-json\/wp\/v2\/comments?post=1037"}],"version-history":[{"count":73,"href":"https:\/\/feelcaboverde.com\/it\/wp-json\/wp\/v2\/pages\/1037\/revisions"}],"predecessor-version":[{"id":5479,"href":"https:\/\/feelcaboverde.com\/it\/wp-json\/wp\/v2\/pages\/1037\/revisions\/5479"}],"wp:attachment":[{"href":"https:\/\/feelcaboverde.com\/it\/wp-json\/wp\/v2\/media?parent=1037"}],"wp:term":[{"taxonomy":"category","embeddable":true,"href":"https:\/\/feelcaboverde.com\/it\/wp-json\/wp\/v2\/categories?post=1037"},{"taxonomy":"post_tag","embeddable":true,"href":"https:\/\/feelcaboverde.com\/it\/wp-json\/wp\/v2\/tags?post=1037"}],"curies":[{"name":"wp","href":"https:\/\/api.w.org\/{rel}","templated":true}]}}