{"id":1029,"date":"2022-05-27T13:42:42","date_gmt":"2022-05-27T13:42:42","guid":{"rendered":"https:\/\/feelcaboverde.com\/?page_id=1029"},"modified":"2023-04-02T16:48:51","modified_gmt":"2023-04-02T16:48:51","slug":"gorjeta","status":"publish","type":"page","link":"https:\/\/feelcaboverde.com\/it\/gorjeta\/","title":{"rendered":"Gorjeta"},"content":{"rendered":"<div data-elementor-type=\"wp-page\" data-elementor-id=\"1029\" class=\"elementor elementor-1029\">\n\t\t\t\t\t\t\t\t\t<section data-particle_enable=\"false\" data-particle-mobile-disabled=\"false\" class=\"elementor-section elementor-top-section elementor-element elementor-element-43b54aea elementor-section-boxed elementor-section-height-default elementor-section-height-default\" data-id=\"43b54aea\" data-element_type=\"section\">\n\t\t\t\t\t\t<div class=\"elementor-container elementor-column-gap-default\">\n\t\t\t\t\t<div class=\"elementor-column elementor-col-100 elementor-top-column elementor-element elementor-element-6e42e8a5\" data-id=\"6e42e8a5\" data-element_type=\"column\">\n\t\t\t<div class=\"elementor-widget-wrap elementor-element-populated\">\n\t\t\t\t\t\t\t\t<div class=\"elementor-element elementor-element-56626ddb elementor-widget elementor-widget-text-editor\" data-id=\"56626ddb\" data-element_type=\"widget\" data-widget_type=\"text-editor.default\">\n\t\t\t\t<div class=\"elementor-widget-container\">\n\t\t\t<style>\/*! elementor - v3.7.1 - 14-08-2022 *\/\n.elementor-widget-text-editor.elementor-drop-cap-view-stacked .elementor-drop-cap{background-color:#818a91;color:#fff}.elementor-widget-text-editor.elementor-drop-cap-view-framed .elementor-drop-cap{color:#818a91;border:3px solid;background-color:transparent}.elementor-widget-text-editor:not(.elementor-drop-cap-view-default) .elementor-drop-cap{margin-top:8px}.elementor-widget-text-editor:not(.elementor-drop-cap-view-default) .elementor-drop-cap-letter{width:1em;height:1em}.elementor-widget-text-editor .elementor-drop-cap{float:left;text-align:center;line-height:1;font-size:50px}.elementor-widget-text-editor .elementor-drop-cap-letter{display:inline-block}<\/style>\t\t\t\t<h4><strong>Gorjetas em Cabo Verde<\/strong><\/h4>\n<p><span style=\"color: var( --e-global-color-text ); font-family: var( --e-global-typography-text-font-family ), Sans-serif; font-weight: var( --e-global-typography-text-font-weight ); text-align: var(--text-align); font-size: 1rem;\">\u00c9 comum em muitos pa\u00edses deixar gorjeta como forma de agradecimento pelo servi\u00e7o prestado.<\/span><\/p>\n<p>Entretanto, a pr\u00e1tica de gorjeta n\u00e3o \u00e9 obrigat\u00f3ria em Cabo Verde e, portanto, n\u00e3o existe tarifa ou valor fixo para isso no pa\u00eds. Ainda assim, \u00e9 amplamente&nbsp;<span style=\"color: var( --e-global-color-text ); font-family: var( --e-global-typography-text-font-family ), Sans-serif; font-weight: var( --e-global-typography-text-font-weight ); text-align: var(--text-align); font-size: 1rem;\">apreciado quando os clientes deixam uma gorjeta.&nbsp;<\/span><\/p>\n<p>Potanto, se ficar satisfeito com o servi\u00e7o prestado em algum estabelecimento (restaurante, t\u00e1xi, hot\u00e9is e servi\u00e7os em geral), pode deixar um valor \u00e0 sua conveni\u00eancia como reconhecimento do servi\u00e7o prestado, o que ser\u00e1 gratamente recebido. Isso \u00e9 inteiramente opcional e n\u00e3o ser\u00e1 levado a mal se n\u00e3o o fizer.<\/p>\n<p><\/p>\t\t\t\t\t\t<\/div>\n\t\t\t\t<\/div>\n\t\t\t\t\t<\/div>\n\t\t<\/div>\n\t\t\t\t\t\t\t<\/div>\n\t\t<\/section>\n\t\t\t\t\t\t\t<\/div>","protected":false},"excerpt":{"rendered":"<p>Gorjetas em Cabo Verde \u00c9 comum em muitos pa\u00edses deixar gorjeta como forma de agradecimento pelo servi\u00e7o prestado. Entretanto, a pr\u00e1tica de gorjeta n\u00e3o \u00e9 obrigat\u00f3ria em Cabo Verde e, portanto, n\u00e3o existe tarifa ou valor fixo para isso no pa\u00eds. Ainda assim, \u00e9 amplamente&nbsp;apreciado quando os clientes deixam uma gorjeta.&nbsp; Potanto, se ficar satisfeito [&hellip;]<\/p>","protected":false},"author":1,"featured_media":0,"parent":0,"menu_order":0,"comment_status":"closed","ping_status":"closed","template":"","meta":{"footnotes":""},"categories":[],"tags":[],"class_list":["post-1029","page","type-page","status-publish","hentry"],"_links":{"self":[{"href":"https:\/\/feelcaboverde.com\/it\/wp-json\/wp\/v2\/pages\/1029","targetHints":{"allow":["GET"]}}],"collection":[{"href":"https:\/\/feelcaboverde.com\/it\/wp-json\/wp\/v2\/pages"}],"about":[{"href":"https:\/\/feelcaboverde.com\/it\/wp-json\/wp\/v2\/types\/page"}],"author":[{"embeddable":true,"href":"https:\/\/feelcaboverde.com\/it\/wp-json\/wp\/v2\/users\/1"}],"replies":[{"embeddable":true,"href":"https:\/\/feelcaboverde.com\/it\/wp-json\/wp\/v2\/comments?post=1029"}],"version-history":[{"count":14,"href":"https:\/\/feelcaboverde.com\/it\/wp-json\/wp\/v2\/pages\/1029\/revisions"}],"predecessor-version":[{"id":4337,"href":"https:\/\/feelcaboverde.com\/it\/wp-json\/wp\/v2\/pages\/1029\/revisions\/4337"}],"wp:attachment":[{"href":"https:\/\/feelcaboverde.com\/it\/wp-json\/wp\/v2\/media?parent=1029"}],"wp:term":[{"taxonomy":"category","embeddable":true,"href":"https:\/\/feelcaboverde.com\/it\/wp-json\/wp\/v2\/categories?post=1029"},{"taxonomy":"post_tag","embeddable":true,"href":"https:\/\/feelcaboverde.com\/it\/wp-json\/wp\/v2\/tags?post=1029"}],"curies":[{"name":"wp","href":"https:\/\/api.w.org\/{rel}","templated":true}]}}