{"id":997,"date":"2022-05-27T13:36:27","date_gmt":"2022-05-27T13:36:27","guid":{"rendered":"https:\/\/feelcaboverde.com\/?page_id=997"},"modified":"2023-04-02T09:59:08","modified_gmt":"2023-04-02T09:59:08","slug":"eletricidade-voltagem","status":"publish","type":"page","link":"https:\/\/feelcaboverde.com\/fr\/electricite-tension-cap-vert\/","title":{"rendered":"\u00c9lectricit\u00e9 et tension"},"content":{"rendered":"<h3>\u00c9lectricit\u00e9 et tension au Cap-Vert<\/h3>\n<p>La norme de tension au Cap-Vert est la suivante <strong>220-230 volts<\/strong>avec un <strong>Fr\u00e9quence de 50 Hz<\/strong>.<\/p>\n<p>Au Cap-Vert, l'\u00e9lectricit\u00e9 est fournie par la compagnie nationale d'\u00e9lectricit\u00e9 et d'eau, Electra. En g\u00e9n\u00e9ral, l'\u00e9lectricit\u00e9 dans le pays est fiable et stable, mais il peut y avoir des coupures de courant occasionnelles, notamment en raison de probl\u00e8mes techniques.<\/p>\n<p>Dans certaines des r\u00e9gions les plus recul\u00e9es du pays, il est encore courant de trouver des endroits qui d\u00e9pendent de l'\u00e9nergie produite par des panneaux solaires ou des g\u00e9n\u00e9rateurs diesel, en particulier sur les petites \u00eeles. Cependant, la plupart des villes du Cap-Vert sont desservies par le r\u00e9seau \u00e9lectrique national.<\/p>\n<h3>Prises de courant au Cap-Vert et leur adaptateur<\/h3>\n<p>Les fiches et prises de courant au Cap-Vert sont conformes \u00e0 la norme europ\u00e9enne (deux broches) et sont de type C et de type F. La fiche de type C a deux broches rondes parall\u00e8les, tandis que la fiche de type F a deux clips de mise \u00e0 la terre en plus des deux broches rondes.<\/p>\n<figure style=\"width: 255px\" class=\"wp-caption alignleft\"><img decoding=\"async\" class=\"\" style=\"margin-left: 0px; margin-top: 0px;\" src=\"https:\/\/lh6.googleusercontent.com\/_IgBvA9eOZV6uC9apEU7QJPHFB8clzFAu-VJURoN0RV_j5O0bUcggOOXx7d8uHyQZceYABgOY0wEPzedFMuR0Wrb1QifwPuJwUuMCrMxqi2FCqyuIaPWFYQlbXXbPGdcFyryA_xyOPY\" alt=\"Fiche et broche de type C utilis\u00e9es au Cap-Vert\" width=\"255\" height=\"255\" \/><figcaption class=\"wp-caption-text\">Fiche et prise de type C utilis\u00e9es au Cap-Vert<\/figcaption><\/figure>\n<figure style=\"width: 256px\" class=\"wp-caption alignleft\"><img decoding=\"async\" class=\"\" style=\"margin-left: 0px; margin-top: 0px;\" src=\"https:\/\/lh4.googleusercontent.com\/pZWEYAjW3CNp-tqteA5WzNDeDR1uwnCgNazsFn0hLLxik51pLKeqbwQAzg9-wq7dS4uV8LLP4AYAVaf85-Doj60JH4PX4y8LrxS_p6q8gZYU5xNTlV2ARFA7zJx_sK_lKSwiKPYCDXc\" alt=\"Fiche et broche de type F utilis\u00e9es au Cap-Vert\" width=\"256\" height=\"256\" \/><figcaption class=\"wp-caption-text\">Fiche et prise de type F utilis\u00e9es au Cap-Vert<\/figcaption><\/figure>\n<p>&nbsp;<\/p>\n<p>&nbsp;<\/p>\n<p>&nbsp;<\/p>\n<p>&nbsp;<\/p>\n<p>&nbsp;<\/p>\n<p>&nbsp;<\/p>\n<p>&nbsp;<\/p>\n<p>&nbsp;<\/p>\n<p>&nbsp;<\/p>\n<p><strong>Quel type d'adaptateur utiliser au Cap-Vert ?<\/strong><\/p>\n<p>Si le voltage de vos appareils \u00e9lectroniques est similaire \u00e0 celui du Cap-Vert (220-230 volts), un<a href=\"https:\/\/www.amazon.com\/Travel-Conair-Adapter-Protection-Europe\/dp\/B0015R1US8\/ref=sr_1_2?crid=259AOSX6QWUC7&amp;dchild=1&amp;keywords=travel+smart+conair+adapter&amp;qid=1629427511&amp;sprefix=travel+smart+cona%2Caps%2C340&amp;sr=8-2\" rel=\"nofollow noopener\" target=\"_blank\"> adaptateur avec fiches C ou F<\/a> est indiqu\u00e9. Si toutefois la tension de votre appareil est diff\u00e9rente de celle du Cap-Vert, vous aurez besoin d'un <a href=\"https:\/\/www.amazon.com\/Travel-Smart-Conair-Adapter-Converter\/dp\/B00DWYEVE2\/ref=sr_1_3?crid=259AOSX6QWUC7&amp;dchild=1&amp;keywords=travel+smart+conair+adapter&amp;qid=1629427511&amp;sprefix=travel+smart+cona%2Caps%2C340&amp;sr=8-3\" rel=\"nofollow noopener\" target=\"_blank\">adaptateur avec convertisseur de tension<\/a>.<\/p>","protected":false},"excerpt":{"rendered":"<p>\u00c9lectricit\u00e9 et tension au Cap-Vert La norme de tension au Cap-Vert est de 220-230 volts, avec une fr\u00e9quence de 50 Hz. L'\u00e9lectricit\u00e9 au Cap-Vert est fournie par la compagnie nationale d'\u00e9lectricit\u00e9 et d'eau, Electra. En g\u00e9n\u00e9ral, l'\u00e9lectricit\u00e9 dans le pays est fiable et stable, mais il peut y avoir des coupures de courant occasionnelles, [...]<\/p>","protected":false},"author":1,"featured_media":0,"parent":0,"menu_order":0,"comment_status":"closed","ping_status":"closed","template":"","meta":{"footnotes":""},"categories":[],"tags":[],"class_list":["post-997","page","type-page","status-publish","hentry"],"_links":{"self":[{"href":"https:\/\/feelcaboverde.com\/fr\/wp-json\/wp\/v2\/pages\/997","targetHints":{"allow":["GET"]}}],"collection":[{"href":"https:\/\/feelcaboverde.com\/fr\/wp-json\/wp\/v2\/pages"}],"about":[{"href":"https:\/\/feelcaboverde.com\/fr\/wp-json\/wp\/v2\/types\/page"}],"author":[{"embeddable":true,"href":"https:\/\/feelcaboverde.com\/fr\/wp-json\/wp\/v2\/users\/1"}],"replies":[{"embeddable":true,"href":"https:\/\/feelcaboverde.com\/fr\/wp-json\/wp\/v2\/comments?post=997"}],"version-history":[{"count":20,"href":"https:\/\/feelcaboverde.com\/fr\/wp-json\/wp\/v2\/pages\/997\/revisions"}],"predecessor-version":[{"id":4162,"href":"https:\/\/feelcaboverde.com\/fr\/wp-json\/wp\/v2\/pages\/997\/revisions\/4162"}],"wp:attachment":[{"href":"https:\/\/feelcaboverde.com\/fr\/wp-json\/wp\/v2\/media?parent=997"}],"wp:term":[{"taxonomy":"category","embeddable":true,"href":"https:\/\/feelcaboverde.com\/fr\/wp-json\/wp\/v2\/categories?post=997"},{"taxonomy":"post_tag","embeddable":true,"href":"https:\/\/feelcaboverde.com\/fr\/wp-json\/wp\/v2\/tags?post=997"}],"curies":[{"name":"wp","href":"https:\/\/api.w.org\/{rel}","templated":true}]}}