{"id":978,"date":"2022-05-27T13:33:04","date_gmt":"2022-05-27T13:33:04","guid":{"rendered":"https:\/\/feelcaboverde.com\/?page_id=978"},"modified":"2023-04-02T00:00:05","modified_gmt":"2023-04-02T00:00:05","slug":"dinheiro-bancos","status":"publish","type":"page","link":"https:\/\/feelcaboverde.com\/fr\/argent-banques-cap-vert\/","title":{"rendered":"Monnaie et banques au Cap-Vert"},"content":{"rendered":"<div data-elementor-type=\"wp-page\" data-elementor-id=\"978\" class=\"elementor elementor-978\">\n\t\t\t\t\t\t\t\t\t<section data-particle_enable=\"false\" data-particle-mobile-disabled=\"false\" class=\"elementor-section elementor-top-section elementor-element elementor-element-43b54aea elementor-section-boxed elementor-section-height-default elementor-section-height-default\" data-id=\"43b54aea\" data-element_type=\"section\">\n\t\t\t\t\t\t<div class=\"elementor-container elementor-column-gap-default\">\n\t\t\t\t\t<div class=\"elementor-column elementor-col-100 elementor-top-column elementor-element elementor-element-6e42e8a5\" data-id=\"6e42e8a5\" data-element_type=\"column\">\n\t\t\t<div class=\"elementor-widget-wrap elementor-element-populated\">\n\t\t\t\t\t\t\t\t<div class=\"elementor-element elementor-element-56626ddb elementor-widget elementor-widget-text-editor\" data-id=\"56626ddb\" data-element_type=\"widget\" data-widget_type=\"text-editor.default\">\n\t\t\t\t<div class=\"elementor-widget-container\">\n\t\t\t<style>\/*! elementor - v3.7.1 - 14-08-2022 *\/\n.elementor-widget-text-editor.elementor-drop-cap-view-stacked .elementor-drop-cap{background-color:#818a91;color:#fff}.elementor-widget-text-editor.elementor-drop-cap-view-framed .elementor-drop-cap{color:#818a91;border:3px solid;background-color:transparent}.elementor-widget-text-editor:not(.elementor-drop-cap-view-default) .elementor-drop-cap{margin-top:8px}.elementor-widget-text-editor:not(.elementor-drop-cap-view-default) .elementor-drop-cap-letter{width:1em;height:1em}.elementor-widget-text-editor .elementor-drop-cap{float:left;text-align:center;line-height:1;font-size:50px}.elementor-widget-text-editor .elementor-drop-cap-letter{display:inline-block}<\/style>\t\t\t\t<p><span style=\"color: var( --e-global-color-text ); font-family: var( --e-global-typography-text-font-family ), Sans-serif; font-weight: var( --e-global-typography-text-font-weight ); text-align: var(--text-align); font-size: 1rem;\">La <\/span><span style=\"color: var( --e-global-color-text ); font-family: var( --e-global-typography-text-font-family ), Sans-serif; text-align: var(--text-align); font-size: 1rem;\"><b>La monnaie du Cap-Vert est l'escudo cap-verdien.<\/b><\/span><span style=\"color: var( --e-global-color-text ); font-family: var( --e-global-typography-text-font-family ), Sans-serif; font-weight: var( --e-global-typography-text-font-weight ); text-align: var(--text-align); font-size: 1rem;\"> (ECV). Les billets sont disponibles en coupures de 200, 500, 1000, 2000 et 5000 escudos. Les pi\u00e8ces de monnaie en circulation se pr\u00e9sentent sous la forme de coupures de 1, 5, 10, 20, 50 et 100 escudos.<\/span><br><\/p>\n<p>L'escudo est index\u00e9 sur l'euro et suit son taux de change, ce qui signifie que si l'euro augmente, l'escudo fait de m\u00eame. Un euro (1 \u20ac) \u00e9quivaut \u00e0 environ 110 escudos.<\/p>\n<h3><strong>Transport d'argent vers le Cap-Vert <\/strong><\/h3>\n<p>Vous devez d\u00e9clarer aux douanes, \u00e0 l'entr\u00e9e et \u00e0 la sortie du pays, si vous voyagez avec de l'argent, des m\u00e9taux ou des pierres pr\u00e9cieuses d'une valeur \u00e9gale ou sup\u00e9rieure \u00e0 1 000 000$00 (un million d'escudos) ou son \u00e9quivalent dans une autre devise.<\/p>\n<p>La sortie ou l'exportation des billets et pi\u00e8ces nationaux est libre dans la limite de 20.000$00 (vingt mille escudos). Pour les montants sup\u00e9rieurs, une autorisation sp\u00e9ciale pr\u00e9alable de la Banque du Cap-Vert est requise, sous r\u00e9serve de justification.<\/p>\n<p>Pour plus d'informations sur les op\u00e9rations de change pour les voyageurs, veuillez consulter le site Internet de la Commission europ\u00e9enne. <a href=\"https:\/\/www.bcv.cv\/SiteCollectionDocuments\/ViajantesNet.pdf\" rel=\"nofollow noopener\" target=\"_blank\">Lignes directrices de la Banque du Cap-Vert<\/a>.<\/p>\n<h3><strong>Taux de change au Cap-Vert<\/strong><\/h3>\n<p>Le change de devises au Cap-Vert est possible dans les a\u00e9roports internationaux, les banques locales et certaines agences de voyage.<\/p>\n<p>En g\u00e9n\u00e9ral, il n'est pas possible d'\u00e9changer des escudos \u00e0 l'\u00e9tranger, il faut donc \u00e9viter d'en rapporter avec des valeurs \u00e9lev\u00e9es.&nbsp;&nbsp;<\/p>\n<p>Les taux de change commerciaux en vigueur au Cap-Vert peuvent \u00eatre consult\u00e9s \u00e0 l'adresse suivante <a href=\"https:\/\/www.bca.cv\/espaco-de-mercados\" rel=\"nofollow noopener\" target=\"_blank\">ici<\/a>.<\/p>\n<p><br><\/p>\n<h3><strong>Heures d'ouverture des banques au Cabo Verde<\/strong><\/h3>\n<p>En r\u00e8gle g\u00e9n\u00e9rale, les banques du Cap-Vert sont ouvertes du lundi au vendredi de 08h00 \u00e0 15h00.<\/p>\n<p><br><\/p>\n<h3><strong>Cartes de cr\u00e9dit au Cap-Vert<\/strong><\/h3>\n<p>Cartes de cr\u00e9dit <strong>Visa, MasterCard et American Express sont officiellement <\/strong><a href=\"https:\/\/www.sisp.cv\/visa-mastercard.aspx\" rel=\"nofollow noopener\" target=\"_blank\"><strong>accept\u00e9 au Cap-Vert<\/strong><\/a>.  Elles peuvent \u00eatre utilis\u00e9es pour payer dans les grands h\u00f4tels et les restaurants, en particulier dans les grandes villes.<\/p>\n<p>Dans les campagnes et les petites villes, il n'est pas toujours possible de payer avec des cartes internationales. Par pr\u00e9caution, il est toujours conseill\u00e9 d'avoir un peu d'argent liquide sur soi. L'euro est la monnaie internationale la plus utilis\u00e9e au Cap-Vert. Certains magasins des \u00eeles de Sal et de Boavista acceptent les paiements en euros.&nbsp;<\/p>\n<p>Vous pouvez obtenir de l'argent de vos cartes de cr\u00e9dit aupr\u00e8s des banques, mais les frais sont souvent \u00e9lev\u00e9s.<\/p>\n<p><br><\/p>\n<h3><strong>DAB (au Cap-Vert)<\/strong><\/h3>\n<p>Il y a des distributeurs automatiques de billets sur toutes les \u00eeles du Cap-Vert (appel\u00e9s Vinti4 boxes). Cependant, ils sont moins fr\u00e9quents dans les petites villes et sont principalement concentr\u00e9s dans les centres. Les villes plus petites ou \u00e9loign\u00e9es n'ont g\u00e9n\u00e9ralement pas de distributeurs automatiques de billets et n'acceptent pas les cartes de cr\u00e9dit. Pr\u00e9voyez toujours de l'argent liquide pour vos d\u00e9placements hors de la ville.<\/p><p><br><\/p>\n<h3><strong>Questions fr\u00e9quemment pos\u00e9es<\/strong>:<\/h3>\n<ul>\n<li>Peut-on utiliser des euros au Cap-Vert ?<\/li>\n<\/ul>\n<p>L'euro est couramment accept\u00e9 sur les \u00eeles de Sal et de Boavista. Sur les autres \u00eeles, il est plus rare que les euros soient accept\u00e9s dans les magasins, mais des bureaux de change sont disponibles sur toutes les \u00eeles.&nbsp;<\/p>\n<ul>\n<li>Quelle est la meilleure monnaie \u00e0 emporter au Cap-Vert ?<\/li>\n<\/ul>\n<p>L'euro est la meilleure monnaie \u00e0 emporter au Cap-Vert car c'est la monnaie la plus utilis\u00e9e et parce que l'escudo est index\u00e9 sur l'euro, ce qui signifie que si l'euro augmente, l'escudo augmente aussi.<\/p>\n<p>Si vous envisagez de vous rendre au Cap-Vert, vous pouvez convertir une partie de votre argent en euros.<\/p>\t\t\t\t\t\t<\/div>\n\t\t\t\t<\/div>\n\t\t\t\t\t<\/div>\n\t\t<\/div>\n\t\t\t\t\t\t\t<\/div>\n\t\t<\/section>\n\t\t\t\t\t\t\t<\/div>","protected":false},"excerpt":{"rendered":"<p>La monnaie du Cap-Vert est l'escudo cap-verdien (ECV). Les billets existent en coupures de 200, 500, 1000, 2000 et 5000 escudos. Les pi\u00e8ces de monnaie en circulation se pr\u00e9sentent sous la forme de coupures de 1, 5, 10, 20, 50 et 100 escudos. L'escudo est index\u00e9 sur l'euro et suit son taux de change, c'est-\u00e0-dire que si le taux de change [...]<\/p>","protected":false},"author":1,"featured_media":0,"parent":0,"menu_order":0,"comment_status":"closed","ping_status":"closed","template":"","meta":{"footnotes":""},"categories":[],"tags":[],"class_list":["post-978","page","type-page","status-publish","hentry"],"_links":{"self":[{"href":"https:\/\/feelcaboverde.com\/fr\/wp-json\/wp\/v2\/pages\/978","targetHints":{"allow":["GET"]}}],"collection":[{"href":"https:\/\/feelcaboverde.com\/fr\/wp-json\/wp\/v2\/pages"}],"about":[{"href":"https:\/\/feelcaboverde.com\/fr\/wp-json\/wp\/v2\/types\/page"}],"author":[{"embeddable":true,"href":"https:\/\/feelcaboverde.com\/fr\/wp-json\/wp\/v2\/users\/1"}],"replies":[{"embeddable":true,"href":"https:\/\/feelcaboverde.com\/fr\/wp-json\/wp\/v2\/comments?post=978"}],"version-history":[{"count":12,"href":"https:\/\/feelcaboverde.com\/fr\/wp-json\/wp\/v2\/pages\/978\/revisions"}],"predecessor-version":[{"id":4110,"href":"https:\/\/feelcaboverde.com\/fr\/wp-json\/wp\/v2\/pages\/978\/revisions\/4110"}],"wp:attachment":[{"href":"https:\/\/feelcaboverde.com\/fr\/wp-json\/wp\/v2\/media?parent=978"}],"wp:term":[{"taxonomy":"category","embeddable":true,"href":"https:\/\/feelcaboverde.com\/fr\/wp-json\/wp\/v2\/categories?post=978"},{"taxonomy":"post_tag","embeddable":true,"href":"https:\/\/feelcaboverde.com\/fr\/wp-json\/wp\/v2\/tags?post=978"}],"curies":[{"name":"wp","href":"https:\/\/api.w.org\/{rel}","templated":true}]}}