{"id":965,"date":"2022-05-27T13:29:39","date_gmt":"2022-05-27T13:29:39","guid":{"rendered":"https:\/\/feelcaboverde.com\/?page_id=965"},"modified":"2023-12-22T01:05:19","modified_gmt":"2023-12-22T01:05:19","slug":"contatos-de-emergencia","status":"publish","type":"page","link":"https:\/\/feelcaboverde.com\/fr\/contacts-d-urgence-cap-vert\/","title":{"rendered":"Personnes \u00e0 contacter en cas d'urgence"},"content":{"rendered":"<div data-elementor-type=\"wp-page\" data-elementor-id=\"965\" class=\"elementor elementor-965\">\n\t\t\t\t\t\t\t\t\t<section data-particle_enable=\"false\" data-particle-mobile-disabled=\"false\" class=\"elementor-section elementor-top-section elementor-element elementor-element-43b54aea elementor-section-boxed elementor-section-height-default elementor-section-height-default\" data-id=\"43b54aea\" data-element_type=\"section\">\n\t\t\t\t\t\t<div class=\"elementor-container elementor-column-gap-default\">\n\t\t\t\t\t<div class=\"elementor-column elementor-col-100 elementor-top-column elementor-element elementor-element-6e42e8a5\" data-id=\"6e42e8a5\" data-element_type=\"column\">\n\t\t\t<div class=\"elementor-widget-wrap elementor-element-populated\">\n\t\t\t\t\t\t\t\t<div class=\"elementor-element elementor-element-56626ddb elementor-widget elementor-widget-text-editor\" data-id=\"56626ddb\" data-element_type=\"widget\" data-widget_type=\"text-editor.default\">\n\t\t\t\t<div class=\"elementor-widget-container\">\n\t\t\t<style>\/*! elementor - v3.7.1 - 14-08-2022 *\/\n.elementor-widget-text-editor.elementor-drop-cap-view-stacked .elementor-drop-cap{background-color:#818a91;color:#fff}.elementor-widget-text-editor.elementor-drop-cap-view-framed .elementor-drop-cap{color:#818a91;border:3px solid;background-color:transparent}.elementor-widget-text-editor:not(.elementor-drop-cap-view-default) .elementor-drop-cap{margin-top:8px}.elementor-widget-text-editor:not(.elementor-drop-cap-view-default) .elementor-drop-cap-letter{width:1em;height:1em}.elementor-widget-text-editor .elementor-drop-cap{float:left;text-align:center;line-height:1;font-size:50px}.elementor-widget-text-editor .elementor-drop-cap-letter{display:inline-block}<\/style>\t\t\t\t<p>Les vacances et les voyages ne sont pas \u00e0 l'abri des impr\u00e9vus. C'est pourquoi il est important de conna\u00eetre les num\u00e9ros d'urgence pour chaque situation. Voici les contacts pour les urgences au Cap-Vert.<\/p>\n<ul>\n<li><strong>H\u00f4pitaux - 130<\/strong>. Le num\u00e9ro 130 doit \u00eatre appel\u00e9 en cas d'urgence m\u00e9dicale, par exemple en cas de maladie soudaine, d'accident grave ou de probl\u00e8me de sant\u00e9.&nbsp;<\/li>\n<li><strong>Pompiers - 131<\/strong>. Le num\u00e9ro 131 est utilis\u00e9 dans les situations d'incendie, de glissement de terrain, d'inondation, de sauvetage et d'autres urgences n\u00e9cessitant l'intervention des pompiers.&nbsp;<\/li>\n<li><strong>Police nationale (PN) - 132.<\/strong> Le num\u00e9ro 132 est utilis\u00e9 pour les situations impliquant la s\u00e9curit\u00e9 publique, telles que les vols, les enl\u00e8vements et autres violations de la loi. La police nationale du Cap-Vert est charg\u00e9e d'assurer l'ordre et la s\u00e9curit\u00e9 dans le pays, en agissant de mani\u00e8re pr\u00e9ventive et r\u00e9pressive.<\/li>\n<li><strong>Service national de protection civile et d'incendie (SNPCB) - 8001112.<\/strong> Le num\u00e9ro 8001112 est utilis\u00e9 pour les urgences li\u00e9es aux catastrophes naturelles telles que les tremblements de terre, les tsunamis, les ouragans, etc. Le Service national de protection civile et d'incendie (SNPCB) est charg\u00e9 de planifier et de coordonner les actions de pr\u00e9vention et de r\u00e9ponse aux urgences, en collaboration avec d'autres institutions gouvernementales et organisations de la soci\u00e9t\u00e9 civile.<\/li>\n<\/ul><div><br><\/div>\n<p>Il est important de souligner qu'en cas d'urgence, il est essentiel de rester calme et de fournir \u00e0 l'op\u00e9rateur des informations pr\u00e9cises. Donnez une adresse aussi exacte que possible et un num\u00e9ro de t\u00e9l\u00e9phone de contact.&nbsp;<\/p>\t\t\t\t\t\t<\/div>\n\t\t\t\t<\/div>\n\t\t\t\t\t<\/div>\n\t\t<\/div>\n\t\t\t\t\t\t\t<\/div>\n\t\t<\/section>\n\t\t\t\t\t\t\t<\/div>","protected":false},"excerpt":{"rendered":"<p>Les vacances et les voyages ne sont pas \u00e0 l'abri des impr\u00e9vus. C'est pourquoi il est important de conna\u00eetre les num\u00e9ros d'urgence pour chaque situation. Voici les contacts pour les urgences au Cap-Vert. H\u00f4pitaux - 130. Le num\u00e9ro 130 doit \u00eatre appel\u00e9 en cas d'urgence m\u00e9dicale, comme une maladie soudaine, un accident grave ou des probl\u00e8mes li\u00e9s \u00e0 [...]<\/p>","protected":false},"author":1,"featured_media":0,"parent":0,"menu_order":0,"comment_status":"closed","ping_status":"closed","template":"","meta":{"footnotes":""},"categories":[],"tags":[],"class_list":["post-965","page","type-page","status-publish","hentry"],"_links":{"self":[{"href":"https:\/\/feelcaboverde.com\/fr\/wp-json\/wp\/v2\/pages\/965","targetHints":{"allow":["GET"]}}],"collection":[{"href":"https:\/\/feelcaboverde.com\/fr\/wp-json\/wp\/v2\/pages"}],"about":[{"href":"https:\/\/feelcaboverde.com\/fr\/wp-json\/wp\/v2\/types\/page"}],"author":[{"embeddable":true,"href":"https:\/\/feelcaboverde.com\/fr\/wp-json\/wp\/v2\/users\/1"}],"replies":[{"embeddable":true,"href":"https:\/\/feelcaboverde.com\/fr\/wp-json\/wp\/v2\/comments?post=965"}],"version-history":[{"count":15,"href":"https:\/\/feelcaboverde.com\/fr\/wp-json\/wp\/v2\/pages\/965\/revisions"}],"predecessor-version":[{"id":4886,"href":"https:\/\/feelcaboverde.com\/fr\/wp-json\/wp\/v2\/pages\/965\/revisions\/4886"}],"wp:attachment":[{"href":"https:\/\/feelcaboverde.com\/fr\/wp-json\/wp\/v2\/media?parent=965"}],"wp:term":[{"taxonomy":"category","embeddable":true,"href":"https:\/\/feelcaboverde.com\/fr\/wp-json\/wp\/v2\/categories?post=965"},{"taxonomy":"post_tag","embeddable":true,"href":"https:\/\/feelcaboverde.com\/fr\/wp-json\/wp\/v2\/tags?post=965"}],"curies":[{"name":"wp","href":"https:\/\/api.w.org\/{rel}","templated":true}]}}