{"id":948,"date":"2022-05-27T13:22:05","date_gmt":"2022-05-27T13:22:05","guid":{"rendered":"https:\/\/feelcaboverde.com\/?page_id=948"},"modified":"2023-03-16T23:47:00","modified_gmt":"2023-03-16T23:47:00","slug":"comunicacao-telefonica","status":"publish","type":"page","link":"https:\/\/feelcaboverde.com\/fr\/telecommunications-cap-vert\/","title":{"rendered":"Communication t\u00e9l\u00e9phonique au Cap-Vert"},"content":{"rendered":"<div data-elementor-type=\"wp-page\" data-elementor-id=\"948\" class=\"elementor elementor-948\">\n\t\t\t\t\t\t\t\t\t<section data-particle_enable=\"false\" data-particle-mobile-disabled=\"false\" class=\"elementor-section elementor-top-section elementor-element elementor-element-43b54aea elementor-section-boxed elementor-section-height-default elementor-section-height-default\" data-id=\"43b54aea\" data-element_type=\"section\">\n\t\t\t\t\t\t<div class=\"elementor-container elementor-column-gap-default\">\n\t\t\t\t\t<div class=\"elementor-column elementor-col-100 elementor-top-column elementor-element elementor-element-6e42e8a5\" data-id=\"6e42e8a5\" data-element_type=\"column\">\n\t\t\t<div class=\"elementor-widget-wrap elementor-element-populated\">\n\t\t\t\t\t\t\t\t<div class=\"elementor-element elementor-element-56626ddb elementor-widget elementor-widget-text-editor\" data-id=\"56626ddb\" data-element_type=\"widget\" data-widget_type=\"text-editor.default\">\n\t\t\t\t<div class=\"elementor-widget-container\">\n\t\t\t<style>\/*! elementor - v3.7.1 - 14-08-2022 *\/\n.elementor-widget-text-editor.elementor-drop-cap-view-stacked .elementor-drop-cap{background-color:#818a91;color:#fff}.elementor-widget-text-editor.elementor-drop-cap-view-framed .elementor-drop-cap{color:#818a91;border:3px solid;background-color:transparent}.elementor-widget-text-editor:not(.elementor-drop-cap-view-default) .elementor-drop-cap{margin-top:8px}.elementor-widget-text-editor:not(.elementor-drop-cap-view-default) .elementor-drop-cap-letter{width:1em;height:1em}.elementor-widget-text-editor .elementor-drop-cap{float:left;text-align:center;line-height:1;font-size:50px}.elementor-widget-text-editor .elementor-drop-cap-letter{display:inline-block}<\/style>\t\t\t\t<p>L'indicatif r\u00e9gional du Cap-Vert est le suivant <strong>+238 (00238).<\/strong><\/p>\n<p>Les services de communication sont fournis par <a href=\"http:\/\/www.cvtelecom.cv\/\" rel=\"nofollow noopener\" target=\"_blank\">Cabo Verde Telecom<\/a> et <a href=\"https:\/\/www.uniteltmais.cv\/\" rel=\"nofollow noopener\" target=\"_blank\">Unitel T+<\/a><\/p>\n<p><strong>Cartes SIM<\/strong><\/p>\n<p>Les services de t\u00e9l\u00e9phonie fixe et mobile au Cap-Vert sont tr\u00e8s abordables et il y a une couverture mobile et internet presque partout. Le prix d'une carte SIM est de 100 escudos (environ 1 \u20ac) aupr\u00e8s des deux op\u00e9rateurs nationaux de t\u00e9l\u00e9phonie mobile. Cependant, votre t\u00e9l\u00e9phone doit \u00eatre d\u00e9bloqu\u00e9 pour les autres op\u00e9rateurs afin d'utiliser une autre carte SIM.<\/p>\n<p>Les tarifs du t\u00e9l\u00e9phone et de l'internet mobile sont \u00e9galement abordables et ne varient pas beaucoup d'un fournisseur \u00e0 l'autre. Pour des tarifs d\u00e9taill\u00e9s, voir les sites web de <a href=\"http:\/\/www.cvtelecom.cv\/\" rel=\"nofollow noopener\" target=\"_blank\">Cabo Verde Telecom<\/a> et <a href=\"https:\/\/www.uniteltmais.cv\/\" rel=\"nofollow noopener\" target=\"_blank\">Unitel T+<\/a>.<\/p>\n<p>Vous pouvez acheter des puces ou des cartes SIM dans les a\u00e9roports internationaux, dans les magasins et aupr\u00e8s des vendeurs ambulants dans les centres-villes. Il est possible de recharger son t\u00e9l\u00e9phone portable dans de nombreux \u00e9tablissements commerciaux, y compris les magasins et les sup\u00e9rettes, ainsi qu'aupr\u00e8s des vendeurs ambulants.<\/p>\n<p>Le WiFi n'\u00e9tant pas disponible partout, vous pouvez opter pour l'achat d'une carte t\u00e9l\u00e9phonique, surtout si vous pr\u00e9voyez de faire beaucoup d'excursions ou d'activit\u00e9s en dehors de l'h\u00f4tel.<\/p>\t\t\t\t\t\t<\/div>\n\t\t\t\t<\/div>\n\t\t\t\t\t<\/div>\n\t\t<\/div>\n\t\t\t\t\t\t\t<\/div>\n\t\t<\/section>\n\t\t\t\t\t\t\t<\/div>","protected":false},"excerpt":{"rendered":"<p>L'indicatif du Cap-Vert est +238 (00238). Les services de communication sont fournis par Cabo Verde Telecom et Unitel T+ Cartes SIM Les services de t\u00e9l\u00e9phonie mobile au Cap-Vert sont tr\u00e8s abordables et il y a une couverture mobile et internet presque partout. Le prix d'une carte SIM [...]<\/p>","protected":false},"author":1,"featured_media":0,"parent":0,"menu_order":0,"comment_status":"closed","ping_status":"closed","template":"","meta":{"footnotes":""},"categories":[23],"tags":[],"class_list":["post-948","page","type-page","status-publish","hentry","category-guia-de-viagem-a-z"],"_links":{"self":[{"href":"https:\/\/feelcaboverde.com\/fr\/wp-json\/wp\/v2\/pages\/948","targetHints":{"allow":["GET"]}}],"collection":[{"href":"https:\/\/feelcaboverde.com\/fr\/wp-json\/wp\/v2\/pages"}],"about":[{"href":"https:\/\/feelcaboverde.com\/fr\/wp-json\/wp\/v2\/types\/page"}],"author":[{"embeddable":true,"href":"https:\/\/feelcaboverde.com\/fr\/wp-json\/wp\/v2\/users\/1"}],"replies":[{"embeddable":true,"href":"https:\/\/feelcaboverde.com\/fr\/wp-json\/wp\/v2\/comments?post=948"}],"version-history":[{"count":12,"href":"https:\/\/feelcaboverde.com\/fr\/wp-json\/wp\/v2\/pages\/948\/revisions"}],"predecessor-version":[{"id":4072,"href":"https:\/\/feelcaboverde.com\/fr\/wp-json\/wp\/v2\/pages\/948\/revisions\/4072"}],"wp:attachment":[{"href":"https:\/\/feelcaboverde.com\/fr\/wp-json\/wp\/v2\/media?parent=948"}],"wp:term":[{"taxonomy":"category","embeddable":true,"href":"https:\/\/feelcaboverde.com\/fr\/wp-json\/wp\/v2\/categories?post=948"},{"taxonomy":"post_tag","embeddable":true,"href":"https:\/\/feelcaboverde.com\/fr\/wp-json\/wp\/v2\/tags?post=948"}],"curies":[{"name":"wp","href":"https:\/\/api.w.org\/{rel}","templated":true}]}}