{"id":932,"date":"2022-05-27T13:17:49","date_gmt":"2022-05-27T13:17:49","guid":{"rendered":"https:\/\/feelcaboverde.com\/?page_id=932"},"modified":"2022-11-30T10:07:51","modified_gmt":"2022-11-30T10:07:51","slug":"bebidas","status":"publish","type":"page","link":"https:\/\/feelcaboverde.com\/fr\/boissons-cap-vert\/","title":{"rendered":"Boissons"},"content":{"rendered":"<div data-elementor-type=\"wp-page\" data-elementor-id=\"932\" class=\"elementor elementor-932\">\n\t\t\t\t\t\t\t\t\t<section data-particle_enable=\"false\" data-particle-mobile-disabled=\"false\" class=\"elementor-section elementor-top-section elementor-element elementor-element-43b54aea elementor-section-boxed elementor-section-height-default elementor-section-height-default\" data-id=\"43b54aea\" data-element_type=\"section\">\n\t\t\t\t\t\t<div class=\"elementor-container elementor-column-gap-default\">\n\t\t\t\t\t<div class=\"elementor-column elementor-col-100 elementor-top-column elementor-element elementor-element-6e42e8a5\" data-id=\"6e42e8a5\" data-element_type=\"column\">\n\t\t\t<div class=\"elementor-widget-wrap elementor-element-populated\">\n\t\t\t\t\t\t\t\t<div class=\"elementor-element elementor-element-56626ddb elementor-widget elementor-widget-text-editor\" data-id=\"56626ddb\" data-element_type=\"widget\" data-widget_type=\"text-editor.default\">\n\t\t\t\t<div class=\"elementor-widget-container\">\n\t\t\t<style>\/*! elementor - v3.7.1 - 14-08-2022 *\/\n.elementor-widget-text-editor.elementor-drop-cap-view-stacked .elementor-drop-cap{background-color:#818a91;color:#fff}.elementor-widget-text-editor.elementor-drop-cap-view-framed .elementor-drop-cap{color:#818a91;border:3px solid;background-color:transparent}.elementor-widget-text-editor:not(.elementor-drop-cap-view-default) .elementor-drop-cap{margin-top:8px}.elementor-widget-text-editor:not(.elementor-drop-cap-view-default) .elementor-drop-cap-letter{width:1em;height:1em}.elementor-widget-text-editor .elementor-drop-cap{float:left;text-align:center;line-height:1;font-size:50px}.elementor-widget-text-editor .elementor-drop-cap-letter{display:inline-block}<\/style>\t\t\t\t<p><strong>Boissons typiques du Cap-Vert<\/strong><\/p><p>Au Cap-Vert, l'alcoolisme est un grave probl\u00e8me de sant\u00e9 publique. Par cons\u00e9quent, en 2019, le Parlement cap-verdien a promulgu\u00e9 la loi sur l'alcool (loi n\u00b0 51\/IX\/2019, du 8 avril) \u00e9tablissant le r\u00e9gime de disponibilit\u00e9, de vente et de consommation de boissons alcoolis\u00e9es dans diff\u00e9rents contextes.<\/p><p>La l\u00e9gislation nationale stipule que<\/p><ul><li>La<strong> L'\u00e2ge minimum pour consommer de l'alcool au Cap-Vert est de 18 ans.<\/strong>.<\/li><li>La vente et la consommation de boissons alcoolis\u00e9es sont autoris\u00e9es dans les lieux suivants<ul><li>les \"\u00e9tablissements commerciaux de restauration ou de d\u00e9bit de boissons\" (bars, restaurants).<\/li><li>\"bo\u00eetes de nuit et \u00e9tablissements similaires\" (discoth\u00e8ques, bo\u00eetes de nuit).<\/li><li>\"les \u00e9tablissements situ\u00e9s dans les ports et les a\u00e9roports dont l'acc\u00e8s est r\u00e9serv\u00e9 aux passagers\", et les \"espaces o\u00f9 se d\u00e9roulent des festivals\".<\/li><\/ul><\/li><li>C'est interdit :<ul><li>La consommation de boissons alcoolis\u00e9es sur la voie publique.<\/li><li>La vente et la mise \u00e0 disposition de boissons alcoolis\u00e9es dans les clubs, les salles de sport, les f\u00eates universitaires, les rassemblements et les \u00e9v\u00e9nements auxquels participent des jeunes et des mineurs (...).<\/li><li>Fournir, vendre et\/ou mettre \u00e0 disposition des boissons alcoolis\u00e9es dans les lieux publics et dans les lieux ouverts au public \u00e0 toute personne \u00e2g\u00e9e de moins de 18 ans, \u00e0 toute personne notoirement ivre ou semblant souffrir de troubles mentaux.<\/li><li>La mise \u00e0 disposition, la vente et la consommation de boissons alcoolis\u00e9es dans les cantines, les kiosques, les \u00e9choppes et les \u00e9piceries, dans les distributeurs automatiques et dans les stations-service situ\u00e9es sur les routes ou en dehors des localit\u00e9s.<\/li><\/ul><\/li><\/ul><p>\u00a0<\/p><p><strong>Questions fr\u00e9quemment pos\u00e9es :<\/strong><\/p><ol><li>Quelles sont les boissons que l'on peut boire pendant les vacances au Cap-Vert ?<\/li><\/ol><p>Pendant leur s\u00e9jour au Cap-Vert, les visiteurs peuvent d\u00e9guster <strong>boissons non alcoolis\u00e9es<\/strong> tels que des jus naturels \u00e0 base de fruits de saison (fruits de la passion, tamarin, papaye, baobab ou calabaceira, mangue, etc.), des th\u00e9s et des th\u00e9s glac\u00e9s (comme le \"bissap\" ou l'hibiscus violet), le caf\u00e9 national de l'\u00eele de Fogo, etc.<\/p><p>Vous pouvez \u00e9galement essayer <strong>boissons alcoolis\u00e9es<\/strong> comme le \"grogue\" ou l'\"aguardente\" (boisson \u00e0 base de canne \u00e0 sucre distill\u00e9e typique du Cap-Vert), divers punchs et liqueurs, la bi\u00e8re nationale \"Strela\", le vin de l'\u00eele de Fogo (produit \u00e0 partir de raisins cultiv\u00e9s sur des sols volcaniques), les caipirinhas, etc. ainsi que d'autres vari\u00e9t\u00e9s import\u00e9es.<\/p>\t\t\t\t\t\t<\/div>\n\t\t\t\t<\/div>\n\t\t\t\t\t<\/div>\n\t\t<\/div>\n\t\t\t\t\t\t\t<\/div>\n\t\t<\/section>\n\t\t\t\t\t\t\t<\/div>","protected":false},"excerpt":{"rendered":"<p>Boissons typiques au Cap-Vert Au Cap-Vert, l'alcoolisme est un grave probl\u00e8me de sant\u00e9 publique. Par cons\u00e9quent, en 2019, le Parlement cap-verdien a promulgu\u00e9 la loi sur l'alcool (loi n\u00b0 51\/IX\/2019, du 8 avril) \u00e9tablissant le r\u00e9gime de disponibilit\u00e9, de vente et de consommation de boissons alcoolis\u00e9es dans diff\u00e9rents contextes. La l\u00e9gislation [...]<\/p>","protected":false},"author":1,"featured_media":0,"parent":0,"menu_order":0,"comment_status":"closed","ping_status":"closed","template":"","meta":{"footnotes":""},"categories":[23],"tags":[],"class_list":["post-932","page","type-page","status-publish","hentry","category-guia-de-viagem-a-z"],"_links":{"self":[{"href":"https:\/\/feelcaboverde.com\/fr\/wp-json\/wp\/v2\/pages\/932","targetHints":{"allow":["GET"]}}],"collection":[{"href":"https:\/\/feelcaboverde.com\/fr\/wp-json\/wp\/v2\/pages"}],"about":[{"href":"https:\/\/feelcaboverde.com\/fr\/wp-json\/wp\/v2\/types\/page"}],"author":[{"embeddable":true,"href":"https:\/\/feelcaboverde.com\/fr\/wp-json\/wp\/v2\/users\/1"}],"replies":[{"embeddable":true,"href":"https:\/\/feelcaboverde.com\/fr\/wp-json\/wp\/v2\/comments?post=932"}],"version-history":[{"count":4,"href":"https:\/\/feelcaboverde.com\/fr\/wp-json\/wp\/v2\/pages\/932\/revisions"}],"predecessor-version":[{"id":936,"href":"https:\/\/feelcaboverde.com\/fr\/wp-json\/wp\/v2\/pages\/932\/revisions\/936"}],"wp:attachment":[{"href":"https:\/\/feelcaboverde.com\/fr\/wp-json\/wp\/v2\/media?parent=932"}],"wp:term":[{"taxonomy":"category","embeddable":true,"href":"https:\/\/feelcaboverde.com\/fr\/wp-json\/wp\/v2\/categories?post=932"},{"taxonomy":"post_tag","embeddable":true,"href":"https:\/\/feelcaboverde.com\/fr\/wp-json\/wp\/v2\/tags?post=932"}],"curies":[{"name":"wp","href":"https:\/\/api.w.org\/{rel}","templated":true}]}}