{"id":924,"date":"2022-05-27T13:14:50","date_gmt":"2022-05-27T13:14:50","guid":{"rendered":"https:\/\/feelcaboverde.com\/?page_id=924"},"modified":"2023-03-16T23:39:13","modified_gmt":"2023-03-16T23:39:13","slug":"animais-perigosos","status":"publish","type":"page","link":"https:\/\/feelcaboverde.com\/fr\/animaux-dangereux-cap-vert\/","title":{"rendered":"Animaux dangereux au Cap-Vert"},"content":{"rendered":"<div data-elementor-type=\"wp-page\" data-elementor-id=\"924\" class=\"elementor elementor-924\">\n\t\t\t\t\t\t\t\t\t<section data-particle_enable=\"false\" data-particle-mobile-disabled=\"false\" class=\"elementor-section elementor-top-section elementor-element elementor-element-43b54aea elementor-section-boxed elementor-section-height-default elementor-section-height-default\" data-id=\"43b54aea\" data-element_type=\"section\">\n\t\t\t\t\t\t<div class=\"elementor-container elementor-column-gap-default\">\n\t\t\t\t\t<div class=\"elementor-column elementor-col-100 elementor-top-column elementor-element elementor-element-6e42e8a5\" data-id=\"6e42e8a5\" data-element_type=\"column\">\n\t\t\t<div class=\"elementor-widget-wrap elementor-element-populated\">\n\t\t\t\t\t\t\t\t<div class=\"elementor-element elementor-element-56626ddb elementor-widget elementor-widget-text-editor\" data-id=\"56626ddb\" data-element_type=\"widget\" data-widget_type=\"text-editor.default\">\n\t\t\t\t<div class=\"elementor-widget-container\">\n\t\t\t<style>\/*! elementor - v3.7.1 - 14-08-2022 *\/\n.elementor-widget-text-editor.elementor-drop-cap-view-stacked .elementor-drop-cap{background-color:#818a91;color:#fff}.elementor-widget-text-editor.elementor-drop-cap-view-framed .elementor-drop-cap{color:#818a91;border:3px solid;background-color:transparent}.elementor-widget-text-editor:not(.elementor-drop-cap-view-default) .elementor-drop-cap{margin-top:8px}.elementor-widget-text-editor:not(.elementor-drop-cap-view-default) .elementor-drop-cap-letter{width:1em;height:1em}.elementor-widget-text-editor .elementor-drop-cap{float:left;text-align:center;line-height:1;font-size:50px}.elementor-widget-text-editor .elementor-drop-cap-letter{display:inline-block}<\/style>\t\t\t\t<p>La faune nationale du Cap-Vert est tr\u00e8s paisible. Il n'y a pas de grands pr\u00e9dateurs ni de serpents sur le territoire et les animaux venimeux sont rares.<\/p><p><strong>Araign\u00e9es<\/strong><\/p><p>Il y a des araign\u00e9es au Cap-Vert, mais elles ne sont pas tr\u00e8s fr\u00e9quentes dans les villes.<\/p><p>Apr\u00e8s les pluies, surtout \u00e0 l'int\u00e9rieur des terres, il est fr\u00e9quent de voir des grappes d'araign\u00e9es suspendues aux arbres.<\/p><p>Bien que les piq\u00fbres d'araign\u00e9es ne soient pas souvent signal\u00e9es, il faut \u00e9viter de les toucher, surtout si l'on ne conna\u00eet pas l'esp\u00e8ce.<\/p><p><strong>Mille-pattes ou lacraides<\/strong><\/p><p>Il y a des mille-pattes au Cap-Vert, mais ils ne sont pas communs. Ces arthropodes terrestres rampants sont observ\u00e9s occasionnellement, en particulier dans les endroits sombres et humides ou avec un peu de v\u00e9g\u00e9tation.<\/p><p>La piq\u00fbre peut \u00eatre douloureuse et provoquer un gonflement et une rougeur de la peau. L'application d'une poche de glace peut aider \u00e0 soulager les sympt\u00f4mes. Ceux-ci ne durent g\u00e9n\u00e9ralement pas plus de 48 heures.<\/p><p><strong>Oursins<\/strong><\/p><p>Les oursins sont des animaux globuleux \u00e9pineux que l'on trouve fr\u00e9quemment sur les rochers et les pierres de certaines plages. Il est d\u00e9conseill\u00e9 de marcher pieds nus sous l'eau ou sur les rochers et les pierres o\u00f9 il y a des oursins. Le contact avec les \u00e9pines de l'oursin peut provoquer une douloureuse piq\u00fbre.<\/p><p>Si vous marchez sur un oursin, essayez d'enlever imm\u00e9diatement les \u00e9pines. L'application de compresses avec du vinaigre peut aider \u00e0 les enlever. Si les \u00e9pines sont profondes, vous devrez peut-\u00eatre vous rendre dans un centre de sant\u00e9 local pour les faire enlever. Les \u00e9pines non retir\u00e9es peuvent provoquer une inflammation et une douleur prolong\u00e9e.<\/p><p><strong>Caravela-portuguesa ou garrafa-azula- <\/strong><\/p><p>Les caravelles portugaises sont des organismes flottants qui d\u00e9rivent dans l'oc\u00e9an, pouss\u00e9s par les vents. \u00c9galement appel\u00e9es \"bouteilles bleues\" en raison de la couleur bleut\u00e9e qu'elles prennent parfois, ces cr\u00e9atures peuvent sembler attrayantes, mais elles sont tr\u00e8s dangereuses !<\/p><p>Bien qu'ils soient rares au Cap-Vert, on a signal\u00e9 leur pr\u00e9sence sur certaines plages dans le pass\u00e9. Occasionnellement, ils ont \u00e9t\u00e9 vus morts, rejet\u00e9s sur le rivage par le courant.<\/p><p>Malgr\u00e9 leur beaut\u00e9 et leur aspect inoffensif, il convient de s'en tenir \u00e9loign\u00e9, m\u00eame s'ils sont morts. Les caravelles portugaises ont des tentacules qui lib\u00e8rent une toxine provoquant une douleur intense, une br\u00fblure locale et des r\u00e9actions allergiques graves avec un risque d'arythmie cardiaque.<\/p><p>Si vous entrez en contact avec des caravelles portugaises, prenez les pr\u00e9cautions n\u00e9cessaires. <a href=\"https:\/\/www.natgeo.pt\/animais\/2018\/06\/caravela-portuguesa-saiba-porque-e-tao-temida\" rel=\"nofollow noopener\" target=\"_blank\">les pr\u00e9cautions suivantes<\/a>:<\/p><ul><li>Lavez soigneusement la zone affect\u00e9e avec de l'eau de mer sans frotter.<\/li><li>Retirer les tentacules de la peau \u00e0 l'aide d'un instrument en plastique.<\/li><li>Si possible, appliquez du vinaigre ou une compresse chaude sur la zone concern\u00e9e. N'utilisez jamais d'alcool ou d'ammoniaque !<\/li><li>Consulter imm\u00e9diatement un m\u00e9decin.<\/li><\/ul><p>\u00a0<strong>Requins<\/strong><\/p><p>Le Cap-Vert est une r\u00e9gion extr\u00eamement importante pour plusieurs esp\u00e8ces de requins et de raies dans l'Atlantique du Nord-Est, abritant plus de <a href=\"https:\/\/shark.swiss\/projects\/current\/cape-verde\" rel=\"nofollow noopener\" target=\"_blank\">60 esp\u00e8ces<\/a> les requins et les raies.<\/p><p>Malgr\u00e9 cela, les attaques de requins sont tr\u00e8s rares au Cap-Vert. <a href=\"https:\/\/www.dexamsabi.com\/2015\/09\/santiago-jovem-atacado-por-tubarao-em.html\" rel=\"nofollow noopener\" target=\"_blank\">un cas rapport\u00e9 dans les m\u00e9dias<\/a> au cours des dix derni\u00e8res ann\u00e9es.<\/p><p><strong>Conseil<\/strong>Sur l'\u00eele de Sal, <strong>\u00e0 Sharkbay, vous pouvez observer et nager avec des requins citron<\/strong>qui sont des esp\u00e8ces inoffensives. Une exp\u00e9rience que !<\/p><p><strong>Questions fr\u00e9quemment pos\u00e9es :<\/strong><\/p><ol><li>Y a-t-il des serpents au Cap-Vert ?<\/li><\/ol><p>Il n'y a pas de serpents sur les \u00eeles du Cap-Vert ! On a rarement trouv\u00e9 des serpents dans le pays, peut-\u00eatre apport\u00e9s par les porte-conteneurs.<\/p>\t\t\t\t\t\t<\/div>\n\t\t\t\t<\/div>\n\t\t\t\t\t<\/div>\n\t\t<\/div>\n\t\t\t\t\t\t\t<\/div>\n\t\t<\/section>\n\t\t\t\t\t\t\t<\/div>","protected":false},"excerpt":{"rendered":"<p>La faune nationale du Cap-Vert est tr\u00e8s paisible. Il n'y a pas de grands pr\u00e9dateurs ou de serpents sur le territoire et les animaux venimeux sont rares. Araign\u00e9es Il y a des araign\u00e9es au Cap-Vert, mais elles ne sont pas tr\u00e8s fr\u00e9quentes dans les villes. Apr\u00e8s les pluies, surtout \u00e0 l'int\u00e9rieur des terres, il est courant de voir des grappes d'araign\u00e9es suspendues aux arbres. Bien qu'elles ne soient pas [...]<\/p>","protected":false},"author":1,"featured_media":0,"parent":0,"menu_order":0,"comment_status":"closed","ping_status":"closed","template":"","meta":{"footnotes":""},"categories":[23],"tags":[],"class_list":["post-924","page","type-page","status-publish","hentry","category-guia-de-viagem-a-z"],"_links":{"self":[{"href":"https:\/\/feelcaboverde.com\/fr\/wp-json\/wp\/v2\/pages\/924","targetHints":{"allow":["GET"]}}],"collection":[{"href":"https:\/\/feelcaboverde.com\/fr\/wp-json\/wp\/v2\/pages"}],"about":[{"href":"https:\/\/feelcaboverde.com\/fr\/wp-json\/wp\/v2\/types\/page"}],"author":[{"embeddable":true,"href":"https:\/\/feelcaboverde.com\/fr\/wp-json\/wp\/v2\/users\/1"}],"replies":[{"embeddable":true,"href":"https:\/\/feelcaboverde.com\/fr\/wp-json\/wp\/v2\/comments?post=924"}],"version-history":[{"count":9,"href":"https:\/\/feelcaboverde.com\/fr\/wp-json\/wp\/v2\/pages\/924\/revisions"}],"predecessor-version":[{"id":4063,"href":"https:\/\/feelcaboverde.com\/fr\/wp-json\/wp\/v2\/pages\/924\/revisions\/4063"}],"wp:attachment":[{"href":"https:\/\/feelcaboverde.com\/fr\/wp-json\/wp\/v2\/media?parent=924"}],"wp:term":[{"taxonomy":"category","embeddable":true,"href":"https:\/\/feelcaboverde.com\/fr\/wp-json\/wp\/v2\/categories?post=924"},{"taxonomy":"post_tag","embeddable":true,"href":"https:\/\/feelcaboverde.com\/fr\/wp-json\/wp\/v2\/tags?post=924"}],"curies":[{"name":"wp","href":"https:\/\/api.w.org\/{rel}","templated":true}]}}