{"id":916,"date":"2022-05-27T13:12:54","date_gmt":"2022-05-27T13:12:54","guid":{"rendered":"https:\/\/feelcaboverde.com\/?page_id=916"},"modified":"2025-02-13T00:35:23","modified_gmt":"2025-02-13T00:35:23","slug":"alfandegas-e-regulamentos","status":"publish","type":"page","link":"https:\/\/feelcaboverde.com\/fr\/douanes-et-reglements-cap-vert\/","title":{"rendered":"Douanes et r\u00e9glementations Cap-Vert"},"content":{"rendered":"<div data-elementor-type=\"wp-page\" data-elementor-id=\"916\" class=\"elementor elementor-916\">\n\t\t\t\t\t\t\t\t\t<section data-particle_enable=\"false\" data-particle-mobile-disabled=\"false\" class=\"elementor-section elementor-top-section elementor-element elementor-element-43b54aea elementor-section-boxed elementor-section-height-default elementor-section-height-default\" data-id=\"43b54aea\" data-element_type=\"section\">\n\t\t\t\t\t\t<div class=\"elementor-container elementor-column-gap-default\">\n\t\t\t\t\t<div class=\"elementor-column elementor-col-100 elementor-top-column elementor-element elementor-element-6e42e8a5\" data-id=\"6e42e8a5\" data-element_type=\"column\">\n\t\t\t<div class=\"elementor-widget-wrap elementor-element-populated\">\n\t\t\t\t\t\t\t\t<div class=\"elementor-element elementor-element-56626ddb elementor-widget elementor-widget-text-editor\" data-id=\"56626ddb\" data-element_type=\"widget\" data-widget_type=\"text-editor.default\">\n\t\t\t\t<div class=\"elementor-widget-container\">\n\t\t\t<style>\/*! elementor - v3.7.1 - 14-08-2022 *\/\n.elementor-widget-text-editor.elementor-drop-cap-view-stacked .elementor-drop-cap{background-color:#818a91;color:#fff}.elementor-widget-text-editor.elementor-drop-cap-view-framed .elementor-drop-cap{color:#818a91;border:3px solid;background-color:transparent}.elementor-widget-text-editor:not(.elementor-drop-cap-view-default) .elementor-drop-cap{margin-top:8px}.elementor-widget-text-editor:not(.elementor-drop-cap-view-default) .elementor-drop-cap-letter{width:1em;height:1em}.elementor-widget-text-editor .elementor-drop-cap{float:left;text-align:center;line-height:1;font-size:50px}.elementor-widget-text-editor .elementor-drop-cap-letter{display:inline-block}<\/style>\t\t\t\t<h3><b>Douanes et r\u00e9glementation douani\u00e8re au Cap-Vert : ce que vous pouvez apporter sans frais<\/b><\/h3><p><span style=\"font-weight: 400;\">Si vous pr\u00e9voyez un voyage \u00e0 <a href=\"https:\/\/feelcaboverde.com\/fr\/cap-vert\/\">Cap Vert<\/a>Il est essentiel de conna\u00eetre les r\u00e8gles douani\u00e8res pour \u00e9viter toute m\u00e9saventure lors de l'entr\u00e9e dans le pays. Ce guide d\u00e9taille les marchandises qui peuvent \u00eatre introduites en franchise de droits, les limites autoris\u00e9es et les restrictions qui s'appliquent.<\/span><\/p><p><span style=\"font-weight: 400;\">\u00a0<\/span><\/p><h4><b>Articles hors taxes au Cap-Vert<\/b><\/h4><p><span style=\"font-weight: 400;\">Les voyageurs peuvent apporter des bagages au Cap-Vert sans payer de taxes :<\/span><\/p><ul><li style=\"font-weight: 400;\" aria-level=\"1\"><span style=\"font-weight: 400;\">V\u00eatements et articles personnels ;<\/span><\/li><li style=\"font-weight: 400;\" aria-level=\"1\"><span style=\"font-weight: 400;\">Livres ;<\/span><\/li><li style=\"font-weight: 400;\" aria-level=\"1\"><span style=\"font-weight: 400;\">Outils, instruments et ustensiles portatifs li\u00e9s \u00e0 votre profession.<\/span><\/li><\/ul><h2><b style=\"color: inherit; font-family: inherit; font-size: 1.5rem; text-align: var(--text-align);\">\u00a0<\/b><\/h2><h2><b style=\"color: inherit; font-family: inherit; font-size: 1.5rem; text-align: var(--text-align);\">Marchandises admises en franchise de droits<\/b><\/h2><p><span style=\"font-weight: 400;\">Outre les objets personnels, les produits suivants peuvent \u00eatre introduits au Cap-Vert en franchise de droits de douane, \u00e0 condition que leur quantit\u00e9 soit compatible avec la dur\u00e9e du voyage et le profil du voyageur :<\/span><\/p><p><span style=\"font-weight: 400;\">\u00a0<\/span><\/p><h4><b>\u00c9lectronique et \u00e9quipement personnel<\/b><\/h4><ul><li style=\"font-weight: 400;\" aria-level=\"1\"><span style=\"font-weight: 400;\">1 appareil photo et jusqu'\u00e0 5 pellicules ;<\/span><\/li><li style=\"font-weight: 400;\" aria-level=\"1\"><span style=\"font-weight: 400;\">1 appareil photo portable et 2 bobines de film ;<\/span><\/li><li style=\"font-weight: 400;\" aria-level=\"1\"><span style=\"font-weight: 400;\">1 paire de jumelles ;<\/span><\/li><li style=\"font-weight: 400;\" aria-level=\"1\"><span style=\"font-weight: 400;\">1 instrument de musique portable ;<\/span><\/li><li style=\"font-weight: 400;\" aria-level=\"1\"><span style=\"font-weight: 400;\">1 appareil de reproduction sonore et jusqu'\u00e0 10 supports sonores ;<\/span><\/li><li style=\"font-weight: 400;\" aria-level=\"1\"><span style=\"font-weight: 400;\">1 r\u00e9cepteur radio portable ;<\/span><\/li><li style=\"font-weight: 400;\" aria-level=\"1\"><span style=\"font-weight: 400;\">1 t\u00e9l\u00e9viseur portable ;<\/span><\/li><li style=\"font-weight: 400;\" aria-level=\"1\"><span style=\"font-weight: 400;\">1 machine \u00e0 \u00e9crire portable ;<\/span><\/li><li style=\"font-weight: 400;\" aria-level=\"1\"><span style=\"font-weight: 400;\">1 ordinateur portable et\/ou iPad, tablette ou \u00e9quipement similaire.<\/span><\/li><\/ul><h3><b>\u00a0<\/b><\/h3><h4><b>Articles pour enfants et personnes ayant des besoins particuliers<\/b><\/h4><ul><li style=\"font-weight: 400;\" aria-level=\"1\"><span style=\"font-weight: 400;\">1 poussette ;<\/span><\/li><li style=\"font-weight: 400;\" aria-level=\"1\"><span style=\"font-weight: 400;\">1 fauteuil roulant pour un passager malade.<\/span><\/li><\/ul><h3><b>\u00a0<\/b><\/h3><h4><b>\u00c9quipements de loisirs et de sport<\/b><\/h4><ul><li style=\"font-weight: 400;\" aria-level=\"1\"><span style=\"font-weight: 400;\">1 v\u00e9lo sans moteur ;<\/span><\/li><li style=\"font-weight: 400;\" aria-level=\"1\"><span style=\"font-weight: 400;\">1 tente et mat\u00e9riel de camping ;<\/span><\/li><li style=\"font-weight: 400;\" aria-level=\"1\"><span style=\"font-weight: 400;\">Articles de sport tels que<\/span><ul><li style=\"font-weight: 400;\" aria-level=\"2\"><span style=\"font-weight: 400;\">1 jeu de mat\u00e9riel de p\u00eache ;<\/span><\/li><li style=\"font-weight: 400;\" aria-level=\"2\"><span style=\"font-weight: 400;\">1 cano\u00eb ou kayak d'une longueur maximale de 5,5 m\u00e8tres ;<\/span><\/li><li style=\"font-weight: 400;\" aria-level=\"2\"><span style=\"font-weight: 400;\">2 raquettes de tennis et autres articles similaires.<\/span><\/li><\/ul><\/li><\/ul><h3><b>\u00a0<\/b><\/h3><h4><b>Boissons et tabac (limite hors taxes)<\/b><\/h4><ul><li style=\"font-weight: 400;\" aria-level=\"1\"><span style=\"font-weight: 400;\">200 cigarettes, ou 50 cigares, ou 250 g de tabac (ou un m\u00e9lange de ces produits, \u00e0 condition que le poids ne d\u00e9passe pas 250 g) ;<\/span><\/li><li style=\"font-weight: 400;\" aria-level=\"1\"><span style=\"font-weight: 400;\">2 litres de vin ;<\/span><\/li><li style=\"font-weight: 400;\" aria-level=\"1\"><span style=\"font-weight: 400;\">1 litre de spiritueux ;<\/span><\/li><li style=\"font-weight: 400;\" aria-level=\"1\"><span style=\"font-weight: 400;\">250ml d'eau de cologne et 50g de parfum.<\/span><\/li><\/ul><h3><b>\u00a0<\/b><\/h3><h4><b>M\u00e9dicaments<\/b><\/h4><ul><li style=\"font-weight: 400;\" aria-level=\"1\"><span style=\"font-weight: 400;\">Quantit\u00e9 correspondant aux besoins personnels du voyageur.<\/span><\/li><\/ul><h2><b>\u00a0<\/b><\/h2><h4><b>Produits restreints ou interdits<\/b><\/h4><p><span style=\"font-weight: 400;\">Certains produits n\u00e9cessitent des documents sp\u00e9cifiques pour entrer au Cap-Vert :<\/span><\/p><ul><li style=\"font-weight: 400;\" aria-level=\"1\"><span style=\"font-weight: 400;\">Les animaux, les plantes et les produits d'origine animale doivent faire l'objet de certificats sanitaires et phytosanitaires.<\/span><\/li><li style=\"font-weight: 400;\" aria-level=\"1\"><span style=\"font-weight: 400;\">Les substances illicites et les mat\u00e9riaux \u00e0 risque sont interdits.<\/span><\/li><\/ul><h4><b>\u00a0<\/b><\/h4><h4><b>Plus d'informations<\/b><\/h4><p><span style=\"font-weight: 400;\">Pour plus de d\u00e9tails sur les r\u00e9glementations douani\u00e8res, voir le site<\/span><a href=\"https:\/\/mf.gov.cv\/web\/dnre\/direca-geral-das-alfandegas\" rel=\"nofollow noopener\" target=\"_blank\"> <b>Direction g\u00e9n\u00e9rale des douanes<\/b><\/a> <span style=\"font-weight: 400;\">ou la l\u00e9gislation applicable<\/span><b> (<\/b><a href=\"https:\/\/mf.gov.cv\/web\/dnre\/legislacao\/-\/document_library\/kawUcttkhMXD\/view_file\/65448?_com_liferay_document_library_web_portlet_DLPortlet_INSTANCE_kawUcttkhMXD_redirect=https%3A%2F%2Fmf.gov.cv%2Fweb%2Fdnre%2Flegislacao%2F-%2Fdocument_library%2FkawUcttkhMXD%2Fview%2F63592\" rel=\"nofollow noopener\" target=\"_blank\"><b>D\u00e9cret-loi n\u00b0 139\/91, du 5 octobre, et article 200 du d\u00e9cret-loi n\u00b0 23\/2014, du 2 avril.<\/b><\/a><b>).<\/b><\/p><p><span style=\"font-weight: 400;\">Le fait d'\u00eatre bien inform\u00e9 sur les r\u00e8gles douani\u00e8res du Cap-Vert garantit une entr\u00e9e en douceur dans le pays et permet d'\u00e9viter les probl\u00e8mes avec la douane. Bon voyage !<\/span><\/p>\t\t\t\t\t\t<\/div>\n\t\t\t\t<\/div>\n\t\t\t\t\t<\/div>\n\t\t<\/div>\n\t\t\t\t\t\t\t<\/div>\n\t\t<\/section>\n\t\t\t\t\t\t\t<\/div>","protected":false},"excerpt":{"rendered":"<p>Douanes et r\u00e8gles douani\u00e8res au Cap-Vert : ce que vous pouvez apporter en franchise de droits Si vous pr\u00e9voyez un voyage au Cap-Vert, il est essentiel de conna\u00eetre les r\u00e8gles douani\u00e8res afin d'\u00e9viter toute m\u00e9saventure \u00e0 l'entr\u00e9e du pays. Ce guide d\u00e9taille les marchandises qui peuvent \u00eatre introduites en franchise, les limites autoris\u00e9es et les restrictions qui s'appliquent. [...]<\/p>","protected":false},"author":1,"featured_media":0,"parent":0,"menu_order":0,"comment_status":"closed","ping_status":"closed","template":"","meta":{"footnotes":""},"categories":[23],"tags":[],"class_list":["post-916","page","type-page","status-publish","hentry","category-guia-de-viagem-a-z"],"_links":{"self":[{"href":"https:\/\/feelcaboverde.com\/fr\/wp-json\/wp\/v2\/pages\/916","targetHints":{"allow":["GET"]}}],"collection":[{"href":"https:\/\/feelcaboverde.com\/fr\/wp-json\/wp\/v2\/pages"}],"about":[{"href":"https:\/\/feelcaboverde.com\/fr\/wp-json\/wp\/v2\/types\/page"}],"author":[{"embeddable":true,"href":"https:\/\/feelcaboverde.com\/fr\/wp-json\/wp\/v2\/users\/1"}],"replies":[{"embeddable":true,"href":"https:\/\/feelcaboverde.com\/fr\/wp-json\/wp\/v2\/comments?post=916"}],"version-history":[{"count":13,"href":"https:\/\/feelcaboverde.com\/fr\/wp-json\/wp\/v2\/pages\/916\/revisions"}],"predecessor-version":[{"id":5112,"href":"https:\/\/feelcaboverde.com\/fr\/wp-json\/wp\/v2\/pages\/916\/revisions\/5112"}],"wp:attachment":[{"href":"https:\/\/feelcaboverde.com\/fr\/wp-json\/wp\/v2\/media?parent=916"}],"wp:term":[{"taxonomy":"category","embeddable":true,"href":"https:\/\/feelcaboverde.com\/fr\/wp-json\/wp\/v2\/categories?post=916"},{"taxonomy":"post_tag","embeddable":true,"href":"https:\/\/feelcaboverde.com\/fr\/wp-json\/wp\/v2\/tags?post=916"}],"curies":[{"name":"wp","href":"https:\/\/api.w.org\/{rel}","templated":true}]}}