{"id":3352,"date":"2022-11-30T12:53:07","date_gmt":"2022-11-30T12:53:07","guid":{"rendered":"https:\/\/feelcaboverde.com\/?page_id=3352"},"modified":"2025-02-15T18:48:39","modified_gmt":"2025-02-15T18:48:39","slug":"povo-e-morabeza-2","status":"publish","type":"page","link":"https:\/\/feelcaboverde.com\/fr\/peuple-et-morabeza\/","title":{"rendered":"Peuples et Morabeza du Cap-Vert"},"content":{"rendered":"<div data-elementor-type=\"wp-page\" data-elementor-id=\"3352\" class=\"elementor elementor-3352\">\n\t\t\t\t\t\t\t\t\t<section data-particle_enable=\"false\" data-particle-mobile-disabled=\"false\" class=\"elementor-section elementor-top-section elementor-element elementor-element-7d82efc1 elementor-section-boxed elementor-section-height-default elementor-section-height-default\" data-id=\"7d82efc1\" data-element_type=\"section\">\n\t\t\t\t\t\t<div class=\"elementor-container elementor-column-gap-default\">\n\t\t\t\t\t<div class=\"elementor-column elementor-col-100 elementor-top-column elementor-element elementor-element-6e6df1f9\" data-id=\"6e6df1f9\" data-element_type=\"column\">\n\t\t\t<div class=\"elementor-widget-wrap elementor-element-populated\">\n\t\t\t\t\t\t\t\t<div class=\"elementor-element elementor-element-7a23810c elementor-widget elementor-widget-text-editor\" data-id=\"7a23810c\" data-element_type=\"widget\" data-widget_type=\"text-editor.default\">\n\t\t\t\t<div class=\"elementor-widget-container\">\n\t\t\t<style>\/*! elementor - v3.7.1 - 14-08-2022 *\/\n.elementor-widget-text-editor.elementor-drop-cap-view-stacked .elementor-drop-cap{background-color:#818a91;color:#fff}.elementor-widget-text-editor.elementor-drop-cap-view-framed .elementor-drop-cap{color:#818a91;border:3px solid;background-color:transparent}.elementor-widget-text-editor:not(.elementor-drop-cap-view-default) .elementor-drop-cap{margin-top:8px}.elementor-widget-text-editor:not(.elementor-drop-cap-view-default) .elementor-drop-cap-letter{width:1em;height:1em}.elementor-widget-text-editor .elementor-drop-cap{float:left;text-align:center;line-height:1;font-size:50px}.elementor-widget-text-editor .elementor-drop-cap-letter{display:inline-block}<\/style>\t\t\t\t<h3><b>Morabeza : l'esprit d'accueil du peuple cap-verdien<\/b><\/h3><div><b>\u00a0<\/b><\/div><h4><strong style=\"color: inherit; font-family: inherit; font-size: 1.5rem; text-align: var(--text-align);\">1. Qu'est-ce que Morabeza ?<\/strong><\/h4><p data-sourcepos=\"5:1-5:444\">Le mot \"morabeza\" est un r\u00e9gionalisme cap-verdien d\u00e9riv\u00e9 de la langue cr\u00e9ole qui repr\u00e9sente le \"peuple\" du Cap-Vert. <b>la gentillesse dans les relations, l'affection spontan\u00e9e, la nostalgie de ceux qui ne sont pas encore partis, la cadence calme et le sourire facile qui caract\u00e9risent les Capverdiens<\/b>. Morabeza est bien plus qu'une simple hospitalit\u00e9 ou amabilit\u00e9. Il s'agit d'un vaste concept, d'une philosophie de vie ancr\u00e9e dans le quotidien des habitants des \u00eeles.\u00a0<\/p><p data-sourcepos=\"5:1-5:444\">C'est un sentiment qui transcende les d\u00e9finitions et qui s'exprime d'une mani\u00e8re unique en <a href=\"https:\/\/feelcaboverde.com\/fr\/cap-vert\/\">Cap Vert<\/a>.<\/p><p data-sourcepos=\"7:1-7:256\">La morabeza est le signe distinctif du peuple cap-verdien. C'est ce qui nous d\u00e9finit, ce qui nous distingue, ce qui nous rend si uniques. C'est une invitation \u00e0 ralentir, \u00e0 appr\u00e9cier les choses simples de la vie, \u00e0 entrer en contact avec les autres de mani\u00e8re authentique et sinc\u00e8re.<\/p><p data-sourcepos=\"7:1-7:256\">\u00a0<\/p><p data-sourcepos=\"7:1-7:256\"><strong style=\"color: inherit; font-family: inherit; font-size: 1.5rem; text-align: var(--text-align);\">2. Le contexte historique et culturel de Morabeza<\/strong><\/p><p data-sourcepos=\"11:1-11:317\">Le Cap-Vert est n\u00e9 sous le signe de la saudade et de la morabeza, des sentiments qui se compl\u00e8tent et qui d\u00e9finissent l'identit\u00e9 du peuple cap-verdien. Selon la <a href=\"https:\/\/api.eciencia.cv\/server\/api\/core\/bitstreams\/01855921-646a-4050-9e0f-20ef727a21ab\/content\" rel=\"nofollow noopener\" target=\"_blank\">les universitaires<\/a>Ces caract\u00e9ristiques sont l'inverse de l'esprit qui caract\u00e9rise le mieux l'homme cap-verdien : expansif, facile \u00e0 vivre et ouvert aux autres.<\/p><p data-sourcepos=\"13:1-13:487\">Morabeza est devenu un \u00e9l\u00e9ment essentiel dans la construction de la <a href=\"https:\/\/feelcaboverde.com\/fr\/symboles-nationaux-du-cap-vert\/\">l'identit\u00e9 nationale<\/a>Elle a contribu\u00e9 \u00e0 unir un archipel d'\u00eeles aux r\u00e9alit\u00e9s diff\u00e9rentes. Cette cordialit\u00e9 cr\u00e9ole a cr\u00e9\u00e9 des ponts entre les diff\u00e9rences et renforc\u00e9 les liens communautaires, permettant un esprit d'accueil qui se refl\u00e8te \u00e0 la fois dans les relations interpersonnelles et dans la stabilit\u00e9 sociale et politique du pays. Cette caract\u00e9ristique socioculturelle se traduit par une \"disposition psychologique d\u00e9mocratique\" qui renforce la coh\u00e9sion nationale.<\/p><p data-sourcepos=\"15:1-15:416\">En outre, le Cap-Verdien a cultiv\u00e9, tout au long de sa vie, une culture de l'art et de la culture. <a href=\"https:\/\/feelcaboverde.com\/fr\/histoire-du-cap-vert\/\">l'histoire<\/a>C'est une relation de proximit\u00e9 et de respect de l'autre. Cette pr\u00e9disposition \u00e0 l'hospitalit\u00e9 ne se limite pas aux interactions au sein de l'archipel, mais s'\u00e9tend \u00e9galement \u00e0 la diaspora, o\u00f9 la nostalgie devient un lien avec la patrie. Les \u00e9migrants emportent avec eux les morabeza, recr\u00e9ant ainsi l'essence de la chaleur humaine des \u00eeles dans d'autres territoires.<\/p><h4>\u00a0<\/h4><h4><strong>3. Comment la Morabeza se manifeste dans la vie quotidienne au Cap-Vert<\/strong><\/h4><p data-sourcepos=\"19:1-19:123\">La moralit\u00e9 est pr\u00e9sente dans les petites actions quotidiennes. Il ne s'agit pas d'un concept abstrait, mais de quelque chose que l'on ressent et que l'on vit. Elle est pr\u00e9sente dans les petites actions quotidiennes :<\/p><ul><li data-start=\"2540\" data-end=\"2624\">Le vendeur de fruits qui vous offre un cadeau avec un sourire et un commentaire amusant.<\/li><li data-start=\"2625\" data-end=\"2774\">Dans le cadre de la <span data-start=\"2643\" data-end=\"2652\"><i>hiace<\/i><\/span> (transports publics) qui, m\u00eame dans la cohue, trouve le temps de plaisanter ou de discuter avec les passagers.<\/li><li data-start=\"2775\" data-end=\"2841\">Le p\u00eacheur qui offre un poisson fra\u00eechement p\u00each\u00e9 \u00e0 une connaissance.<\/li><li data-start=\"2842\" data-end=\"2895\">Salutations spontan\u00e9es dans la rue.<\/li><li data-start=\"2896\" data-end=\"3035\">En <a href=\"https:\/\/feelcaboverde.com\/fr\/art-et-culture\/\">F\u00eates populaires<\/a>C'est le sentiment d'appartenance qui unit les gens, quelle que soit l'\u00eele d'o\u00f9 ils viennent ou o\u00f9 ils vont. C'est le sentiment d'appartenance qui unit les gens, quelle que soit l'\u00eele d'o\u00f9 ils viennent ou o\u00f9 ils vont. C'est le sentiment d'appartenance qui unit les gens, quelle que soit l'\u00eele d'o\u00f9 ils viennent ou o\u00f9 ils vont.<\/li><\/ul><div><span style=\"font-family: var( --e-global-typography-text-font-family ), Sans-serif; font-size: 1rem; font-weight: var( --e-global-typography-text-font-weight ); text-align: var(--text-align);\">La Morabeza se traduit par un accueil chaleureux, par la bienveillance et la proximit\u00e9, par le partage et, surtout, par un rythme sans pr\u00e9cipitation. Car ici, au Cap-Vert, le temps a son propre rythme. Sans stress ni pr\u00e9cipitation, la vie s'\u00e9coule en harmonie avec les relations humaines : la conversation au coin de la rue, la salutation \u00e0 un \u00e9tranger et la pause pour \"conta um coza\" (raconter quelque chose) sont autant d'expressions de ce mode de vie.<\/span><\/div><p data-sourcepos=\"21:1-21:552\"><span style=\"font-family: var( --e-global-typography-text-font-family ), Sans-serif; font-weight: var( --e-global-typography-text-font-weight ); text-align: var(--text-align); font-size: 1rem;\">\u00a0<\/span><\/p><h4><strong>4. Morabeza aujourd'hui<\/strong><\/h4><p data-start=\"3424\" data-end=\"3678\">Comme toute soci\u00e9t\u00e9, le Cap-Vert est confront\u00e9 \u00e0 des changements. La dynamique socioculturelle, en particulier dans les zones urbaines, a engendr\u00e9 de nouveaux d\u00e9fis. La mondialisation et la num\u00e9risation croissante des jeunes ont modifi\u00e9 certaines habitudes et formes d'interaction.<\/p><p data-start=\"3680\" data-end=\"3877\">Malgr\u00e9 cela, la morabeza reste latente. M\u00eame en pleine modernisation, l'essence de cet esprit d'accueil demeure dans la mani\u00e8re dont les Capverdiens se comportent et accueillent ceux qui arrivent.<\/p><h4>\u00a0<\/h4><h4 style=\"font-family: Helvetica, sans-serif; color: #000000;\"><span style=\"font-weight: bolder;\">Conclusion<\/span><\/h4><p data-sourcepos=\"31:1-31:221\">La morabeza cap-verdienne n'est pas seulement un attribut du peuple, mais un v\u00e9ritable patrimoine immat\u00e9riel. C'est une fa\u00e7on d'\u00eatre et d'\u00eatre au monde, une marque qui distingue le Cap-Vert et qui devient inoubliable pour ceux qui en font l'exp\u00e9rience.<\/p><p data-sourcepos=\"33:1-33:122\">Morabeza fait partie de ce qui nous fait nous sentir capverdiens par-dessus tout, o\u00f9 que nous soyons dans le monde !<\/p><p data-sourcepos=\"35:1-35:295\">Si vous venez au Cap-Vert, ne vous attendez pas \u00e0 trouver un paradis intact. Attendez-vous \u00e0 trouver des gens en chair et en os, avec leurs probl\u00e8mes et leurs joies, mais qui portent la morabeza - cette bonne \u00e9nergie - dans leur c\u0153ur. C'est l\u00e0 toute la magie des \u00eeles : une invitation \u00e0 un contact humain authentique, sans h\u00e2te et sans r\u00e9serve.<\/p><p data-sourcepos=\"35:1-35:295\">\u00a0<\/p><h4><b>Extra : Signification de Morabeza Segundo <a href=\"https:\/\/www.facebook.com\/morabeza.turismo\/posts\/o-que-%C3%A9-a-morabeza\/1091760067534246\/\" rel=\"nofollow noopener\" target=\"_blank\">Visiteurs<\/a><\/b><\/h4><p data-sourcepos=\"35:1-35:295\"><img decoding=\"async\" src=\"http:\/\/feelcaboverde.com\/wp-content\/uploads\/2025\/02\/Morabeza-2.png\" alt=\"Commentaires de touristes sur la culture de Morabeza au Cap-Vert\" width=\"500\" height=\"470\" \/> \u00a0<\/p><p data-sourcepos=\"35:1-35:295\"><img decoding=\"async\" src=\"http:\/\/feelcaboverde.com\/wp-content\/uploads\/2025\/02\/Morabeza-2.png\" alt=\"Commentaires de touristes sur la culture de Morabeza au Cap-Vert\" width=\"500\" height=\"470\" \/>\u00a0<\/p><p data-sourcepos=\"35:1-35:295\"><img decoding=\"async\" src=\"http:\/\/feelcaboverde.com\/wp-content\/uploads\/2025\/02\/Morabeza-2.png\" alt=\"Commentaires de touristes sur la culture de Morabeza au Cap-Vert\" width=\"500\" height=\"470\" \/><\/p>\t\t\t\t\t\t<\/div>\n\t\t\t\t<\/div>\n\t\t\t\t\t<\/div>\n\t\t<\/div>\n\t\t\t\t\t\t\t<\/div>\n\t\t<\/section>\n\t\t\t\t\t\t\t<\/div>","protected":false},"excerpt":{"rendered":"<p>Morabeza : l'esprit d'accueil du peuple cap-verdien 1. Qu'est-ce que la morabeza ? Le mot \"morabeza\" est un r\u00e9gionalisme cap-verdien d\u00e9riv\u00e9 du cr\u00e9ole, qui repr\u00e9sente la gentillesse dans les relations, l'affection spontan\u00e9e, la nostalgie de ce qui n'est pas encore parti, la cadence calme et le sourire facile qui caract\u00e9risent les Cap-verdiens. Morabeza est beaucoup plus [...]<\/p>","protected":false},"author":1,"featured_media":0,"parent":0,"menu_order":0,"comment_status":"closed","ping_status":"closed","template":"","meta":{"footnotes":""},"categories":[22],"tags":[],"class_list":["post-3352","page","type-page","status-publish","hentry","category-mundo-de-experiencias"],"_links":{"self":[{"href":"https:\/\/feelcaboverde.com\/fr\/wp-json\/wp\/v2\/pages\/3352","targetHints":{"allow":["GET"]}}],"collection":[{"href":"https:\/\/feelcaboverde.com\/fr\/wp-json\/wp\/v2\/pages"}],"about":[{"href":"https:\/\/feelcaboverde.com\/fr\/wp-json\/wp\/v2\/types\/page"}],"author":[{"embeddable":true,"href":"https:\/\/feelcaboverde.com\/fr\/wp-json\/wp\/v2\/users\/1"}],"replies":[{"embeddable":true,"href":"https:\/\/feelcaboverde.com\/fr\/wp-json\/wp\/v2\/comments?post=3352"}],"version-history":[{"count":71,"href":"https:\/\/feelcaboverde.com\/fr\/wp-json\/wp\/v2\/pages\/3352\/revisions"}],"predecessor-version":[{"id":5290,"href":"https:\/\/feelcaboverde.com\/fr\/wp-json\/wp\/v2\/pages\/3352\/revisions\/5290"}],"wp:attachment":[{"href":"https:\/\/feelcaboverde.com\/fr\/wp-json\/wp\/v2\/media?parent=3352"}],"wp:term":[{"taxonomy":"category","embeddable":true,"href":"https:\/\/feelcaboverde.com\/fr\/wp-json\/wp\/v2\/categories?post=3352"},{"taxonomy":"post_tag","embeddable":true,"href":"https:\/\/feelcaboverde.com\/fr\/wp-json\/wp\/v2\/tags?post=3352"}],"curies":[{"name":"wp","href":"https:\/\/api.w.org\/{rel}","templated":true}]}}