{"id":3196,"date":"2022-11-30T11:12:24","date_gmt":"2022-11-30T11:12:24","guid":{"rendered":"https:\/\/feelcaboverde.com\/?page_id=3196"},"modified":"2023-04-04T00:50:14","modified_gmt":"2023-04-04T00:50:14","slug":"vulcao-do-fogo-ilha-do-fogo","status":"publish","type":"page","link":"https:\/\/feelcaboverde.com\/fr\/volcan-de-fogo-ile-du-fogo\/","title":{"rendered":"Volcan de feu - Isla del Fuego"},"content":{"rendered":"<div data-elementor-type=\"wp-page\" data-elementor-id=\"3196\" class=\"elementor elementor-3196\">\n\t\t\t\t\t\t\t\t\t<section data-particle_enable=\"false\" data-particle-mobile-disabled=\"false\" class=\"elementor-section elementor-top-section elementor-element elementor-element-7d82efc1 elementor-section-boxed elementor-section-height-default elementor-section-height-default\" data-id=\"7d82efc1\" data-element_type=\"section\">\n\t\t\t\t\t\t<div class=\"elementor-container elementor-column-gap-default\">\n\t\t\t\t\t<div class=\"elementor-column elementor-col-100 elementor-top-column elementor-element elementor-element-6e6df1f9\" data-id=\"6e6df1f9\" data-element_type=\"column\">\n\t\t\t<div class=\"elementor-widget-wrap elementor-element-populated\">\n\t\t\t\t\t\t\t\t<div class=\"elementor-element elementor-element-7a23810c elementor-widget elementor-widget-text-editor\" data-id=\"7a23810c\" data-element_type=\"widget\" data-widget_type=\"text-editor.default\">\n\t\t\t\t<div class=\"elementor-widget-container\">\n\t\t\t<style>\/*! elementor - v3.7.1 - 14-08-2022 *\/\n.elementor-widget-text-editor.elementor-drop-cap-view-stacked .elementor-drop-cap{background-color:#818a91;color:#fff}.elementor-widget-text-editor.elementor-drop-cap-view-framed .elementor-drop-cap{color:#818a91;border:3px solid;background-color:transparent}.elementor-widget-text-editor:not(.elementor-drop-cap-view-default) .elementor-drop-cap{margin-top:8px}.elementor-widget-text-editor:not(.elementor-drop-cap-view-default) .elementor-drop-cap-letter{width:1em;height:1em}.elementor-widget-text-editor .elementor-drop-cap{float:left;text-align:center;line-height:1;font-size:50px}.elementor-widget-text-editor .elementor-drop-cap-letter{display:inline-block}<\/style>\t\t\t\t<p>\u00c0 2929 m\u00e8tres d'altitude, le Pico do Fogo est le point culminant du Cap-Vert et l'un des sites les plus connus du pays.<\/p><p>Ce monument embl\u00e9matique est entour\u00e9 d'un paysage dramatique de rivi\u00e8res de lave sombres provenant d'\u00e9ruptions pass\u00e9es.<\/p><p><img decoding=\"async\" class=\"alignnone size-full wp-image-3200\" src=\"http:\/\/feelcaboverde.com\/wp-content\/uploads\/2022\/11\/01-1.jpg\" alt=\"\" width=\"2048\" height=\"1536\" srcset=\"https:\/\/feelcaboverde.com\/wp-content\/uploads\/2022\/11\/01-1.jpg 2048w, https:\/\/feelcaboverde.com\/wp-content\/uploads\/2022\/11\/01-1-300x225.jpg 300w, https:\/\/feelcaboverde.com\/wp-content\/uploads\/2022\/11\/01-1-1024x768.jpg 1024w, https:\/\/feelcaboverde.com\/wp-content\/uploads\/2022\/11\/01-1-768x576.jpg 768w, https:\/\/feelcaboverde.com\/wp-content\/uploads\/2022\/11\/01-1-1536x1152.jpg 1536w\" sizes=\"(max-width: 2048px) 100vw, 2048px\" \/><\/p><p>La derni\u00e8re \u00e9ruption du Pico do Fogo a eu lieu en 2014, et ses marques sont encore tr\u00e8s pr\u00e9sentes \u00e0 Ch\u00e3 das Caldeiras, une communaut\u00e9 pittoresque qui n'a pas abandonn\u00e9 ce qui lui donne vie, le volcan lui-m\u00eame.<\/p><p>Du sommet de ce colosse, on peut voir la ville de Ch\u00e3 das Caldeiras, la Serra da Bordeira et, par temps clair, les \u00eeles voisines. L'air sent l\u00e9g\u00e8rement le soufre, m\u00e9lang\u00e9 \u00e0 d'autres gaz lib\u00e9r\u00e9s par le volcan.<\/p><p>Pour ceux qui ne peuvent se passer d'une bonne aventure, l'ascension du sommet du Pico do Fogo est incontournable.<\/p><p><img decoding=\"async\" class=\"alignnone size-full wp-image-3201\" src=\"http:\/\/feelcaboverde.com\/wp-content\/uploads\/2022\/11\/02-2.jpg\" alt=\"\" width=\"2048\" height=\"1536\" srcset=\"https:\/\/feelcaboverde.com\/wp-content\/uploads\/2022\/11\/02-2.jpg 2048w, https:\/\/feelcaboverde.com\/wp-content\/uploads\/2022\/11\/02-2-300x225.jpg 300w, https:\/\/feelcaboverde.com\/wp-content\/uploads\/2022\/11\/02-2-1024x768.jpg 1024w, https:\/\/feelcaboverde.com\/wp-content\/uploads\/2022\/11\/02-2-768x576.jpg 768w, https:\/\/feelcaboverde.com\/wp-content\/uploads\/2022\/11\/02-2-1536x1152.jpg 1536w\" sizes=\"(max-width: 2048px) 100vw, 2048px\" \/><\/p><p>Mieux encore, l'aventure ne se termine pas lorsque vous atteignez le sommet du volcan. Au contraire, ce n'est que le d\u00e9but ! L'une des fa\u00e7ons de redescendre est de se laisser glisser le long de la \"jorra\" (coul\u00e9es de lave s\u00e8ches) dans une descente effr\u00e9n\u00e9e et excitante, qui n'est certainement pas pour les timor\u00e9s.<\/p><p>Le volcan Fogo a \u00e9t\u00e9 \u00e9lu l'une des 7 merveilles du Cap-Vert dans la cat\u00e9gorie \"reliefs volcaniques naturels, qui comprennent des reliefs localis\u00e9s tels que des c\u00f4nes volcaniques, des veines et des pythons, des chemin\u00e9es, des coupes g\u00e9ologiques, des tunnels volcaniques et d'autres g\u00e9omorphologies d'une beaut\u00e9 sc\u00e9nique exceptionnelle\".<\/p>\t\t\t\t\t\t<\/div>\n\t\t\t\t<\/div>\n\t\t\t\t\t<\/div>\n\t\t<\/div>\n\t\t\t\t\t\t\t<\/div>\n\t\t<\/section>\n\t\t\t\t\t\t\t<\/div>","protected":false},"excerpt":{"rendered":"<p>\u00c0 2929 m\u00e8tres d'altitude, le Pico do Fogo est le point culminant du Cap-Vert et l'une des images les plus connues du pays. Ce monument embl\u00e9matique est entour\u00e9 d'un paysage dramatique de rivi\u00e8res de lave sombres provenant d'\u00e9ruptions pass\u00e9es. La derni\u00e8re \u00e9ruption du Pico do Fogo a eu lieu en 2014, et [...]<\/p>","protected":false},"author":1,"featured_media":0,"parent":0,"menu_order":0,"comment_status":"closed","ping_status":"closed","template":"","meta":{"footnotes":""},"categories":[21],"tags":[],"class_list":["post-3196","page","type-page","status-publish","hentry","category-7-maravilhas"],"_links":{"self":[{"href":"https:\/\/feelcaboverde.com\/fr\/wp-json\/wp\/v2\/pages\/3196","targetHints":{"allow":["GET"]}}],"collection":[{"href":"https:\/\/feelcaboverde.com\/fr\/wp-json\/wp\/v2\/pages"}],"about":[{"href":"https:\/\/feelcaboverde.com\/fr\/wp-json\/wp\/v2\/types\/page"}],"author":[{"embeddable":true,"href":"https:\/\/feelcaboverde.com\/fr\/wp-json\/wp\/v2\/users\/1"}],"replies":[{"embeddable":true,"href":"https:\/\/feelcaboverde.com\/fr\/wp-json\/wp\/v2\/comments?post=3196"}],"version-history":[{"count":5,"href":"https:\/\/feelcaboverde.com\/fr\/wp-json\/wp\/v2\/pages\/3196\/revisions"}],"predecessor-version":[{"id":4584,"href":"https:\/\/feelcaboverde.com\/fr\/wp-json\/wp\/v2\/pages\/3196\/revisions\/4584"}],"wp:attachment":[{"href":"https:\/\/feelcaboverde.com\/fr\/wp-json\/wp\/v2\/media?parent=3196"}],"wp:term":[{"taxonomy":"category","embeddable":true,"href":"https:\/\/feelcaboverde.com\/fr\/wp-json\/wp\/v2\/categories?post=3196"},{"taxonomy":"post_tag","embeddable":true,"href":"https:\/\/feelcaboverde.com\/fr\/wp-json\/wp\/v2\/tags?post=3196"}],"curies":[{"name":"wp","href":"https:\/\/api.w.org\/{rel}","templated":true}]}}