{"id":244,"date":"2021-08-16T21:03:16","date_gmt":"2021-08-16T21:03:16","guid":{"rendered":"https:\/\/feelcaboverde.com\/?page_id=244"},"modified":"2025-02-15T17:25:27","modified_gmt":"2025-02-15T17:25:27","slug":"atividades-aquaticas","status":"publish","type":"page","link":"https:\/\/feelcaboverde.com\/fr\/sports-nautiques-cap-vert\/","title":{"rendered":"Activit\u00e9s nautiques au Cap-Vert"},"content":{"rendered":"<div data-elementor-type=\"wp-page\" data-elementor-id=\"244\" class=\"elementor elementor-244\">\n\t\t\t\t\t\t\t\t\t<section data-particle_enable=\"false\" data-particle-mobile-disabled=\"false\" class=\"elementor-section elementor-top-section elementor-element elementor-element-6fd7d4c elementor-section-boxed elementor-section-height-default elementor-section-height-default\" data-id=\"6fd7d4c\" data-element_type=\"section\">\n\t\t\t\t\t\t<div class=\"elementor-container elementor-column-gap-default\">\n\t\t\t\t\t<div class=\"elementor-column elementor-col-100 elementor-top-column elementor-element elementor-element-c39d51c\" data-id=\"c39d51c\" data-element_type=\"column\">\n\t\t\t<div class=\"elementor-widget-wrap elementor-element-populated\">\n\t\t\t\t\t\t\t\t<div class=\"elementor-element elementor-element-92236e6 elementor-widget elementor-widget-text-editor\" data-id=\"92236e6\" data-element_type=\"widget\" data-widget_type=\"text-editor.default\">\n\t\t\t\t<div class=\"elementor-widget-container\">\n\t\t\t<style>\/*! elementor - v3.7.1 - 14-08-2022 *\/\n.elementor-widget-text-editor.elementor-drop-cap-view-stacked .elementor-drop-cap{background-color:#818a91;color:#fff}.elementor-widget-text-editor.elementor-drop-cap-view-framed .elementor-drop-cap{color:#818a91;border:3px solid;background-color:transparent}.elementor-widget-text-editor:not(.elementor-drop-cap-view-default) .elementor-drop-cap{margin-top:8px}.elementor-widget-text-editor:not(.elementor-drop-cap-view-default) .elementor-drop-cap-letter{width:1em;height:1em}.elementor-widget-text-editor .elementor-drop-cap{float:left;text-align:center;line-height:1;font-size:50px}.elementor-widget-text-editor .elementor-drop-cap-letter{display:inline-block}<\/style>\t\t\t\t<h3><strong>Activit\u00e9s et sports nautiques au Cap-Vert : Guide complet pour s'amuser sur l'eau<\/strong><\/h3><p>Le Cap-Vert, archipel aux eaux cristallines, aux paysages volcaniques et au climat tropical toute l'ann\u00e9e, est un paradis pour les amateurs d'activit\u00e9s et de sports nautiques. Qu'il s'agisse de tourisme nautique, d'aventure, de d\u00e9tente ou simplement de plaisir sur l'eau, le Cap-Vert a quelque chose \u00e0 offrir pour tous les go\u00fbts et tous les \u00e2ges.<\/p><p>\u00a0<\/p><h4><strong>1. plonger dans les profondeurs de l'Atlantique<\/strong><\/h4><p>Les eaux entourant l'archipel du Cap-Vert abritent une grande diversit\u00e9 de vie marine, avec des coraux riches, des poissons exotiques et m\u00eame la possibilit\u00e9 de nager avec des tortues de mer. La plong\u00e9e au Cap-Vert est une exp\u00e9rience inoubliable, que vous soyez un plongeur exp\u00e9riment\u00e9 ou un d\u00e9butant curieux.<\/p><p><strong>Des \u00eeles comme <a href=\"https:\/\/feelcaboverde.com\/fr\/sel\/\">Sal<\/a>, <a href=\"https:\/\/feelcaboverde.com\/fr\/boavista\/\">Boa Vista<\/a> e <a href=\"https:\/\/feelcaboverde.com\/fr\/sao-vicente\/\">S\u00e3o Vicente<\/a> offrent diff\u00e9rents sites de plong\u00e9e<\/strong>Il existe diff\u00e9rents niveaux de difficult\u00e9 et de profondeur. Si vous n'avez jamais plong\u00e9 auparavant, ne vous inqui\u00e9tez pas, il existe des services de plong\u00e9e qui proposent des cours et du mat\u00e9riel pour les d\u00e9butants.<\/p><p>\u00a0<\/p><h4><strong>2. Plong\u00e9e en apn\u00e9e dans des eaux cristallines<\/strong><\/h4><p>Si vous pr\u00e9f\u00e9rez explorer la vie marine sans aller trop loin, la plong\u00e9e avec masque et tuba est l'activit\u00e9 id\u00e9ale pour vous. <strong>Les eaux calmes et transparentes du Cap-Vert sont id\u00e9ales pour observer les poissons color\u00e9s, les coraux et autres cr\u00e9atures marines.<\/strong>.<\/p><p>Vous pouvez faire de la plong\u00e9e avec masque et tuba sur plusieurs plages de l'archipel, comme Praia de Santa Maria \u00e0 Sal, Praia de Chaves \u00e0 Boa Vista, Praia de Bitche Rotxa \u00e0 <a href=\"https:\/\/feelcaboverde.com\/fr\/mai\/\">Maio<\/a> et bien d'autres. Apportez vos lunettes de plong\u00e9e et vos tubas ou louez-les aupr\u00e8s des services locaux (toutes les \u00eeles n'en proposent pas) et pr\u00e9parez-vous \u00e0 vous \u00e9merveiller devant la beaut\u00e9 du monde sous-marin.<\/p><h4>\u00a0<\/h4><h4><strong>3. Surfer sur les vagues de vent du Cap-Vert<\/strong><\/h4><p>Le Cap-Vert est une destination de plus en plus pris\u00e9e par les surfeurs. <strong>des vagues parfaites pour tous les niveaux d'exp\u00e9rience<\/strong>. Si vous \u00eates un surfeur exp\u00e9riment\u00e9, vous adorerez les vagues difficiles de Ponta Preta \u00e0 Sal ou de Boca da Lapa (Sandy Beach) - sur l'\u00eele de S\u00e3o Vicente - o\u00f9 se tient l'\"Open Sandy\", l'un des plus grands \u00e9v\u00e9nements du circuit national de surf et de bodyboard du Cap-Vert.<\/p><p>Si vous d\u00e9butez, certaines \u00eeles disposent d'\u00e9coles de surf qui proposent des cours et la location de planches.<\/p><p><strong>La meilleure p\u00e9riode pour surfer au Cap-Vert s'\u00e9tend d'octobre \u00e0 mars.<\/strong>C'est \u00e0 ce moment-l\u00e0 que les vagues sont plus consistantes et que le vent souffle plus fort. Mais ne vous inqui\u00e9tez pas, il est possible de trouver de bonnes vagues tout au long de l'ann\u00e9e.<\/p><p>\u00a0<\/p><h4><strong>4. Planche \u00e0 voile et kitesurf : Adventurous Winds<\/strong><\/h4><p>Le Cap-Vert est reconnu dans le monde entier comme une destination de planche \u00e0 voile et de kitesurf, avec des aliz\u00e9s constants et des conditions id\u00e9ales pour la pratique de ces sports. <strong>Les \u00eeles de Sal et Boa Vista sont des paradis de la voile.<\/strong>avec des plages comme Ponta Preta, Kite Beach et Praia de Chaves qui attirent des athl\u00e8tes du monde entier.<\/p><p>Si vous souhaitez apprendre \u00e0 naviguer, plusieurs \u00e9coles proposent des cours pour tous les niveaux, des d\u00e9butants aux marins exp\u00e9riment\u00e9s. <strong>La location de mat\u00e9riel est facile sur l'\u00eele de Sal et vous pouvez choisir entre des planches, des voiles et des cerfs-volants de diff\u00e9rentes tailles.<\/strong>. Pour les autres \u00eeles, renseignez-vous avant votre visite pour savoir si elles louent du mat\u00e9riel sur place.<\/p><p data-start=\"0\" data-end=\"202\">Le meilleur moment pour pratiquer <strong data-start=\"29\" data-end=\"41\">planche \u00e0 voile<\/strong> e <strong data-start=\"44\" data-end=\"56\">kitesurf<\/strong> au Cap-Vert varie de <strong data-start=\"78\" data-end=\"97\">Novembre \u00e0 mars<\/strong>lorsque les aliz\u00e9s sont plus forts et plus constants\u00a0<span style=\"font-family: var( --e-global-typography-text-font-family ), Sans-serif; font-weight: var( --e-global-typography-text-font-weight ); text-align: var(--text-align); font-size: 1rem;\">cr\u00e9ant des conditions parfaites pour des man\u0153uvres radicales.<\/span><\/p><p data-start=\"0\" data-end=\"202\"><span style=\"font-family: var( --e-global-typography-text-font-family ), Sans-serif; font-weight: var( --e-global-typography-text-font-weight ); text-align: var(--text-align); font-size: 1rem;\">\u00a0<\/span><\/p><h4><span style=\"font-weight: bold; text-align: var(--text-align); font-size: 1.5rem;\">5. Debout\u00a0<\/span><span style=\"font-size: 24px; font-weight: bold; font-family: var( --e-global-typography-text-font-family ), Sans-serif; text-align: var(--text-align);\">Pagaie<\/span><b style=\"color: inherit; font-family: inherit; text-align: var(--text-align); font-size: 1.5rem;\">La vie en Europe : Flottant sur le bleu<\/b><\/h4><div><span style=\"color: inherit; font-family: var( --e-global-typography-text-font-family ), Sans-serif; text-align: var(--text-align); font-weight: var( --e-global-typography-text-font-weight ); font-size: 1rem;\">Le stand-up paddle est une activit\u00e9 relaxante et amusante qui vous permet d'explorer les paysages c\u00f4tiers du Cap-Vert sous un nouvel angle. <\/span><strong style=\"color: inherit; font-family: var( --e-global-typography-text-font-family ), Sans-serif; text-align: var(--text-align); font-size: 1rem;\">Pagayer debout sur une planche, avec la mer bleue en toile de fond, est une exp\u00e9rience unique.<\/strong><span style=\"color: inherit; font-family: var( --e-global-typography-text-font-family ), Sans-serif; text-align: var(--text-align); font-weight: var( --e-global-typography-text-font-weight ); font-size: 1rem;\">.<\/span><\/div><p>Vous pouvez pratiquer le stand-up paddle sur plusieurs plages calmes de l'archipel, telles que Praia de Santa Maria \u00e0 Sal, Praia de Chaves \u00e0 Boa Vista ou Praia de S\u00e3o Francisco \u00e0 Santiago. <strong>Louez une planche et une pagaie et pr\u00e9parez-vous \u00e0 \u00eatre enchant\u00e9 par la beaut\u00e9 de la c\u00f4te cap-verdienne.<\/strong>.<\/p><p>\u00a0<\/p><h4><strong>6. P\u00eache traditionnelle : la culture vivante du Cap-Vert<\/strong><\/h4><p>Le Cap-Vert offre de nombreuses possibilit\u00e9s aux amateurs de p\u00eache, de la p\u00eache au harpon en haute mer \u00e0 la p\u00eache traditionnelle \u00e0 partir de petites embarcations. <strong>Des endroits comme Tarrafal de Monte Trigo, avec son histoire de p\u00eache et ses longues plages de sable noir, sont id\u00e9aux pour ceux qui recherchent une exp\u00e9rience authentique.<\/strong>.<\/p><p>Vous pouvez p\u00eacher diff\u00e9rentes esp\u00e8ces de poissons, comme le thon, le m\u00e9rou, l'espadon, le poisson-scie, la dorade et bien d'autres encore.<\/p><h4><strong>\u00a0<\/strong><\/h4><h4><strong>7. Se baigner dans des piscines naturelles : un plongeon dans la beaut\u00e9 naturelle<\/strong><\/h4><p>Les piscines naturelles du Cap-Vert sont une invitation \u00e0 la d\u00e9tente et \u00e0 la contemplation de la nature. <strong>Juncalinho en <a href=\"https:\/\/feelcaboverde.com\/fr\/sao-nicolau\/\">S\u00e3o Nicolau<\/a>les piscines de Faj\u00e3 d'\u00c1gua, dans la r\u00e9gion de l'Oc\u00e9an Indien. <a href=\"https:\/\/feelcaboverde.com\/fr\/brava\/\">Brava<\/a>Salina sur l'\u00eele de <a href=\"https:\/\/feelcaboverde.com\/fr\/incendie\/\">Fogo<\/a> et la piscine naturelle de Cuba, \u00eele de <a href=\"https:\/\/feelcaboverde.com\/fr\/santiago\/\">Santiago<\/a> sont des exemples de lieux o\u00f9 l'on peut se baigner dans des eaux calmes<\/strong>entour\u00e9 de paysages luxuriants.<\/p><p>Profitez de ces paradis naturels pour vous d\u00e9tendre, vous baigner et prendre d'incroyables photos. <strong>Apportez votre maillot de bain, de la cr\u00e8me solaire et un appareil photo \u00e9tanche.<\/strong> pour enregistrer des moments inoubliables.<\/p><p>\u00a0<\/p><h4><strong>8. Observation des baleines : Une rencontre avec des cr\u00e9atures majestueuses<\/strong><\/h4><p>Le Cap-Vert est un point de transit pour les baleines \u00e0 bosse lors de leur migration annuelle. <strong>De f\u00e9vrier \u00e0 mai, il est possible d'apercevoir des baleines de mer sur plusieurs \u00eeles du Cap-Vert.<\/strong>.<\/p><p>Les compagnies touristiques proposent des excursions en bateau pour observer les baleines, avec des guides experts qui fournissent des informations sur le comportement et la biologie de ces g\u00e9ants. <strong>Pr\u00e9parez-vous \u00e0 \u00eatre enthousiasm\u00e9s par la beaut\u00e9 et la grandeur des baleines \u00e0 bosse.<\/strong>.<\/p><p>\u00a0<\/p><h4><strong>9. Observation et rencontre de requins : une aventure palpitante<\/strong><\/h4><p>Si vous \u00eates courageux et aimez les \u00e9motions fortes, vous pouvez vous aventurer dans une excursion \u00e0 la rencontre des requins dans la Shark Bay de Sal. <strong>Il s'agit d'une exp\u00e9rience unique et passionnante au cours de laquelle vous pourrez nager avec des requins-citrons dans leur habitat naturel.<\/strong>. Cette esp\u00e8ce <b>n'est pas<\/b><strong> consid\u00e9r\u00e9 comme un pr\u00e9dateur de l'homme<\/strong>. Bien qu'il s'agisse d'animaux sauvages capables de mordre, ils ne constituent g\u00e9n\u00e9ralement pas une menace pour l'homme.<\/p><p>L'activit\u00e9 se d\u00e9roule sous la supervision de guides locaux qui veillent \u00e0 votre protection et \u00e0 celle des animaux. <strong>Pr\u00e9parez-vous \u00e0 sentir l'adr\u00e9naline monter dans vos veines lorsque vous vous retrouverez face \u00e0 face avec ces magnifiques cr\u00e9atures.<\/strong>.<\/p><p>\u00a0<\/p><h4><strong>10. Plong\u00e9e avec les tortues : une rencontre inoubliable<\/strong><\/h4><p>Praia de S\u00e3o Pedro, en <a href=\"https:\/\/feelcaboverde.com\/fr\/sao-vicente\/\">S\u00e3o Vicente<\/a>est l'un des meilleurs endroits pour faire de la plong\u00e9e libre avec des tortues de mer au Cap-Vert. <strong>Ces animaux dociles et curieux s'approchent des plongeurs, leur offrant une rencontre magique et inoubliable<\/strong>.<\/p><p>Vous pourrez \u00e9galement faire de la plong\u00e9e avec masque et tuba avec les tortues, <strong>vous pouvez profiter de l'occasion pour vous d\u00e9tendre sur la Praia de S\u00e3o Pedro et admirer l'un des plus beaux couchers de soleil de l'archipel <\/strong>tout en mangeant quelques tranches de notre classique mur\u00e8ne frite.\u00a0<\/p><p>\u00a0<\/p><h4><strong>11. Se baigner dans les salines de Pedra de Lume : une exp\u00e9rience historique et relaxante<\/strong><\/h4><p>Les <a href=\"https:\/\/feelcaboverde.com\/fr\/salines-de-pedra-de-lume-ile-du-sal\/\">Salines de Pedra de Lume<\/a>\u00e0 Sal, sont un lieu unique au Cap-Vert, o\u00f9 l'on peut se baigner dans des eaux sal\u00e9es d'une grande densit\u00e9 qui ne laissent pas le corps couler. <strong>En plus de vous d\u00e9tendre et de vous amuser, vous pourrez en apprendre un peu plus sur l'histoire du commerce du sel dans l'archipel<\/strong>.<\/p><p>Les Salinas de Pedra de Lume sont consid\u00e9r\u00e9es comme l'un des plus beaux sites du monde. <a href=\"https:\/\/feelcaboverde.com\/fr\/\">Les 7 Merveilles du Cap-Vert<\/a> e <strong>On attribue \u00e0 ses eaux des propri\u00e9t\u00e9s m\u00e9dicinales<\/strong>. Apportez votre maillot de bain, votre cr\u00e8me solaire et pr\u00e9parez-vous \u00e0 vivre une exp\u00e9rience relaxante et riche en culture.<\/p><p>\u00a0<\/p><h4><strong>12. Excursions en bateau autour du Tarrafal de Santiago : grottes et paysages \u00e9poustouflants<\/strong><\/h4><p>Si vous aimez l'aventure et les paysages exub\u00e9rants, vous ne pouvez pas manquer les excursions en bateau autour du Tarrafal de Santiago. <strong>Au cours de l'excursion, vous aurez l'occasion de visiter des grottes marines, des plages d\u00e9sertes et d'impressionnantes formations rocheuses.<\/strong>.<\/p><p>C'est un excellent moyen d'explorer la c\u00f4te de Santiago et de voir des endroits qui ne sont pas accessibles par voie terrestre. <strong>Les compagnies touristiques locales proposent des excursions en bateau de longueurs et d'itin\u00e9raires diff\u00e9rents.<\/strong>.<\/p><p>\u00a0<\/p><h4><strong>13. Kayak et cano\u00eb : Pagayer en harmonie avec la nature<\/strong><\/h4><p>Le kayak est une activit\u00e9 physique et relaxante qui permet d'explorer la c\u00f4te du Cap-Vert d'une mani\u00e8re diff\u00e9rente. <strong>Pagayer en kayak, avec la mer pour compagnie, est une exp\u00e9rience vivifiante et inspirante.<\/strong>.<\/p><p>Vous pouvez louer des kayaks sur diff\u00e9rentes plages de Sal et Boavista et explorer des criques cach\u00e9es, des grottes marines et des paysages luxuriants. <strong>C'est un excellent moyen de se rapprocher de la nature et de profiter de la beaut\u00e9 du littoral cap-verdien.<\/strong>. Pour les autres \u00eeles, renseignez-vous aupr\u00e8s de votre agence de voyage sur la possibilit\u00e9 de louer du mat\u00e9riel.<\/p><p>\u00a0<\/p><h3><b>Que faut-il emporter pour les activit\u00e9s nautiques au Cap-Vert ?<\/b><\/h3><p data-sourcepos=\"3:1-3:173\">Pour profiter au maximum des activit\u00e9s nautiques au Cap-Vert, il est important d'\u00eatre <strong>pr\u00e9par\u00e9 avec l'essentiel<\/strong>. Nous avons publi\u00e9 un article d\u00e9taillant ce qu'il faut faire <a href=\"https:\/\/feelcaboverde.com\/fr\/quoi-emporter-pour-des-vacances-au-cap-vert\/\">partir en vacances au Cap-Vert<\/a>. Voici une liste de ce qu'il ne faut pas oublier pour les activit\u00e9s aquatiques :<\/p><h4 data-sourcepos=\"5:1-5:18\">\u00a0<\/h4><h4 data-sourcepos=\"5:1-5:18\"><strong>Indispensable<\/strong><\/h4><ul data-sourcepos=\"7:1-13:0\"><li data-sourcepos=\"7:1-7:66\"><strong>Maillots de bain<\/strong>Indispensable pour toute activit\u00e9 dans l'eau.<\/li><li data-sourcepos=\"8:1-8:116\"><strong>Cr\u00e8me solaire<\/strong>Le soleil au Cap-Vert est fort, prot\u00e9gez donc votre peau avec une cr\u00e8me solaire \u00e0 indice \u00e9lev\u00e9.<\/li><li data-sourcepos=\"9:1-9:54\"><strong>Chapeau ou casquette<\/strong>Pour prot\u00e9ger la t\u00eate du soleil.<\/li><li data-sourcepos=\"10:1-10:74\"><strong>Lunettes de soleil<\/strong>Pour prot\u00e9ger vos yeux du soleil et des reflets de l'eau.<\/li><li data-sourcepos=\"11:1-11:49\"><strong>Serviettes<\/strong>Pour se s\u00e9cher apr\u00e8s les activit\u00e9s.<\/li><li data-sourcepos=\"12:1-13:0\"><strong>Bouteille d'eau<\/strong>Pour s'hydrater pendant les activit\u00e9s.<\/li><\/ul><h4 data-sourcepos=\"14:1-14:13\">\u00a0<\/h4><h4 data-sourcepos=\"14:1-14:13\"><strong>En option<\/strong><\/h4><ul data-sourcepos=\"16:1-21:0\"><li data-sourcepos=\"16:1-16:105\"><strong>Chemise \u00e0 manches longues<\/strong>Pour se prot\u00e9ger du soleil, en particulier lors d'activit\u00e9s prolong\u00e9es.<\/li><li data-sourcepos=\"17:1-17:125\"><strong>Chaussures adapt\u00e9es<\/strong>Pour les promenades vers les plages ou les piscines naturelles, choisissez des chaussures confortables et antid\u00e9rapantes.<\/li><li data-sourcepos=\"18:1-18:136\"><strong>\u00c9quipement de plong\u00e9e avec tuba<\/strong>Si vous poss\u00e9dez vos propres lunettes, tuba et palmes, vous pouvez les emmener avec vous pour \u00e9conomiser sur la location.<\/li><li data-sourcepos=\"19:1-19:71\"><strong>Appareil photo \u00e9tanche<\/strong>Pour enregistrer vos aventures aquatiques.<\/li><li data-sourcepos=\"20:1-21:0\"><strong>R\u00e9pulsif<\/strong>Pour se prot\u00e9ger des moustiques, surtout au cr\u00e9puscule.<\/li><\/ul><h4 data-sourcepos=\"22:1-22:16\">\u00a0<\/h4><h4 data-sourcepos=\"22:1-22:16\"><strong>Conseils suppl\u00e9mentaires<\/strong><\/h4><ul data-sourcepos=\"24:1-27:0\"><li data-sourcepos=\"24:1-24:157\"><strong>Location de mat\u00e9riel<\/strong>Si vous ne souhaitez pas apporter votre propre \u00e9quipement, il est possible de le louer dans certains magasins et \u00e9coles de plong\u00e9e sur les \u00eeles les plus touristiques comme Sal et Boavista, mais de nombreuses plages, en particulier sur les \u00eeles les moins touristiques, ne disposent pas de ces services. \u00c0 v\u00e9rifier lors de la planification.<\/li><li data-sourcepos=\"25:1-25:111\"><strong>Respect de la nature<\/strong>Les activit\u00e9s nautiques : Lorsque vous pratiquez des activit\u00e9s nautiques, n'oubliez pas de respecter la faune et la flore marines et l'environnement. Ne touchez pas les coraux, ne jetez pas de d\u00e9chets \u00e0 la mer. Si vous allez \u00e0 la p\u00eache, respectez les r\u00e8gles locales - ne p\u00eachez pas d'esp\u00e8ces prot\u00e9g\u00e9es ou celles qui d\u00e9passent la taille autoris\u00e9e.<\/li><li><strong>Respecter les habitats naturels<\/strong>Dans les piscines naturelles ou les grottes, \u00e9vitez de laisser des traces, d'enlever des pierres ou de modifier l'environnement.<\/li><li><strong>R\u00e9duire l'utilisation des plastiques \u00e0 usage unique :<\/strong> Apportez votre propre bouteille r\u00e9utilisable et \u00e9vitez l'utilisation excessive d'emballages en plastique.<\/li><\/ul><p data-sourcepos=\"28:1-28:144\">\u00a0<\/p><p data-sourcepos=\"28:1-28:144\">Avec ces \u00e9l\u00e9ments essentiels et <a href=\"https:\/\/feelcaboverde.com\/fr\/quoi-emporter-pour-des-vacances-au-cap-vert\/\">quelques options<\/a>vous serez pr\u00eat \u00e0 vous amuser et \u00e0 profiter au maximum des activit\u00e9s nautiques \u00e0 <a href=\"https:\/\/feelcaboverde.com\/fr\/cap-vert\/\">Cap Vert<\/a>!<\/p>\t\t\t\t\t\t<\/div>\n\t\t\t\t<\/div>\n\t\t\t\t\t<\/div>\n\t\t<\/div>\n\t\t\t\t\t\t\t<\/div>\n\t\t<\/section>\n\t\t\t\t\t\t\t<\/div>","protected":false},"excerpt":{"rendered":"<p>Atividades e Desportos Aqu\u00e1ticos em Cabo Verde: Guia Completo para se Divertir na \u00c1gua Cabo Verde, um arquip\u00e9lago aben\u00e7oado com \u00e1guas cristalinas, paisagens vulc\u00e2nicas e um clima tropical durante todo o ano, \u00e9 um para\u00edso para os amantes de atividades aqu\u00e1ticas e desportos n\u00e1uticos. Se voc\u00ea est\u00e1 em busca de turismo n\u00e1utico, aventura, relaxamento ou [&hellip;]<\/p>","protected":false},"author":1,"featured_media":0,"parent":0,"menu_order":0,"comment_status":"closed","ping_status":"closed","template":"","meta":{"footnotes":""},"categories":[],"tags":[],"class_list":["post-244","page","type-page","status-publish","hentry"],"_links":{"self":[{"href":"https:\/\/feelcaboverde.com\/fr\/wp-json\/wp\/v2\/pages\/244","targetHints":{"allow":["GET"]}}],"collection":[{"href":"https:\/\/feelcaboverde.com\/fr\/wp-json\/wp\/v2\/pages"}],"about":[{"href":"https:\/\/feelcaboverde.com\/fr\/wp-json\/wp\/v2\/types\/page"}],"author":[{"embeddable":true,"href":"https:\/\/feelcaboverde.com\/fr\/wp-json\/wp\/v2\/users\/1"}],"replies":[{"embeddable":true,"href":"https:\/\/feelcaboverde.com\/fr\/wp-json\/wp\/v2\/comments?post=244"}],"version-history":[{"count":49,"href":"https:\/\/feelcaboverde.com\/fr\/wp-json\/wp\/v2\/pages\/244\/revisions"}],"predecessor-version":[{"id":5271,"href":"https:\/\/feelcaboverde.com\/fr\/wp-json\/wp\/v2\/pages\/244\/revisions\/5271"}],"wp:attachment":[{"href":"https:\/\/feelcaboverde.com\/fr\/wp-json\/wp\/v2\/media?parent=244"}],"wp:term":[{"taxonomy":"category","embeddable":true,"href":"https:\/\/feelcaboverde.com\/fr\/wp-json\/wp\/v2\/categories?post=244"},{"taxonomy":"post_tag","embeddable":true,"href":"https:\/\/feelcaboverde.com\/fr\/wp-json\/wp\/v2\/tags?post=244"}],"curies":[{"name":"wp","href":"https:\/\/api.w.org\/{rel}","templated":true}]}}