{"id":2134,"date":"2022-09-29T16:49:07","date_gmt":"2022-09-29T16:49:07","guid":{"rendered":"https:\/\/feelcaboverde.com\/?page_id=2134"},"modified":"2023-04-02T20:08:25","modified_gmt":"2023-04-02T20:08:25","slug":"onde-ficar-em-cabo-verde","status":"publish","type":"page","link":"https:\/\/feelcaboverde.com\/fr\/ou-se-loger-au-cap-vert\/","title":{"rendered":"O\u00f9 s\u00e9journer au Cap-Vert"},"content":{"rendered":"<div data-elementor-type=\"wp-page\" data-elementor-id=\"2134\" class=\"elementor elementor-2134\">\n\t\t\t\t\t\t\t<div class=\"elementor-element elementor-element-7a76645 e-container--row e-container\" data-id=\"7a76645\" data-element_type=\"container\">\t\t\t\t<div class=\"elementor-element elementor-element-284c0c7 elementor-widget elementor-widget-text-editor\" data-id=\"284c0c7\" data-element_type=\"widget\" data-widget_type=\"text-editor.default\">\n\t\t\t\t<div class=\"elementor-widget-container\">\n\t\t\t<style>\/*! elementor - v3.7.1 - 14-08-2022 *\/\n.elementor-widget-text-editor.elementor-drop-cap-view-stacked .elementor-drop-cap{background-color:#818a91;color:#fff}.elementor-widget-text-editor.elementor-drop-cap-view-framed .elementor-drop-cap{color:#818a91;border:3px solid;background-color:transparent}.elementor-widget-text-editor:not(.elementor-drop-cap-view-default) .elementor-drop-cap{margin-top:8px}.elementor-widget-text-editor:not(.elementor-drop-cap-view-default) .elementor-drop-cap-letter{width:1em;height:1em}.elementor-widget-text-editor .elementor-drop-cap{float:left;text-align:center;line-height:1;font-size:50px}.elementor-widget-text-editor .elementor-drop-cap-letter{display:inline-block}<\/style>\t\t\t\t<p><b>O\u00f9 s\u00e9journer au Cap-Vert<\/b><\/p><p><span style=\"font-weight: 400;\">La croissance de la demande pour le Cap-Vert en tant que destination touristique au cours des derni\u00e8res ann\u00e9es a consid\u00e9rablement augment\u00e9 l'offre h\u00f4teli\u00e8re. Actuellement, le Cap-Vert dispose d'un certain nombre d'\u00e9tablissements d'h\u00e9bergement, tant dans les grandes villes que dans les zones rurales. Ces \u00e9tablissements vont des h\u00f4tels de luxe aux auberges de jeunesse, en passant par les appartements, les maisons d'h\u00f4tes, etc. Il est donc possible de trouver la \"maison loin de la maison\" id\u00e9ale pour chaque profil.\u00a0<\/span><\/p><p><span style=\"font-weight: 400;\">Pour obtenir les meilleures offres d'h\u00f4tels, de maisons d'h\u00f4tes ou d'auberges de jeunesse, consultez la rubrique <\/span><a href=\"http:\/\/booking.com\" target=\"_blank\" rel=\"noopener nofollow\"><span style=\"font-weight: 400;\">Booking.com<\/span><\/a><span style=\"font-weight: 400;\">. Si vous souhaitez obtenir des conseils plus sp\u00e9cifiques, n'h\u00e9sitez pas \u00e0 nous contacter.\u00a0<\/span><\/p>\t\t\t\t\t\t<\/div>\n\t\t\t\t<\/div>\n\t\t<\/div>\t\t\t\t\t<\/div>","protected":false},"excerpt":{"rendered":"<p>O\u00f9 s\u00e9journer au Cap-Vert La croissance de la demande pour le Cap-Vert en tant que destination touristique au cours des derni\u00e8res ann\u00e9es a consid\u00e9rablement augment\u00e9 l'offre h\u00f4teli\u00e8re. Actuellement, le Cap-Vert dispose d'un certain nombre d'\u00e9tablissements d'h\u00e9bergement, tant dans les grandes villes que dans les zones rurales. Ces \u00e9tablissements vont des h\u00f4tels de luxe aux auberges de jeunesse, en passant par les appartements, les maisons d'h\u00f4tes, etc. Il est donc possible de trouver un \"chez-soi\" [...]<\/p>","protected":false},"author":1,"featured_media":0,"parent":0,"menu_order":0,"comment_status":"closed","ping_status":"closed","template":"","meta":{"footnotes":""},"categories":[],"tags":[],"class_list":["post-2134","page","type-page","status-publish","hentry"],"_links":{"self":[{"href":"https:\/\/feelcaboverde.com\/fr\/wp-json\/wp\/v2\/pages\/2134","targetHints":{"allow":["GET"]}}],"collection":[{"href":"https:\/\/feelcaboverde.com\/fr\/wp-json\/wp\/v2\/pages"}],"about":[{"href":"https:\/\/feelcaboverde.com\/fr\/wp-json\/wp\/v2\/types\/page"}],"author":[{"embeddable":true,"href":"https:\/\/feelcaboverde.com\/fr\/wp-json\/wp\/v2\/users\/1"}],"replies":[{"embeddable":true,"href":"https:\/\/feelcaboverde.com\/fr\/wp-json\/wp\/v2\/comments?post=2134"}],"version-history":[{"count":4,"href":"https:\/\/feelcaboverde.com\/fr\/wp-json\/wp\/v2\/pages\/2134\/revisions"}],"predecessor-version":[{"id":4462,"href":"https:\/\/feelcaboverde.com\/fr\/wp-json\/wp\/v2\/pages\/2134\/revisions\/4462"}],"wp:attachment":[{"href":"https:\/\/feelcaboverde.com\/fr\/wp-json\/wp\/v2\/media?parent=2134"}],"wp:term":[{"taxonomy":"category","embeddable":true,"href":"https:\/\/feelcaboverde.com\/fr\/wp-json\/wp\/v2\/categories?post=2134"},{"taxonomy":"post_tag","embeddable":true,"href":"https:\/\/feelcaboverde.com\/fr\/wp-json\/wp\/v2\/tags?post=2134"}],"curies":[{"name":"wp","href":"https:\/\/api.w.org\/{rel}","templated":true}]}}