{"id":1623,"date":"2022-09-23T11:12:32","date_gmt":"2022-09-23T11:12:32","guid":{"rendered":"https:\/\/feelcaboverde.com\/?page_id=1623"},"modified":"2024-09-03T10:24:56","modified_gmt":"2024-09-03T10:24:56","slug":"sobre-nos","status":"publish","type":"page","link":"https:\/\/feelcaboverde.com\/fr\/a-propos-de-nous\/","title":{"rendered":"\u00c0 propos de nous"},"content":{"rendered":"<div data-elementor-type=\"wp-page\" data-elementor-id=\"1623\" class=\"elementor elementor-1623\">\n\t\t\t\t\t\t\t\t\t<section data-particle_enable=\"false\" data-particle-mobile-disabled=\"false\" class=\"elementor-section elementor-top-section elementor-element elementor-element-143098ea elementor-section-boxed elementor-section-height-default elementor-section-height-default\" data-id=\"143098ea\" data-element_type=\"section\">\n\t\t\t\t\t\t<div class=\"elementor-container elementor-column-gap-default\">\n\t\t\t\t\t<div class=\"elementor-column elementor-col-100 elementor-top-column elementor-element elementor-element-6da1a6dd\" data-id=\"6da1a6dd\" data-element_type=\"column\">\n\t\t\t<div class=\"elementor-widget-wrap elementor-element-populated\">\n\t\t\t\t\t\t\t\t<div class=\"elementor-element elementor-element-723fceb elementor-widget elementor-widget-heading\" data-id=\"723fceb\" data-element_type=\"widget\" data-widget_type=\"heading.default\">\n\t\t\t\t<div class=\"elementor-widget-container\">\n\t\t\t<style>\/*! elementor - v3.7.1 - 14-08-2022 *\/\n.elementor-heading-title{padding:0;margin:0;line-height:1}.elementor-widget-heading .elementor-heading-title[class*=elementor-size-]>a{color:inherit;font-size:inherit;line-height:inherit}.elementor-widget-heading .elementor-heading-title.elementor-size-small{font-size:15px}.elementor-widget-heading .elementor-heading-title.elementor-size-medium{font-size:19px}.elementor-widget-heading .elementor-heading-title.elementor-size-large{font-size:29px}.elementor-widget-heading .elementor-heading-title.elementor-size-xl{font-size:39px}.elementor-widget-heading .elementor-heading-title.elementor-size-xxl{font-size:59px}<\/style><h2 class=\"elementor-heading-title elementor-size-default\">Qui est \u00e0 l'origine de Feel Cape Verde ?<\/h2>\t\t<\/div>\n\t\t\t\t<\/div>\n\t\t\t\t<div class=\"elementor-element elementor-element-239c031f elementor-widget elementor-widget-text-editor\" data-id=\"239c031f\" data-element_type=\"widget\" data-widget_type=\"text-editor.default\">\n\t\t\t\t<div class=\"elementor-widget-container\">\n\t\t\t<style>\/*! elementor - v3.7.1 - 14-08-2022 *\/\n.elementor-widget-text-editor.elementor-drop-cap-view-stacked .elementor-drop-cap{background-color:#818a91;color:#fff}.elementor-widget-text-editor.elementor-drop-cap-view-framed .elementor-drop-cap{color:#818a91;border:3px solid;background-color:transparent}.elementor-widget-text-editor:not(.elementor-drop-cap-view-default) .elementor-drop-cap{margin-top:8px}.elementor-widget-text-editor:not(.elementor-drop-cap-view-default) .elementor-drop-cap-letter{width:1em;height:1em}.elementor-widget-text-editor .elementor-drop-cap{float:left;text-align:center;line-height:1;font-size:50px}.elementor-widget-text-editor .elementor-drop-cap-letter{display:inline-block}<\/style>\t\t\t\t<p>Un groupe de jeunes Cap-Verdiens qui sont d\u00e9sesp\u00e9r\u00e9ment amoureux du Cap-Vert et qui veulent en partager le meilleur avec le monde entier.<\/p><p>Notre principal objectif est de renforcer le tourisme communautaire au Cap-Vert, car nous pensons qu'il peut contribuer \u00e0 cr\u00e9er \"de meilleurs lieux de vie et de meilleurs lieux de visite\".<\/p><p><strong>Notre id\u00e9e<\/strong>L'objectif est de cr\u00e9er une source d'information vaste et fiable pour tous ceux qui souhaitent en savoir plus sur le Cap-Vert, en mettant l'accent sur les informations relatives aux voyages.<\/p>\t\t\t\t\t\t<\/div>\n\t\t\t\t<\/div>\n\t\t\t\t\t<\/div>\n\t\t<\/div>\n\t\t\t\t\t\t\t<\/div>\n\t\t<\/section>\n\t\t<div class=\"elementor-element elementor-element-944e0c4 e-container--row e-container\" data-id=\"944e0c4\" data-element_type=\"container\">\t\t<div class=\"elementor-element elementor-element-6c5c1dd e-container--column e-container\" data-id=\"6c5c1dd\" data-element_type=\"container\" data-settings=\"{&quot;background_background&quot;:&quot;classic&quot;}\">\t\t\t\t<div class=\"elementor-element elementor-element-8a9a38e elementor-widget elementor-widget-heading\" data-id=\"8a9a38e\" data-element_type=\"widget\" data-widget_type=\"heading.default\">\n\t\t\t\t<div class=\"elementor-widget-container\">\n\t\t\t<h2 class=\"elementor-heading-title elementor-size-default\">La mission<\/h2>\t\t<\/div>\n\t\t\t\t<\/div>\n\t\t\t\t<div class=\"elementor-element elementor-element-efeb281 elementor-widget elementor-widget-heading\" data-id=\"efeb281\" data-element_type=\"widget\" data-widget_type=\"heading.default\">\n\t\t\t\t<div class=\"elementor-widget-container\">\n\t\t\t<h2 class=\"elementor-heading-title elementor-size-default\">Aider toute personne, o\u00f9 qu'elle se trouve, \u00e0 planifier son voyage au Cap-Vert en toute s\u00e9r\u00e9nit\u00e9 et \u00e0 profiter de ce que les \u00eeles ont de mieux \u00e0 offrir.\n<\/h2>\t\t<\/div>\n\t\t\t\t<\/div>\n\t\t<\/div><div class=\"elementor-element elementor-element-daa3717 e-container--column e-container\" data-id=\"daa3717\" data-element_type=\"container\" data-settings=\"{&quot;background_background&quot;:&quot;classic&quot;}\">\t\t\t\t<div class=\"elementor-element elementor-element-877a3f6 elementor-widget elementor-widget-heading\" data-id=\"877a3f6\" data-element_type=\"widget\" data-widget_type=\"heading.default\">\n\t\t\t\t<div class=\"elementor-widget-container\">\n\t\t\t<h2 class=\"elementor-heading-title elementor-size-default\">Vision<\/h2>\t\t<\/div>\n\t\t\t\t<\/div>\n\t\t\t\t<div class=\"elementor-element elementor-element-dd547d0 elementor-widget elementor-widget-heading\" data-id=\"dd547d0\" data-element_type=\"widget\" data-widget_type=\"heading.default\">\n\t\t\t\t<div class=\"elementor-widget-container\">\n\t\t\t<h2 class=\"elementor-heading-title elementor-size-default\">\u00catre la source la plus compl\u00e8te et la plus fiable d'informations touristiques sur le Cap-Vert.\n<\/h2>\t\t<\/div>\n\t\t\t\t<\/div>\n\t\t<\/div><\/div>\t\t<section data-particle_enable=\"false\" data-particle-mobile-disabled=\"false\" class=\"elementor-section elementor-top-section elementor-element elementor-element-66f43af elementor-section-boxed elementor-section-height-default elementor-section-height-default\" data-id=\"66f43af\" data-element_type=\"section\">\n\t\t\t\t\t\t<div class=\"elementor-container elementor-column-gap-default\">\n\t\t\t\t\t<div class=\"elementor-column elementor-col-100 elementor-top-column elementor-element elementor-element-e0ffbab\" data-id=\"e0ffbab\" data-element_type=\"column\">\n\t\t\t<div class=\"elementor-widget-wrap elementor-element-populated\">\n\t\t\t\t\t\t\t\t<div class=\"elementor-element elementor-element-a48b0c4 elementor-widget elementor-widget-heading\" data-id=\"a48b0c4\" data-element_type=\"widget\" data-widget_type=\"heading.default\">\n\t\t\t\t<div class=\"elementor-widget-container\">\n\t\t\t<h2 class=\"elementor-heading-title elementor-size-default\">Nous essayons de remplir notre mission :<\/h2>\t\t<\/div>\n\t\t\t\t<\/div>\n\t\t\t\t<div class=\"elementor-element elementor-element-7c1b6c7 elementor-widget elementor-widget-text-editor\" data-id=\"7c1b6c7\" data-element_type=\"widget\" data-widget_type=\"text-editor.default\">\n\t\t\t\t<div class=\"elementor-widget-container\">\n\t\t\t\t\t\t\t<ul><li>Fournir les informations les plus compl\u00e8tes et les plus r\u00e9centes sur le Cap-Vert et ses services li\u00e9s aux voyages.<\/li><li>Gr\u00e2ce \u00e0 des partenariats avec des organismes de voyage fiables, offrir aux voyageurs le meilleur rapport qualit\u00e9-prix.<\/li><li>Montrer que le Cap-Vert est bien plus qu'une destination soleil et plage.<\/li><li>Mettre l'accent sur le r\u00f4le des r\u00e9sidents locaux et sur les diff\u00e9rentes exp\u00e9riences v\u00e9cues dans l'archipel.<\/li><\/ul>\t\t\t\t\t\t<\/div>\n\t\t\t\t<\/div>\n\t\t\t\t\t<\/div>\n\t\t<\/div>\n\t\t\t\t\t\t\t<\/div>\n\t\t<\/section>\n\t\t\t\t<section data-particle_enable=\"false\" data-particle-mobile-disabled=\"false\" class=\"elementor-section elementor-top-section elementor-element elementor-element-e9cb2db elementor-section-boxed elementor-section-height-default elementor-section-height-default\" data-id=\"e9cb2db\" data-element_type=\"section\">\n\t\t\t\t\t\t<div class=\"elementor-container elementor-column-gap-default\">\n\t\t\t\t\t<div class=\"elementor-column elementor-col-100 elementor-top-column elementor-element elementor-element-38bc073\" data-id=\"38bc073\" data-element_type=\"column\">\n\t\t\t<div class=\"elementor-widget-wrap elementor-element-populated\">\n\t\t\t\t\t\t\t\t<div class=\"elementor-element elementor-element-1b3dff9 elementor-widget elementor-widget-heading\" data-id=\"1b3dff9\" data-element_type=\"widget\" data-widget_type=\"heading.default\">\n\t\t\t\t<div class=\"elementor-widget-container\">\n\t\t\t<h2 class=\"elementor-heading-title elementor-size-default\">Le Cap-Vert est au c\u0153ur de nos valeurs fondamentales : <\/h2>\t\t<\/div>\n\t\t\t\t<\/div>\n\t\t\t\t\t<\/div>\n\t\t<\/div>\n\t\t\t\t\t\t\t<\/div>\n\t\t<\/section>\n\t\t<div class=\"elementor-element elementor-element-6c48620 e-container--row e-container\" data-id=\"6c48620\" data-element_type=\"container\">\t\t<div class=\"elementor-element elementor-element-5d71a25 e-container--column e-container\" data-id=\"5d71a25\" data-element_type=\"container\">\t\t\t\t<div class=\"elementor-element elementor-element-0934448 eael-infobox-content-align-center eael-infobox-icon-bg-shape-none eael-infobox-icon-hover-bg-shape-none elementor-widget elementor-widget-eael-info-box\" data-id=\"0934448\" data-element_type=\"widget\" data-widget_type=\"eael-info-box.default\">\n\t\t\t\t<div class=\"elementor-widget-container\">\n\t\t\t                    <div class=\"eael-infobox\">\n                    <div class=\"infobox-icon eael-icon-only\">\n\n            \n                            <div class=\"infobox-icon-wrap\">\n                    <i class=\"\"><\/i>                <\/div>\n            \n            \n        <\/div>\n            <div class=\"infobox-content eael-icon-only\">\n            <h4 class=\"title\">Engagement<\/h4>\n                                                                        <p><p>Nous nous engageons \u00e0 collaborer avec les communaut\u00e9s, les guides locaux et les organisations pour mettre en valeur ce que les \u00eeles ont de mieux \u00e0 offrir, en utilisant notre exp\u00e9rience en tant que r\u00e9sidents. Nous nous engageons \u00e9galement \u00e0 devenir la source d'information en ligne la plus compl\u00e8te sur le Cap-Vert.<\/p><\/p>\n                                                                            <\/div>\n    <\/div>\t\t<\/div>\n\t\t\t\t<\/div>\n\t\t<\/div><div class=\"elementor-element elementor-element-ec8bddb e-container--column e-container\" data-id=\"ec8bddb\" data-element_type=\"container\">\t\t\t\t<div class=\"elementor-element elementor-element-d8b33ce eael-infobox-content-align-center eael-infobox-icon-bg-shape-none eael-infobox-icon-hover-bg-shape-none elementor-widget elementor-widget-eael-info-box\" data-id=\"d8b33ce\" data-element_type=\"widget\" data-widget_type=\"eael-info-box.default\">\n\t\t\t\t<div class=\"elementor-widget-container\">\n\t\t\t                    <div class=\"eael-infobox\">\n                    <div class=\"infobox-icon eael-icon-only\">\n\n            \n                            <div class=\"infobox-icon-wrap\">\n                    <i class=\"\"><\/i>                <\/div>\n            \n            \n        <\/div>\n            <div class=\"infobox-content eael-icon-only\">\n            <h4 class=\"title\">Authenticit\u00e9<\/h4>\n                                                                        <p><p>Nous nous effor\u00e7ons de promouvoir des opportunit\u00e9s qui vous permettent d'entrer v\u00e9ritablement en contact avec les gens et l'endroit qu'ils visitent. Les Cap-Verdiens sont connus pour leur Morabeza (hospitalit\u00e9) et nous voulons nous assurer que vous la ressentirez vraiment lorsque vous nous rendrez visite !<\/p><\/p>\n                                                                            <\/div>\n    <\/div>\t\t<\/div>\n\t\t\t\t<\/div>\n\t\t<\/div><\/div><div class=\"elementor-element elementor-element-7369346 e-container--row e-container\" data-id=\"7369346\" data-element_type=\"container\">\t\t<div class=\"elementor-element elementor-element-faed545 e-container--column e-container\" data-id=\"faed545\" data-element_type=\"container\">\t\t\t\t<div class=\"elementor-element elementor-element-9a01602 eael-infobox-content-align-center eael-infobox-icon-bg-shape-none eael-infobox-icon-hover-bg-shape-none elementor-widget elementor-widget-eael-info-box\" data-id=\"9a01602\" data-element_type=\"widget\" data-widget_type=\"eael-info-box.default\">\n\t\t\t\t<div class=\"elementor-widget-container\">\n\t\t\t                    <div class=\"eael-infobox\">\n                    <div class=\"infobox-icon eael-icon-only\">\n\n            \n                            <div class=\"infobox-icon-wrap\">\n                    <i class=\"\"><\/i>                <\/div>\n            \n            \n        <\/div>\n            <div class=\"infobox-content eael-icon-only\">\n            <h4 class=\"title\">\u00c9quilibre<\/h4>\n                                                                        <p><p>Les pratiques touristiques non durables peuvent causer plus de tort que de bien aux communaut\u00e9s locales. Pour \u00e9viter cela, nous nous effor\u00e7ons de trouver un \u00e9quilibre qui puisse profiter au visiteur sans nuire au tourisme local. \u00c0 cette fin, nous encourageons les pratiques de voyage et les comportements qui minimisent les impacts sociaux, \u00e9conomiques, culturels et environnementaux n\u00e9gatifs et maximisent les impacts positifs. Nous souscrivons \u00e0 la maxime selon laquelle le tourisme doit cr\u00e9er \"de meilleurs lieux de vie et de meilleurs lieux de visite\", dans cet ordre ! (Harold Goodwin)<\/p><\/p>\n                                                                            <\/div>\n    <\/div>\t\t<\/div>\n\t\t\t\t<\/div>\n\t\t<\/div><div class=\"elementor-element elementor-element-42ff364 e-container--column e-container\" data-id=\"42ff364\" data-element_type=\"container\">\t\t\t\t<div class=\"elementor-element elementor-element-6c98696 eael-infobox-content-align-center eael-infobox-icon-bg-shape-none eael-infobox-icon-hover-bg-shape-none elementor-widget elementor-widget-eael-info-box\" data-id=\"6c98696\" data-element_type=\"widget\" data-widget_type=\"eael-info-box.default\">\n\t\t\t\t<div class=\"elementor-widget-container\">\n\t\t\t                    <div class=\"eael-infobox\">\n                    <div class=\"infobox-icon eael-icon-only\">\n\n            \n                            <div class=\"infobox-icon-wrap\">\n                    <i class=\"\"><\/i>                <\/div>\n            \n            \n        <\/div>\n            <div class=\"infobox-content eael-icon-only\">\n            <h4 class=\"title\">Optimisme<\/h4>\n                                                                        <p><p>Tout commence par une attitude, et nous avons plus de chances de r\u00e9ussir si cette attitude est positive. Chez FeelCV, l'optimisme alimente notre travail et nous aide \u00e0 progresser, en regardant l'avenir avec enthousiasme et ouverture d'esprit. L'optimisme est toujours un \u00e9l\u00e9ment essentiel de nos bagages !<\/p><\/p>\n                                                                            <\/div>\n    <\/div>\t\t<\/div>\n\t\t\t\t<\/div>\n\t\t<\/div><\/div><div class=\"elementor-element elementor-element-ada136e e-container--row e-container\" data-id=\"ada136e\" data-element_type=\"container\">\t\t<div class=\"elementor-element elementor-element-0d2d482 e-container--column e-container\" data-id=\"0d2d482\" data-element_type=\"container\">\t\t\t\t<div class=\"elementor-element elementor-element-4a5e67d eael-infobox-content-align-center eael-infobox-icon-bg-shape-none eael-infobox-icon-hover-bg-shape-none elementor-widget elementor-widget-eael-info-box\" data-id=\"4a5e67d\" data-element_type=\"widget\" data-widget_type=\"eael-info-box.default\">\n\t\t\t\t<div class=\"elementor-widget-container\">\n\t\t\t                    <div class=\"eael-infobox\">\n                    <div class=\"infobox-icon eael-icon-only\">\n\n            \n                            <div class=\"infobox-icon-wrap\">\n                    <i class=\"\"><\/i>                <\/div>\n            \n            \n        <\/div>\n            <div class=\"infobox-content eael-icon-only\">\n            <h4 class=\"title\">Polyvalence<\/h4>\n                                                                        <p><p>Le Cap-Vert a quelque chose \u00e0 offrir \u00e0 tous les profils ! Nous nous attachons \u00e0 vous pr\u00e9senter le meilleur et le plus vrai de notre pays afin que vous puissiez adapter votre voyage \u00e0 votre personnalit\u00e9 et \u00e0 vos envies.<\/p><\/p>\n                                                                            <\/div>\n    <\/div>\t\t<\/div>\n\t\t\t\t<\/div>\n\t\t<\/div><div class=\"elementor-element elementor-element-cba68b1 e-container--column e-container\" data-id=\"cba68b1\" data-element_type=\"container\">\t\t\t\t<div class=\"elementor-element elementor-element-69ecb3d eael-infobox-content-align-center eael-infobox-icon-bg-shape-none eael-infobox-icon-hover-bg-shape-none elementor-widget elementor-widget-eael-info-box\" data-id=\"69ecb3d\" data-element_type=\"widget\" data-widget_type=\"eael-info-box.default\">\n\t\t\t\t<div class=\"elementor-widget-container\">\n\t\t\t                    <div class=\"eael-infobox\">\n                    <div class=\"infobox-icon eael-icon-only\">\n\n            \n                            <div class=\"infobox-icon-wrap\">\n                    <i class=\"\"><\/i>                <\/div>\n            \n            \n        <\/div>\n            <div class=\"infobox-content eael-icon-only\">\n            <h4 class=\"title\">Exp\u00e9rience<\/h4>\n                                                                        <p><p>Nous nous appuyons sur notre vaste exp\u00e9rience et nos connaissances, acquises en tant que r\u00e9sidents et voyageurs r\u00e9guliers au Cap-Vert, pour fournir les meilleures informations et ressources afin d'aider les visiteurs \u00e0 vivre une exp\u00e9rience exceptionnelle sur nos \u00eeles.<\/p><\/p>\n                                                                            <\/div>\n    <\/div>\t\t<\/div>\n\t\t\t\t<\/div>\n\t\t<\/div><\/div><div class=\"elementor-element elementor-element-09ab992 e-container--row e-container\" data-id=\"09ab992\" data-element_type=\"container\">\t\t<div class=\"elementor-element elementor-element-359dab9 e-container--column e-container\" data-id=\"359dab9\" data-element_type=\"container\">\t\t\t\t<div class=\"elementor-element elementor-element-29a35a2 eael-infobox-content-align-center eael-infobox-icon-bg-shape-none eael-infobox-icon-hover-bg-shape-none elementor-widget elementor-widget-eael-info-box\" data-id=\"29a35a2\" data-element_type=\"widget\" data-widget_type=\"eael-info-box.default\">\n\t\t\t\t<div class=\"elementor-widget-container\">\n\t\t\t                    <div class=\"eael-infobox\">\n                    <div class=\"infobox-icon eael-icon-only\">\n\n            \n                            <div class=\"infobox-icon-wrap\">\n                    <i class=\"\"><\/i>                <\/div>\n            \n            \n        <\/div>\n            <div class=\"infobox-content eael-icon-only\">\n            <h4 class=\"title\">Respect<\/h4>\n                                                                        <p><p>En respectant le mode de vie, les cultures et les traditions que nous rencontrons lors de nos voyages dans les \u00eeles, nous sommes en mesure de vivre des exp\u00e9riences authentiques et inoubliables au Cap-Vert. Et parce que nous respectons et appr\u00e9cions \u00e9galement nos lecteurs, nous voulons les guider afin qu'ils puissent eux aussi profiter respectueusement du meilleur du Cap-Vert !<\/p><\/p>\n                                                                            <\/div>\n    <\/div>\t\t<\/div>\n\t\t\t\t<\/div>\n\t\t<\/div><div class=\"elementor-element elementor-element-80a19f3 e-container--column e-container\" data-id=\"80a19f3\" data-element_type=\"container\">\t\t\t\t<div class=\"elementor-element elementor-element-e334589 eael-infobox-content-align-center eael-infobox-icon-bg-shape-none eael-infobox-icon-hover-bg-shape-none elementor-widget elementor-widget-eael-info-box\" data-id=\"e334589\" data-element_type=\"widget\" data-widget_type=\"eael-info-box.default\">\n\t\t\t\t<div class=\"elementor-widget-container\">\n\t\t\t                    <div class=\"eael-infobox\">\n                    <div class=\"infobox-icon eael-icon-only\">\n\n            \n                            <div class=\"infobox-icon-wrap\">\n                    <i class=\"\"><\/i>                <\/div>\n            \n            \n        <\/div>\n            <div class=\"infobox-content eael-icon-only\">\n            <h4 class=\"title\">D\u00e9veloppement<\/h4>\n                                                                        <p><p>Le tourisme est actuellement le principal outil de d\u00e9veloppement du Cap-Vert. Toutefois, pour qu'il soit source de progr\u00e8s social et de b\u00e9n\u00e9fices pour la population locale, les communaut\u00e9s doivent \u00eatre activement impliqu\u00e9es et responsabilis\u00e9es dans cette industrie. L'implication et le d\u00e9veloppement des communaut\u00e9s sont les principaux moteurs de notre travail.<\/p><\/p>\n                                                                            <\/div>\n    <\/div>\t\t<\/div>\n\t\t\t\t<\/div>\n\t\t<\/div><\/div><div class=\"elementor-element elementor-element-8719d92 e-container--row e-container\" data-id=\"8719d92\" data-element_type=\"container\">\t\t<div class=\"elementor-element elementor-element-46f90e6 e-container--column e-container\" data-id=\"46f90e6\" data-element_type=\"container\">\t\t\t\t<div class=\"elementor-element elementor-element-c540980 eael-infobox-content-align-center eael-infobox-icon-bg-shape-none eael-infobox-icon-hover-bg-shape-none elementor-widget elementor-widget-eael-info-box\" data-id=\"c540980\" data-element_type=\"widget\" data-widget_type=\"eael-info-box.default\">\n\t\t\t\t<div class=\"elementor-widget-container\">\n\t\t\t                    <div class=\"eael-infobox\">\n                    <div class=\"infobox-icon eael-icon-only\">\n\n            \n                            <div class=\"infobox-icon-wrap\">\n                    <i class=\"\"><\/i>                <\/div>\n            \n            \n        <\/div>\n            <div class=\"infobox-content eael-icon-only\">\n            <h4 class=\"title\">L'excellence<\/h4>\n                                                                        <p><p>Nous nous effor\u00e7ons d'\u00eatre les partenaires les plus professionnels et les plus r\u00e9actifs dans les voyages de nos lecteurs, en utilisant nos connaissances, notre exp\u00e9rience et notre r\u00e9seau pour fournir les meilleurs guides, services et informations sur nos \u00eeles.<\/p><\/p>\n                                                                            <\/div>\n    <\/div>\t\t<\/div>\n\t\t\t\t<\/div>\n\t\t<\/div><div class=\"elementor-element elementor-element-16a0e52 e-container--column e-container\" data-id=\"16a0e52\" data-element_type=\"container\">\t\t<\/div><\/div>\t\t\t\t\t<\/div>","protected":false},"excerpt":{"rendered":"<p>Qui est \u00e0 l'origine de Feel Cape Verde ? Un groupe de jeunes Capverdiens qui sont d\u00e9sesp\u00e9r\u00e9ment amoureux du Cap-Vert et qui veulent en partager le meilleur avec le monde entier. Notre objectif principal est de renforcer le tourisme communautaire au Cap-Vert, car nous pensons que cela peut aider \u00e0 cr\u00e9er \"de meilleurs endroits pour les gens [...]\".<\/p>","protected":false},"author":1,"featured_media":0,"parent":0,"menu_order":0,"comment_status":"closed","ping_status":"closed","template":"","meta":{"footnotes":""},"categories":[],"tags":[],"class_list":["post-1623","page","type-page","status-publish","hentry"],"_links":{"self":[{"href":"https:\/\/feelcaboverde.com\/fr\/wp-json\/wp\/v2\/pages\/1623","targetHints":{"allow":["GET"]}}],"collection":[{"href":"https:\/\/feelcaboverde.com\/fr\/wp-json\/wp\/v2\/pages"}],"about":[{"href":"https:\/\/feelcaboverde.com\/fr\/wp-json\/wp\/v2\/types\/page"}],"author":[{"embeddable":true,"href":"https:\/\/feelcaboverde.com\/fr\/wp-json\/wp\/v2\/users\/1"}],"replies":[{"embeddable":true,"href":"https:\/\/feelcaboverde.com\/fr\/wp-json\/wp\/v2\/comments?post=1623"}],"version-history":[{"count":76,"href":"https:\/\/feelcaboverde.com\/fr\/wp-json\/wp\/v2\/pages\/1623\/revisions"}],"predecessor-version":[{"id":4967,"href":"https:\/\/feelcaboverde.com\/fr\/wp-json\/wp\/v2\/pages\/1623\/revisions\/4967"}],"wp:attachment":[{"href":"https:\/\/feelcaboverde.com\/fr\/wp-json\/wp\/v2\/media?parent=1623"}],"wp:term":[{"taxonomy":"category","embeddable":true,"href":"https:\/\/feelcaboverde.com\/fr\/wp-json\/wp\/v2\/categories?post=1623"},{"taxonomy":"post_tag","embeddable":true,"href":"https:\/\/feelcaboverde.com\/fr\/wp-json\/wp\/v2\/tags?post=1623"}],"curies":[{"name":"wp","href":"https:\/\/api.w.org\/{rel}","templated":true}]}}