{"id":16,"date":"2021-08-14T11:59:01","date_gmt":"2021-08-14T11:59:01","guid":{"rendered":"https:\/\/feelcaboverde.com\/?page_id=16"},"modified":"2025-02-17T03:20:58","modified_gmt":"2025-02-17T03:20:58","slug":"aventuras-na-natureza","status":"publish","type":"page","link":"https:\/\/feelcaboverde.com\/fr\/aventures-dans-la-nature-cap-vert\/","title":{"rendered":"Aventures dans la Nature"},"content":{"rendered":"<div data-elementor-type=\"wp-page\" data-elementor-id=\"16\" class=\"elementor elementor-16\">\n\t\t\t\t\t\t\t\t\t<section data-particle_enable=\"false\" data-particle-mobile-disabled=\"false\" class=\"elementor-section elementor-top-section elementor-element elementor-element-b6c6c52 elementor-section-boxed elementor-section-height-default elementor-section-height-default\" data-id=\"b6c6c52\" data-element_type=\"section\">\n\t\t\t\t\t\t<div class=\"elementor-container elementor-column-gap-default\">\n\t\t\t\t\t<div class=\"elementor-column elementor-col-100 elementor-top-column elementor-element elementor-element-b06a469\" data-id=\"b06a469\" data-element_type=\"column\">\n\t\t\t<div class=\"elementor-widget-wrap elementor-element-populated\">\n\t\t\t\t\t\t\t\t<div class=\"elementor-element elementor-element-c22e5c7 elementor-widget elementor-widget-text-editor\" data-id=\"c22e5c7\" data-element_type=\"widget\" data-widget_type=\"text-editor.default\">\n\t\t\t\t<div class=\"elementor-widget-container\">\n\t\t\t<style>\/*! elementor - v3.7.1 - 14-08-2022 *\/\n.elementor-widget-text-editor.elementor-drop-cap-view-stacked .elementor-drop-cap{background-color:#818a91;color:#fff}.elementor-widget-text-editor.elementor-drop-cap-view-framed .elementor-drop-cap{color:#818a91;border:3px solid;background-color:transparent}.elementor-widget-text-editor:not(.elementor-drop-cap-view-default) .elementor-drop-cap{margin-top:8px}.elementor-widget-text-editor:not(.elementor-drop-cap-view-default) .elementor-drop-cap-letter{width:1em;height:1em}.elementor-widget-text-editor .elementor-drop-cap{float:left;text-align:center;line-height:1;font-size:50px}.elementor-widget-text-editor .elementor-drop-cap-letter{display:inline-block}<\/style>\t\t\t\t<h3><b>Explorer la nature au Cap-Vert : Aventures au-del\u00e0 de la mer<\/b><\/h3><p data-sourcepos=\"3:1-3:450\">Le Cap-Vert est un v\u00e9ritable paradis pour les amoureux de la nature et de l'aventure. En plus de la <a href=\"https:\/\/feelcaboverde.com\/fr\/praias-e-piscinas-naturais\/\">plages paradisiaques<\/a> et le<a href=\"https:\/\/feelcaboverde.com\/fr\/sports-nautiques-cap-vert\/\"> activit\u00e9s aquatiques<\/a>L'archipel offre des paysages impressionnants, des sentiers stimulants et des exp\u00e9riences de plein air uniques.\u00a0<\/p><p data-sourcepos=\"3:1-3:450\"><span style=\"font-family: var( --e-global-typography-text-font-family ), Sans-serif; font-weight: var( --e-global-typography-text-font-weight ); font-size: 1rem;\">Chaque \u00eele a sa propre <a href=\"https:\/\/feelcaboverde.com\/fr\/geographie-et-geologie-du-cap-vert\/\">profil g\u00e9ographique<\/a> et donc diff\u00e9rentes possibilit\u00e9s d'explorer la nature de diff\u00e9rentes mani\u00e8res.\u00a0<\/span>Si vous \u00eates de ceux qui aiment explorer au-del\u00e0 des belles plages, venez avec nous pour d\u00e9couvrir une facette du Cap-Vert qui va bien au-del\u00e0 des apparences.\u00a0<\/p><h3><strong>1) Montagnes et sentiers : le paradis des randonneurs<\/strong><\/h3><p data-sourcepos=\"9:1-9:177\">Si vous \u00eates un adepte de la randonn\u00e9e, pr\u00e9parez-vous \u00e0 vous sentir chez vous. Les \u00eeles montagneuses du Cap-Vert offrent des sentiers pour tous les niveaux, avec des paysages incroyables.<\/p><p data-sourcepos=\"9:1-9:177\"><strong style=\"color: inherit; font-family: inherit; font-size: 1.5rem;\">1.1 Santo Ant\u00e3o : La destination de randonn\u00e9e par excellence<\/strong><\/p><p data-sourcepos=\"13:1-13:210\"><a href=\"https:\/\/feelcaboverde.com\/fr\/saint-antao-2\/\">Santo Ant\u00e3o<\/a> est l'\u00eele la plus montagneuse du Cap-Vert et un paradis pour les amateurs de randonn\u00e9es. Ici, chaque pas est une nouvelle d\u00e9couverte, avec des vall\u00e9es profondes, des ruisseaux verdoyants et des montagnes qui semblent toucher le ciel.<\/p><ul data-sourcepos=\"15:1-18:0\"><li data-sourcepos=\"15:1-15:145\"><strong>Sentiers de Ribeira Grande :<\/strong> Une promenade qui traverse de petits villages, des plantations de canne \u00e0 sucre et des paysages \u00e0 couper le souffle.<\/li><li data-sourcepos=\"16:1-16:100\"><strong>Pico da Cruz :<\/strong> L'un des points les plus \u00e9lev\u00e9s de l'\u00eele, avec une vue spectaculaire sur l'Atlantique.<\/li><li data-sourcepos=\"17:1-18:0\"><strong>Torre Stream :<\/strong> Une promenade \u00e0 travers des terrasses cultiv\u00e9es, des ruisseaux et une cascade cach\u00e9e.<\/li><li data-sourcepos=\"17:1-18:0\"><strong>Descente en VTT \u00e0 travers la Cova :<\/strong> Une aventure passionnante pour les cyclistes plus exp\u00e9riment\u00e9s, avec des descentes abruptes et des paysages difficiles.<\/li><\/ul><h4><strong>\u00a0<\/strong><\/h4><h4><strong>1.2 S\u00e3o Nicolau : nature sauvage et isolement<\/strong><\/h4><p data-sourcepos=\"21:1-21:227\">Si vous \u00eates \u00e0 la recherche d'une exp\u00e9rience authentique et isol\u00e9e,<a href=\"https:\/\/feelcaboverde.com\/fr\/sao-nicolau\/\"> S\u00e3o Nicolau<\/a> est votre destination. L'\u00eele, peu explor\u00e9e par le tourisme de masse, pr\u00e9serve une nature intacte et offre des sentiers stimulants pour les aventuriers les plus exp\u00e9riment\u00e9s.<\/p><ul data-sourcepos=\"23:1-26:0\"><li data-sourcepos=\"23:1-23:154\"><strong>Parc naturel de Monte Gordo :<\/strong> L'un des meilleurs sites de randonn\u00e9e de l'\u00eele, avec des sentiers qui serpentent entre les montagnes et la v\u00e9g\u00e9tation luxuriante.<\/li><li data-sourcepos=\"24:1-24:87\"><strong>Faj\u00e3 Route :<\/strong> Un sentier qui relie des villages isol\u00e9s et d\u00e9voile des paysages spectaculaires.<\/li><li data-sourcepos=\"25:1-26:0\"><strong><a href=\"https:\/\/feelcaboverde.com\/fr\/carbeirinho-ile-de-sao-nicolau\/\">Carbeirinho<\/a>:<\/strong> L'une des 7 merveilles du Cap-Vert, avec ses formations rocheuses et sa beaut\u00e9 naturelle unique.<\/li><\/ul><h4><strong>\u00a0<\/strong><\/h4><h4><strong>1.3 Santiago : pistes et histoire<\/strong><\/h4><p data-sourcepos=\"29:1-29:190\">En <a href=\"https:\/\/feelcaboverde.com\/fr\/santiago\/\">Santiago<\/a>Sur la plus grande \u00eele du Cap-Vert, la nature rencontre l'histoire. Ici, vous pouvez explorer des sentiers au milieu de paysages \u00e9poustouflants et d\u00e9couvrir le riche patrimoine culturel de l'\u00eele.<\/p><ul data-sourcepos=\"31:1-34:0\"><li data-sourcepos=\"31:1-31:130\"><strong>Serra da Malagueta :<\/strong> L'un des meilleurs endroits pour la randonn\u00e9e, offrant des vues \u00e0 couper le souffle et une incroyable biodiversit\u00e9.<\/li><li data-sourcepos=\"32:1-32:150\"><strong>Rail <a href=\"https:\/\/feelcaboverde.com\/fr\/vieille-ville\/\">Vieille ville<\/a>:<\/strong> Une promenade qui m\u00eale nature et histoire, reliant l'ancienne capitale coloniale \u00e0 des paysages naturels impressionnants.<\/li><li data-sourcepos=\"33:1-34:0\"><strong>Tour du Plateau :<\/strong> Dans le centre-ville de Praia, vous pourrez visiter le march\u00e9 municipal anim\u00e9, le mus\u00e9e Am\u00edlcar Cabral et d'autres sites historiques.<\/li><\/ul><h3 data-sourcepos=\"35:1-35:43\"><strong>\u00a0<\/strong><\/h3><h4><strong>1.4 Le feu : l'aventure de l'ascension d'un volcan<\/strong><\/h4><p data-sourcepos=\"37:1-37:164\">Si vous \u00eates \u00e0 la recherche d'une aventure unique <a href=\"https:\/\/feelcaboverde.com\/fr\/incendie\/\">Fogo<\/a> est votre destination. Ici, vous aurez l'occasion d'escalader une <a href=\"https:\/\/feelcaboverde.com\/fr\/volcan-de-fogo-ile-du-fogo\/\">volcan actif<\/a> et explorer d'impressionnants paysages volcaniques.<\/p><ul data-sourcepos=\"39:1-42:0\"><li data-sourcepos=\"39:1-39:166\"><strong>Mont\u00e9e au Pico do Fogo :<\/strong> Une randonn\u00e9e exigeante mais gratifiante jusqu'au point le plus \u00e9lev\u00e9 de l'archipel, surplombant l'impressionnant paysage volcanique.<\/li><li data-sourcepos=\"40:1-40:141\"><strong>Op\u00e9ration de Ch\u00e3 das Caldeiras :<\/strong> Visitez les villages construits \u00e0 la base de la lave volcanique et d\u00e9gustez le vin local cultiv\u00e9 sur le sol volcanique.<\/li><li data-sourcepos=\"41:1-42:0\"><strong>Monast\u00e8res :<\/strong> Le pays du caf\u00e9, avec ses paysages verdoyants et la possibilit\u00e9 de d\u00e9couvrir de pr\u00e8s la production de ce grain si appr\u00e9ci\u00e9.<\/li><\/ul><h3 data-sourcepos=\"43:1-43:49\"><strong>\u00a0<\/strong><\/h3><h4><strong>1.5 Brava : l'\u00eele des fleurs et des points de vue<\/strong><\/h4><p data-sourcepos=\"45:1-45:211\">En <a href=\"https:\/\/feelcaboverde.com\/fr\/brava\/\">Brava<\/a>La plus petite \u00eele habit\u00e9e du Cap-Vert, la nature s'y r\u00e9v\u00e8le sous sa forme la plus d\u00e9licate. Ici, vous trouverez des sentiers entre les montagnes et les villages pittoresques, avec des paysages qui inspirent la paix et la tranquillit\u00e9.<\/p><ul data-sourcepos=\"47:1-50:0\"><li data-sourcepos=\"47:1-47:89\"><strong>Piste de Faj\u00e3 de \u00c1gua :<\/strong> Randonn\u00e9e entre montagnes et petits villages pittoresques.<\/li><li data-sourcepos=\"48:1-48:122\"><strong>Point de vue de Nossa Senhora do Monte :<\/strong> L'un des meilleurs endroits pour contempler le coucher de soleil et la vue sur l'oc\u00e9an.<\/li><li data-sourcepos=\"49:1-50:0\"><strong>Promenade dans Nova Sintra :<\/strong> Avec son architecture coloniale, son air romantique et son atmosph\u00e8re chaleureuse.<\/li><\/ul><h3 data-sourcepos=\"51:1-51:36\"><strong>\u00a0<\/strong><\/h3><h3 data-sourcepos=\"51:1-51:36\"><strong>2. Aventures au-del\u00e0 des montagnes<\/strong><\/h3><p data-sourcepos=\"53:1-53:183\">Le Cap-Vert offre bien plus que des sentiers de randonn\u00e9e et des montagnes. Si vous souhaitez explorer l'archipel d'une mani\u00e8re diff\u00e9rente, d'autres \u00eeles proposent des activit\u00e9s passionnantes et des paysages uniques.<\/p><h4><strong>\u00a0<\/strong><\/h4><h4><strong>2.1 L'\u00eele de Sal : Adr\u00e9naline et circuits uniques<\/strong><\/h4><p data-sourcepos=\"57:1-57:262\">Non <a href=\"https:\/\/feelcaboverde.com\/fr\/sel\/\">Sal<\/a>l'aventure rencontre l'adr\u00e9naline. Ici, vous pouvez faire l'exp\u00e9rience d'une tyrolienne, explorer les dunes et les plages \u00e0 cheval et d\u00e9couvrir l'histoire de l'\u00eele lors d'une visite de la route de Sal, avec ses salines et ses paysages uniques.<\/p><ul data-sourcepos=\"59:1-62:0\"><li data-sourcepos=\"59:1-59:90\"><b><a href=\"https:\/\/ziplinecaboverde.com\/\" rel=\"nofollow noopener\" target=\"_blank\">Zipline Cap-Vert<\/a>:<\/b> Une exp\u00e9rience passionnante pour les amateurs d'aventure, situ\u00e9e dans la r\u00e9serve de Serra Negra.<\/li><li data-sourcepos=\"60:1-60:101\"><strong>Randonn\u00e9e \u00e0 cheval le long des dunes et des plages :<\/strong> Une fa\u00e7on paisible et charmante d'explorer l'\u00eele.<\/li><li data-sourcepos=\"61:1-62:0\"><strong>Circuit de la route du sel :<\/strong> Visite des anciennes salines et des chemins historiques emprunt\u00e9s pour transporter l'\"or blanc\".<\/li><\/ul><h3 data-sourcepos=\"63:1-63:41\"><strong>\u00a0<\/strong><\/h3><h4><strong>2.2 Boavista : Le d\u00e9sert du Cap-Vert<\/strong><\/h4><p data-sourcepos=\"65:1-65:275\">En <a href=\"https:\/\/feelcaboverde.com\/fr\/boavista\/\">Boa Vista<\/a>le d\u00e9sert rencontre la mer. Les dunes du d\u00e9sert de Viana, avec leurs paysages arides et surr\u00e9alistes, sont parfaites pour les randonn\u00e9es et les promenades en buggy. L'observation de la faune, avec les baleines migratrices et les tortues de mer, est un spectacle inoubliable.<\/p><ul data-sourcepos=\"67:1-70:0\"><li data-sourcepos=\"67:1-67:122\"><strong>Exploitation de la <a href=\"https:\/\/feelcaboverde.com\/fr\/desert-de-viana-ile-de-boavista\/\">D\u00e9sert de Viana<\/a>:<\/strong> Un paysage aride et surr\u00e9aliste, id\u00e9al pour les randonn\u00e9es et les balades en buggy.<\/li><li data-sourcepos=\"68:1-68:105\"><strong>Observation de la faune et de la flore :<\/strong> Boavista est l'un des meilleurs endroits pour observer les baleines en migration.<\/li><li data-sourcepos=\"69:1-70:0\"><strong>Plages paradisiaques :<\/strong> Son sable blanc et ses eaux cristallines sont propices \u00e0 la d\u00e9tente et \u00e0 la baignade.<\/li><\/ul><h3 data-sourcepos=\"71:1-71:57\"><strong>\u00a0<\/strong><\/h3><h4><strong>2.3 mai :\u00a0<\/strong><b>Oasis de tranquillit\u00e9<\/b><\/h4><p data-sourcepos=\"73:1-73:288\"><a href=\"https:\/\/feelcaboverde.com\/fr\/mai\/\">Maio<\/a>Bien qu'elle soit l'une des \u00eeles les plus arides du Cap-Vert, elle abrite le plus grand massif forestier de l'archipel, avec 3 500 hectares d'acacias. Vous pourrez y faire des randonn\u00e9es dans les conditions difficiles de l'aridit\u00e9, explorer les collines de sable et observer diverses esp\u00e8ces d'oiseaux marins et terrestres.<\/p><ul data-sourcepos=\"75:1-78:0\"><li data-sourcepos=\"75:1-75:165\"><strong>Randonn\u00e9e dans la plus grande for\u00eat du Cap-Vert :<\/strong> Des sentiers entour\u00e9s d'une v\u00e9g\u00e9tation adapt\u00e9e au climat aride, offrant un cadre unique \u00e0 explorer.<\/li><li data-sourcepos=\"76:1-76:141\"><strong>Exploitation des terrils :<\/strong> De petites collines form\u00e9es naturellement par le vent, offrant un paysage inhabituel pour les promenades.<\/li><li data-sourcepos=\"77:1-78:0\"><strong>Observation des oiseaux :<\/strong> Des sites d'observation des oiseaux pour admirer la riche vari\u00e9t\u00e9 d'oiseaux marins et terrestres qui habitent l'\u00eele, tels que les h\u00e9rons, les cormorans et les faucons.<div><div>\u00a0<\/div><\/div><p><strong>\u00a0<\/strong><\/p><\/li><\/ul><h4><strong>2.4 S\u00e3o Vicente : culture, couchers de soleil et paysages incroyables<\/strong><\/h4><p data-sourcepos=\"81:1-81:339\">En <a href=\"https:\/\/feelcaboverde.com\/fr\/sao-vicente\/\">S\u00e3o Vicente<\/a>la culture rencontre la nature. Le coucher de soleil au Monte Cara est un spectacle en soi, avec des couleurs qui teintent le ciel et la mer de nuances magiques. Une randonn\u00e9e au Monte Verde offre une vue panoramique de l'\u00eele, tandis qu'une visite de la ville de Mindelo permet de d\u00e9couvrir la richesse de l'histoire et de la culture locales.<\/p><ul data-sourcepos=\"83:1-86:0\"><li data-sourcepos=\"83:1-83:97\"><strong>Coucher de soleil \u00e0 Monte Cara et San Pedro :<\/strong> L'un des meilleurs endroits pour admirer le coucher du soleil.<\/li><li data-sourcepos=\"84:1-84:111\"><strong>Randonn\u00e9e au Monte Verde :<\/strong> Une ascension gratifiante qui vous emm\u00e8ne au point le plus \u00e9lev\u00e9 de l'\u00eele, avec une vue panoramique sur la ville de Mindelo et les \u00eeles voisines.<\/li><li data-sourcepos=\"85:1-86:0\"><strong>Visite de la ville de Mindelo :<\/strong>\u00a0D\u00e9couvrez le centre urbain de l'\u00eele en passant par l'embl\u00e9matique march\u00e9 aux poissons, le front de mer de Porto Grande (embl\u00e9matique pour son r\u00f4le dans l'histoire de l'\u00eele) et la plage de Laginha.<\/li><\/ul><h3 data-sourcepos=\"87:1-87:35\"><strong>\u00a0<\/strong><\/h3><h4><strong>2.5 Sainte-Lucie : l'\u00eele d\u00e9serte<\/strong><\/h4><p data-sourcepos=\"89:1-89:340\">La seule \u00eele inhabit\u00e9e du Cap-Vert et la moins accessible. Le groupe de conservation de la nature Biosfera organise occasionnellement des excursions vers l'\u00eele. <a href=\"https:\/\/feelcaboverde.com\/fr\/santa-luzia\/\">Santa Luzia<\/a>en mettant l'accent sur la protection de l'environnement. Lors de ces visites, les participants ont la rare opportunit\u00e9 d'explorer cette \u00eele pr\u00e9serv\u00e9e et d'apprendre l'importance de la conservation de la nature.<\/p><h4><b>Conclusion<\/b><\/h4><p data-sourcepos=\"89:1-89:340\">Le Cap-Vert est bien plus qu'une destination baln\u00e9aire. C'est un endroit o\u00f9 la nature se r\u00e9v\u00e8le sous la forme de montagnes imposantes, de vall\u00e9es verdoyantes, de d\u00e9serts de sable dor\u00e9, de volcans et bien plus encore. Chaque \u00eele offre une exp\u00e9rience unique, invitant les visiteurs \u00e0 explorer, d\u00e9couvrir et se connecter \u00e0 l'essence de l'archipel.\u00a0<\/p><p data-sourcepos=\"89:1-89:340\">Quelle \u00eele explorerez-vous en premier ? Contactez-nous si vous souhaitez en savoir plus sur les possibilit\u00e9s d'activit\u00e9s au Cap-Vert.<\/p>\t\t\t\t\t\t<\/div>\n\t\t\t\t<\/div>\n\t\t\t\t\t<\/div>\n\t\t<\/div>\n\t\t\t\t\t\t\t<\/div>\n\t\t<\/section>\n\t\t\t\t\t\t\t<\/div>","protected":false},"excerpt":{"rendered":"<p>Explorando a Natureza em Cabo Verde: Aventuras Al\u00e9m do Mar Cabo Verde \u00e9 um verdadeiro para\u00edso para os amantes da natureza e da aventura. Para al\u00e9m das praias paradis\u00edacas e das atividades aqu\u00e1ticas, o arquip\u00e9lago oferece paisagens impressionantes, trilhos desafiadores e experi\u00eancias \u00fanicas ao ar livre.\u00a0 Cada ilha tem o seu pr\u00f3prio perfil geogr\u00e1fico e, [&hellip;]<\/p>","protected":false},"author":1,"featured_media":0,"parent":0,"menu_order":0,"comment_status":"closed","ping_status":"closed","template":"elementor_header_footer","meta":{"footnotes":""},"categories":[22],"tags":[],"class_list":["post-16","page","type-page","status-publish","hentry","category-mundo-de-experiencias"],"_links":{"self":[{"href":"https:\/\/feelcaboverde.com\/fr\/wp-json\/wp\/v2\/pages\/16","targetHints":{"allow":["GET"]}}],"collection":[{"href":"https:\/\/feelcaboverde.com\/fr\/wp-json\/wp\/v2\/pages"}],"about":[{"href":"https:\/\/feelcaboverde.com\/fr\/wp-json\/wp\/v2\/types\/page"}],"author":[{"embeddable":true,"href":"https:\/\/feelcaboverde.com\/fr\/wp-json\/wp\/v2\/users\/1"}],"replies":[{"embeddable":true,"href":"https:\/\/feelcaboverde.com\/fr\/wp-json\/wp\/v2\/comments?post=16"}],"version-history":[{"count":31,"href":"https:\/\/feelcaboverde.com\/fr\/wp-json\/wp\/v2\/pages\/16\/revisions"}],"predecessor-version":[{"id":5381,"href":"https:\/\/feelcaboverde.com\/fr\/wp-json\/wp\/v2\/pages\/16\/revisions\/5381"}],"wp:attachment":[{"href":"https:\/\/feelcaboverde.com\/fr\/wp-json\/wp\/v2\/media?parent=16"}],"wp:term":[{"taxonomy":"category","embeddable":true,"href":"https:\/\/feelcaboverde.com\/fr\/wp-json\/wp\/v2\/categories?post=16"},{"taxonomy":"post_tag","embeddable":true,"href":"https:\/\/feelcaboverde.com\/fr\/wp-json\/wp\/v2\/tags?post=16"}],"curies":[{"name":"wp","href":"https:\/\/api.w.org\/{rel}","templated":true}]}}