{"id":1131,"date":"2022-05-27T14:16:15","date_gmt":"2022-05-27T14:16:15","guid":{"rendered":"https:\/\/feelcaboverde.com\/?page_id=1131"},"modified":"2023-04-04T00:41:19","modified_gmt":"2023-04-04T00:41:19","slug":"vestuario-o-que-usar-em-cabo-verde","status":"publish","type":"page","link":"https:\/\/feelcaboverde.com\/fr\/vetements-que-porter-au-cap-vert\/","title":{"rendered":"V\u00eatements - Comment s'habiller au Cap-Vert"},"content":{"rendered":"<div data-elementor-type=\"wp-page\" data-elementor-id=\"1131\" class=\"elementor elementor-1131\">\n\t\t\t\t\t\t\t\t\t<section data-particle_enable=\"false\" data-particle-mobile-disabled=\"false\" class=\"elementor-section elementor-top-section elementor-element elementor-element-43b54aea elementor-section-boxed elementor-section-height-default elementor-section-height-default\" data-id=\"43b54aea\" data-element_type=\"section\">\n\t\t\t\t\t\t<div class=\"elementor-container elementor-column-gap-default\">\n\t\t\t\t\t<div class=\"elementor-column elementor-col-100 elementor-top-column elementor-element elementor-element-6e42e8a5\" data-id=\"6e42e8a5\" data-element_type=\"column\">\n\t\t\t<div class=\"elementor-widget-wrap elementor-element-populated\">\n\t\t\t\t\t\t\t\t<div class=\"elementor-element elementor-element-56626ddb elementor-widget elementor-widget-text-editor\" data-id=\"56626ddb\" data-element_type=\"widget\" data-widget_type=\"text-editor.default\">\n\t\t\t\t<div class=\"elementor-widget-container\">\n\t\t\t<style>\/*! elementor - v3.7.1 - 14-08-2022 *\/\n.elementor-widget-text-editor.elementor-drop-cap-view-stacked .elementor-drop-cap{background-color:#818a91;color:#fff}.elementor-widget-text-editor.elementor-drop-cap-view-framed .elementor-drop-cap{color:#818a91;border:3px solid;background-color:transparent}.elementor-widget-text-editor:not(.elementor-drop-cap-view-default) .elementor-drop-cap{margin-top:8px}.elementor-widget-text-editor:not(.elementor-drop-cap-view-default) .elementor-drop-cap-letter{width:1em;height:1em}.elementor-widget-text-editor .elementor-drop-cap{float:left;text-align:center;line-height:1;font-size:50px}.elementor-widget-text-editor .elementor-drop-cap-letter{display:inline-block}<\/style>\t\t\t\t<p>Il n'y a pas de code vestimentaire strict au Cap-Vert, les gens s'habillent donc librement. Le style vestimentaire du Cap-Vert est tr\u00e8s d\u00e9contract\u00e9, influenc\u00e9 principalement par les tendances occidentales.<\/p><p>Dans la vie de tous les jours, les femmes ont tendance \u00e0 porter des blouses l\u00e9g\u00e8res et des jeans. Les jupes et les robes sont \u00e9galement courantes, surtout chez les femmes adultes. Les hommes ont tendance \u00e0 porter des jeans et des t-shirts pour les situations d\u00e9contract\u00e9es, et des pantalons et des chemises \u00e0 col pour les situations formelles ou moins d\u00e9contract\u00e9es.\u00a0<\/p><p>Pour aller \u00e0 la plage, les hommes cap-verdiens portent le plus souvent un slip de bain, mais certains optent pour un maillot de bain. Les femmes capverdiennes portent g\u00e9n\u00e9ralement des bikinis, mais certaines optent \u00e9galement pour des maillots de bain.<\/p><p><span style=\"font-weight: 400;\">Pour plus de d\u00e9tails, reportez-vous \u00e0 la section \"v\u00eatements\" de notre article sur ce qu'il faut emporter au Cap-Vert.<\/span><\/p>\t\t\t\t\t\t<\/div>\n\t\t\t\t<\/div>\n\t\t\t\t\t<\/div>\n\t\t<\/div>\n\t\t\t\t\t\t\t<\/div>\n\t\t<\/section>\n\t\t\t\t\t\t\t<\/div>","protected":false},"excerpt":{"rendered":"<p>Il n'y a pas de code vestimentaire strict au Cap-Vert, les gens s'habillent donc librement. Le style vestimentaire du Cap-Vert est tr\u00e8s d\u00e9contract\u00e9, influenc\u00e9 principalement par les tendances occidentales. Dans la vie de tous les jours, les femmes ont tendance \u00e0 porter des chemisiers l\u00e9gers et des jeans. Les jupes et les robes sont \u00e9galement courantes, en particulier chez les femmes adultes. Les [...]<\/p>","protected":false},"author":1,"featured_media":0,"parent":0,"menu_order":0,"comment_status":"closed","ping_status":"closed","template":"","meta":{"footnotes":""},"categories":[],"tags":[],"class_list":["post-1131","page","type-page","status-publish","hentry"],"_links":{"self":[{"href":"https:\/\/feelcaboverde.com\/fr\/wp-json\/wp\/v2\/pages\/1131","targetHints":{"allow":["GET"]}}],"collection":[{"href":"https:\/\/feelcaboverde.com\/fr\/wp-json\/wp\/v2\/pages"}],"about":[{"href":"https:\/\/feelcaboverde.com\/fr\/wp-json\/wp\/v2\/types\/page"}],"author":[{"embeddable":true,"href":"https:\/\/feelcaboverde.com\/fr\/wp-json\/wp\/v2\/users\/1"}],"replies":[{"embeddable":true,"href":"https:\/\/feelcaboverde.com\/fr\/wp-json\/wp\/v2\/comments?post=1131"}],"version-history":[{"count":11,"href":"https:\/\/feelcaboverde.com\/fr\/wp-json\/wp\/v2\/pages\/1131\/revisions"}],"predecessor-version":[{"id":3874,"href":"https:\/\/feelcaboverde.com\/fr\/wp-json\/wp\/v2\/pages\/1131\/revisions\/3874"}],"wp:attachment":[{"href":"https:\/\/feelcaboverde.com\/fr\/wp-json\/wp\/v2\/media?parent=1131"}],"wp:term":[{"taxonomy":"category","embeddable":true,"href":"https:\/\/feelcaboverde.com\/fr\/wp-json\/wp\/v2\/categories?post=1131"},{"taxonomy":"post_tag","embeddable":true,"href":"https:\/\/feelcaboverde.com\/fr\/wp-json\/wp\/v2\/tags?post=1131"}],"curies":[{"name":"wp","href":"https:\/\/api.w.org\/{rel}","templated":true}]}}