{"id":1045,"date":"2022-05-27T13:45:54","date_gmt":"2022-05-27T13:45:54","guid":{"rendered":"https:\/\/feelcaboverde.com\/?page_id=1045"},"modified":"2023-04-02T18:07:02","modified_gmt":"2023-04-02T18:07:02","slug":"internet","status":"publish","type":"page","link":"https:\/\/feelcaboverde.com\/fr\/internet-au-cap-vert\/","title":{"rendered":"Internet"},"content":{"rendered":"<div data-elementor-type=\"wp-page\" data-elementor-id=\"1045\" class=\"elementor elementor-1045\">\n\t\t\t\t\t\t\t\t\t<section data-particle_enable=\"false\" data-particle-mobile-disabled=\"false\" class=\"elementor-section elementor-top-section elementor-element elementor-element-43b54aea elementor-section-boxed elementor-section-height-default elementor-section-height-default\" data-id=\"43b54aea\" data-element_type=\"section\">\n\t\t\t\t\t\t<div class=\"elementor-container elementor-column-gap-default\">\n\t\t\t\t\t<div class=\"elementor-column elementor-col-100 elementor-top-column elementor-element elementor-element-6e42e8a5\" data-id=\"6e42e8a5\" data-element_type=\"column\">\n\t\t\t<div class=\"elementor-widget-wrap elementor-element-populated\">\n\t\t\t\t\t\t\t\t<div class=\"elementor-element elementor-element-56626ddb elementor-widget elementor-widget-text-editor\" data-id=\"56626ddb\" data-element_type=\"widget\" data-widget_type=\"text-editor.default\">\n\t\t\t\t<div class=\"elementor-widget-container\">\n\t\t\t<style>\/*! elementor - v3.7.1 - 14-08-2022 *\/\n.elementor-widget-text-editor.elementor-drop-cap-view-stacked .elementor-drop-cap{background-color:#818a91;color:#fff}.elementor-widget-text-editor.elementor-drop-cap-view-framed .elementor-drop-cap{color:#818a91;border:3px solid;background-color:transparent}.elementor-widget-text-editor:not(.elementor-drop-cap-view-default) .elementor-drop-cap{margin-top:8px}.elementor-widget-text-editor:not(.elementor-drop-cap-view-default) .elementor-drop-cap-letter{width:1em;height:1em}.elementor-widget-text-editor .elementor-drop-cap{float:left;text-align:center;line-height:1;font-size:50px}.elementor-widget-text-editor .elementor-drop-cap-letter{display:inline-block}<\/style>\t\t\t\t<h3>Internet au Cap-Vert<\/h3><p>Le Cap-Vert dispose de l'internet via les donn\u00e9es mobiles, le WiFi et le haut d\u00e9bit fixe.<\/p><p>Le taux de p\u00e9n\u00e9tration de l'internet (niveau d'acc\u00e8s) dans le pays est d'environ 80%, selon la <a href=\"https:\/\/www.arme.cv\/index.php?option=com_jdownloads&amp;task=download.send&amp;id=842&amp;catid=47&amp;m=0&amp;Itemid=741\" rel=\"nofollow noopener\" target=\"_blank\">Agence de r\u00e9gulation des activit\u00e9s \u00e9conomiques<\/a> (ARME). Le Cap-Vert dispose actuellement de r\u00e9seaux 3G et 4G.<\/p><p>Pour le haut d\u00e9bit fixe, la vitesse de t\u00e9l\u00e9chargement moyenne est de 14,16 Mbit\/seconde. La qualit\u00e9 de l'internet, c'est-\u00e0-dire les fluctuations du signal et la latence, est de 16 millisecondes en moyenne.<\/p><figure id=\"attachment_4362\" aria-describedby=\"caption-attachment-4362\" style=\"width: 361px\" class=\"wp-caption aligncenter\"><img decoding=\"async\" class=\"wp-image-4362\" src=\"http:\/\/feelcaboverde.com\/wp-content\/uploads\/2023\/04\/speed-test-cabo-verde.png\" alt=\"vitesse moyenne de l&#039;internet au cap-vert\" width=\"361\" height=\"406\" srcset=\"https:\/\/feelcaboverde.com\/wp-content\/uploads\/2023\/04\/speed-test-cabo-verde.png 676w, https:\/\/feelcaboverde.com\/wp-content\/uploads\/2023\/04\/speed-test-cabo-verde-266x300.png 266w\" sizes=\"(max-width: 361px) 100vw, 361px\" \/><figcaption id=\"caption-attachment-4362\" class=\"wp-caption-text\">Vitesse moyenne de l'internet haut d\u00e9bit au Cap-Vert, 2022.\u00a0<a style=\"font-family: var( --e-global-typography-text-font-family ), Sans-serif; font-weight: var( --e-global-typography-text-font-weight ); text-align: var(--text-align); font-size: 1rem; background-color: #ffffff;\" href=\"https:\/\/www.speedtest.net\/global-index\/cape-verde\" rel=\"nofollow noopener\" target=\"_blank\">Speedtest<\/a><span style=\"color: var( --e-global-color-text ); font-family: var( --e-global-typography-text-font-family ), Sans-serif; font-weight: var( --e-global-typography-text-font-weight ); text-align: var(--text-align); font-size: 1rem;\">.<\/span><\/figcaption><\/figure><div><div><h3>\u00a0Acc\u00e8s \u00e0 l'internet au Cap-Vert<\/h3><p>L'acc\u00e8s \u00e0 Internet au Cap-Vert est bon dans la plupart des endroits, que ce soit par le biais des donn\u00e9es mobiles, du WiFi dans les caf\u00e9s, les bars, les restaurants et certains lieux publics tels que les places. Dans les r\u00e9gions peu peupl\u00e9es, la couverture des donn\u00e9es mobiles peut \u00eatre in\u00e9gale et les endroits \u00e9quip\u00e9s de WiFi sont moins nombreux.<\/p><p>Les a\u00e9roports et la plupart des h\u00f4tels et autres \u00e9tablissements d'h\u00e9bergement disposent du WiFi. Toutefois, si l'Internet est une n\u00e9cessit\u00e9 pour vous, assurez-vous que l'endroit o\u00f9 vous souhaitez s\u00e9journer dispose d'un acc\u00e8s avant de r\u00e9server.\u00a0<\/p><p>\u00a0<\/p><h3>Internet mobile au Cap-Vert<\/h3><p>Si vous pr\u00e9voyez de rester dans le pays pendant plusieurs jours et que vous avez besoin d'acc\u00e9der fr\u00e9quemment \u00e0 l'internet, vous pouvez opter pour l'achat d'une carte SIM avec internet mobile pr\u00e9pay\u00e9.<\/p><p>Le prix d'une carte SIM est de 100 ECV pour les deux op\u00e9rateurs nationaux (<a href=\"http:\/\/www.cvmovel.cv\/\" rel=\"nofollow noopener\" target=\"_blank\">CV mobile<\/a> e <a href=\"https:\/\/www.uniteltmais.cv\/\" rel=\"nofollow noopener\" target=\"_blank\">Unitel T+<\/a>). Le prix de 5000 MB est d'environ 1000 ECV (10 euros), valable pour un mois. Pour des prix d\u00e9taill\u00e9s, voir les sites web de CV M\u00f3vel et Unitel T+.<\/p><p>\u00a0<\/p><h3><span style=\"color: inherit; font-family: inherit; font-size: 1.75rem; text-align: var(--text-align);\">Conclusion<\/span><\/h3><p>L'internet au Cap-Vert est disponible \u00e0 travers une vari\u00e9t\u00e9 d'options, y compris les donn\u00e9es mobiles, le WiFi et le haut d\u00e9bit fixe. Le taux de p\u00e9n\u00e9tration de l'internet dans le pays est d'environ 80%, avec une vitesse de t\u00e9l\u00e9chargement moyenne de 14,60 Mbit\/seconde et une qualit\u00e9 de signal et de latence raisonnable.<\/p><p>Bien que la plupart des endroits disposent d'un acc\u00e8s \u00e0 l'internet, il est important de v\u00e9rifier la disponibilit\u00e9 dans des lieux sp\u00e9cifiques avant de r\u00e9server un logement. Pour ceux qui ont besoin d'un acc\u00e8s fr\u00e9quent \u00e0 l'internet pendant leur s\u00e9jour, il est possible d'acheter une carte SIM avec internet mobile pr\u00e9pay\u00e9 \u00e0 des prix abordables.<\/p><\/div><\/div>\t\t\t\t\t\t<\/div>\n\t\t\t\t<\/div>\n\t\t\t\t\t<\/div>\n\t\t<\/div>\n\t\t\t\t\t\t\t<\/div>\n\t\t<\/section>\n\t\t\t\t\t\t\t<\/div>","protected":false},"excerpt":{"rendered":"<p>Le Cap-Vert dispose de l'internet via les donn\u00e9es mobiles, le WiFi et le haut d\u00e9bit fixe. Le taux de p\u00e9n\u00e9tration de l'internet (niveau d'acc\u00e8s) dans le pays est d'environ 80%, selon l'Agence de r\u00e9gulation des activit\u00e9s \u00e9conomiques (ARME). Le Cap-Vert dispose actuellement de r\u00e9seaux 3G et 4G. Pour le haut d\u00e9bit fixe, la vitesse moyenne de t\u00e9l\u00e9chargement [...]<\/p>","protected":false},"author":1,"featured_media":0,"parent":0,"menu_order":0,"comment_status":"closed","ping_status":"closed","template":"","meta":{"footnotes":""},"categories":[],"tags":[],"class_list":["post-1045","page","type-page","status-publish","hentry"],"_links":{"self":[{"href":"https:\/\/feelcaboverde.com\/fr\/wp-json\/wp\/v2\/pages\/1045","targetHints":{"allow":["GET"]}}],"collection":[{"href":"https:\/\/feelcaboverde.com\/fr\/wp-json\/wp\/v2\/pages"}],"about":[{"href":"https:\/\/feelcaboverde.com\/fr\/wp-json\/wp\/v2\/types\/page"}],"author":[{"embeddable":true,"href":"https:\/\/feelcaboverde.com\/fr\/wp-json\/wp\/v2\/users\/1"}],"replies":[{"embeddable":true,"href":"https:\/\/feelcaboverde.com\/fr\/wp-json\/wp\/v2\/comments?post=1045"}],"version-history":[{"count":45,"href":"https:\/\/feelcaboverde.com\/fr\/wp-json\/wp\/v2\/pages\/1045\/revisions"}],"predecessor-version":[{"id":4400,"href":"https:\/\/feelcaboverde.com\/fr\/wp-json\/wp\/v2\/pages\/1045\/revisions\/4400"}],"wp:attachment":[{"href":"https:\/\/feelcaboverde.com\/fr\/wp-json\/wp\/v2\/media?parent=1045"}],"wp:term":[{"taxonomy":"category","embeddable":true,"href":"https:\/\/feelcaboverde.com\/fr\/wp-json\/wp\/v2\/categories?post=1045"},{"taxonomy":"post_tag","embeddable":true,"href":"https:\/\/feelcaboverde.com\/fr\/wp-json\/wp\/v2\/tags?post=1045"}],"curies":[{"name":"wp","href":"https:\/\/api.w.org\/{rel}","templated":true}]}}