{"id":1037,"date":"2022-05-27T13:43:56","date_gmt":"2022-05-27T13:43:56","guid":{"rendered":"https:\/\/feelcaboverde.com\/?page_id=1037"},"modified":"2025-03-03T17:49:48","modified_gmt":"2025-03-03T17:49:48","slug":"impostos-e-taxas-para-visitantes","status":"publish","type":"page","link":"https:\/\/feelcaboverde.com\/fr\/taxes-et-frais-pour-visiteurs\/","title":{"rendered":"Taxe de s\u00e9curit\u00e9 a\u00e9roportuaire (TSA) et taxe de s\u00e9jour du Cap-Vert"},"content":{"rendered":"<div data-elementor-type=\"wp-page\" data-elementor-id=\"1037\" class=\"elementor elementor-1037\">\n\t\t\t\t\t\t\t\t\t<section data-particle_enable=\"false\" data-particle-mobile-disabled=\"false\" class=\"elementor-section elementor-top-section elementor-element elementor-element-43b54aea elementor-section-boxed elementor-section-height-default elementor-section-height-default\" data-id=\"43b54aea\" data-element_type=\"section\">\n\t\t\t\t\t\t<div class=\"elementor-container elementor-column-gap-default\">\n\t\t\t\t\t<div class=\"elementor-column elementor-col-100 elementor-top-column elementor-element elementor-element-6e42e8a5\" data-id=\"6e42e8a5\" data-element_type=\"column\">\n\t\t\t<div class=\"elementor-widget-wrap elementor-element-populated\">\n\t\t\t\t\t\t\t\t<div class=\"elementor-element elementor-element-56626ddb elementor-widget elementor-widget-text-editor\" data-id=\"56626ddb\" data-element_type=\"widget\" data-widget_type=\"text-editor.default\">\n\t\t\t\t<div class=\"elementor-widget-container\">\n\t\t\t<style>\/*! elementor - v3.7.1 - 14-08-2022 *\/\n.elementor-widget-text-editor.elementor-drop-cap-view-stacked .elementor-drop-cap{background-color:#818a91;color:#fff}.elementor-widget-text-editor.elementor-drop-cap-view-framed .elementor-drop-cap{color:#818a91;border:3px solid;background-color:transparent}.elementor-widget-text-editor:not(.elementor-drop-cap-view-default) .elementor-drop-cap{margin-top:8px}.elementor-widget-text-editor:not(.elementor-drop-cap-view-default) .elementor-drop-cap-letter{width:1em;height:1em}.elementor-widget-text-editor .elementor-drop-cap{float:left;text-align:center;line-height:1;font-size:50px}.elementor-widget-text-editor .elementor-drop-cap-letter{display:inline-block}<\/style>\t\t\t\t<p><span style=\"color: var( --e-global-color-text ); font-family: var( --e-global-typography-text-font-family ), Sans-serif; font-weight: var( --e-global-typography-text-font-weight ); text-align: var(--text-align); font-size: 1rem;\">Si vous pr\u00e9voyez un voyage au Cap-Vert, il est essentiel de conna\u00eetre les taxes obligatoires qui s'appliquent aux visiteurs. Dans cet article, nous vous expliquons tout sur la taxe de s\u00e9curit\u00e9 a\u00e9roportuaire (TSA) et la taxe de s\u00e9jour du Cap-Vert, y compris les montants, les modalit\u00e9s de paiement, les personnes exon\u00e9r\u00e9es et bien d'autres choses encore.<\/span><\/p><p><span style=\"color: var( --e-global-color-text ); font-family: var( --e-global-typography-text-font-family ), Sans-serif; font-weight: var( --e-global-typography-text-font-weight ); text-align: var(--text-align); font-size: 1rem;\">\u00a0<\/span><\/p><p><b style=\"color: inherit; font-family: inherit; font-size: 1.75rem; text-align: var(--text-align);\">Taxe sur la s\u00e9curit\u00e9 des a\u00e9roports du Cap-Vert (TSA)<\/b><\/p><p><img decoding=\"async\" class=\"size-medium wp-image-5461 alignleft\" src=\"http:\/\/feelcaboverde.com\/wp-content\/uploads\/2025\/03\/Taxa-de-Seguranca-Aeroportuaria-Cabo-Verde-300x300.jpg\" alt=\"Taxe de s\u00e9curit\u00e9 a\u00e9roportuaire du Cap-Vert. Taxe d&#039;a\u00e9roport du Cap-Vert\" width=\"300\" height=\"300\" srcset=\"https:\/\/feelcaboverde.com\/wp-content\/uploads\/2025\/03\/Taxa-de-Seguranca-Aeroportuaria-Cabo-Verde-300x300.jpg 300w, https:\/\/feelcaboverde.com\/wp-content\/uploads\/2025\/03\/Taxa-de-Seguranca-Aeroportuaria-Cabo-Verde-1024x1024.jpg 1024w, https:\/\/feelcaboverde.com\/wp-content\/uploads\/2025\/03\/Taxa-de-Seguranca-Aeroportuaria-Cabo-Verde-150x150.jpg 150w, https:\/\/feelcaboverde.com\/wp-content\/uploads\/2025\/03\/Taxa-de-Seguranca-Aeroportuaria-Cabo-Verde-768x768.jpg 768w, https:\/\/feelcaboverde.com\/wp-content\/uploads\/2025\/03\/Taxa-de-Seguranca-Aeroportuaria-Cabo-Verde-1536x1536.jpg 1536w, https:\/\/feelcaboverde.com\/wp-content\/uploads\/2025\/03\/Taxa-de-Seguranca-Aeroportuaria-Cabo-Verde-12x12.jpg 12w, https:\/\/feelcaboverde.com\/wp-content\/uploads\/2025\/03\/Taxa-de-Seguranca-Aeroportuaria-Cabo-Verde.jpg 2048w\" sizes=\"(max-width: 300px) 100vw, 300px\" \/><\/p><div><div><p><span style=\"color: var( --e-global-color-text ); text-align: var(--text-align); font-size: 1rem;\">La\u00a0<\/span><a style=\"text-align: var(--text-align); background-color: #ffffff; font-size: 1rem;\" href=\"https:\/\/portalconsular.mnec.gov.cv\/perguntas-frequentes\" rel=\"nofollow noopener\" target=\"_blank\">Taxe de s\u00e9curit\u00e9 a\u00e9roportuaire<\/a><span style=\"color: var( --e-global-color-text ); text-align: var(--text-align); font-size: 1rem;\">\u00a0(TSA) est une redevance pay\u00e9e pour les services fournis aux passagers a\u00e9riens et destin\u00e9e \u00e0 couvrir les co\u00fbts des ressources humaines, du mat\u00e9riel et des syst\u00e8mes d'information li\u00e9s \u00e0 la s\u00e9curit\u00e9 des fronti\u00e8res et des a\u00e9roports.<\/span><\/p><\/div><h2><span style=\"font-size: 2rem; text-align: var(--text-align);\">1. Montant de la redevance de s\u00fbret\u00e9 a\u00e9roportuaire\u00a0<\/span><\/h2><div><ul><li><span style=\"color: var( --e-global-color-text ); font-family: var( --e-global-typography-text-font-family ), Sans-serif; text-align: var(--text-align); font-size: 1rem;\"><b>Vols internationaux : 3 400 CVE <\/b><\/span><span style=\"color: var( --e-global-color-text ); font-family: var( --e-global-typography-text-font-family ), Sans-serif; font-weight: var( --e-global-typography-text-font-weight ); text-align: var(--text-align); font-size: 1rem;\">(environ 31\u20ac) par personne.<\/span><\/li><li><span style=\"color: var( --e-global-color-text ); font-family: var( --e-global-typography-text-font-family ), Sans-serif; text-align: var(--text-align); font-size: 1rem;\"><b>Vols int\u00e9rieurs (entre les \u00eeles) : 150 CVE<\/b><\/span><span style=\"color: var( --e-global-color-text ); font-family: var( --e-global-typography-text-font-family ), Sans-serif; font-weight: var( --e-global-typography-text-font-weight ); text-align: var(--text-align); font-size: 1rem;\"> (environ 1,50 \u20ac) par personne.<\/span><\/li><\/ul><\/div><div><span style=\"color: var( --e-global-color-text ); font-family: var( --e-global-typography-text-font-family ), Sans-serif; font-weight: var( --e-global-typography-text-font-weight ); text-align: var(--text-align); font-size: 1rem;\">\u00a0<\/span><\/div><div>Si vous voyagez avec une agence ou un service de r\u00e9servation, v\u00e9rifiez aupr\u00e8s d'eux si le forfait comprend d\u00e9j\u00e0 les frais de TSA.<\/div><div><span style=\"color: var( --e-global-color-text ); font-family: var( --e-global-typography-text-font-family ), Sans-serif; font-weight: var( --e-global-typography-text-font-weight ); text-align: var(--text-align); font-size: 32px;\">\u00a0<\/span><\/div><h2><span style=\"color: var( --e-global-color-text ); font-family: var( --e-global-typography-text-font-family ), Sans-serif; font-weight: var( --e-global-typography-text-font-weight ); text-align: var(--text-align); font-size: 32px;\">2.\u00a0<\/span><span style=\"color: var( --e-global-color-text ); font-family: var( --e-global-typography-text-font-family ), Sans-serif; font-weight: var( --e-global-typography-text-font-weight ); text-align: var(--text-align); background-color: transparent; font-size: 2rem;\">Comment payer\u00a0<\/span><span style=\"color: inherit; font-family: inherit; font-weight: var( --e-global-typography-text-font-weight ); text-align: var(--text-align); font-size: 2rem;\">Taxe sur la s\u00e9curit\u00e9 dans les a\u00e9roports ?<\/span><\/h2><p>La taxe de s\u00e9curit\u00e9 a\u00e9roportuaire peut \u00eatre pay\u00e9e de deux mani\u00e8res :<\/p><ul><li><span style=\"color: var( --e-global-color-text ); font-family: var( --e-global-typography-text-font-family ), Sans-serif; text-align: var(--text-align); font-size: 1rem;\"><b>En ligne<\/b><\/span><span style=\"color: var( --e-global-color-text ); font-family: var( --e-global-typography-text-font-family ), Sans-serif; font-weight: var( --e-global-typography-text-font-weight ); text-align: var(--text-align); font-size: 1rem;\">La plateforme : Par le biais de la plateforme <a href=\"https:\/\/registration.cv.zetes.com\/\" rel=\"nofollow noopener\" target=\"_blank\">EASE<\/a>.\u00a0<\/span>Tous les ressortissants \u00e9trangers souhaitant se rendre au Cap-Vert doivent passer le <a href=\"https:\/\/registration.cv.zetes.com\/\" rel=\"nofollow noopener\" target=\"_blank\">s'inscrire jusqu'\u00e0 cinq jours \u00e0 l'avance<\/a> de votre entr\u00e9e dans le pays, et payer la taxe de s\u00e9curit\u00e9 a\u00e9roportuaire.<\/li><li><span style=\"color: var( --e-global-color-text ); font-family: var( --e-global-typography-text-font-family ), Sans-serif; text-align: var(--text-align); font-size: 1rem;\"><b>A l'a\u00e9roport, \u00e0 l'arriv\u00e9e<\/b><\/span><span style=\"color: var( --e-global-color-text ); font-family: var( --e-global-typography-text-font-family ), Sans-serif; font-weight: var( --e-global-typography-text-font-weight ); text-align: var(--text-align); font-size: 1rem;\">Si vous ne vous \u00eates pas pr\u00e9enregistr\u00e9 et n'avez pas pay\u00e9 la redevance en ligne, vous pouvez le faire directement \u00e0 l'a\u00e9roport \u00e0 votre arriv\u00e9e. Nous vous recommandons toutefois de payer \u00e0 l'avance afin d'\u00e9viter les files d'attente\u00a0<\/span><span style=\"color: var( --e-global-color-text ); font-family: var( --e-global-typography-text-font-family ), Sans-serif; font-weight: var( --e-global-typography-text-font-weight ); text-align: var(--text-align); font-size: 1rem;\">au bureau d'immigration<\/span><span style=\"color: var( --e-global-color-text ); font-family: var( --e-global-typography-text-font-family ), Sans-serif; font-weight: var( --e-global-typography-text-font-weight ); text-align: var(--text-align); font-size: 1rem;\">. \u00c0 l'avenir, cette option sera supprim\u00e9e.<\/span>\u00a0<\/li><\/ul><\/div><h2>\u00a0<\/h2><h2>3. Qui doit payer la taxe de s\u00fbret\u00e9 a\u00e9roportuaire ?<\/h2><p>Tous les passagers d\u00e9barquant dans les a\u00e9roports et a\u00e9rodromes nationaux de<a href=\"https:\/\/feelcaboverde.com\/fr\/cap-vert\/\"> Cap Vert<\/a> doivent payer la TSA.<\/p><p>Ils sont <strong>exon\u00e9r\u00e9s du paiement de la TSA<\/strong>:<\/p><ul><li>Les titulaires d'un passeport cap-verdien sur les vols internationaux ;<\/li><li>Les personnes n\u00e9es au Cap-Vert, leurs conjoints et leurs descendants ;<\/li><li>\u00c9trangers vivant au Cap-Vert ;<\/li><li>Enfants de moins de 2 ans, quelle que soit leur nationalit\u00e9 ;<\/li><li>Les passagers en mission officielle qui d\u00e9barquent sur des avions du service priv\u00e9 de l'\u00c9tat du Cap-Vert ou d'un \u00c9tat \u00e9tranger ;<\/li><li>Les passagers des avions qui atterrissent pour un retour forc\u00e9 justifi\u00e9 par des raisons techniques ou m\u00e9t\u00e9orologiques, ou d'autres cas de force majeure, d\u00fbment prouv\u00e9s.<\/li><\/ul><div><br \/><br \/><\/div><div><b style=\"color: inherit; font-family: inherit; text-align: var(--text-align); font-size: 1.75rem;\">Taxe de s\u00e9jour du Cap-Vert<\/b><\/div><p><span style=\"color: var( --e-global-color-text ); font-family: var( --e-global-typography-text-font-family ), Sans-serif; font-weight: var( --e-global-typography-text-font-weight ); text-align: var(--text-align); font-size: 1rem;\"><img decoding=\"async\" class=\"size-medium wp-image-5460 alignleft\" src=\"http:\/\/feelcaboverde.com\/wp-content\/uploads\/2025\/03\/Tourist-Tax_-Taxa-Turistica-Cabo-Verde-300x300.jpg\" alt=\"Taxe de s\u00e9jour au Cap-Vert. Taxe de s\u00e9jour au Cap-Vert\" width=\"300\" height=\"300\" srcset=\"https:\/\/feelcaboverde.com\/wp-content\/uploads\/2025\/03\/Tourist-Tax_-Taxa-Turistica-Cabo-Verde-300x300.jpg 300w, https:\/\/feelcaboverde.com\/wp-content\/uploads\/2025\/03\/Tourist-Tax_-Taxa-Turistica-Cabo-Verde-1024x1024.jpg 1024w, https:\/\/feelcaboverde.com\/wp-content\/uploads\/2025\/03\/Tourist-Tax_-Taxa-Turistica-Cabo-Verde-150x150.jpg 150w, https:\/\/feelcaboverde.com\/wp-content\/uploads\/2025\/03\/Tourist-Tax_-Taxa-Turistica-Cabo-Verde-768x768.jpg 768w, https:\/\/feelcaboverde.com\/wp-content\/uploads\/2025\/03\/Tourist-Tax_-Taxa-Turistica-Cabo-Verde-1536x1536.jpg 1536w, https:\/\/feelcaboverde.com\/wp-content\/uploads\/2025\/03\/Tourist-Tax_-Taxa-Turistica-Cabo-Verde-12x12.jpg 12w, https:\/\/feelcaboverde.com\/wp-content\/uploads\/2025\/03\/Tourist-Tax_-Taxa-Turistica-Cabo-Verde.jpg 2048w\" sizes=\"(max-width: 300px) 100vw, 300px\" \/><\/span><\/p><p><span style=\"color: var( --e-global-color-text ); font-family: var( --e-global-typography-text-font-family ), Sans-serif; font-weight: var( --e-global-typography-text-font-weight ); text-align: var(--text-align); font-size: 1rem;\">La <\/span><span style=\"color: var( --e-global-color-text ); font-family: var( --e-global-typography-text-font-family ), Sans-serif; text-align: var(--text-align); font-size: 1rem;\"><b>Taxe de s\u00e9jour du Cap-Vert<\/b><\/span><span style=\"color: var( --e-global-color-text ); font-family: var( --e-global-typography-text-font-family ), Sans-serif; font-weight: var( --e-global-typography-text-font-weight ); text-align: var(--text-align); font-size: 1rem;\"> est une taxe pr\u00e9lev\u00e9e sur tous les visiteurs s\u00e9journant dans des \u00e9tablissements d'h\u00e9bergement au Cap-Vert, tels que des h\u00f4tels, des auberges, des appartements, des maisons d'h\u00f4tes ou d'autres types d'h\u00e9bergement. L'objectif de cette taxe est de financer le d\u00e9veloppement et la promotion du tourisme dans le pays,\u00a0<\/span><span style=\"color: var( --e-global-color-text ); font-family: var( --e-global-typography-text-font-family ), Sans-serif; font-weight: var( --e-global-typography-text-font-weight ); text-align: var(--text-align); font-size: 1rem;\">qui est l'une des principales (et rares) sources de revenus du pays<\/span><span style=\"color: var( --e-global-color-text ); font-family: var( --e-global-typography-text-font-family ), Sans-serif; font-weight: var( --e-global-typography-text-font-weight ); text-align: var(--text-align); font-size: 1rem;\">.<\/span><\/p><h2><span style=\"color: inherit; font-family: inherit; text-align: var(--text-align); font-size: 2rem;\">1. Valeur de\u00a0<\/span><span style=\"color: inherit; font-family: inherit; text-align: var(--text-align); font-size: 2rem;\">Taxe de s\u00e9jour du Cap-Vert<\/span><\/h2><div><div>La valeur de<b> La taxe de s\u00e9jour au Cap-Vert est de 2,50 \u20ac (276 CVE) par personne et par nuit.<\/b>jusqu'\u00e0 un maximum de 10 nuits (25 \u20ac par personne).<\/div><div>\u00a0<\/div><div>Les visiteurs \u00e2g\u00e9s de moins de 16 ans sont exempt\u00e9s de l'obligation de visa.\u00a0<span style=\"color: var( --e-global-color-text ); font-family: var( --e-global-typography-text-font-family ), Sans-serif; font-weight: var( --e-global-typography-text-font-weight ); text-align: var(--text-align); font-size: 1rem;\">taxe de s\u00e9jour<\/span><span style=\"color: var( --e-global-color-text ); font-family: var( --e-global-typography-text-font-family ), Sans-serif; font-weight: var( --e-global-typography-text-font-weight ); text-align: var(--text-align); font-size: 1rem;\">.<\/span><\/div><div><span style=\"color: var( --e-global-color-text ); font-family: var( --e-global-typography-text-font-family ), Sans-serif; font-weight: var( --e-global-typography-text-font-weight ); text-align: var(--text-align); font-size: 1rem;\">\u00a0<\/span><\/div><\/div><h2>2.\u00a0<span style=\"text-align: var(--text-align);\">Comment la taxe de s\u00e9jour est-elle per\u00e7ue ?<\/span><\/h2><div><span style=\"color: var( --e-global-color-text ); font-family: var( --e-global-typography-text-font-family ), Sans-serif; font-size: 1rem; font-weight: var( --e-global-typography-text-font-weight ); text-align: var(--text-align);\">La redevance est factur\u00e9e directement par l'\u00e9tablissement d'h\u00e9bergement, g\u00e9n\u00e9ralement au moment de l'enregistrement ou du d\u00e9part.<\/span><\/div><div><div>\u00a0<\/div><div>Dans certains cas, le montant est d\u00e9j\u00e0 inclus dans le prix de la r\u00e9servation. V\u00e9rifiez aupr\u00e8s de votre agence de voyage ou directement aupr\u00e8s de l'\u00e9tablissement d'h\u00e9bergement si les taxes sont d\u00e9j\u00e0 incluses dans le forfait ou la r\u00e9servation, afin d'\u00e9viter les surprises au moment de l'enregistrement ou du d\u00e9part.<\/div><div>\u00a0<\/div><\/div><h3><b>Foire aux questions (Q&amp;R)<\/b><\/h3><div><p><b>a) Quelle est la diff\u00e9rence entre la TSA et la taxe touristique du Cap-Vert ?<\/b><\/p><div>La taxe de s\u00e9curit\u00e9 a\u00e9roportuaire (TSA) est impos\u00e9e \u00e0 tous les passagers \u00e9trangers arrivant au Cap-Vert pour couvrir les co\u00fbts de la s\u00e9curit\u00e9 a\u00e9roportuaire et de l'entretien des infrastructures. La taxe de s\u00e9jour est appliqu\u00e9e \u00e0 tous les visiteurs qui s\u00e9journent dans des \u00e9tablissements d'h\u00e9bergement du pays, dans le but de financer le d\u00e9veloppement du tourisme.<\/div><div>\u00a0<\/div><\/div><p><span style=\"color: var( --e-global-color-text ); font-family: var( --e-global-typography-text-font-family ), Sans-serif; text-align: var(--text-align); font-size: 1rem;\"><b>b) Quel est le montant de la taxe de s\u00e9curit\u00e9 a\u00e9roportuaire (TSA) ?<\/b><\/span><\/p><div><div>Vols internationaux : 3 400 CVE (environ 31\u20ac) par personne.<\/div><div><span style=\"color: var( --e-global-color-text ); font-family: var( --e-global-typography-text-font-family ), Sans-serif; font-weight: var( --e-global-typography-text-font-weight ); text-align: var(--text-align); font-size: 1rem;\">Vols int\u00e9rieurs (entre les \u00eeles) : 150 CVE (environ 1,50 \u20ac) par personne.<\/span><\/div><div>\u00a0<\/div><p><b>c) Comment payer la taxe de s\u00fbret\u00e9 a\u00e9roportuaire ?<\/b><\/p><div>En ligne : via la plateforme <a href=\"https:\/\/registration.cv.zetes.com\/\" rel=\"nofollow noopener\" target=\"_blank\">EASE<\/a>avec pr\u00e9-inscription jusqu'\u00e0 5 jours avant le voyage.<\/div><div><span style=\"color: var( --e-global-color-text ); font-family: var( --e-global-typography-text-font-family ), Sans-serif; font-weight: var( --e-global-typography-text-font-weight ); text-align: var(--text-align); font-size: 1rem;\">\u00c0 l'a\u00e9roport : si vous n'avez pas pay\u00e9 en ligne, vous pouvez payer directement \u00e0 l'a\u00e9roport \u00e0 votre arriv\u00e9e.<\/span><\/div><div>\u00a0<\/div><p><b>d) Qui doit payer la taxe de s\u00fbret\u00e9 a\u00e9roportuaire ?<\/b><\/p><div><div>Tous les passagers \u00e9trangers, sauf : t<span style=\"color: var( --e-global-color-text ); font-family: var( --e-global-typography-text-font-family ), Sans-serif; font-weight: var( --e-global-typography-text-font-weight ); text-align: var(--text-align); font-size: 1rem;\">les titulaires de passeports capverdiens sur les vols internationaux, c<\/span><span style=\"color: var( --e-global-color-text ); font-family: var( --e-global-typography-text-font-family ), Sans-serif; font-weight: var( --e-global-typography-text-font-weight ); text-align: var(--text-align); font-size: 1rem;\">les enfants de moins de 2 ans, et<\/span><span style=\"color: var( --e-global-color-text ); font-family: var( --e-global-typography-text-font-family ), Sans-serif; font-weight: var( --e-global-typography-text-font-weight ); text-align: var(--text-align); font-size: 1rem;\">\u00e9trangers vivant au Cap-Vert, p<\/span><span style=\"color: var( --e-global-color-text ); font-family: var( --e-global-typography-text-font-family ), Sans-serif; font-weight: var( --e-global-typography-text-font-weight ); text-align: var(--text-align); font-size: 1rem;\">les passagers des missions officielles ou des vols d'\u00c9tat.<\/span><\/div><div>\u00a0<\/div><p><b>e) Quelle est la validit\u00e9 du paiement de la taxe de s\u00fbret\u00e9 a\u00e9roportuaire ?<\/b><\/p><div>Le paiement TSA est valable pour l'entr\u00e9e dans le pays \u00e0 la date choisie.<\/div><\/div><\/div><div><span style=\"color: var( --e-global-color-text ); font-family: var( --e-global-typography-text-font-family ), Sans-serif; font-weight: var( --e-global-typography-text-font-weight ); text-align: var(--text-align); font-size: 1rem;\">\u00a0<\/span><\/div><p><b><span style=\"color: var( --e-global-color-text ); font-family: var( --e-global-typography-text-font-family ), Sans-serif; text-align: var(--text-align); font-size: 1rem;\">f) Quel est le montant de la taxe de s\u00e9jour au Cap-Vert ?<\/span><\/b><\/p><p>2,50\u20ac (276 CVE) par personne et par nuit, jusqu'\u00e0 un maximum de 10 nuits (25\u20ac au total).<\/p><p><span style=\"color: var( --e-global-color-text ); font-family: var( --e-global-typography-text-font-family ), Sans-serif; font-size: 1rem; text-align: var(--text-align);\"><b>g) La taxe de s\u00e9jour est-elle incluse dans le prix de la r\u00e9servation ?<\/b><\/span><\/p><p>Cela d\u00e9pend de l'\u00e9tablissement ou de l'agence de voyage. V\u00e9rifiez \u00e0 l'avance si le prix est d\u00e9j\u00e0 inclus dans votre forfait.<\/p><p><span style=\"color: var( --e-global-color-text ); font-family: var( --e-global-typography-text-font-family ), Sans-serif; text-align: var(--text-align); font-size: 1rem;\"><b>h) La taxe de s\u00e9jour s'applique-t-elle aux enfants ?<\/b><\/span><\/p><p>Non, les enfants de moins de 16 ans sont exempt\u00e9s.<\/p><p><b>i<span style=\"color: var( --e-global-color-text ); font-family: var( --e-global-typography-text-font-family ), Sans-serif; text-align: var(--text-align); font-size: 1rem;\">) Dois-je payer une taxe pour entrer au Cap-Vert ?<\/span><\/b><\/p><p>Oui, tous les visiteurs \u00e9trangers doivent payer la taxe de s\u00e9curit\u00e9 a\u00e9roportuaire (TSA). En outre, si vous s\u00e9journez dans le pays, vous devrez \u00e9galement payer la taxe de s\u00e9jour.<\/p><div>\u00a0<\/div><h5><b style=\"color: inherit; font-family: inherit; text-align: var(--text-align); font-size: 1.75rem;\">Conclusion<\/b><\/h5><div>Si vous vous rendez au Cap-Vert, il est essentiel de conna\u00eetre les taxes qui peuvent s'appliquer aux visiteurs, notamment la taxe de s\u00e9curit\u00e9 a\u00e9roportuaire et la taxe touristique du Cap-Vert. La taxe de s\u00e9curit\u00e9 a\u00e9roportuaire doit \u00eatre pay\u00e9e par tous les ressortissants \u00e9trangers qui se rendent au Cap-Vert et sert \u00e0 couvrir les co\u00fbts li\u00e9s \u00e0 la s\u00e9curit\u00e9 a\u00e9roportuaire.\u00a0<span style=\"color: var( --e-global-color-text ); font-family: var( --e-global-typography-text-font-family ), Sans-serif; font-weight: var( --e-global-typography-text-font-weight ); text-align: var(--text-align); font-size: 1rem;\">La taxe de s\u00e9jour s'applique \u00e0 tous les visiteurs s\u00e9journant dans des \u00e9tablissements d'h\u00e9bergement et est utilis\u00e9e pour le d\u00e9veloppement et la promotion du tourisme dans le pays. V\u00e9rifiez aupr\u00e8s de votre agence de voyage ou de votre service de r\u00e9servation si ces taxes sont d\u00e9j\u00e0 incluses dans votre voyage.\u00a0<\/span><\/div><div><span style=\"color: var( --e-global-color-text ); font-family: var( --e-global-typography-text-font-family ), Sans-serif; font-weight: var( --e-global-typography-text-font-weight ); text-align: var(--text-align); font-size: 1rem;\">\u00a0<\/span><\/div><h5><span style=\"text-align: var(--text-align);\"><b>Conseils suppl\u00e9mentaires<\/b><\/span><\/h5><div><ul><li>Pr\u00e9-inscription <a href=\"https:\/\/registration.cv.zetes.com\/\" rel=\"nofollow noopener\" target=\"_blank\">en ligne <\/a>de la TSA pour \u00e9viter les files d'attente \u00e0 l'a\u00e9roport.<\/li><li>Conservez tous les re\u00e7us de paiement.<\/li><li>V\u00e9rifiez \u00e0 l'avance si les taxes sont incluses dans votre voyage.<\/li><\/ul><div>\u00a0<\/div><div>Pour plus d'informations sur ce qu'il faut savoir avant de se rendre \u00e0 <a href=\"https:\/\/feelcaboverde.com\/fr\/cap-vert\/\">Cap Vert<\/a>consulter notre <a href=\"https:\/\/feelcaboverde.com\/fr\/informations-de-voyage-completes-cap-vert\/\">Guide de voyage de A \u00e0 Z<\/a>!<\/div><div>\u00a0<\/div><\/div>\t\t\t\t\t\t<\/div>\n\t\t\t\t<\/div>\n\t\t\t\t\t<\/div>\n\t\t<\/div>\n\t\t\t\t\t\t\t<\/div>\n\t\t<\/section>\n\t\t\t\t\t\t\t<\/div>","protected":false},"excerpt":{"rendered":"<p>Si vous pr\u00e9voyez un voyage au Cap-Vert, il est essentiel de conna\u00eetre les taxes obligatoires qui peuvent s'appliquer aux visiteurs. Dans cet article, nous vous expliquons tout sur la taxe de s\u00e9curit\u00e9 a\u00e9roportuaire (TSA) et la taxe de s\u00e9jour du Cap-Vert, y compris les montants, les modalit\u00e9s de paiement, les personnes exon\u00e9r\u00e9es et bien d'autres choses encore.   Taxe de S\u00e9curit\u00e9 A\u00e9roportuaire (TSA) [...]<\/p>","protected":false},"author":1,"featured_media":0,"parent":0,"menu_order":0,"comment_status":"closed","ping_status":"closed","template":"","meta":{"footnotes":""},"categories":[],"tags":[],"class_list":["post-1037","page","type-page","status-publish","hentry"],"_links":{"self":[{"href":"https:\/\/feelcaboverde.com\/fr\/wp-json\/wp\/v2\/pages\/1037","targetHints":{"allow":["GET"]}}],"collection":[{"href":"https:\/\/feelcaboverde.com\/fr\/wp-json\/wp\/v2\/pages"}],"about":[{"href":"https:\/\/feelcaboverde.com\/fr\/wp-json\/wp\/v2\/types\/page"}],"author":[{"embeddable":true,"href":"https:\/\/feelcaboverde.com\/fr\/wp-json\/wp\/v2\/users\/1"}],"replies":[{"embeddable":true,"href":"https:\/\/feelcaboverde.com\/fr\/wp-json\/wp\/v2\/comments?post=1037"}],"version-history":[{"count":73,"href":"https:\/\/feelcaboverde.com\/fr\/wp-json\/wp\/v2\/pages\/1037\/revisions"}],"predecessor-version":[{"id":5479,"href":"https:\/\/feelcaboverde.com\/fr\/wp-json\/wp\/v2\/pages\/1037\/revisions\/5479"}],"wp:attachment":[{"href":"https:\/\/feelcaboverde.com\/fr\/wp-json\/wp\/v2\/media?parent=1037"}],"wp:term":[{"taxonomy":"category","embeddable":true,"href":"https:\/\/feelcaboverde.com\/fr\/wp-json\/wp\/v2\/categories?post=1037"},{"taxonomy":"post_tag","embeddable":true,"href":"https:\/\/feelcaboverde.com\/fr\/wp-json\/wp\/v2\/tags?post=1037"}],"curies":[{"name":"wp","href":"https:\/\/api.w.org\/{rel}","templated":true}]}}