{"id":997,"date":"2022-05-27T13:36:27","date_gmt":"2022-05-27T13:36:27","guid":{"rendered":"https:\/\/feelcaboverde.com\/?page_id=997"},"modified":"2023-04-02T09:59:08","modified_gmt":"2023-04-02T09:59:08","slug":"eletricidade-voltagem","status":"publish","type":"page","link":"https:\/\/feelcaboverde.com\/es\/electricidad-voltage-cabo-verde\/","title":{"rendered":"Electricidad y tensi\u00f3n"},"content":{"rendered":"<h3>Electricidad y tensi\u00f3n en Cabo Verde<\/h3>\n<p>La norma de tensi\u00f3n en Cabo Verde es <strong>220-230 voltios<\/strong>con un <strong>Frecuencia de 50 Hz<\/strong>.<\/p>\n<p>En Cabo Verde, la electricidad la suministra la compa\u00f1\u00eda nacional de electricidad y agua, Electra. En general, la electricidad del pa\u00eds es fiable y estable, pero puede haber cortes ocasionales, sobre todo por problemas t\u00e9cnicos.<\/p>\n<p>En algunas de las zonas m\u00e1s remotas del pa\u00eds, todav\u00eda es habitual encontrar lugares que dependen de la energ\u00eda generada por paneles solares o generadores di\u00e9sel, sobre todo en las islas m\u00e1s peque\u00f1as. Sin embargo, la mayor\u00eda de las ciudades y pueblos de Cabo Verde est\u00e1n conectados a la red el\u00e9ctrica nacional.<\/p>\n<h3>Enchufes en Cabo Verde y su adaptador<\/h3>\n<p>Los enchufes y tomas de corriente de Cabo Verde siguen la norma europea (dos clavijas), y son de tipo C y tipo F. El enchufe de tipo C tiene dos clavijas redondas paralelas, mientras que el de tipo F tiene dos pinzas de tierra adem\u00e1s de las dos clavijas redondas.<\/p>\n<figure style=\"width: 255px\" class=\"wp-caption alignleft\"><img decoding=\"async\" class=\"\" style=\"margin-left: 0px; margin-top: 0px;\" src=\"https:\/\/lh6.googleusercontent.com\/_IgBvA9eOZV6uC9apEU7QJPHFB8clzFAu-VJURoN0RV_j5O0bUcggOOXx7d8uHyQZceYABgOY0wEPzedFMuR0Wrb1QifwPuJwUuMCrMxqi2FCqyuIaPWFYQlbXXbPGdcFyryA_xyOPY\" alt=\"Clavija y clavija de tipo C utilizadas en Cabo Verde\" width=\"255\" height=\"255\" \/><figcaption class=\"wp-caption-text\">Clavija y toma de tipo C utilizadas en Cabo Verde<\/figcaption><\/figure>\n<figure style=\"width: 256px\" class=\"wp-caption alignleft\"><img decoding=\"async\" class=\"\" style=\"margin-left: 0px; margin-top: 0px;\" src=\"https:\/\/lh4.googleusercontent.com\/pZWEYAjW3CNp-tqteA5WzNDeDR1uwnCgNazsFn0hLLxik51pLKeqbwQAzg9-wq7dS4uV8LLP4AYAVaf85-Doj60JH4PX4y8LrxS_p6q8gZYU5xNTlV2ARFA7zJx_sK_lKSwiKPYCDXc\" alt=\"Clavija y pasador de tipo F utilizados en Cabo Verde\" width=\"256\" height=\"256\" \/><figcaption class=\"wp-caption-text\">Clavija y toma de tipo F utilizadas en Cabo Verde<\/figcaption><\/figure>\n<p>&nbsp;<\/p>\n<p>&nbsp;<\/p>\n<p>&nbsp;<\/p>\n<p>&nbsp;<\/p>\n<p>&nbsp;<\/p>\n<p>&nbsp;<\/p>\n<p>&nbsp;<\/p>\n<p>&nbsp;<\/p>\n<p>&nbsp;<\/p>\n<p><strong>\u00bfQu\u00e9 tipo de adaptador utilizar en Cabo Verde?<\/strong><\/p>\n<p>Si el voltaje de sus aparatos electr\u00f3nicos es similar al de Cabo Verde (220-230 voltios), un<a href=\"https:\/\/www.amazon.com\/Travel-Conair-Adapter-Protection-Europe\/dp\/B0015R1US8\/ref=sr_1_2?crid=259AOSX6QWUC7&amp;dchild=1&amp;keywords=travel+smart+conair+adapter&amp;qid=1629427511&amp;sprefix=travel+smart+cona%2Caps%2C340&amp;sr=8-2\" rel=\"nofollow noopener\" target=\"_blank\"> adaptador con clavijas C o F<\/a> est\u00e1 indicado. Sin embargo, si el voltaje de su aparato es diferente al de Cabo Verde, necesitar\u00e1 un <a href=\"https:\/\/www.amazon.com\/Travel-Smart-Conair-Adapter-Converter\/dp\/B00DWYEVE2\/ref=sr_1_3?crid=259AOSX6QWUC7&amp;dchild=1&amp;keywords=travel+smart+conair+adapter&amp;qid=1629427511&amp;sprefix=travel+smart+cona%2Caps%2C340&amp;sr=8-3\" rel=\"nofollow noopener\" target=\"_blank\">adaptador con convertidor de tensi\u00f3n<\/a>.<\/p>","protected":false},"excerpt":{"rendered":"<p>Electricidad y voltaje en Cabo Verde El voltaje normal en Cabo Verde es de 220-230 voltios, con una frecuencia de 50 Hz. El suministro de electricidad en Cabo Verde corre a cargo de la compa\u00f1\u00eda nacional de electricidad y agua, Electra. En general, la electricidad en el pa\u00eds es fiable y estable, pero puede haber cortes ocasionales, [...].<\/p>","protected":false},"author":1,"featured_media":0,"parent":0,"menu_order":0,"comment_status":"closed","ping_status":"closed","template":"","meta":{"footnotes":""},"categories":[],"tags":[],"class_list":["post-997","page","type-page","status-publish","hentry"],"_links":{"self":[{"href":"https:\/\/feelcaboverde.com\/es\/wp-json\/wp\/v2\/pages\/997","targetHints":{"allow":["GET"]}}],"collection":[{"href":"https:\/\/feelcaboverde.com\/es\/wp-json\/wp\/v2\/pages"}],"about":[{"href":"https:\/\/feelcaboverde.com\/es\/wp-json\/wp\/v2\/types\/page"}],"author":[{"embeddable":true,"href":"https:\/\/feelcaboverde.com\/es\/wp-json\/wp\/v2\/users\/1"}],"replies":[{"embeddable":true,"href":"https:\/\/feelcaboverde.com\/es\/wp-json\/wp\/v2\/comments?post=997"}],"version-history":[{"count":20,"href":"https:\/\/feelcaboverde.com\/es\/wp-json\/wp\/v2\/pages\/997\/revisions"}],"predecessor-version":[{"id":4162,"href":"https:\/\/feelcaboverde.com\/es\/wp-json\/wp\/v2\/pages\/997\/revisions\/4162"}],"wp:attachment":[{"href":"https:\/\/feelcaboverde.com\/es\/wp-json\/wp\/v2\/media?parent=997"}],"wp:term":[{"taxonomy":"category","embeddable":true,"href":"https:\/\/feelcaboverde.com\/es\/wp-json\/wp\/v2\/categories?post=997"},{"taxonomy":"post_tag","embeddable":true,"href":"https:\/\/feelcaboverde.com\/es\/wp-json\/wp\/v2\/tags?post=997"}],"curies":[{"name":"wp","href":"https:\/\/api.w.org\/{rel}","templated":true}]}}