{"id":989,"date":"2022-05-27T13:35:03","date_gmt":"2022-05-27T13:35:03","guid":{"rendered":"https:\/\/feelcaboverde.com\/?page_id=989"},"modified":"2023-04-13T19:28:09","modified_gmt":"2023-04-13T19:28:09","slug":"drones-em-cabo-verde","status":"publish","type":"page","link":"https:\/\/feelcaboverde.com\/es\/drones-en-cabo-verde\/","title":{"rendered":"Drones en Cabo Verde (normas y reglamentos)"},"content":{"rendered":"<div data-elementor-type=\"wp-page\" data-elementor-id=\"989\" class=\"elementor elementor-989\">\n\t\t\t\t\t\t\t\t\t<section data-particle_enable=\"false\" data-particle-mobile-disabled=\"false\" class=\"elementor-section elementor-top-section elementor-element elementor-element-43b54aea elementor-section-boxed elementor-section-height-default elementor-section-height-default\" data-id=\"43b54aea\" data-element_type=\"section\">\n\t\t\t\t\t\t<div class=\"elementor-container elementor-column-gap-default\">\n\t\t\t\t\t<div class=\"elementor-column elementor-col-100 elementor-top-column elementor-element elementor-element-6e42e8a5\" data-id=\"6e42e8a5\" data-element_type=\"column\">\n\t\t\t<div class=\"elementor-widget-wrap elementor-element-populated\">\n\t\t\t\t\t\t\t\t<div class=\"elementor-element elementor-element-56626ddb elementor-widget elementor-widget-text-editor\" data-id=\"56626ddb\" data-element_type=\"widget\" data-widget_type=\"text-editor.default\">\n\t\t\t\t<div class=\"elementor-widget-container\">\n\t\t\t<style>\/*! elementor - v3.7.1 - 14-08-2022 *\/\n.elementor-widget-text-editor.elementor-drop-cap-view-stacked .elementor-drop-cap{background-color:#818a91;color:#fff}.elementor-widget-text-editor.elementor-drop-cap-view-framed .elementor-drop-cap{color:#818a91;border:3px solid;background-color:transparent}.elementor-widget-text-editor:not(.elementor-drop-cap-view-default) .elementor-drop-cap{margin-top:8px}.elementor-widget-text-editor:not(.elementor-drop-cap-view-default) .elementor-drop-cap-letter{width:1em;height:1em}.elementor-widget-text-editor .elementor-drop-cap{float:left;text-align:center;line-height:1;font-size:50px}.elementor-widget-text-editor .elementor-drop-cap-letter{display:inline-block}<\/style>\t\t\t\t<h3>Drones en Cabo Verde<\/h3>\n<p><span style=\"color: var( --e-global-color-text ); font-family: var( --e-global-typography-text-font-family ), Sans-serif; font-weight: var( --e-global-typography-text-font-weight ); text-align: var(--text-align); font-size: 1rem;\">Seg\u00fan la autoridad nacional&nbsp;<\/span><a style=\"font-family: var( --e-global-typography-text-font-family ), Sans-serif; font-weight: var( --e-global-typography-text-font-weight ); text-align: var(--text-align); font-size: 1rem; background-color: #ffffff;\" href=\"https:\/\/www.aac.cv\/artigos\/drones\" rel=\"nofollow noopener\" target=\"_blank\">Agencia de Aviaci\u00f3n Civil<\/a><span style=\"color: var( --e-global-color-text ); font-family: var( --e-global-typography-text-font-family ), Sans-serif; font-weight: var( --e-global-typography-text-font-weight ); text-align: var(--text-align); font-size: 1rem;\">&nbsp;(AAC), el<\/span>&nbsp;l uso de drones en Cabo Verde es legal, siempre que se respeten las siguientes normas<span style=\"color: var( --e-global-color-text ); font-family: var( --e-global-typography-text-font-family ), Sans-serif; font-weight: var( --e-global-typography-text-font-weight ); text-align: var(--text-align); font-size: 1rem;\">:<\/span><\/p>\n<ul>\n<li>El uso de drones tiene lugar fuera de las zonas restringidas;<\/li>\n<li>A una altitud de 120 metros (400 pies) o menos sobre la superficie;<\/li>\n<li>El operador debe estar in situ (a menos de 100 metros) y controlar directamente el dron;<\/li>\n<li>Buenas condiciones de visibilidad;<\/li>\n<li style=\"font-size: 16px;\">La utilizaci\u00f3n de drones no est\u00e1 permitida a menos de 2.000 metros de cualquier <a href=\"https:\/\/feelcaboverde.com\/es\/aeropuertos-de-cabo-verde\/\">aeropuerto<\/a> o zona de aterrizaje, y en las trayectorias de vuelo de los aviones.<\/li>\n<\/ul>\n<div>&nbsp;<\/div>\n<div><span style=\"background-color: transparent; color: var( --e-global-color-text ); font-family: var( --e-global-typography-text-font-family ), Sans-serif; font-weight: var( --e-global-typography-text-font-weight ); text-align: var(--text-align);\">Si desea volar por encima de 120 metros o en lugares con restricciones, debe descargar y rellenar<\/span><span style=\"background-color: transparent; color: var( --e-global-color-text ); font-family: var( --e-global-typography-text-font-family ), Sans-serif; font-weight: var( --e-global-typography-text-font-weight ); text-align: var(--text-align);\">&nbsp;un formulario (<\/span><a style=\"font-family: var( --e-global-typography-text-font-family ), Sans-serif; font-weight: var( --e-global-typography-text-font-weight ); text-align: var(--text-align); font-size: 1rem; background-color: #ffffff;\" href=\"https:\/\/aac.cv\/documentos\/formulario-de-servidao-aeronautica\" target=\"_blank\" rel=\"nofollow noopener\">formulario de servidumbre aeron\u00e1utica<\/a><span style=\"background-color: transparent; color: var( --e-global-color-text ); font-family: var( --e-global-typography-text-font-family ), Sans-serif; font-weight: var( --e-global-typography-text-font-weight ); text-align: var(--text-align); font-size: 1rem;\">) que debe enviarse a la agencia al menos 10 d\u00edas antes del inicio de las operaciones.<\/span><\/div>\n<div>&nbsp;<\/div>\n<h3>Condiciones adicionales para el vuelo de drones en Cabo Verde<\/h3>\n<div>\n<ul>\n<li>El operador es responsable del funcionamiento seguro del dron, manteniendo su distancia de cualquier aeronave y propiedad.<\/li>\n<li><span style=\"background-color: transparent; color: var( --e-global-color-text ); font-family: var( --e-global-typography-text-font-family ), Sans-serif; font-weight: var( --e-global-typography-text-font-weight ); text-align: var(--text-align);\">El operador debe dar prioridad a las aeronaves que pasan y alejarse de ellas siempre que, por el motivo que sea, las aeronaves vuelen excepcionalmente a una altitud cercana a la del dron.<\/span><\/li>\n<li>Los pilotos deben mantener su dron a la vista en todo momento y mantener encendidas sus luces de identificaci\u00f3n;<\/li>\n<li>Debes seguir las instrucciones del fabricante y asegurarte de que el equipo est\u00e1 en buenas condiciones;<\/li>\n<li><span style=\"background-color: transparent; color: var( --e-global-color-text ); font-family: var( --e-global-typography-text-font-family ), Sans-serif; font-weight: var( --e-global-typography-text-font-weight ); text-align: var(--text-align);\">El piloto del dron es responsable de cada vuelo realizado.<\/span><\/li>\n<\/ul>\n<div>&nbsp;<\/div>\n<div>Para m\u00e1s informaci\u00f3n sobre el uso de drones en el pa\u00eds, consulte el <a href=\"https:\/\/www.aac.cv\/artigos\/drones\" rel=\"nofollow noopener\" target=\"_blank\">Sitio web oficial de la Agencia de Aviaci\u00f3n Civil<\/a> o p\u00f3ngase en contacto con ella directamente <span style=\"color: var( --e-global-color-text ); font-family: var( --e-global-typography-text-font-family ), Sans-serif; font-weight: var( --e-global-typography-text-font-weight ); text-align: var(--text-align); font-size: 1rem;\">por correo electr\u00f3nico&nbsp;<\/span><u style=\"color: var( --e-global-color-text ); font-family: var( --e-global-typography-text-font-family ), Sans-serif; font-weight: var( --e-global-typography-text-font-weight ); text-align: var(--text-align); font-size: 1rem;\">info@aac.cv<\/u><span style=\"color: var( --e-global-color-text ); font-family: var( --e-global-typography-text-font-family ), Sans-serif; font-weight: var( --e-global-typography-text-font-weight ); text-align: var(--text-align); font-size: 1rem;\"> o llame al +238 260 34 30.&nbsp;<\/span><\/div>\n<div>&nbsp;<\/div>\n<h3>Normas generales para el transporte de drones<\/h3>\n<div>Lo ideal ser\u00eda llevar todos los drones en el equipaje de mano, teniendo en cuenta que el precio de los drones es elevado, y a menudo superior al l\u00edmite de reembolso por p\u00e9rdida de las compa\u00f1\u00edas a\u00e9reas.&nbsp;<\/div>\n<div>&nbsp;<\/div>\n<div>Seg\u00fan <a href=\"https:\/\/www.icao.int\/secretariat\/legal\/Pages\/2019_Revised_Limits_of_Liability_Under_the_Montreal_Convention_1999.aspx\" rel=\"nofollow noopener\" target=\"_blank\">actualizaci\u00f3n de&nbsp;<\/a><span style=\"color: var( --e-global-color-text ); font-family: var( --e-global-typography-text-font-family ), Sans-serif; font-weight: var( --e-global-typography-text-font-weight ); text-align: var(--text-align); font-size: 1rem;\"><a href=\"https:\/\/www.icao.int\/secretariat\/legal\/Pages\/2019_Revised_Limits_of_Liability_Under_the_Montreal_Convention_1999.aspx\" rel=\"nofollow noopener\" target=\"_blank\">Convenio de Montreal<\/a>las compa\u00f1\u00edas a\u00e9reas son responsables de p\u00e9rdidas de hasta 1288 d\u00f3lares (<\/span><span style=\"color: var( --e-global-color-text ); font-family: var( --e-global-typography-text-font-family ), Sans-serif; font-weight: var( --e-global-typography-text-font-weight ); text-align: var(--text-align); font-size: 1rem;\">US$), conocido como&nbsp;<\/span><span style=\"text-align: var(--text-align);\">Derechos Especiales de Giro (DEG) o&nbsp;<\/span><span style=\"text-align: var(--text-align);\">Derechos Especiales de Giro (DEG).&nbsp;<\/span><span style=\"color: var( --e-global-color-text ); font-family: var( --e-global-typography-text-font-family ), Sans-serif; font-size: 1rem; font-weight: var( --e-global-typography-text-font-weight ); text-align: var(--text-align);\">Teniendo en cuenta que cuando se viaja internacionalmente, especialmente si se tienen vuelos de conexi\u00f3n, el equipaje puede perderse, extraviarse o incluso ser robado, evite facturar su dron en el equipaje de bodega.&nbsp;<\/span><\/div>\n<div><span style=\"color: var( --e-global-color-text ); font-family: var( --e-global-typography-text-font-family ), Sans-serif; font-size: 1rem; font-weight: var( --e-global-typography-text-font-weight ); text-align: var(--text-align);\">&nbsp;<\/span><\/div>\n<div><span style=\"color: var( --e-global-color-text ); font-family: var( --e-global-typography-text-font-family ), Sans-serif; font-size: 1rem; font-weight: var( --e-global-typography-text-font-weight ); text-align: var(--text-align);\">Si no puede llevar el dron en su equipaje de mano, y sobre todo si su valor es mayor que&nbsp;<\/span><span style=\"color: var( --e-global-color-text ); font-family: var( --e-global-typography-text-font-family ), Sans-serif; font-weight: var( --e-global-typography-text-font-weight ); text-align: var(--text-align); font-size: 1rem;\">1288 d\u00f3lares (valor aproximado del DEG m\u00e1ximo que las compa\u00f1\u00edas a\u00e9reas est\u00e1n obligadas a pagar en caso de p\u00e9rdidas), considera<\/span><span style=\"color: var( --e-global-color-text ); font-family: var( --e-global-typography-text-font-family ), Sans-serif; font-size: 1rem; font-weight: var( --e-global-typography-text-font-weight ); text-align: var(--text-align);\">&nbsp;enviados por empresas como&nbsp;<\/span><span style=\"color: var( --e-global-color-text ); font-family: var( --e-global-typography-text-font-family ), Sans-serif; font-weight: var( --e-global-typography-text-font-weight ); text-align: var(--text-align); font-size: 1rem;\">Fedex,&nbsp;<\/span><span style=\"color: var( --e-global-color-text ); font-family: var( --e-global-typography-text-font-family ), Sans-serif; font-size: 1rem; font-weight: var( --e-global-typography-text-font-weight ); text-align: var(--text-align);\">DHL o UPS. Tambi\u00e9n es importante que el env\u00edo est\u00e9 asegurado contra da\u00f1os o p\u00e9rdidas.<\/span><\/div>\n<div>&nbsp;<\/div>\n<div>\n<div>Las bater\u00edas de los drones deben transportarse de acuerdo con las normas de la IATA (Asociaci\u00f3n de Transporte A\u00e9reo Internacional) y de las compa\u00f1\u00edas a\u00e9reas. Por lo general, las bater\u00edas de litio de los drones se consideran bater\u00edas de iones de litio, que se consideran peligrosas y deben manipularse con cuidado.<\/div>\n<div>&nbsp;<\/div>\n<div>Las bater\u00edas de los drones deben transportarse en el equipaje de mano y nunca en el facturado, las aerol\u00edneas las consideran \"mercanc\u00edas peligrosas\" y las normas de seguridad son extremadamente estrictas para evitar posibles riesgos de incendio. Deben desmontarse del dron y guardarse en embalajes individuales que protejan los terminales de la bater\u00eda de cortocircuitos, como este. <a href=\"https:\/\/www.amazon.com\/dp\/B07BPFHGHZ\/ref=as_li_ss_tl?_encoding=UTF8&amp;me=&amp;linkCode=sl1&amp;tag=uavsystemsint-20&amp;linkId=6d07065a0e4fb8c27f714c64f61ee112\" rel=\"nofollow noopener\" target=\"_blank\">Estuche para bater\u00eda Lipo<\/a>.<\/div>\n<div>&nbsp;<\/div>\n<div>Adem\u00e1s, las bater\u00edas de los drones deben tener una carga de energ\u00eda limitada a 30% a 50% de su capacidad total, ya que las bater\u00edas completamente cargadas o descargadas pueden causar problemas de seguridad. Es importante comprobar la normativa espec\u00edfica de las aerol\u00edneas y de la IATA antes de viajar con un dron y sus bater\u00edas.&nbsp;<\/div>\n<div>&nbsp;<\/div>\n<h3>Transporte de drones en Cabo Verde<\/h3>\n<div>Tras investigar y ponernos en contacto con la aerol\u00ednea que opera actualmente en Cabo Verde, no encontramos ninguna normativa espec\u00edfica relativa al transporte de drones en Cabo Verde.<\/div>\n<div>&nbsp;<\/div>\n<div>Por nuestra experiencia personal, cuando viajamos en avi\u00f3n entre las islas, siempre llevamos nuestros drones en el equipaje de mano. Para equipos voluminosos que no caben en el compartimento del equipaje de mano, solemos hacer una solicitud para llevar equipaje de mano voluminoso<span style=\"color: var( --e-global-color-text ); font-family: var( --e-global-typography-text-font-family ), Sans-serif; font-weight: var( --e-global-typography-text-font-weight ); text-align: var(--text-align); font-size: 1rem;\">&nbsp;<\/span><span style=\"color: var( --e-global-color-text ); font-family: var( --e-global-typography-text-font-family ), Sans-serif; font-weight: var( --e-global-typography-text-font-weight ); text-align: var(--text-align); font-size: 1rem;\">durante el registro<\/span><span style=\"color: var( --e-global-color-text ); font-family: var( --e-global-typography-text-font-family ), Sans-serif; font-weight: var( --e-global-typography-text-font-weight ); text-align: var(--text-align); font-size: 1rem;\">. En este caso, se coloca una etiqueta especial en el equipaje y debe entreg\u00e1rsela a la tripulaci\u00f3n de cabina, que lo colocar\u00e1 en un lugar espec\u00edfico.&nbsp;<\/span><\/div>\n<div><span style=\"color: var( --e-global-color-text ); font-family: var( --e-global-typography-text-font-family ), Sans-serif; font-weight: var( --e-global-typography-text-font-weight ); text-align: var(--text-align); font-size: 1rem;\">&nbsp;<\/span><\/div>\n<div><span style=\"color: var( --e-global-color-text ); font-family: var( --e-global-typography-text-font-family ), Sans-serif; font-weight: var( --e-global-typography-text-font-weight ); text-align: var(--text-align); font-size: 1rem;\">Tenga en cuenta que el volumen de su equipo a\u00fan puede ser mayor que el permitido para el transporte en cabina, por lo que siempre debe ponerse en contacto con la compa\u00f1\u00eda antes de viajar si tiene alguna duda. Puede contactar con Best Fly Cabo Verde en&nbsp;<\/span><span style=\"color: var( --e-global-color-text ); font-family: var( --e-global-typography-text-font-family ), Sans-serif; font-weight: var( --e-global-typography-text-font-weight ); text-align: var(--text-align); font-size: 1rem;\"><u>commercial@cvconnectservices.com<\/u>tel\u00e9fono&nbsp;<\/span><span style=\"color: var( --e-global-color-text ); font-family: var( --e-global-typography-text-font-family ), Sans-serif; font-weight: var( --e-global-typography-text-font-weight ); text-align: var(--text-align); font-size: 1rem;\">&nbsp;+238 350 05 60 (si llama desde Cabo Verde) o<\/span><span style=\"color: var( --e-global-color-text ); font-family: var( --e-global-typography-text-font-family ), Sans-serif; font-weight: var( --e-global-typography-text-font-weight ); text-align: var(--text-align); font-size: 1rem;\">&nbsp;+351 295 401 517&nbsp;<\/span><span style=\"color: var( --e-global-color-text ); font-family: var( --e-global-typography-text-font-family ), Sans-serif; font-weight: var( --e-global-typography-text-font-weight ); text-align: var(--text-align); font-size: 1rem;\">(si llama desde Portugal).<\/span><\/div>\n<div><span style=\"color: var( --e-global-color-text ); font-family: var( --e-global-typography-text-font-family ), Sans-serif; font-weight: var( --e-global-typography-text-font-weight ); text-align: var(--text-align); font-size: 1rem;\">&nbsp;<\/span><\/div>\n<div><span style=\"color: var( --e-global-color-text ); font-family: var( --e-global-typography-text-font-family ), Sans-serif; font-weight: var( --e-global-typography-text-font-weight ); text-align: var(--text-align); font-size: 1rem;\">En los viajes en barco, siempre colocamos nuestro equipo cerca y no en la zona general de equipajes, para evitar p\u00e9rdidas o extrav\u00edos. Para obtener informaci\u00f3n sobre rutas en barco y normativa, puede ponerse en contacto con la empresa <a href=\"https:\/\/www.cvinterilhas.cv\/home\" rel=\"nofollow noopener\" target=\"_blank\">Cabo Verde Interinsular<\/a> por correo electr\u00f3nico&nbsp;<\/span><span style=\"text-align: var(--text-align);\"><u>info@cvinterilhas.cv<\/u> o por tel\u00e9fono&nbsp;<\/span><span style=\"text-align: var(--text-align);\">+238 350 0330.&nbsp;<\/span><\/div>\n<div style=\"color: var( --e-global-color-text ); font-family: var( --e-global-typography-text-font-family ), Sans-serif; font-size: 1rem; font-weight: var( --e-global-typography-text-font-weight );\">&nbsp;<\/div>\n<h3 style=\"color: var( --e-global-color-text ); font-family: var( --e-global-typography-text-font-family ), Sans-serif; font-size: 1rem;\"><b>Conclusi\u00f3n<\/b><span style=\"font-weight: var( --e-global-typography-text-font-weight );\">&nbsp;<\/span><\/h3>\n<div>En resumen, utilizar drones en Cabo Verde es una actividad apasionante y llena de posibilidades, pero es importante que los operadores conozcan las normas y reglamentos locales para garantizar la seguridad y evitar problemas. Adem\u00e1s, es importante respetar las contraindicaciones de los vuelos con drones, como volar en zonas restringidas o en condiciones meteorol\u00f3gicas adversas. Si tiene previsto viajar con su dron, recuerde respetar las normas para el transporte de bater\u00edas y equipos. Para m\u00e1s informaci\u00f3n sobre la normativa de drones en Cabo Verde, p\u00f3ngase en contacto con la Agencia de Aviaci\u00f3n Civil u otras autoridades locales competentes.&nbsp;<\/div>\n<div>&nbsp;<\/div>\n<div>&nbsp;<\/div>\n<div>He aqu\u00ed algunas im\u00e1genes de v\u00eddeo tomadas con un dron por nuestro colaborador Daf Spencer.<\/div>\n<div>&nbsp;<\/div>\n<div>&nbsp;<\/div>\n<p><\/p>\n<\/div>\n<div>&nbsp;<i><u>Descargo de responsabilidad<\/u><\/i>La informaci\u00f3n de esta p\u00e1gina es el resultado de una amplia investigaci\u00f3n y de nuestra experiencia personal. No obstante, la normativa puede ser actualizada por las autoridades, y es responsabilidad del viajero comprobarlo con las instituciones correspondientes.&nbsp;&nbsp;<\/div>\n<\/div>\t\t\t\t\t\t<\/div>\n\t\t\t\t<\/div>\n\t\t\t\t\t<\/div>\n\t\t<\/div>\n\t\t\t\t\t\t\t<\/div>\n\t\t<\/section>\n\t\t\t\t\t\t\t<\/div>","protected":false},"excerpt":{"rendered":"<p>Drones en Cabo Verde (normas y reglamentos) Seg\u00fan la autoridad nacional Agencia de Aviaci\u00f3n Civil (AAC), el uso de drones en Cabo Verde es legal, siempre que se respeten las siguientes normas: El uso de drones tiene lugar fuera de las zonas sujetas a restricciones; A una altitud de 120 metros (400 pies) o menos sobre la superficie; [...]<\/p>","protected":false},"author":1,"featured_media":0,"parent":0,"menu_order":0,"comment_status":"closed","ping_status":"closed","template":"","meta":{"footnotes":""},"categories":[],"tags":[],"class_list":["post-989","page","type-page","status-publish","hentry"],"_links":{"self":[{"href":"https:\/\/feelcaboverde.com\/es\/wp-json\/wp\/v2\/pages\/989","targetHints":{"allow":["GET"]}}],"collection":[{"href":"https:\/\/feelcaboverde.com\/es\/wp-json\/wp\/v2\/pages"}],"about":[{"href":"https:\/\/feelcaboverde.com\/es\/wp-json\/wp\/v2\/types\/page"}],"author":[{"embeddable":true,"href":"https:\/\/feelcaboverde.com\/es\/wp-json\/wp\/v2\/users\/1"}],"replies":[{"embeddable":true,"href":"https:\/\/feelcaboverde.com\/es\/wp-json\/wp\/v2\/comments?post=989"}],"version-history":[{"count":60,"href":"https:\/\/feelcaboverde.com\/es\/wp-json\/wp\/v2\/pages\/989\/revisions"}],"predecessor-version":[{"id":4814,"href":"https:\/\/feelcaboverde.com\/es\/wp-json\/wp\/v2\/pages\/989\/revisions\/4814"}],"wp:attachment":[{"href":"https:\/\/feelcaboverde.com\/es\/wp-json\/wp\/v2\/media?parent=989"}],"wp:term":[{"taxonomy":"category","embeddable":true,"href":"https:\/\/feelcaboverde.com\/es\/wp-json\/wp\/v2\/categories?post=989"},{"taxonomy":"post_tag","embeddable":true,"href":"https:\/\/feelcaboverde.com\/es\/wp-json\/wp\/v2\/tags?post=989"}],"curies":[{"name":"wp","href":"https:\/\/api.w.org\/{rel}","templated":true}]}}