{"id":978,"date":"2022-05-27T13:33:04","date_gmt":"2022-05-27T13:33:04","guid":{"rendered":"https:\/\/feelcaboverde.com\/?page_id=978"},"modified":"2023-04-02T00:00:05","modified_gmt":"2023-04-02T00:00:05","slug":"dinheiro-bancos","status":"publish","type":"page","link":"https:\/\/feelcaboverde.com\/es\/dinero-bancos-cabo-verde\/","title":{"rendered":"Dinero y bancos en Cabo Verde"},"content":{"rendered":"<div data-elementor-type=\"wp-page\" data-elementor-id=\"978\" class=\"elementor elementor-978\">\n\t\t\t\t\t\t\t\t\t<section data-particle_enable=\"false\" data-particle-mobile-disabled=\"false\" class=\"elementor-section elementor-top-section elementor-element elementor-element-43b54aea elementor-section-boxed elementor-section-height-default elementor-section-height-default\" data-id=\"43b54aea\" data-element_type=\"section\">\n\t\t\t\t\t\t<div class=\"elementor-container elementor-column-gap-default\">\n\t\t\t\t\t<div class=\"elementor-column elementor-col-100 elementor-top-column elementor-element elementor-element-6e42e8a5\" data-id=\"6e42e8a5\" data-element_type=\"column\">\n\t\t\t<div class=\"elementor-widget-wrap elementor-element-populated\">\n\t\t\t\t\t\t\t\t<div class=\"elementor-element elementor-element-56626ddb elementor-widget elementor-widget-text-editor\" data-id=\"56626ddb\" data-element_type=\"widget\" data-widget_type=\"text-editor.default\">\n\t\t\t\t<div class=\"elementor-widget-container\">\n\t\t\t<style>\/*! elementor - v3.7.1 - 14-08-2022 *\/\n.elementor-widget-text-editor.elementor-drop-cap-view-stacked .elementor-drop-cap{background-color:#818a91;color:#fff}.elementor-widget-text-editor.elementor-drop-cap-view-framed .elementor-drop-cap{color:#818a91;border:3px solid;background-color:transparent}.elementor-widget-text-editor:not(.elementor-drop-cap-view-default) .elementor-drop-cap{margin-top:8px}.elementor-widget-text-editor:not(.elementor-drop-cap-view-default) .elementor-drop-cap-letter{width:1em;height:1em}.elementor-widget-text-editor .elementor-drop-cap{float:left;text-align:center;line-height:1;font-size:50px}.elementor-widget-text-editor .elementor-drop-cap-letter{display:inline-block}<\/style>\t\t\t\t<p><span style=\"color: var( --e-global-color-text ); font-family: var( --e-global-typography-text-font-family ), Sans-serif; font-weight: var( --e-global-typography-text-font-weight ); text-align: var(--text-align); font-size: 1rem;\">La <\/span><span style=\"color: var( --e-global-color-text ); font-family: var( --e-global-typography-text-font-family ), Sans-serif; text-align: var(--text-align); font-size: 1rem;\"><b>La moneda de Cabo Verde es el escudo caboverdiano.<\/b><\/span><span style=\"color: var( --e-global-color-text ); font-family: var( --e-global-typography-text-font-family ), Sans-serif; font-weight: var( --e-global-typography-text-font-weight ); text-align: var(--text-align); font-size: 1rem;\"> (ECV). Los billetes est\u00e1n disponibles en denominaciones de 200, 500, 1000, 2000 y 5000 escudos. Las monedas circulantes tienen denominaciones de 1, 5, 10, 20, 50 y 100 escudos.<\/span><br><\/p>\n<p>El escudo est\u00e1 indexado al euro y sigue su tipo de cambio, lo que significa que si el euro sube, tambi\u00e9n lo hace el escudo. Un euro (1\u20ac) equivale aproximadamente a 110 escudos.<\/p>\n<h3><strong>Transporte de dinero a Cabo Verde <\/strong><\/h3>\n<p>Debe declarar en la aduana, al entrar y salir del pa\u00eds, si viaja con dinero, metales o piedras preciosas de valor igual o superior a 1.000.000$00 (un mill\u00f3n de escudos) o su equivalente en otra moneda.<\/p>\n<p>La salida o exportaci\u00f3n de billetes y monedas nacionales es libre hasta un l\u00edmite de 20.000$00 (veinte mil escudos). Para importes superiores, se requiere una autorizaci\u00f3n especial previa del Banco de Cabo Verde, previa justificaci\u00f3n.<\/p>\n<p>Para m\u00e1s informaci\u00f3n sobre las operaciones de cambio de divisas para viajeros, consulte el <a href=\"https:\/\/www.bcv.cv\/SiteCollectionDocuments\/ViajantesNet.pdf\" rel=\"nofollow noopener\" target=\"_blank\">Directrices del Banco de Cabo Verde<\/a>.<\/p>\n<h3><strong>Cambio de divisas en Cabo Verde<\/strong><\/h3>\n<p>En Cabo Verde se puede cambiar moneda en los aeropuertos internacionales, los bancos locales y algunas agencias de viajes.<\/p>\n<p>En general, no es posible cambiar escudos en el extranjero, as\u00ed que evite volver con valores elevados.&nbsp;&nbsp;<\/p>\n<p>Los tipos de cambio comerciales vigentes en Cabo Verde pueden consultarse en <a href=\"https:\/\/www.bca.cv\/espaco-de-mercados\" rel=\"nofollow noopener\" target=\"_blank\">aqu\u00ed<\/a>.<\/p>\n<p><br><\/p>\n<h3><strong>Horarios bancarios en Cabo Verde<\/strong><\/h3>\n<p>En general, los bancos de Cabo Verde abren de lunes a viernes de 08.00 a 15.00 horas.<\/p>\n<p><br><\/p>\n<h3><strong>Tarjetas de cr\u00e9dito en Cabo Verde<\/strong><\/h3>\n<p>Tarjetas de cr\u00e9dito <strong>Visa, MasterCard y American Express son oficialmente <\/strong><a href=\"https:\/\/www.sisp.cv\/visa-mastercard.aspx\" rel=\"nofollow noopener\" target=\"_blank\"><strong>aceptados en Cabo Verde<\/strong><\/a>.  Pueden utilizarse para pagar en grandes hoteles y restaurantes, sobre todo en las grandes ciudades.<\/p>\n<p>En el campo y en las ciudades m\u00e1s peque\u00f1as, puede que no sea posible pagar con tarjetas internacionales. Por precauci\u00f3n, siempre es aconsejable tener algo de efectivo a mano. El euro es la moneda internacional m\u00e1s utilizada en Cabo Verde. Algunos comercios de las islas de Sal y Boavista aceptan el pago en euros.&nbsp;<\/p>\n<p>Puedes obtener dinero de las tarjetas de cr\u00e9dito de los bancos, pero las comisiones suelen ser elevadas.<\/p>\n<p><br><\/p>\n<h3><strong>Cajeros autom\u00e1ticos (en Cabo Verde)<\/strong><\/h3>\n<p>En todas las islas de Cabo Verde hay cajeros autom\u00e1ticos (llamados cajas Vinti4). Sin embargo, son menos frecuentes en las poblaciones m\u00e1s peque\u00f1as y se concentran sobre todo en los centros. Las ciudades m\u00e1s peque\u00f1as o remotas no suelen tener cajeros autom\u00e1ticos y puede que no acepten tarjetas de cr\u00e9dito. Lleve siempre algo de dinero en efectivo para los viajes fuera de la ciudad.<\/p><p><br><\/p>\n<h3><strong>Preguntas m\u00e1s frecuentes<\/strong>:<\/h3>\n<ul>\n<li>\u00bfSe pueden utilizar euros en Cabo Verde?<\/li>\n<\/ul>\n<p>El euro se acepta habitualmente en las islas de Sal y Boavista. En las dem\u00e1s islas, es menos habitual que se acepten euros en los comercios, pero en todas hay oficinas de cambio.&nbsp;<\/p>\n<ul>\n<li>\u00bfCu\u00e1l es la mejor moneda para llevar a Cabo Verde?<\/li>\n<\/ul>\n<p>El euro es la mejor moneda para llevar a Cabo Verde porque es la m\u00e1s utilizada y porque el escudo est\u00e1 indexado a ella, lo que significa que si el euro sube, tambi\u00e9n lo hace el escudo.<\/p>\n<p>Si tiene previsto visitar Cabo Verde, quiz\u00e1 le interese convertir parte de su dinero de viaje en euros.<\/p>\t\t\t\t\t\t<\/div>\n\t\t\t\t<\/div>\n\t\t\t\t\t<\/div>\n\t\t<\/div>\n\t\t\t\t\t\t\t<\/div>\n\t\t<\/section>\n\t\t\t\t\t\t\t<\/div>","protected":false},"excerpt":{"rendered":"<p>La moneda de Cabo Verde es el escudo caboverdiano (ECV). Existen billetes de 200, 500, 1.000, 2.000 y 5.000 escudos. Las monedas circulantes son de 1, 5, 10, 20, 50 y 100 escudos. El escudo est\u00e1 indexado al euro y sigue su tipo de cambio, es decir, si el tipo de cambio [...]<\/p>","protected":false},"author":1,"featured_media":0,"parent":0,"menu_order":0,"comment_status":"closed","ping_status":"closed","template":"","meta":{"footnotes":""},"categories":[],"tags":[],"class_list":["post-978","page","type-page","status-publish","hentry"],"_links":{"self":[{"href":"https:\/\/feelcaboverde.com\/es\/wp-json\/wp\/v2\/pages\/978","targetHints":{"allow":["GET"]}}],"collection":[{"href":"https:\/\/feelcaboverde.com\/es\/wp-json\/wp\/v2\/pages"}],"about":[{"href":"https:\/\/feelcaboverde.com\/es\/wp-json\/wp\/v2\/types\/page"}],"author":[{"embeddable":true,"href":"https:\/\/feelcaboverde.com\/es\/wp-json\/wp\/v2\/users\/1"}],"replies":[{"embeddable":true,"href":"https:\/\/feelcaboverde.com\/es\/wp-json\/wp\/v2\/comments?post=978"}],"version-history":[{"count":12,"href":"https:\/\/feelcaboverde.com\/es\/wp-json\/wp\/v2\/pages\/978\/revisions"}],"predecessor-version":[{"id":4110,"href":"https:\/\/feelcaboverde.com\/es\/wp-json\/wp\/v2\/pages\/978\/revisions\/4110"}],"wp:attachment":[{"href":"https:\/\/feelcaboverde.com\/es\/wp-json\/wp\/v2\/media?parent=978"}],"wp:term":[{"taxonomy":"category","embeddable":true,"href":"https:\/\/feelcaboverde.com\/es\/wp-json\/wp\/v2\/categories?post=978"},{"taxonomy":"post_tag","embeddable":true,"href":"https:\/\/feelcaboverde.com\/es\/wp-json\/wp\/v2\/tags?post=978"}],"curies":[{"name":"wp","href":"https:\/\/api.w.org\/{rel}","templated":true}]}}