{"id":965,"date":"2022-05-27T13:29:39","date_gmt":"2022-05-27T13:29:39","guid":{"rendered":"https:\/\/feelcaboverde.com\/?page_id=965"},"modified":"2023-12-22T01:05:19","modified_gmt":"2023-12-22T01:05:19","slug":"contatos-de-emergencia","status":"publish","type":"page","link":"https:\/\/feelcaboverde.com\/es\/contactos-de-emergencia-cabo-verde\/","title":{"rendered":"Contactos de emergencia"},"content":{"rendered":"<div data-elementor-type=\"wp-page\" data-elementor-id=\"965\" class=\"elementor elementor-965\">\n\t\t\t\t\t\t\t\t\t<section data-particle_enable=\"false\" data-particle-mobile-disabled=\"false\" class=\"elementor-section elementor-top-section elementor-element elementor-element-43b54aea elementor-section-boxed elementor-section-height-default elementor-section-height-default\" data-id=\"43b54aea\" data-element_type=\"section\">\n\t\t\t\t\t\t<div class=\"elementor-container elementor-column-gap-default\">\n\t\t\t\t\t<div class=\"elementor-column elementor-col-100 elementor-top-column elementor-element elementor-element-6e42e8a5\" data-id=\"6e42e8a5\" data-element_type=\"column\">\n\t\t\t<div class=\"elementor-widget-wrap elementor-element-populated\">\n\t\t\t\t\t\t\t\t<div class=\"elementor-element elementor-element-56626ddb elementor-widget elementor-widget-text-editor\" data-id=\"56626ddb\" data-element_type=\"widget\" data-widget_type=\"text-editor.default\">\n\t\t\t\t<div class=\"elementor-widget-container\">\n\t\t\t<style>\/*! elementor - v3.7.1 - 14-08-2022 *\/\n.elementor-widget-text-editor.elementor-drop-cap-view-stacked .elementor-drop-cap{background-color:#818a91;color:#fff}.elementor-widget-text-editor.elementor-drop-cap-view-framed .elementor-drop-cap{color:#818a91;border:3px solid;background-color:transparent}.elementor-widget-text-editor:not(.elementor-drop-cap-view-default) .elementor-drop-cap{margin-top:8px}.elementor-widget-text-editor:not(.elementor-drop-cap-view-default) .elementor-drop-cap-letter{width:1em;height:1em}.elementor-widget-text-editor .elementor-drop-cap{float:left;text-align:center;line-height:1;font-size:50px}.elementor-widget-text-editor .elementor-drop-cap-letter{display:inline-block}<\/style>\t\t\t\t<p>Las vacaciones y los viajes no son inmunes a los imprevistos. Por eso es importante conocer los n\u00fameros de emergencia para cada situaci\u00f3n. Estos son los contactos para emergencias en Cabo Verde.<\/p>\n<ul>\n<li><strong>Hospitales - 130<\/strong>. Debe llamarse al n\u00famero 130 en casos de urgencia m\u00e9dica, como enfermedad repentina, accidentes graves o problemas relacionados con la salud.&nbsp;<\/li>\n<li><strong>Bomberos - 131<\/strong>. El n\u00famero 131 se utiliza en situaciones de incendios, derrumbes, inundaciones, rescates y otras emergencias que requieren la actuaci\u00f3n de los bomberos.&nbsp;<\/li>\n<li><strong>Polic\u00eda Nacional (PN) - 132.<\/strong> El n\u00famero 132 se utiliza para situaciones relacionadas con la seguridad p\u00fablica, como robos, hurtos, secuestros y otras violaciones de la ley. La Polic\u00eda Nacional de Cabo Verde es responsable de garantizar el orden y la seguridad en el pa\u00eds, actuando de forma preventiva y represiva.<\/li>\n<li><strong>Servicio Nacional de Protecci\u00f3n Civil y Contra Incendios (SNPCB) - 8001112.<\/strong> El n\u00famero 8001112 se utiliza para emergencias relacionadas con desastres naturales como terremotos, tsunamis, huracanes, entre otros. El Servicio Nacional de Protecci\u00f3n Civil y Bomberos (SNPCB) se encarga de planificar y coordinar las acciones de prevenci\u00f3n y respuesta ante emergencias, en colaboraci\u00f3n con otras instituciones gubernamentales y organizaciones de la sociedad civil.<\/li>\n<\/ul><div><br><\/div>\n<p>Es importante insistir en que, en caso de emergencia, es esencial mantener la calma y facilitar al gestor de llamadas informaci\u00f3n precisa. Indique una direcci\u00f3n lo m\u00e1s exacta posible y un n\u00famero de tel\u00e9fono de contacto.&nbsp;<\/p>\t\t\t\t\t\t<\/div>\n\t\t\t\t<\/div>\n\t\t\t\t\t<\/div>\n\t\t<\/div>\n\t\t\t\t\t\t\t<\/div>\n\t\t<\/section>\n\t\t\t\t\t\t\t<\/div>","protected":false},"excerpt":{"rendered":"<p>Las vacaciones y los viajes no son inmunes a los imprevistos. Por eso es importante conocer los n\u00fameros de emergencia para cada situaci\u00f3n. Estos son los contactos para emergencias en Cabo Verde. Hospitales - 130. Se debe llamar al n\u00famero 130 en casos de urgencia m\u00e9dica, como enfermedades repentinas, accidentes graves o problemas relacionados con [...]<\/p>","protected":false},"author":1,"featured_media":0,"parent":0,"menu_order":0,"comment_status":"closed","ping_status":"closed","template":"","meta":{"footnotes":""},"categories":[],"tags":[],"class_list":["post-965","page","type-page","status-publish","hentry"],"_links":{"self":[{"href":"https:\/\/feelcaboverde.com\/es\/wp-json\/wp\/v2\/pages\/965","targetHints":{"allow":["GET"]}}],"collection":[{"href":"https:\/\/feelcaboverde.com\/es\/wp-json\/wp\/v2\/pages"}],"about":[{"href":"https:\/\/feelcaboverde.com\/es\/wp-json\/wp\/v2\/types\/page"}],"author":[{"embeddable":true,"href":"https:\/\/feelcaboverde.com\/es\/wp-json\/wp\/v2\/users\/1"}],"replies":[{"embeddable":true,"href":"https:\/\/feelcaboverde.com\/es\/wp-json\/wp\/v2\/comments?post=965"}],"version-history":[{"count":15,"href":"https:\/\/feelcaboverde.com\/es\/wp-json\/wp\/v2\/pages\/965\/revisions"}],"predecessor-version":[{"id":4886,"href":"https:\/\/feelcaboverde.com\/es\/wp-json\/wp\/v2\/pages\/965\/revisions\/4886"}],"wp:attachment":[{"href":"https:\/\/feelcaboverde.com\/es\/wp-json\/wp\/v2\/media?parent=965"}],"wp:term":[{"taxonomy":"category","embeddable":true,"href":"https:\/\/feelcaboverde.com\/es\/wp-json\/wp\/v2\/categories?post=965"},{"taxonomy":"post_tag","embeddable":true,"href":"https:\/\/feelcaboverde.com\/es\/wp-json\/wp\/v2\/tags?post=965"}],"curies":[{"name":"wp","href":"https:\/\/api.w.org\/{rel}","templated":true}]}}