{"id":957,"date":"2022-05-27T13:27:43","date_gmt":"2022-05-27T13:27:43","guid":{"rendered":"https:\/\/feelcaboverde.com\/?page_id=957"},"modified":"2025-04-19T00:37:22","modified_gmt":"2025-04-19T00:37:22","slug":"conduzir-em-cabo-verde","status":"publish","type":"page","link":"https:\/\/feelcaboverde.com\/es\/conducir-en-cabo-verde\/","title":{"rendered":"Conducir en Cabo Verde"},"content":{"rendered":"<div data-elementor-type=\"wp-page\" data-elementor-id=\"957\" class=\"elementor elementor-957\">\n\t\t\t\t\t\t\t\t\t<section data-particle_enable=\"false\" data-particle-mobile-disabled=\"false\" class=\"elementor-section elementor-top-section elementor-element elementor-element-43b54aea elementor-section-boxed elementor-section-height-default elementor-section-height-default\" data-id=\"43b54aea\" data-element_type=\"section\">\n\t\t\t\t\t\t<div class=\"elementor-container elementor-column-gap-default\">\n\t\t\t\t\t<div class=\"elementor-column elementor-col-100 elementor-top-column elementor-element elementor-element-6e42e8a5\" data-id=\"6e42e8a5\" data-element_type=\"column\">\n\t\t\t<div class=\"elementor-widget-wrap elementor-element-populated\">\n\t\t\t\t\t\t\t\t<div class=\"elementor-element elementor-element-56626ddb elementor-widget elementor-widget-text-editor\" data-id=\"56626ddb\" data-element_type=\"widget\" data-widget_type=\"text-editor.default\">\n\t\t\t\t<div class=\"elementor-widget-container\">\n\t\t\t<style>\/*! elementor - v3.7.1 - 14-08-2022 *\/\n.elementor-widget-text-editor.elementor-drop-cap-view-stacked .elementor-drop-cap{background-color:#818a91;color:#fff}.elementor-widget-text-editor.elementor-drop-cap-view-framed .elementor-drop-cap{color:#818a91;border:3px solid;background-color:transparent}.elementor-widget-text-editor:not(.elementor-drop-cap-view-default) .elementor-drop-cap{margin-top:8px}.elementor-widget-text-editor:not(.elementor-drop-cap-view-default) .elementor-drop-cap-letter{width:1em;height:1em}.elementor-widget-text-editor .elementor-drop-cap{float:left;text-align:center;line-height:1;font-size:50px}.elementor-widget-text-editor .elementor-drop-cap-letter{display:inline-block}<\/style>\t\t\t\t<p>Conducir en Cabo Verde es razonablemente sencillo, y puede ser una buena opci\u00f3n alquilar un coche para quienes deseen m\u00e1s flexibilidad e independencia durante su estancia en el archipi\u00e9lago.<\/p>\n<p><strong>Los visitantes con permiso de conducir extranjero pueden conducir en Cabo Verde con el permiso de su pa\u00eds de origen durante un m\u00e1ximo de seis meses. <\/strong>Mientras tanto<strong>&nbsp;<\/strong>lleve siempre consigo su pasaporte o documento de identidad. Los permisos de conducci\u00f3n expedidos en Portugal son v\u00e1lidos en Cabo Verde en funci\u00f3n de un<a href=\"https:\/\/diariodarepublica.pt\/dr\/detalhe\/decreto-lei\/46-2022-185971761\" rel=\"nofollow noopener\" target=\"_blank\"> acuerdo bilateral entre los pa\u00edses<\/a>.<\/p>\n<h4><strong>&nbsp;<\/strong><\/h4>\n<h4><strong>Normas b\u00e1sicas de tr\u00e1fico en Cabo Verde<\/strong><\/h4>\n<p>Las condiciones de las carreteras y las normas de tr\u00e1fico en Cabo Verde pueden diferir de las de su pa\u00eds de origen, as\u00ed que tenga en cuenta algunas cosas <b>normas b\u00e1sicas de conducci\u00f3n en Cabo Verde<\/b>:<\/p>\n<ul>\n<li>La edad m\u00ednima para conducir en Cabo Verde es de 18 a\u00f1os.<\/li>\n<li>En Cabo Verde se conduce por la derecha de la calzada.<\/li>\n<li>La velocidad m\u00e1xima permitida en Cabo Verde es de 50 kil\u00f3metros por hora en las zonas urbanas y de 90 kil\u00f3metros por hora fuera de las ciudades. Dentro de las localidades, debes ser m\u00e1s prudente con la velocidad y prestar especial atenci\u00f3n a las personas que cruzan la carretera, ya que es habitual hacerlo fuera de los pasos de peatones, sobre todo en lugares donde hay pocos o ning\u00fan paso de peatones.<\/li>\n<li>El uso del cintur\u00f3n de seguridad es obligatorio para el conductor y los pasajeros de los asientos delanteros de los coches. Aunque mucha gente tiende a ignorar esta norma, evita hacerlo tanto por tu propia seguridad como para evitar ser multado.<\/li>\n<li>Los motoristas y pasajeros de motocicletas deben llevar casco de seguridad en Cabo Verde. Las motos deben llevar siempre encendidas las luces de cruce durante el d\u00eda.<\/li>\n<li>En las intersecciones o cruces no se\u00f1alizados, el veh\u00edculo de la derecha tiene prioridad. En las rotondas, debe ceder el paso a los veh\u00edculos que ya est\u00e9n en la rotonda.<\/li>\n<li>Los ni\u00f1os menores de 12 a\u00f1os deben sentarse en el asiento trasero.<\/li>\n<li>Los veh\u00edculos deben estacionarse en el sentido de la circulaci\u00f3n.<\/li>\n<li>Por ley en Cabo Verde, los veh\u00edculos a motor s\u00f3lo pueden circular si tienen un seguro obligatorio de responsabilidad civil. Hay que asegurarse siempre de que el coche lleva un justificante del seguro (la pegatina del seguro suele colocarse en el parabrisas del coche).<\/li>\n<li>La tasa m\u00e1xima de alcoholemia permitida en Cabo Verde es de 0,5 g\/l. Adem\u00e1s del riesgo para la seguridad, un conductor con una tasa de alcoholemia igual o superior a 0,5 g\/l e inferior a 1,20 g\/l puede ser sancionado con una multa de entre 25.000 ECV (250 euros) y 250.000 ECV (2.500 euros). Cuando el \u00edndice es igual o superior a 1,20 g\/l, puede imponerse una pena de prisi\u00f3n de 3 a 12 meses o una multa de hasta 100 d\u00edas. La pena de prisi\u00f3n puede ampliarse a 2 a\u00f1os si el conductor ebrio ha causado un accidente de tr\u00e1fico. En resumen, si vas a beber, \u00a1coge un taxi!<\/li>\n<\/ul>\n<div>&nbsp;<\/div>\n<div>Para m\u00e1s informaci\u00f3n <a href=\"https:\/\/www.estradas.cv\/site\/index.php\/developers-2\/category\/7-legislacao-rodoviaria\" rel=\"nofollow noopener\" target=\"_blank\"><b>C\u00f3digo de circulaci\u00f3n de Cabo Verde<\/b><\/a>&nbsp;o visite el sitio web <a href=\"https:\/\/www.estradas.cv\/site\/index.php\/developers-2\/category\/7-legislacao-rodoviaria\" rel=\"nofollow noopener\" target=\"_blank\">carreteras.cv<\/a>.<\/div>\n<p><strong>&nbsp;<\/strong><\/p>\n<h4><strong>Repostar en Cabo Verde<\/strong><\/h4>\n<p>Los surtidores de combustible en Cabo Verde son propiedad de Enacol y Shell, y a menudo cuentan con su propia tienda de conveniencia. Suelen estar situados en las entradas o salidas de los pueblos, y convenientemente distribuidos dentro de las ciudades m\u00e1s grandes.  Las gasolineras no son autoservicio, sino que un empleado se encarga de repostar.<\/p>\n<h4><strong>&nbsp;<\/strong><\/h4>\n<h4><strong>V\u00edas p\u00fablicas <\/strong><\/h4>\n<p>Cabo Verde cuenta con una extensa red de carreteras. Las carreteras asfaltadas son cada vez m\u00e1s frecuentes, sobre todo en las zonas urbanas. Sin embargo, las carreteras empedradas siguen siendo muy comunes.<\/p>\n<p>Los pasos de peatones con rayas son habituales en las zonas urbanas y deben ser respetados por los conductores. Las se\u00f1ales de tr\u00e1fico luminosas en Cabo Verde son muy escasas, pero suele encontrarlas en la ciudad de Praia.<\/p>\n<p>En \u00e9poca de lluvias, hay que extremar la precauci\u00f3n tanto en las carreteras que atraviesan monta\u00f1as (el barro y los desprendimientos son habituales) como en las empedradas (que suelen ser especialmente resbaladizas).<\/p>\n<p><strong>Consejo<\/strong>Si piensa alquilar un coche durante su estancia en Cabo Verde, considere la posibilidad de un 4\u00d74, sobre todo si piensa aventurarse por el interior o por caminos irregulares como las dunas de arena de Cabo Verde. <a href=\"https:\/\/feelcaboverde.com\/es\/desierto-de-viana-isla-de-boavista\/\">Desierto de Viana<\/a>.<\/p>\n<p>Si necesita asesoramiento m\u00e1s espec\u00edfico sobre transporte en Cabo Verde, alquiler de coches o cualquier otra cosa, no dude en ponerse en contacto con nosotros.&nbsp;<\/p>\t\t\t\t\t\t<\/div>\n\t\t\t\t<\/div>\n\t\t\t\t\t<\/div>\n\t\t<\/div>\n\t\t\t\t\t\t\t<\/div>\n\t\t<\/section>\n\t\t\t\t\t\t\t<\/div>","protected":false},"excerpt":{"rendered":"<p>Conducir en Cabo Verde es razonablemente sencillo, y puede ser una buena opci\u00f3n alquilar un coche para quienes deseen m\u00e1s flexibilidad e independencia durante su estancia en el archipi\u00e9lago. Los visitantes con carn\u00e9 de conducir extranjero pueden conducir en Cabo Verde con el carn\u00e9 de su pa\u00eds de origen durante un m\u00e1ximo de seis meses. Mientras tanto, deber\u00e1 tener [...]<\/p>","protected":false},"author":1,"featured_media":0,"parent":0,"menu_order":0,"comment_status":"closed","ping_status":"closed","template":"","meta":{"footnotes":""},"categories":[],"tags":[],"class_list":["post-957","page","type-page","status-publish","hentry"],"_links":{"self":[{"href":"https:\/\/feelcaboverde.com\/es\/wp-json\/wp\/v2\/pages\/957","targetHints":{"allow":["GET"]}}],"collection":[{"href":"https:\/\/feelcaboverde.com\/es\/wp-json\/wp\/v2\/pages"}],"about":[{"href":"https:\/\/feelcaboverde.com\/es\/wp-json\/wp\/v2\/types\/page"}],"author":[{"embeddable":true,"href":"https:\/\/feelcaboverde.com\/es\/wp-json\/wp\/v2\/users\/1"}],"replies":[{"embeddable":true,"href":"https:\/\/feelcaboverde.com\/es\/wp-json\/wp\/v2\/comments?post=957"}],"version-history":[{"count":52,"href":"https:\/\/feelcaboverde.com\/es\/wp-json\/wp\/v2\/pages\/957\/revisions"}],"predecessor-version":[{"id":5618,"href":"https:\/\/feelcaboverde.com\/es\/wp-json\/wp\/v2\/pages\/957\/revisions\/5618"}],"wp:attachment":[{"href":"https:\/\/feelcaboverde.com\/es\/wp-json\/wp\/v2\/media?parent=957"}],"wp:term":[{"taxonomy":"category","embeddable":true,"href":"https:\/\/feelcaboverde.com\/es\/wp-json\/wp\/v2\/categories?post=957"},{"taxonomy":"post_tag","embeddable":true,"href":"https:\/\/feelcaboverde.com\/es\/wp-json\/wp\/v2\/tags?post=957"}],"curies":[{"name":"wp","href":"https:\/\/api.w.org\/{rel}","templated":true}]}}