{"id":948,"date":"2022-05-27T13:22:05","date_gmt":"2022-05-27T13:22:05","guid":{"rendered":"https:\/\/feelcaboverde.com\/?page_id=948"},"modified":"2023-03-16T23:47:00","modified_gmt":"2023-03-16T23:47:00","slug":"comunicacao-telefonica","status":"publish","type":"page","link":"https:\/\/feelcaboverde.com\/es\/telecomunicaciones-cabo-verde\/","title":{"rendered":"Comunicaci\u00f3n telef\u00f3nica en Cabo Verde"},"content":{"rendered":"<div data-elementor-type=\"wp-page\" data-elementor-id=\"948\" class=\"elementor elementor-948\">\n\t\t\t\t\t\t\t\t\t<section data-particle_enable=\"false\" data-particle-mobile-disabled=\"false\" class=\"elementor-section elementor-top-section elementor-element elementor-element-43b54aea elementor-section-boxed elementor-section-height-default elementor-section-height-default\" data-id=\"43b54aea\" data-element_type=\"section\">\n\t\t\t\t\t\t<div class=\"elementor-container elementor-column-gap-default\">\n\t\t\t\t\t<div class=\"elementor-column elementor-col-100 elementor-top-column elementor-element elementor-element-6e42e8a5\" data-id=\"6e42e8a5\" data-element_type=\"column\">\n\t\t\t<div class=\"elementor-widget-wrap elementor-element-populated\">\n\t\t\t\t\t\t\t\t<div class=\"elementor-element elementor-element-56626ddb elementor-widget elementor-widget-text-editor\" data-id=\"56626ddb\" data-element_type=\"widget\" data-widget_type=\"text-editor.default\">\n\t\t\t\t<div class=\"elementor-widget-container\">\n\t\t\t<style>\/*! elementor - v3.7.1 - 14-08-2022 *\/\n.elementor-widget-text-editor.elementor-drop-cap-view-stacked .elementor-drop-cap{background-color:#818a91;color:#fff}.elementor-widget-text-editor.elementor-drop-cap-view-framed .elementor-drop-cap{color:#818a91;border:3px solid;background-color:transparent}.elementor-widget-text-editor:not(.elementor-drop-cap-view-default) .elementor-drop-cap{margin-top:8px}.elementor-widget-text-editor:not(.elementor-drop-cap-view-default) .elementor-drop-cap-letter{width:1em;height:1em}.elementor-widget-text-editor .elementor-drop-cap{float:left;text-align:center;line-height:1;font-size:50px}.elementor-widget-text-editor .elementor-drop-cap-letter{display:inline-block}<\/style>\t\t\t\t<p>El c\u00f3digo de \u00e1rea de Cabo Verde es <strong>+238 (00238).<\/strong><\/p>\n<p>Los servicios de comunicaci\u00f3n son prestados por <a href=\"http:\/\/www.cvtelecom.cv\/\" rel=\"nofollow noopener\" target=\"_blank\">Cabo Verde Telecom<\/a> y <a href=\"https:\/\/www.uniteltmais.cv\/\" rel=\"nofollow noopener\" target=\"_blank\">Unitel T+<\/a><\/p>\n<p><strong>Tarjetas SIM<\/strong><\/p>\n<p>El servicio de telefon\u00eda fija y m\u00f3vil en Cabo Verde es muy asequible y hay cobertura de m\u00f3vil e Internet en casi todas partes. El precio de una tarjeta SIM es de 100 escudos (alrededor de 1 euro) con los dos proveedores nacionales de telefon\u00eda m\u00f3vil. Sin embargo, el tel\u00e9fono debe estar desbloqueado para otros operadores para poder utilizar otra tarjeta SIM.<\/p>\n<p>Las tarifas de tel\u00e9fono e Internet m\u00f3vil tambi\u00e9n son asequibles, y no difieren mucho entre proveedores. Para tarifas detalladas, consulte los sitios web de <a href=\"http:\/\/www.cvtelecom.cv\/\" rel=\"nofollow noopener\" target=\"_blank\">Cabo Verde Telecom<\/a> y <a href=\"https:\/\/www.uniteltmais.cv\/\" rel=\"nofollow noopener\" target=\"_blank\">Unitel T+<\/a>.<\/p>\n<p>Se pueden comprar chips o tarjetas SIM en los aeropuertos internacionales, en tiendas y a vendedores ambulantes en el centro de las ciudades. Se puede recargar el m\u00f3vil en numerosos establecimientos comerciales, como tiendas y minimercados, y a trav\u00e9s de vendedores ambulantes.<\/p>\n<p>Como el WiFi no est\u00e1 tan extendido en todos los lugares, puedes optar por comprar una tarjeta telef\u00f3nica, sobre todo si piensas hacer muchas excursiones o actividades fuera del hotel.<\/p>\t\t\t\t\t\t<\/div>\n\t\t\t\t<\/div>\n\t\t\t\t\t<\/div>\n\t\t<\/div>\n\t\t\t\t\t\t\t<\/div>\n\t\t<\/section>\n\t\t\t\t\t\t\t<\/div>","protected":false},"excerpt":{"rendered":"<p>El prefijo de Cabo Verde es +238 (00238). Los servicios de comunicaci\u00f3n los prestan Cabo Verde Telecom y Unitel T+ Tarjetas SIM El servicio de telefon\u00eda m\u00f3vil en Cabo Verde es muy asequible y hay cobertura de m\u00f3vil e Internet en casi todas partes. El precio de una tarjeta SIM [...]<\/p>","protected":false},"author":1,"featured_media":0,"parent":0,"menu_order":0,"comment_status":"closed","ping_status":"closed","template":"","meta":{"footnotes":""},"categories":[23],"tags":[],"class_list":["post-948","page","type-page","status-publish","hentry","category-guia-de-viagem-a-z"],"_links":{"self":[{"href":"https:\/\/feelcaboverde.com\/es\/wp-json\/wp\/v2\/pages\/948","targetHints":{"allow":["GET"]}}],"collection":[{"href":"https:\/\/feelcaboverde.com\/es\/wp-json\/wp\/v2\/pages"}],"about":[{"href":"https:\/\/feelcaboverde.com\/es\/wp-json\/wp\/v2\/types\/page"}],"author":[{"embeddable":true,"href":"https:\/\/feelcaboverde.com\/es\/wp-json\/wp\/v2\/users\/1"}],"replies":[{"embeddable":true,"href":"https:\/\/feelcaboverde.com\/es\/wp-json\/wp\/v2\/comments?post=948"}],"version-history":[{"count":12,"href":"https:\/\/feelcaboverde.com\/es\/wp-json\/wp\/v2\/pages\/948\/revisions"}],"predecessor-version":[{"id":4072,"href":"https:\/\/feelcaboverde.com\/es\/wp-json\/wp\/v2\/pages\/948\/revisions\/4072"}],"wp:attachment":[{"href":"https:\/\/feelcaboverde.com\/es\/wp-json\/wp\/v2\/media?parent=948"}],"wp:term":[{"taxonomy":"category","embeddable":true,"href":"https:\/\/feelcaboverde.com\/es\/wp-json\/wp\/v2\/categories?post=948"},{"taxonomy":"post_tag","embeddable":true,"href":"https:\/\/feelcaboverde.com\/es\/wp-json\/wp\/v2\/tags?post=948"}],"curies":[{"name":"wp","href":"https:\/\/api.w.org\/{rel}","templated":true}]}}