{"id":932,"date":"2022-05-27T13:17:49","date_gmt":"2022-05-27T13:17:49","guid":{"rendered":"https:\/\/feelcaboverde.com\/?page_id=932"},"modified":"2022-11-30T10:07:51","modified_gmt":"2022-11-30T10:07:51","slug":"bebidas","status":"publish","type":"page","link":"https:\/\/feelcaboverde.com\/es\/bebidas-cabo-verde\/","title":{"rendered":"Bebidas"},"content":{"rendered":"<div data-elementor-type=\"wp-page\" data-elementor-id=\"932\" class=\"elementor elementor-932\">\n\t\t\t\t\t\t\t\t\t<section data-particle_enable=\"false\" data-particle-mobile-disabled=\"false\" class=\"elementor-section elementor-top-section elementor-element elementor-element-43b54aea elementor-section-boxed elementor-section-height-default elementor-section-height-default\" data-id=\"43b54aea\" data-element_type=\"section\">\n\t\t\t\t\t\t<div class=\"elementor-container elementor-column-gap-default\">\n\t\t\t\t\t<div class=\"elementor-column elementor-col-100 elementor-top-column elementor-element elementor-element-6e42e8a5\" data-id=\"6e42e8a5\" data-element_type=\"column\">\n\t\t\t<div class=\"elementor-widget-wrap elementor-element-populated\">\n\t\t\t\t\t\t\t\t<div class=\"elementor-element elementor-element-56626ddb elementor-widget elementor-widget-text-editor\" data-id=\"56626ddb\" data-element_type=\"widget\" data-widget_type=\"text-editor.default\">\n\t\t\t\t<div class=\"elementor-widget-container\">\n\t\t\t<style>\/*! elementor - v3.7.1 - 14-08-2022 *\/\n.elementor-widget-text-editor.elementor-drop-cap-view-stacked .elementor-drop-cap{background-color:#818a91;color:#fff}.elementor-widget-text-editor.elementor-drop-cap-view-framed .elementor-drop-cap{color:#818a91;border:3px solid;background-color:transparent}.elementor-widget-text-editor:not(.elementor-drop-cap-view-default) .elementor-drop-cap{margin-top:8px}.elementor-widget-text-editor:not(.elementor-drop-cap-view-default) .elementor-drop-cap-letter{width:1em;height:1em}.elementor-widget-text-editor .elementor-drop-cap{float:left;text-align:center;line-height:1;font-size:50px}.elementor-widget-text-editor .elementor-drop-cap-letter{display:inline-block}<\/style>\t\t\t\t<p><strong>Bebidas t\u00edpicas de Cabo Verde<\/strong><\/p><p>En Cabo Verde, el alcoholismo es un grave problema de salud p\u00fablica. Por ello, el Parlamento caboverdiano promulg\u00f3 en 2019 la Ley del Alcohol (Ley n\u00ba 51\/IX\/2019, de 08 de abril) que establece el r\u00e9gimen de disponibilidad, venta y consumo de bebidas alcoh\u00f3licas en diferentes contextos.<\/p><p>La legislaci\u00f3n nacional establece:<\/p><ul><li>La<strong> la edad m\u00ednima para consumir alcohol en Cabo Verde es de 18 a\u00f1os<\/strong>.<\/li><li>La venta y el consumo de bebidas alcoh\u00f3licas est\u00e1n permitidos en:<ul><li>\"establecimientos comerciales de restauraci\u00f3n o de bebidas\" (bares, restaurantes).<\/li><li>\"clubes nocturnos y establecimientos similares\" (discotecas, salas de fiestas).<\/li><li>\"establecimientos situados en puertos y aeropuertos cuyo acceso est\u00e9 reservado a los pasajeros\", y \"espacios donde se celebren festivales\".<\/li><\/ul><\/li><li>Est\u00e1 prohibido:<ul><li>El consumo de bebidas alcoh\u00f3licas en la v\u00eda p\u00fablica.<\/li><li>Venta y puesta a disposici\u00f3n de bebidas alcoh\u00f3licas en clubes, pabellones o locales deportivos, fiestas acad\u00e9micas, m\u00edtines y actos a los que asistan j\u00f3venes y menores (...).<\/li><li>Suministro, venta y\/o puesta a disposici\u00f3n de bebidas alcoh\u00f3licas en lugares p\u00fablicos y en lugares abiertos al p\u00fablico a cualquier persona menor de 18 a\u00f1os, a cualquier persona que est\u00e9 notoriamente ebria o que parezca tener un trastorno mental.<\/li><li>El suministro, venta y consumo de bebidas alcoh\u00f3licas en cantinas, quioscos, puestos y tiendas de comestibles, en m\u00e1quinas expendedoras y en gasolineras situadas en carreteras o fuera de las localidades.<\/li><\/ul><\/li><\/ul><p>\u00a0<\/p><p><strong>Preguntas m\u00e1s frecuentes:<\/strong><\/p><ol><li>\u00bfQu\u00e9 tipo de bebidas se pueden tomar durante las vacaciones en Cabo Verde?<\/li><\/ol><p>Durante su estancia en Cabo Verde, los visitantes pueden degustar <strong>bebidas sin alcohol<\/strong> como zumos naturales de frutas de temporada (fruta de la pasi\u00f3n, tamarindo, papaya, baobab o calabaceira, mango, etc.), t\u00e9s y t\u00e9s helados (como el \"bissap\" o hibisco morado), caf\u00e9 nacional de la isla de Fogo, etc.<\/p><p>Tambi\u00e9n puedes probar <strong>bebidas alcoh\u00f3licas<\/strong> como el \"grogue\" o el \"aguardente\" (bebida destilada de ca\u00f1a de az\u00facar t\u00edpica de Cabo Verde), diversos ponches y licores, la cerveza nacional \"Strela\", el vino de la isla de Fogo (elaborado con uvas cultivadas en suelos volc\u00e1nicos), las caipirinhas, etc., as\u00ed como otras variedades importadas.<\/p>\t\t\t\t\t\t<\/div>\n\t\t\t\t<\/div>\n\t\t\t\t\t<\/div>\n\t\t<\/div>\n\t\t\t\t\t\t\t<\/div>\n\t\t<\/section>\n\t\t\t\t\t\t\t<\/div>","protected":false},"excerpt":{"rendered":"<p>Bebidas t\u00edpicas en Cabo Verde En Cabo Verde, el alcoholismo es un grave problema de salud p\u00fablica. Por ello, el Parlamento caboverdiano promulg\u00f3 en 2019 la Ley del Alcohol (Ley n\u00ba 51\/IX\/2019, de 08 de abril) que establece el r\u00e9gimen de disponibilidad, venta y consumo de bebidas alcoh\u00f3licas en diferentes contextos. La legislaci\u00f3n [...]<\/p>","protected":false},"author":1,"featured_media":0,"parent":0,"menu_order":0,"comment_status":"closed","ping_status":"closed","template":"","meta":{"footnotes":""},"categories":[23],"tags":[],"class_list":["post-932","page","type-page","status-publish","hentry","category-guia-de-viagem-a-z"],"_links":{"self":[{"href":"https:\/\/feelcaboverde.com\/es\/wp-json\/wp\/v2\/pages\/932","targetHints":{"allow":["GET"]}}],"collection":[{"href":"https:\/\/feelcaboverde.com\/es\/wp-json\/wp\/v2\/pages"}],"about":[{"href":"https:\/\/feelcaboverde.com\/es\/wp-json\/wp\/v2\/types\/page"}],"author":[{"embeddable":true,"href":"https:\/\/feelcaboverde.com\/es\/wp-json\/wp\/v2\/users\/1"}],"replies":[{"embeddable":true,"href":"https:\/\/feelcaboverde.com\/es\/wp-json\/wp\/v2\/comments?post=932"}],"version-history":[{"count":4,"href":"https:\/\/feelcaboverde.com\/es\/wp-json\/wp\/v2\/pages\/932\/revisions"}],"predecessor-version":[{"id":936,"href":"https:\/\/feelcaboverde.com\/es\/wp-json\/wp\/v2\/pages\/932\/revisions\/936"}],"wp:attachment":[{"href":"https:\/\/feelcaboverde.com\/es\/wp-json\/wp\/v2\/media?parent=932"}],"wp:term":[{"taxonomy":"category","embeddable":true,"href":"https:\/\/feelcaboverde.com\/es\/wp-json\/wp\/v2\/categories?post=932"},{"taxonomy":"post_tag","embeddable":true,"href":"https:\/\/feelcaboverde.com\/es\/wp-json\/wp\/v2\/tags?post=932"}],"curies":[{"name":"wp","href":"https:\/\/api.w.org\/{rel}","templated":true}]}}