{"id":924,"date":"2022-05-27T13:14:50","date_gmt":"2022-05-27T13:14:50","guid":{"rendered":"https:\/\/feelcaboverde.com\/?page_id=924"},"modified":"2023-03-16T23:39:13","modified_gmt":"2023-03-16T23:39:13","slug":"animais-perigosos","status":"publish","type":"page","link":"https:\/\/feelcaboverde.com\/es\/animales-peligrosos-cabo-verde\/","title":{"rendered":"Animales peligrosos en Cabo Verde"},"content":{"rendered":"<div data-elementor-type=\"wp-page\" data-elementor-id=\"924\" class=\"elementor elementor-924\">\n\t\t\t\t\t\t\t\t\t<section data-particle_enable=\"false\" data-particle-mobile-disabled=\"false\" class=\"elementor-section elementor-top-section elementor-element elementor-element-43b54aea elementor-section-boxed elementor-section-height-default elementor-section-height-default\" data-id=\"43b54aea\" data-element_type=\"section\">\n\t\t\t\t\t\t<div class=\"elementor-container elementor-column-gap-default\">\n\t\t\t\t\t<div class=\"elementor-column elementor-col-100 elementor-top-column elementor-element elementor-element-6e42e8a5\" data-id=\"6e42e8a5\" data-element_type=\"column\">\n\t\t\t<div class=\"elementor-widget-wrap elementor-element-populated\">\n\t\t\t\t\t\t\t\t<div class=\"elementor-element elementor-element-56626ddb elementor-widget elementor-widget-text-editor\" data-id=\"56626ddb\" data-element_type=\"widget\" data-widget_type=\"text-editor.default\">\n\t\t\t\t<div class=\"elementor-widget-container\">\n\t\t\t<style>\/*! elementor - v3.7.1 - 14-08-2022 *\/\n.elementor-widget-text-editor.elementor-drop-cap-view-stacked .elementor-drop-cap{background-color:#818a91;color:#fff}.elementor-widget-text-editor.elementor-drop-cap-view-framed .elementor-drop-cap{color:#818a91;border:3px solid;background-color:transparent}.elementor-widget-text-editor:not(.elementor-drop-cap-view-default) .elementor-drop-cap{margin-top:8px}.elementor-widget-text-editor:not(.elementor-drop-cap-view-default) .elementor-drop-cap-letter{width:1em;height:1em}.elementor-widget-text-editor .elementor-drop-cap{float:left;text-align:center;line-height:1;font-size:50px}.elementor-widget-text-editor .elementor-drop-cap-letter{display:inline-block}<\/style>\t\t\t\t<p>La fauna nacional de Cabo Verde es muy tranquila. No hay grandes depredadores ni serpientes en el territorio y son raros los animales venenosos.<\/p><p><strong>Ara\u00f1as<\/strong><\/p><p>En Cabo Verde hay ara\u00f1as, pero no son tan comunes en las ciudades.<\/p><p>Despu\u00e9s de las lluvias, sobre todo en las zonas del interior, es frecuente ver grupos de ara\u00f1as colgando de los \u00e1rboles.<\/p><p>Aunque las picaduras de ara\u00f1a no son frecuentes, hay que evitar tocarlas, sobre todo si no se conoce la especie.<\/p><p><strong>Ciempi\u00e9s o lacraidos<\/strong><\/p><p>En Cabo Verde hay ciempi\u00e9s, pero no son comunes. Estos artr\u00f3podos terrestres reptantes se ven ocasionalmente, sobre todo en lugares oscuros, h\u00famedos o con algo de vegetaci\u00f3n.<\/p><p>La picadura puede ser dolorosa y causar hinchaz\u00f3n y enrojecimiento de la piel. La aplicaci\u00f3n de una bolsa de hielo puede ayudar a aliviar los s\u00edntomas. Estos no suelen durar m\u00e1s de 48 horas.<\/p><p><strong>Erizos de mar<\/strong><\/p><p>Los erizos de mar son animales globulares espinosos comunes en las rocas y piedras de algunas playas. No se recomienda caminar descalzo bajo el agua o sobre rocas y piedras donde haya erizos. El contacto con las espinas de los erizos puede causar una dolorosa herida punzante.<\/p><p>Si pisas un erizo de mar, debes intentar quitarle las espinas inmediatamente. Aplicar compresas con vinagre puede ayudar a quitarlas. Si las espinas se han clavado profundamente, es posible que tengas que acudir a tu centro de salud local para que te las quiten. Las espinas no extra\u00eddas pueden causar inflamaci\u00f3n y dolor prolongado.<\/p><p><strong>Caravela-portuguesa o garrafa-azula- <\/strong><\/p><p>Las carabelas portuguesas son organismos flotantes que navegan a la deriva por el oc\u00e9ano empujados por los vientos. Tambi\u00e9n llamadas botella azul, por el color azulado que adquieren a veces, estas criaturas pueden parecer atractivas, \u00a1pero son muy peligrosas!<\/p><p>Aunque son poco comunes en Cabo Verde, se ha informado de su presencia en algunas playas en el pasado. A veces se las ha visto muertas arrastradas por la corriente.<\/p><p>A pesar de su belleza y aspecto inofensivo, debe mantenerse alejado de ellas, incluso de las muertas. Las carabelas portuguesas tienen tent\u00e1culos que liberan una toxina que provoca dolor intenso, ardor local y reacciones al\u00e9rgicas graves con posibilidad de arritmias cardiacas.<\/p><p>Si entra en contacto con carabelas portuguesas, tome las precauciones necesarias. <a href=\"https:\/\/www.natgeo.pt\/animais\/2018\/06\/caravela-portuguesa-saiba-porque-e-tao-temida\" rel=\"nofollow noopener\" target=\"_blank\">precauciones siguientes<\/a>:<\/p><ul><li>Lavar bien la zona afectada con agua de mar sin frotar.<\/li><li>Retire los tent\u00e1culos de la piel con un instrumento de pl\u00e1stico.<\/li><li>Si es posible, aplica vinagre o una compresa caliente en la zona. No utilices nunca alcohol ni amoniaco.<\/li><li>Busque atenci\u00f3n m\u00e9dica inmediatamente.<\/li><\/ul><p>\u00a0<strong>Tiburones<\/strong><\/p><p>Cabo Verde es una regi\u00f3n de inmensa importancia para varias especies de tiburones y rayas del Atl\u00e1ntico nororiental. <a href=\"https:\/\/shark.swiss\/projects\/current\/cape-verde\" rel=\"nofollow noopener\" target=\"_blank\">60 especies<\/a> tiburones y rayas.<\/p><p>A pesar de ello, los ataques de tiburones son muy raros en Cabo Verde, con s\u00f3lo <a href=\"https:\/\/www.dexamsabi.com\/2015\/09\/santiago-jovem-atacado-por-tubarao-em.html\" rel=\"nofollow noopener\" target=\"_blank\">un caso publicado en los medios de comunicaci\u00f3n<\/a> en los \u00faltimos diez a\u00f1os.<\/p><p><strong>Consejo<\/strong>En la isla de Sal, <strong>en Sharkbay, podr\u00e1 observar y nadar con tiburones lim\u00f3n<\/strong>que son especies inofensivas. Toda una experiencia.<\/p><p><strong>Preguntas m\u00e1s frecuentes:<\/strong><\/p><ol><li>\u00bfHay serpientes en Cabo Verde?<\/li><\/ol><p>No hay serpientes en ninguna de las islas de Cabo Verde. Rara vez se han encontrado serpientes en el pa\u00eds, posiblemente tra\u00eddas por los buques portacontenedores.<\/p>\t\t\t\t\t\t<\/div>\n\t\t\t\t<\/div>\n\t\t\t\t\t<\/div>\n\t\t<\/div>\n\t\t\t\t\t\t\t<\/div>\n\t\t<\/section>\n\t\t\t\t\t\t\t<\/div>","protected":false},"excerpt":{"rendered":"<p>La fauna nacional de Cabo Verde es muy tranquila. No hay grandes depredadores ni serpientes en el territorio y son raros los animales venenosos. Ara\u00f1as En Cabo Verde hay ara\u00f1as, pero no es tan com\u00fan verlas en las ciudades. Despu\u00e9s de las lluvias, sobre todo en las localidades del interior, es com\u00fan ver grupos de ara\u00f1as colgando de los \u00e1rboles. Aunque no [...]<\/p>","protected":false},"author":1,"featured_media":0,"parent":0,"menu_order":0,"comment_status":"closed","ping_status":"closed","template":"","meta":{"footnotes":""},"categories":[23],"tags":[],"class_list":["post-924","page","type-page","status-publish","hentry","category-guia-de-viagem-a-z"],"_links":{"self":[{"href":"https:\/\/feelcaboverde.com\/es\/wp-json\/wp\/v2\/pages\/924","targetHints":{"allow":["GET"]}}],"collection":[{"href":"https:\/\/feelcaboverde.com\/es\/wp-json\/wp\/v2\/pages"}],"about":[{"href":"https:\/\/feelcaboverde.com\/es\/wp-json\/wp\/v2\/types\/page"}],"author":[{"embeddable":true,"href":"https:\/\/feelcaboverde.com\/es\/wp-json\/wp\/v2\/users\/1"}],"replies":[{"embeddable":true,"href":"https:\/\/feelcaboverde.com\/es\/wp-json\/wp\/v2\/comments?post=924"}],"version-history":[{"count":9,"href":"https:\/\/feelcaboverde.com\/es\/wp-json\/wp\/v2\/pages\/924\/revisions"}],"predecessor-version":[{"id":4063,"href":"https:\/\/feelcaboverde.com\/es\/wp-json\/wp\/v2\/pages\/924\/revisions\/4063"}],"wp:attachment":[{"href":"https:\/\/feelcaboverde.com\/es\/wp-json\/wp\/v2\/media?parent=924"}],"wp:term":[{"taxonomy":"category","embeddable":true,"href":"https:\/\/feelcaboverde.com\/es\/wp-json\/wp\/v2\/categories?post=924"},{"taxonomy":"post_tag","embeddable":true,"href":"https:\/\/feelcaboverde.com\/es\/wp-json\/wp\/v2\/tags?post=924"}],"curies":[{"name":"wp","href":"https:\/\/api.w.org\/{rel}","templated":true}]}}