{"id":916,"date":"2022-05-27T13:12:54","date_gmt":"2022-05-27T13:12:54","guid":{"rendered":"https:\/\/feelcaboverde.com\/?page_id=916"},"modified":"2025-02-13T00:35:23","modified_gmt":"2025-02-13T00:35:23","slug":"alfandegas-e-regulamentos","status":"publish","type":"page","link":"https:\/\/feelcaboverde.com\/es\/aduanas-y-regulaciones-cabo-verde\/","title":{"rendered":"Aduanas y normativa Cabo Verde"},"content":{"rendered":"<div data-elementor-type=\"wp-page\" data-elementor-id=\"916\" class=\"elementor elementor-916\">\n\t\t\t\t\t\t\t\t\t<section data-particle_enable=\"false\" data-particle-mobile-disabled=\"false\" class=\"elementor-section elementor-top-section elementor-element elementor-element-43b54aea elementor-section-boxed elementor-section-height-default elementor-section-height-default\" data-id=\"43b54aea\" data-element_type=\"section\">\n\t\t\t\t\t\t<div class=\"elementor-container elementor-column-gap-default\">\n\t\t\t\t\t<div class=\"elementor-column elementor-col-100 elementor-top-column elementor-element elementor-element-6e42e8a5\" data-id=\"6e42e8a5\" data-element_type=\"column\">\n\t\t\t<div class=\"elementor-widget-wrap elementor-element-populated\">\n\t\t\t\t\t\t\t\t<div class=\"elementor-element elementor-element-56626ddb elementor-widget elementor-widget-text-editor\" data-id=\"56626ddb\" data-element_type=\"widget\" data-widget_type=\"text-editor.default\">\n\t\t\t\t<div class=\"elementor-widget-container\">\n\t\t\t<style>\/*! elementor - v3.7.1 - 14-08-2022 *\/\n.elementor-widget-text-editor.elementor-drop-cap-view-stacked .elementor-drop-cap{background-color:#818a91;color:#fff}.elementor-widget-text-editor.elementor-drop-cap-view-framed .elementor-drop-cap{color:#818a91;border:3px solid;background-color:transparent}.elementor-widget-text-editor:not(.elementor-drop-cap-view-default) .elementor-drop-cap{margin-top:8px}.elementor-widget-text-editor:not(.elementor-drop-cap-view-default) .elementor-drop-cap-letter{width:1em;height:1em}.elementor-widget-text-editor .elementor-drop-cap{float:left;text-align:center;line-height:1;font-size:50px}.elementor-widget-text-editor .elementor-drop-cap-letter{display:inline-block}<\/style>\t\t\t\t<h3><b>Aduanas y normas aduaneras en Cabo Verde: lo que puede entrar sin pagar tasas<\/b><\/h3><p><span style=\"font-weight: 400;\">Si est\u00e1 planeando un viaje a <a href=\"https:\/\/feelcaboverde.com\/es\/cabo-verde\/\">Cabo Verde<\/a>Es esencial conocer las normas aduaneras para evitar contratiempos al entrar en el pa\u00eds. Esta gu\u00eda detalla las mercanc\u00edas que pueden entrar libres de impuestos, los l\u00edmites permitidos y las restricciones que se aplican.<\/span><\/p><p><span style=\"font-weight: 400;\">\u00a0<\/span><\/p><h4><b>Art\u00edculos libres de impuestos en Cabo Verde<\/b><\/h4><p><span style=\"font-weight: 400;\">Los viajeros pueden llevar equipaje a Cabo Verde sin pagar impuestos:<\/span><\/p><ul><li style=\"font-weight: 400;\" aria-level=\"1\"><span style=\"font-weight: 400;\">Ropa y efectos personales;<\/span><\/li><li style=\"font-weight: 400;\" aria-level=\"1\"><span style=\"font-weight: 400;\">Libros;<\/span><\/li><li style=\"font-weight: 400;\" aria-level=\"1\"><span style=\"font-weight: 400;\">Herramientas, instrumentos y utensilios port\u00e1tiles relacionados con su profesi\u00f3n.<\/span><\/li><\/ul><h2><b style=\"color: inherit; font-family: inherit; font-size: 1.5rem; text-align: var(--text-align);\">\u00a0<\/b><\/h2><h2><b style=\"color: inherit; font-family: inherit; font-size: 1.5rem; text-align: var(--text-align);\">Mercanc\u00edas libres de impuestos permitidas<\/b><\/h2><p><span style=\"font-weight: 400;\">Adem\u00e1s de los art\u00edculos personales, pueden introducirse en Cabo Verde, libres de derechos de aduana, los siguientes productos, siempre que se trate de cantidades compatibles con la duraci\u00f3n del viaje y el perfil del viajero:<\/span><\/p><p><span style=\"font-weight: 400;\">\u00a0<\/span><\/p><h4><b>Electr\u00f3nica y equipos personales<\/b><\/h4><ul><li style=\"font-weight: 400;\" aria-level=\"1\"><span style=\"font-weight: 400;\">1 c\u00e1mara y hasta 5 rollos de pel\u00edcula;<\/span><\/li><li style=\"font-weight: 400;\" aria-level=\"1\"><span style=\"font-weight: 400;\">1 c\u00e1mara port\u00e1til y 2 carretes de pel\u00edcula;<\/span><\/li><li style=\"font-weight: 400;\" aria-level=\"1\"><span style=\"font-weight: 400;\">1 par de prism\u00e1ticos;<\/span><\/li><li style=\"font-weight: 400;\" aria-level=\"1\"><span style=\"font-weight: 400;\">1 instrumento musical port\u00e1til;<\/span><\/li><li style=\"font-weight: 400;\" aria-level=\"1\"><span style=\"font-weight: 400;\">1 dispositivo de reproducci\u00f3n de sonido y hasta 10 soportes de sonido;<\/span><\/li><li style=\"font-weight: 400;\" aria-level=\"1\"><span style=\"font-weight: 400;\">1 receptor de radio port\u00e1til;<\/span><\/li><li style=\"font-weight: 400;\" aria-level=\"1\"><span style=\"font-weight: 400;\">1 TV port\u00e1til;<\/span><\/li><li style=\"font-weight: 400;\" aria-level=\"1\"><span style=\"font-weight: 400;\">1 m\u00e1quina de escribir port\u00e1til;<\/span><\/li><li style=\"font-weight: 400;\" aria-level=\"1\"><span style=\"font-weight: 400;\">1 ordenador port\u00e1til y\/o iPad, tableta o equipo similar.<\/span><\/li><\/ul><h3><b>\u00a0<\/b><\/h3><h4><b>Art\u00edculos para ni\u00f1os y personas con necesidades especiales<\/b><\/h4><ul><li style=\"font-weight: 400;\" aria-level=\"1\"><span style=\"font-weight: 400;\">1 cochecito;<\/span><\/li><li style=\"font-weight: 400;\" aria-level=\"1\"><span style=\"font-weight: 400;\">1 silla de ruedas para un pasajero enfermo.<\/span><\/li><\/ul><h3><b>\u00a0<\/b><\/h3><h4><b>Equipamiento de ocio y deporte<\/b><\/h4><ul><li style=\"font-weight: 400;\" aria-level=\"1\"><span style=\"font-weight: 400;\">1 bicicleta sin motor;<\/span><\/li><li style=\"font-weight: 400;\" aria-level=\"1\"><span style=\"font-weight: 400;\">1 tienda y material de acampada;<\/span><\/li><li style=\"font-weight: 400;\" aria-level=\"1\"><span style=\"font-weight: 400;\">Art\u00edculos deportivos como<\/span><ul><li style=\"font-weight: 400;\" aria-level=\"2\"><span style=\"font-weight: 400;\">1 juego de aparejos de pesca;<\/span><\/li><li style=\"font-weight: 400;\" aria-level=\"2\"><span style=\"font-weight: 400;\">1 canoa o kayak de hasta 5,5 metros;<\/span><\/li><li style=\"font-weight: 400;\" aria-level=\"2\"><span style=\"font-weight: 400;\">2 raquetas de tenis y otros art\u00edculos similares.<\/span><\/li><\/ul><\/li><\/ul><h3><b>\u00a0<\/b><\/h3><h4><b>Bebidas y tabaco (l\u00edmite libre de impuestos)<\/b><\/h4><ul><li style=\"font-weight: 400;\" aria-level=\"1\"><span style=\"font-weight: 400;\">200 cigarrillos, o 50 puros, o 250 g de tabaco (o una mezcla de estos productos, siempre que el peso no supere los 250 g);<\/span><\/li><li style=\"font-weight: 400;\" aria-level=\"1\"><span style=\"font-weight: 400;\">2 litros de vino;<\/span><\/li><li style=\"font-weight: 400;\" aria-level=\"1\"><span style=\"font-weight: 400;\">1 litro de alcohol;<\/span><\/li><li style=\"font-weight: 400;\" aria-level=\"1\"><span style=\"font-weight: 400;\">250 ml de agua de colonia y 50 g de perfume.<\/span><\/li><\/ul><h3><b>\u00a0<\/b><\/h3><h4><b>Medicamentos<\/b><\/h4><ul><li style=\"font-weight: 400;\" aria-level=\"1\"><span style=\"font-weight: 400;\">Cantidad correspondiente a las necesidades personales del viajero.<\/span><\/li><\/ul><h2><b>\u00a0<\/b><\/h2><h4><b>Productos restringidos o prohibidos<\/b><\/h4><p><span style=\"font-weight: 400;\">Algunos productos requieren documentaci\u00f3n espec\u00edfica para entrar en Cabo Verde:<\/span><\/p><ul><li style=\"font-weight: 400;\" aria-level=\"1\"><span style=\"font-weight: 400;\">Los animales, las plantas y los productos animales necesitan certificados sanitarios y fitosanitarios.<\/span><\/li><li style=\"font-weight: 400;\" aria-level=\"1\"><span style=\"font-weight: 400;\">Est\u00e1n prohibidas las sustancias ilegales y los materiales de riesgo.<\/span><\/li><\/ul><h4><b>\u00a0<\/b><\/h4><h4><b>Seguir leyendo<\/b><\/h4><p><span style=\"font-weight: 400;\">Para m\u00e1s informaci\u00f3n sobre la normativa aduanera, consulte el<\/span><a href=\"https:\/\/mf.gov.cv\/web\/dnre\/direca-geral-das-alfandegas\" rel=\"nofollow noopener\" target=\"_blank\"> <b>Direcci\u00f3n General de Aduanas<\/b><\/a> <span style=\"font-weight: 400;\">o la legislaci\u00f3n aplicable<\/span><b> (<\/b><a href=\"https:\/\/mf.gov.cv\/web\/dnre\/legislacao\/-\/document_library\/kawUcttkhMXD\/view_file\/65448?_com_liferay_document_library_web_portlet_DLPortlet_INSTANCE_kawUcttkhMXD_redirect=https%3A%2F%2Fmf.gov.cv%2Fweb%2Fdnre%2Flegislacao%2F-%2Fdocument_library%2FkawUcttkhMXD%2Fview%2F63592\" rel=\"nofollow noopener\" target=\"_blank\"><b>Decreto-ley n.\u00ba 139\/91, de 5 de octubre, y art\u00edculo 200 del Decreto-ley n.\u00ba 23\/2014, de 2 de abril.<\/b><\/a><b>).<\/b><\/p><p><span style=\"font-weight: 400;\">Estar bien informado sobre las normas aduaneras de Cabo Verde garantiza una entrada fluida en el pa\u00eds y evita problemas con las aduanas. \u00a1Buen viaje!<\/span><\/p>\t\t\t\t\t\t<\/div>\n\t\t\t\t<\/div>\n\t\t\t\t\t<\/div>\n\t\t<\/div>\n\t\t\t\t\t\t\t<\/div>\n\t\t<\/section>\n\t\t\t\t\t\t\t<\/div>","protected":false},"excerpt":{"rendered":"<p>Aduanas y normas aduaneras en Cabo Verde: lo que puede traer libre de impuestos Si est\u00e1 planeando un viaje a Cabo Verde, es esencial conocer las normas aduaneras para evitar contratiempos al entrar en el pa\u00eds. Esta gu\u00eda detalla las mercanc\u00edas que pueden introducirse libres de impuestos, los l\u00edmites permitidos y las restricciones que se aplican. [...]<\/p>","protected":false},"author":1,"featured_media":0,"parent":0,"menu_order":0,"comment_status":"closed","ping_status":"closed","template":"","meta":{"footnotes":""},"categories":[23],"tags":[],"class_list":["post-916","page","type-page","status-publish","hentry","category-guia-de-viagem-a-z"],"_links":{"self":[{"href":"https:\/\/feelcaboverde.com\/es\/wp-json\/wp\/v2\/pages\/916","targetHints":{"allow":["GET"]}}],"collection":[{"href":"https:\/\/feelcaboverde.com\/es\/wp-json\/wp\/v2\/pages"}],"about":[{"href":"https:\/\/feelcaboverde.com\/es\/wp-json\/wp\/v2\/types\/page"}],"author":[{"embeddable":true,"href":"https:\/\/feelcaboverde.com\/es\/wp-json\/wp\/v2\/users\/1"}],"replies":[{"embeddable":true,"href":"https:\/\/feelcaboverde.com\/es\/wp-json\/wp\/v2\/comments?post=916"}],"version-history":[{"count":13,"href":"https:\/\/feelcaboverde.com\/es\/wp-json\/wp\/v2\/pages\/916\/revisions"}],"predecessor-version":[{"id":5112,"href":"https:\/\/feelcaboverde.com\/es\/wp-json\/wp\/v2\/pages\/916\/revisions\/5112"}],"wp:attachment":[{"href":"https:\/\/feelcaboverde.com\/es\/wp-json\/wp\/v2\/media?parent=916"}],"wp:term":[{"taxonomy":"category","embeddable":true,"href":"https:\/\/feelcaboverde.com\/es\/wp-json\/wp\/v2\/categories?post=916"},{"taxonomy":"post_tag","embeddable":true,"href":"https:\/\/feelcaboverde.com\/es\/wp-json\/wp\/v2\/tags?post=916"}],"curies":[{"name":"wp","href":"https:\/\/api.w.org\/{rel}","templated":true}]}}