{"id":898,"date":"2022-05-27T13:07:20","date_gmt":"2022-05-27T13:07:20","guid":{"rendered":"https:\/\/feelcaboverde.com\/?page_id=898"},"modified":"2025-02-13T00:15:45","modified_gmt":"2025-02-13T00:15:45","slug":"agua-potavel","status":"publish","type":"page","link":"https:\/\/feelcaboverde.com\/es\/agua-potable-cabo-verde\/","title":{"rendered":"Agua potable en Cabo Verde"},"content":{"rendered":"<div data-elementor-type=\"wp-page\" data-elementor-id=\"898\" class=\"elementor elementor-898\">\n\t\t\t\t\t\t\t\t\t<section data-particle_enable=\"false\" data-particle-mobile-disabled=\"false\" class=\"elementor-section elementor-top-section elementor-element elementor-element-43b54aea elementor-section-boxed elementor-section-height-default elementor-section-height-default\" data-id=\"43b54aea\" data-element_type=\"section\">\n\t\t\t\t\t\t<div class=\"elementor-container elementor-column-gap-default\">\n\t\t\t\t\t<div class=\"elementor-column elementor-col-100 elementor-top-column elementor-element elementor-element-6e42e8a5\" data-id=\"6e42e8a5\" data-element_type=\"column\">\n\t\t\t<div class=\"elementor-widget-wrap elementor-element-populated\">\n\t\t\t\t\t\t\t\t<div class=\"elementor-element elementor-element-56626ddb elementor-widget elementor-widget-text-editor\" data-id=\"56626ddb\" data-element_type=\"widget\" data-widget_type=\"text-editor.default\">\n\t\t\t\t<div class=\"elementor-widget-container\">\n\t\t\t<style>\/*! elementor - v3.7.1 - 14-08-2022 *\/\n.elementor-widget-text-editor.elementor-drop-cap-view-stacked .elementor-drop-cap{background-color:#818a91;color:#fff}.elementor-widget-text-editor.elementor-drop-cap-view-framed .elementor-drop-cap{color:#818a91;border:3px solid;background-color:transparent}.elementor-widget-text-editor:not(.elementor-drop-cap-view-default) .elementor-drop-cap{margin-top:8px}.elementor-widget-text-editor:not(.elementor-drop-cap-view-default) .elementor-drop-cap-letter{width:1em;height:1em}.elementor-widget-text-editor .elementor-drop-cap{float:left;text-align:center;line-height:1;font-size:50px}.elementor-widget-text-editor .elementor-drop-cap-letter{display:inline-block}<\/style>\t\t\t\t<p><span style=\"font-weight: 400;\"><a href=\"https:\/\/feelcaboverde.com\/es\/cabo-verde\/\">Cabo Verde<\/a>Cabo Verde, un archipi\u00e9lago con impresionantes paisajes y una rica cultura, atrae a turistas de todo el mundo. Sin embargo, es crucial conocer la calidad del agua potable en Cabo Verde y tomar precauciones para garantizar un viaje saludable y sin imprevistos.<\/span><\/p><p><span style=\"font-weight: 400;\">\u00a0<\/span><\/p><h4><b>1 \u00bfEs seguro beber agua del grifo en Cabo Verde?<\/b><\/h4><p><span style=\"font-weight: 400;\">En general, el agua del grifo de Cabo Verde no se considera segura para el consumo directo. Aunque se han producido mejoras significativas en los \u00faltimos a\u00f1os, el agua puede seguir sin ser del todo adecuada para los viajeros no acostumbrados a su composici\u00f3n, especialmente para las personas con sistemas digestivos m\u00e1s sensibles.\u00a0<\/span><\/p><p><span style=\"font-weight: 400;\">\u00a0<\/span><\/p><h4><b>2. Opciones de agua potable en Cabo Verde<\/b><\/h4><p><span style=\"font-weight: 400;\">La opci\u00f3n m\u00e1s segura para mantenerse hidratado en Cabo Verde es consumir <\/span><b>agua embotellada<\/b><span style=\"font-weight: 400;\">. Afortunadamente, el agua embotellada est\u00e1 ampliamente disponible en supermercados, tiendas de conveniencia y restaurantes de todo el archipi\u00e9lago.<\/span><\/p><p><span style=\"font-weight: 400;\">\u00a0<\/span><\/p><h4><b>3. Cuidados adicionales: la prevenci\u00f3n es la clave<\/b><\/h4><p><span style=\"font-weight: 400;\">Adem\u00e1s de beber agua embotellada, es esencial prestar atenci\u00f3n a otros l\u00edquidos y alimentos:<\/span><\/p><ul><li style=\"font-weight: 400;\" aria-level=\"1\"><b>Evita el hielo:<\/b><span style=\"font-weight: 400;\"> Las bebidas heladas pueden contener agua del grifo sin tratar. Si quieres consumir bebidas heladas, averigua de d\u00f3nde proceden.<\/span><\/li><li style=\"font-weight: 400;\" aria-level=\"1\"><b>Cuidado con la fruta y la verdura:<\/b><span style=\"font-weight: 400;\"> Lave bien las frutas y verduras sin pelar antes de comerlas. Opta por la fruta que se pueda pelar.<\/span><\/li><li style=\"font-weight: 400;\" aria-level=\"1\"><b>Comida cocinada:<\/b><span style=\"font-weight: 400;\"> Prefiera los alimentos bien cocinados y evite las ensaladas y otros platos crudos.<\/span><\/li><\/ul><h4><b>\u00a0<\/b><\/h4><h4><b>4. Diarrea del viajero: c\u00f3mo afrontar imprevistos<\/b><\/h4><p><span style=\"font-weight: 400;\">Incluso tomando precauciones, puede producirse diarrea del viajero. Si experimentas s\u00edntomas como diarrea, calambres abdominales y fiebre, sigue estos consejos:<\/span><\/p><ul><li style=\"font-weight: 400;\" aria-level=\"1\"><b>Mant\u00e9ngase hidratado:<\/b><span style=\"font-weight: 400;\"> Beba abundante agua embotellada y soluciones de rehidrataci\u00f3n oral.<\/span><\/li><li style=\"font-weight: 400;\" aria-level=\"1\"><b>Comida ligera:<\/b><span style=\"font-weight: 400;\"> Come alimentos ligeros y f\u00e1ciles de digerir.<\/span><\/li><li style=\"font-weight: 400;\" aria-level=\"1\"><b>Ve al m\u00e9dico:<\/b><span style=\"font-weight: 400;\"> Si los s\u00edntomas persisten durante m\u00e1s de unos d\u00edas o son graves, acuda al m\u00e9dico.<\/span><\/li><\/ul><h4><b style=\"color: inherit; font-family: inherit; font-size: 1.75rem; text-align: var(--text-align);\">\u00a0<\/b><\/h4><h4><b style=\"color: inherit; font-family: inherit; font-size: 1.75rem; text-align: var(--text-align);\">Conclusi\u00f3n<\/b><\/h4><p><span style=\"font-weight: 400;\">Con las precauciones adecuadas, podr\u00e1 sacar el m\u00e1ximo partido a su viaje a Cabo Verde, disfrutando de sus <a href=\"https:\/\/feelcaboverde.com\/es\/carbeirinho-isla-de-sao-nicolau\/\">belleza natural<\/a> y vibrante cultura sin preocuparse por la calidad del agua en Cabo Verde. Recuerde: \u00a1la prevenci\u00f3n es siempre la mejor medicina!<\/span><\/p>\t\t\t\t\t\t<\/div>\n\t\t\t\t<\/div>\n\t\t\t\t\t<\/div>\n\t\t<\/div>\n\t\t\t\t\t\t\t<\/div>\n\t\t<\/section>\n\t\t\t\t\t\t\t<\/div>","protected":false},"excerpt":{"rendered":"<p>Cabo Verde, un archipi\u00e9lago con impresionantes paisajes y una rica cultura, atrae a turistas de todo el mundo. Sin embargo, es fundamental conocer la calidad del agua potable en Cabo Verde y tomar precauciones para garantizar un viaje saludable y sin imprevistos.   1 \u00bfEs seguro beber agua del grifo en Cabo Verde? El agua [...]<\/p>","protected":false},"author":1,"featured_media":0,"parent":0,"menu_order":0,"comment_status":"closed","ping_status":"closed","template":"","meta":{"footnotes":""},"categories":[23],"tags":[],"class_list":["post-898","page","type-page","status-publish","hentry","category-guia-de-viagem-a-z"],"_links":{"self":[{"href":"https:\/\/feelcaboverde.com\/es\/wp-json\/wp\/v2\/pages\/898","targetHints":{"allow":["GET"]}}],"collection":[{"href":"https:\/\/feelcaboverde.com\/es\/wp-json\/wp\/v2\/pages"}],"about":[{"href":"https:\/\/feelcaboverde.com\/es\/wp-json\/wp\/v2\/types\/page"}],"author":[{"embeddable":true,"href":"https:\/\/feelcaboverde.com\/es\/wp-json\/wp\/v2\/users\/1"}],"replies":[{"embeddable":true,"href":"https:\/\/feelcaboverde.com\/es\/wp-json\/wp\/v2\/comments?post=898"}],"version-history":[{"count":24,"href":"https:\/\/feelcaboverde.com\/es\/wp-json\/wp\/v2\/pages\/898\/revisions"}],"predecessor-version":[{"id":5104,"href":"https:\/\/feelcaboverde.com\/es\/wp-json\/wp\/v2\/pages\/898\/revisions\/5104"}],"wp:attachment":[{"href":"https:\/\/feelcaboverde.com\/es\/wp-json\/wp\/v2\/media?parent=898"}],"wp:term":[{"taxonomy":"category","embeddable":true,"href":"https:\/\/feelcaboverde.com\/es\/wp-json\/wp\/v2\/categories?post=898"},{"taxonomy":"post_tag","embeddable":true,"href":"https:\/\/feelcaboverde.com\/es\/wp-json\/wp\/v2\/tags?post=898"}],"curies":[{"name":"wp","href":"https:\/\/api.w.org\/{rel}","templated":true}]}}