{"id":4556,"date":"2023-04-04T00:12:51","date_gmt":"2023-04-04T00:12:51","guid":{"rendered":"https:\/\/feelcaboverde.com\/?page_id=4556"},"modified":"2023-04-13T16:07:18","modified_gmt":"2023-04-13T16:07:18","slug":"transportes","status":"publish","type":"page","link":"https:\/\/feelcaboverde.com\/es\/transporte\/","title":{"rendered":"Transporte"},"content":{"rendered":"<div data-elementor-type=\"wp-page\" data-elementor-id=\"4556\" class=\"elementor elementor-4556\">\n\t\t\t\t\t\t\t\t\t<section data-particle_enable=\"false\" data-particle-mobile-disabled=\"false\" class=\"elementor-section elementor-top-section elementor-element elementor-element-43b54aea elementor-section-boxed elementor-section-height-default elementor-section-height-default\" data-id=\"43b54aea\" data-element_type=\"section\">\n\t\t\t\t\t\t<div class=\"elementor-container elementor-column-gap-default\">\n\t\t\t\t\t<div class=\"elementor-column elementor-col-100 elementor-top-column elementor-element elementor-element-6e42e8a5\" data-id=\"6e42e8a5\" data-element_type=\"column\">\n\t\t\t<div class=\"elementor-widget-wrap elementor-element-populated\">\n\t\t\t\t\t\t\t\t<div class=\"elementor-element elementor-element-56626ddb elementor-widget elementor-widget-text-editor\" data-id=\"56626ddb\" data-element_type=\"widget\" data-widget_type=\"text-editor.default\">\n\t\t\t\t<div class=\"elementor-widget-container\">\n\t\t\t<style>\/*! elementor - v3.7.1 - 14-08-2022 *\/\n.elementor-widget-text-editor.elementor-drop-cap-view-stacked .elementor-drop-cap{background-color:#818a91;color:#fff}.elementor-widget-text-editor.elementor-drop-cap-view-framed .elementor-drop-cap{color:#818a91;border:3px solid;background-color:transparent}.elementor-widget-text-editor:not(.elementor-drop-cap-view-default) .elementor-drop-cap{margin-top:8px}.elementor-widget-text-editor:not(.elementor-drop-cap-view-default) .elementor-drop-cap-letter{width:1em;height:1em}.elementor-widget-text-editor .elementor-drop-cap{float:left;text-align:center;line-height:1;font-size:50px}.elementor-widget-text-editor .elementor-drop-cap-letter{display:inline-block}<\/style>\t\t\t\t<h3>Transporte en Cabo Verde<\/h3><p><span style=\"color: var( --e-global-color-text ); font-family: var( --e-global-typography-text-font-family ), Sans-serif; font-weight: var( --e-global-typography-text-font-weight ); text-align: var(--text-align); font-size: 1rem;\">El transporte entre las islas se realiza en barcos\/ferries desde el <\/span><a href=\"https:\/\/www.cvinterilhas.cv\/home\" style=\"font-family: var( --e-global-typography-text-font-family ), Sans-serif; font-weight: var( --e-global-typography-text-font-weight ); text-align: var(--text-align); background-color: rgb(255, 255, 255); font-size: 1rem;\" rel=\"nofollow noopener\" target=\"_blank\">Cabo Verde Interinsular<\/a><span style=\"color: var( --e-global-color-text ); font-family: var( --e-global-typography-text-font-family ), Sans-serif; font-weight: var( --e-global-typography-text-font-weight ); text-align: var(--text-align); font-size: 1rem;\"> y en vuelos de l\u00ednea <\/span><a href=\"https:\/\/bestflycaboverde.com\/pt\/index.htm\" style=\"font-family: var( --e-global-typography-text-font-family ), Sans-serif; font-weight: var( --e-global-typography-text-font-weight ); text-align: var(--text-align); background-color: rgb(255, 255, 255); font-size: 1rem;\" rel=\"nofollow noopener\" target=\"_blank\">BestFly Cabo Verde<\/a><span style=\"color: var( --e-global-color-text ); font-family: var( --e-global-typography-text-font-family ), Sans-serif; font-weight: var( --e-global-typography-text-font-weight ); text-align: var(--text-align); font-size: 1rem;\">. Las islas de Santo Ant\u00e3o y Brava s\u00f3lo son accesibles por mar (barcos\/ferries).<\/span><br><\/p>\n<p>Los vuelos entre las islas duran entre 20 minutos y una hora. La franquicia de equipaje en los vuelos entre islas es de 1.000 euros. <a href=\"https:\/\/bestflycaboverde.com\/pt\/online\/tarifas.htm\" rel=\"nofollow noopener\" target=\"_blank\">BestFly Cabo Verde<\/a> var\u00eda de 23 a 30 kilos, seg\u00fan la tarifa (normal o flexible).<\/p>\n<p>Dentro de las islas, el transporte p\u00fablico var\u00eda. Las islas de S\u00e3o Vicente y Santiago cuentan con servicios de autob\u00fas en las zonas metropolitanas. En el interior de estas islas y de todas las dem\u00e1s, el transporte dentro de las islas se mantiene mediante taxis e hiaces, que son monovol\u00famenes de entre 15 y 20 plazas por lo general.<\/p>\n<p>Consulte nuestro art\u00edculo con toda la informaci\u00f3n que necesita sobre transporte para aventurarse libremente por las islas.<\/p>\t\t\t\t\t\t<\/div>\n\t\t\t\t<\/div>\n\t\t\t\t\t<\/div>\n\t\t<\/div>\n\t\t\t\t\t\t\t<\/div>\n\t\t<\/section>\n\t\t\t\t\t\t\t<\/div>","protected":false},"excerpt":{"rendered":"<p>El transporte entre las islas se realiza en barcos\/ferries de Interilhas y vuelos de BestFly Cabo Verde. Las islas de Santo Ant\u00e3o y Brava s\u00f3lo son accesibles por mar (barcos\/ferries). Los vuelos entre las islas duran entre 20 minutos y una hora. La franquicia de equipaje [...]<\/p>","protected":false},"author":1,"featured_media":0,"parent":0,"menu_order":0,"comment_status":"closed","ping_status":"closed","template":"","meta":{"footnotes":""},"categories":[],"tags":[],"class_list":["post-4556","page","type-page","status-publish","hentry"],"_links":{"self":[{"href":"https:\/\/feelcaboverde.com\/es\/wp-json\/wp\/v2\/pages\/4556","targetHints":{"allow":["GET"]}}],"collection":[{"href":"https:\/\/feelcaboverde.com\/es\/wp-json\/wp\/v2\/pages"}],"about":[{"href":"https:\/\/feelcaboverde.com\/es\/wp-json\/wp\/v2\/types\/page"}],"author":[{"embeddable":true,"href":"https:\/\/feelcaboverde.com\/es\/wp-json\/wp\/v2\/users\/1"}],"replies":[{"embeddable":true,"href":"https:\/\/feelcaboverde.com\/es\/wp-json\/wp\/v2\/comments?post=4556"}],"version-history":[{"count":1,"href":"https:\/\/feelcaboverde.com\/es\/wp-json\/wp\/v2\/pages\/4556\/revisions"}],"predecessor-version":[{"id":4573,"href":"https:\/\/feelcaboverde.com\/es\/wp-json\/wp\/v2\/pages\/4556\/revisions\/4573"}],"wp:attachment":[{"href":"https:\/\/feelcaboverde.com\/es\/wp-json\/wp\/v2\/media?parent=4556"}],"wp:term":[{"taxonomy":"category","embeddable":true,"href":"https:\/\/feelcaboverde.com\/es\/wp-json\/wp\/v2\/categories?post=4556"},{"taxonomy":"post_tag","embeddable":true,"href":"https:\/\/feelcaboverde.com\/es\/wp-json\/wp\/v2\/tags?post=4556"}],"curies":[{"name":"wp","href":"https:\/\/api.w.org\/{rel}","templated":true}]}}