{"id":3352,"date":"2022-11-30T12:53:07","date_gmt":"2022-11-30T12:53:07","guid":{"rendered":"https:\/\/feelcaboverde.com\/?page_id=3352"},"modified":"2025-02-15T18:48:39","modified_gmt":"2025-02-15T18:48:39","slug":"povo-e-morabeza-2","status":"publish","type":"page","link":"https:\/\/feelcaboverde.com\/es\/pueblo-y-morabeza\/","title":{"rendered":"Pueblo y Morabeza de Cabo Verde"},"content":{"rendered":"<div data-elementor-type=\"wp-page\" data-elementor-id=\"3352\" class=\"elementor elementor-3352\">\n\t\t\t\t\t\t\t\t\t<section data-particle_enable=\"false\" data-particle-mobile-disabled=\"false\" class=\"elementor-section elementor-top-section elementor-element elementor-element-7d82efc1 elementor-section-boxed elementor-section-height-default elementor-section-height-default\" data-id=\"7d82efc1\" data-element_type=\"section\">\n\t\t\t\t\t\t<div class=\"elementor-container elementor-column-gap-default\">\n\t\t\t\t\t<div class=\"elementor-column elementor-col-100 elementor-top-column elementor-element elementor-element-6e6df1f9\" data-id=\"6e6df1f9\" data-element_type=\"column\">\n\t\t\t<div class=\"elementor-widget-wrap elementor-element-populated\">\n\t\t\t\t\t\t\t\t<div class=\"elementor-element elementor-element-7a23810c elementor-widget elementor-widget-text-editor\" data-id=\"7a23810c\" data-element_type=\"widget\" data-widget_type=\"text-editor.default\">\n\t\t\t\t<div class=\"elementor-widget-container\">\n\t\t\t<style>\/*! elementor - v3.7.1 - 14-08-2022 *\/\n.elementor-widget-text-editor.elementor-drop-cap-view-stacked .elementor-drop-cap{background-color:#818a91;color:#fff}.elementor-widget-text-editor.elementor-drop-cap-view-framed .elementor-drop-cap{color:#818a91;border:3px solid;background-color:transparent}.elementor-widget-text-editor:not(.elementor-drop-cap-view-default) .elementor-drop-cap{margin-top:8px}.elementor-widget-text-editor:not(.elementor-drop-cap-view-default) .elementor-drop-cap-letter{width:1em;height:1em}.elementor-widget-text-editor .elementor-drop-cap{float:left;text-align:center;line-height:1;font-size:50px}.elementor-widget-text-editor .elementor-drop-cap-letter{display:inline-block}<\/style>\t\t\t\t<h3><b>Morabeza: el esp\u00edritu acogedor de los caboverdianos<\/b><\/h3><div><b>\u00a0<\/b><\/div><h4><strong style=\"color: inherit; font-family: inherit; font-size: 1.5rem; text-align: var(--text-align);\">1. \u00bfQu\u00e9 es Morabeza?<\/strong><\/h4><p data-sourcepos=\"5:1-5:444\">La palabra \"morabeza\" es un regionalismo caboverdiano derivado de la lengua criolla que representa la <b>la amabilidad en el trato, el afecto espont\u00e1neo, la nostalgia por los que a\u00fan no se han ido, la cadencia tranquila y la sonrisa f\u00e1cil que caracterizan a los caboverdianos...<\/b>. Morabeza es mucho m\u00e1s que simple hospitalidad o amabilidad. Es un concepto amplio, una filosof\u00eda de vida arraigada en la vida cotidiana de los habitantes de las islas.\u00a0<\/p><p data-sourcepos=\"5:1-5:444\">Es un sentimiento que trasciende las definiciones y se expresa de forma \u00fanica en <a href=\"https:\/\/feelcaboverde.com\/es\/cabo-verde\/\">Cabo Verde<\/a>.<\/p><p data-sourcepos=\"7:1-7:256\">Morabeza es la se\u00f1a de identidad del pueblo caboverdiano. Es lo que nos define, lo que nos diferencia, lo que nos hace tan \u00fanicos. Es una invitaci\u00f3n a bajar el ritmo, a apreciar las cosas sencillas de la vida, a conectar con los dem\u00e1s de forma aut\u00e9ntica y genuina.<\/p><p data-sourcepos=\"7:1-7:256\">\u00a0<\/p><p data-sourcepos=\"7:1-7:256\"><strong style=\"color: inherit; font-family: inherit; font-size: 1.5rem; text-align: var(--text-align);\">2. El contexto hist\u00f3rico y cultural de Morabeza<\/strong><\/p><p data-sourcepos=\"11:1-11:317\">Cabo Verde naci\u00f3 bajo el signo de la saudade y la morabeza, sentimientos que se complementan y definen la identidad del pueblo caboverdiano. Seg\u00fan <a href=\"https:\/\/api.eciencia.cv\/server\/api\/core\/bitstreams\/01855921-646a-4050-9e0f-20ef727a21ab\/content\" rel=\"nofollow noopener\" target=\"_blank\">becarios<\/a>Estas caracter\u00edsticas son el reverso del mismo esp\u00edritu que mejor caracteriza al hombre caboverdiano: expansivo, desenvuelto y abierto a los dem\u00e1s.<\/p><p data-sourcepos=\"13:1-13:487\">Morabeza se ha convertido en un elemento esencial en la construcci\u00f3n del <a href=\"https:\/\/feelcaboverde.com\/es\/simbolos-nacionales-de-cabo-verde\/\">identidad nacional<\/a>Ha contribuido a unir un archipi\u00e9lago de islas con realidades diferentes. Esta cordialidad criolla ha creado puentes entre las diferencias y reforzado los lazos comunitarios, permitiendo un esp\u00edritu de acogida que se refleja tanto en las relaciones interpersonales como en la estabilidad social y pol\u00edtica del pa\u00eds. Esta caracter\u00edstica sociocultural manifiesta una \"disposici\u00f3n psicol\u00f3gica democr\u00e1tica\", que refuerza la cohesi\u00f3n nacional.<\/p><p data-sourcepos=\"15:1-15:416\">Adem\u00e1s, el caboverdiano ha cultivado, a lo largo de su <a href=\"https:\/\/feelcaboverde.com\/es\/historia-de-cabo-verde\/\">historia<\/a>Es una relaci\u00f3n de cercan\u00eda y respeto hacia los dem\u00e1s. Esta predisposici\u00f3n a la hospitalidad no se limita a las interacciones dentro del archipi\u00e9lago, sino que tambi\u00e9n se extiende a la di\u00e1spora, donde la nostalgia se convierte en un v\u00ednculo con la patria. Los emigrantes llevan consigo la morabeza, recreando la esencia del calor humano de las islas en otros territorios.<\/p><h4>\u00a0<\/h4><h4><strong>3. C\u00f3mo se manifiesta Morabeza en la vida cotidiana de Cabo Verde<\/strong><\/h4><p data-sourcepos=\"19:1-19:123\">La moralidad est\u00e1 presente en las peque\u00f1as acciones cotidianas. No es s\u00f3lo un concepto abstracto, sino algo que se siente y se vive. Est\u00e1 presente en las peque\u00f1as acciones cotidianas:<\/p><ul><li data-start=\"2540\" data-end=\"2624\">El frutero que te hace un regalo con una sonrisa y un comentario juguet\u00f3n.<\/li><li data-start=\"2625\" data-end=\"2774\">En el <span data-start=\"2643\" data-end=\"2652\"><i>hiace<\/i><\/span> (transporte p\u00fablico) que, incluso con las prisas, encuentra tiempo para bromear o charlar animadamente con los pasajeros.<\/li><li data-start=\"2775\" data-end=\"2841\">El pescador que ofrece un pescado reci\u00e9n pescado a un conocido.<\/li><li data-start=\"2842\" data-end=\"2895\">Saludos espont\u00e1neos en la calle.<\/li><li data-start=\"2896\" data-end=\"3035\">En <a href=\"https:\/\/feelcaboverde.com\/es\/arte-y-cultura\/\">fiestas populares<\/a>Es el sentimiento de pertenencia que une a las personas, independientemente de la isla de la que procedan o ad\u00f3nde se dirijan. Es el sentimiento de pertenencia que une a las personas, independientemente de la isla de la que procedan o ad\u00f3nde se dirijan. Es el sentimiento de pertenencia lo que une a las personas, independientemente de la isla de la que procedan o ad\u00f3nde se dirijan.<\/li><\/ul><div><span style=\"font-family: var( --e-global-typography-text-font-family ), Sans-serif; font-size: 1rem; font-weight: var( --e-global-typography-text-font-weight ); text-align: var(--text-align);\">Morabeza se expresa en una c\u00e1lida acogida, en un trato amable y cercano, en compartir y, sobre todo, en un ritmo pausado. Porque aqu\u00ed, en Cabo Verde, el tiempo tiene su propio ritmo. Sin estr\u00e9s ni prisas, la vida fluye en armon\u00eda con las relaciones humanas: la conversaci\u00f3n en la esquina de la calle, el saludo a un desconocido y la pausa para \"conta um coza\" (contar algo) son expresiones de este modo de vida.<\/span><\/div><p data-sourcepos=\"21:1-21:552\"><span style=\"font-family: var( --e-global-typography-text-font-family ), Sans-serif; font-weight: var( --e-global-typography-text-font-weight ); text-align: var(--text-align); font-size: 1rem;\">\u00a0<\/span><\/p><h4><strong>4. Morabeza hoy<\/strong><\/h4><p data-start=\"3424\" data-end=\"3678\">Como cualquier sociedad, Cabo Verde tambi\u00e9n se enfrenta a cambios. La din\u00e1mica sociocultural, especialmente en las zonas urbanas, ha tra\u00eddo nuevos retos. La globalizaci\u00f3n y la creciente digitalizaci\u00f3n de los j\u00f3venes han alterado ciertos h\u00e1bitos y formas de interacci\u00f3n.<\/p><p data-start=\"3680\" data-end=\"3877\">Aun as\u00ed, la morabeza sigue latente. Incluso en plena modernizaci\u00f3n, la esencia de este esp\u00edritu acogedor permanece en la forma en que los caboverdianos se relacionan con los que llegan y les dan la bienvenida.<\/p><h4>\u00a0<\/h4><h4 style=\"font-family: Helvetica, sans-serif; color: #000000;\"><span style=\"font-weight: bolder;\">Conclusi\u00f3n<\/span><\/h4><p data-sourcepos=\"31:1-31:221\">La morabeza caboverdiana no es s\u00f3lo un atributo del pueblo, sino un verdadero patrimonio inmaterial. Es una forma de ser y estar en el mundo, una marca que distingue a Cabo Verde y se convierte en inolvidable para quienes la experimentan.<\/p><p data-sourcepos=\"33:1-33:122\">Morabeza es parte de lo que nos hace sentir caboverdianos por encima de todo y \u00a1no importa en qu\u00e9 parte del mundo estemos!<\/p><p data-sourcepos=\"35:1-35:295\">Si viene a Cabo Verde, no espere encontrar un para\u00edso virgen. Espere encontrarse con personas de carne y hueso, con sus problemas y alegr\u00edas, pero que llevan la morabeza -esa buena energ\u00eda- en el coraz\u00f3n. \u00c9sa es la magia de las islas: una invitaci\u00f3n a la conexi\u00f3n humana genuina, sin prisas y sin reservas.<\/p><p data-sourcepos=\"35:1-35:295\">\u00a0<\/p><h4><b>Extra: Significado de Morabeza Segundo <a href=\"https:\/\/www.facebook.com\/morabeza.turismo\/posts\/o-que-%C3%A9-a-morabeza\/1091760067534246\/\" rel=\"nofollow noopener\" target=\"_blank\">Visitantes<\/a><\/b><\/h4><p data-sourcepos=\"35:1-35:295\"><img decoding=\"async\" src=\"http:\/\/feelcaboverde.com\/wp-content\/uploads\/2025\/02\/Morabeza-2.png\" alt=\"Comentarios de turistas sobre la cultura de Morabeza en Cabo Verde\" width=\"500\" height=\"470\" \/> \u00a0<\/p><p data-sourcepos=\"35:1-35:295\"><img decoding=\"async\" src=\"http:\/\/feelcaboverde.com\/wp-content\/uploads\/2025\/02\/Morabeza-2.png\" alt=\"Comentarios de turistas sobre la cultura de Morabeza en Cabo Verde\" width=\"500\" height=\"470\" \/>\u00a0<\/p><p data-sourcepos=\"35:1-35:295\"><img decoding=\"async\" src=\"http:\/\/feelcaboverde.com\/wp-content\/uploads\/2025\/02\/Morabeza-2.png\" alt=\"Comentarios de turistas sobre la cultura de Morabeza en Cabo Verde\" width=\"500\" height=\"470\" \/><\/p>\t\t\t\t\t\t<\/div>\n\t\t\t\t<\/div>\n\t\t\t\t\t<\/div>\n\t\t<\/div>\n\t\t\t\t\t\t\t<\/div>\n\t\t<\/section>\n\t\t\t\t\t\t\t<\/div>","protected":false},"excerpt":{"rendered":"<p>Morabeza: el esp\u00edritu acogedor del pueblo caboverdiano 1. \u00bfQu\u00e9 es Morabeza? La palabra \"morabeza\" es un regionalismo caboverdiano derivado del criollo, que representa la amabilidad en el trato, el afecto espont\u00e1neo, la a\u00f1oranza de lo que a\u00fan no se ha ido, la cadencia tranquila y la sonrisa f\u00e1cil que caracterizan a los caboverdianos. Morabeza es mucho m\u00e1s [...]<\/p>","protected":false},"author":1,"featured_media":0,"parent":0,"menu_order":0,"comment_status":"closed","ping_status":"closed","template":"","meta":{"footnotes":""},"categories":[22],"tags":[],"class_list":["post-3352","page","type-page","status-publish","hentry","category-mundo-de-experiencias"],"_links":{"self":[{"href":"https:\/\/feelcaboverde.com\/es\/wp-json\/wp\/v2\/pages\/3352","targetHints":{"allow":["GET"]}}],"collection":[{"href":"https:\/\/feelcaboverde.com\/es\/wp-json\/wp\/v2\/pages"}],"about":[{"href":"https:\/\/feelcaboverde.com\/es\/wp-json\/wp\/v2\/types\/page"}],"author":[{"embeddable":true,"href":"https:\/\/feelcaboverde.com\/es\/wp-json\/wp\/v2\/users\/1"}],"replies":[{"embeddable":true,"href":"https:\/\/feelcaboverde.com\/es\/wp-json\/wp\/v2\/comments?post=3352"}],"version-history":[{"count":71,"href":"https:\/\/feelcaboverde.com\/es\/wp-json\/wp\/v2\/pages\/3352\/revisions"}],"predecessor-version":[{"id":5290,"href":"https:\/\/feelcaboverde.com\/es\/wp-json\/wp\/v2\/pages\/3352\/revisions\/5290"}],"wp:attachment":[{"href":"https:\/\/feelcaboverde.com\/es\/wp-json\/wp\/v2\/media?parent=3352"}],"wp:term":[{"taxonomy":"category","embeddable":true,"href":"https:\/\/feelcaboverde.com\/es\/wp-json\/wp\/v2\/categories?post=3352"},{"taxonomy":"post_tag","embeddable":true,"href":"https:\/\/feelcaboverde.com\/es\/wp-json\/wp\/v2\/tags?post=3352"}],"curies":[{"name":"wp","href":"https:\/\/api.w.org\/{rel}","templated":true}]}}