{"id":3208,"date":"2022-11-30T11:18:41","date_gmt":"2022-11-30T11:18:41","guid":{"rendered":"https:\/\/feelcaboverde.com\/?page_id=3208"},"modified":"2023-04-02T20:22:06","modified_gmt":"2023-04-02T20:22:06","slug":"praia-de-santa-maria-ilha-do-sal","status":"publish","type":"page","link":"https:\/\/feelcaboverde.com\/es\/playa-de-santa-maria-isla-de-sal\/","title":{"rendered":"Playa de Santa Mar\u00eda - Isla de Sal"},"content":{"rendered":"<div data-elementor-type=\"wp-page\" data-elementor-id=\"3208\" class=\"elementor elementor-3208\">\n\t\t\t\t\t\t\t\t\t<section data-particle_enable=\"false\" data-particle-mobile-disabled=\"false\" class=\"elementor-section elementor-top-section elementor-element elementor-element-7d82efc1 elementor-section-boxed elementor-section-height-default elementor-section-height-default\" data-id=\"7d82efc1\" data-element_type=\"section\">\n\t\t\t\t\t\t<div class=\"elementor-container elementor-column-gap-default\">\n\t\t\t\t\t<div class=\"elementor-column elementor-col-100 elementor-top-column elementor-element elementor-element-6e6df1f9\" data-id=\"6e6df1f9\" data-element_type=\"column\">\n\t\t\t<div class=\"elementor-widget-wrap elementor-element-populated\">\n\t\t\t\t\t\t\t\t<div class=\"elementor-element elementor-element-7a23810c elementor-widget elementor-widget-text-editor\" data-id=\"7a23810c\" data-element_type=\"widget\" data-widget_type=\"text-editor.default\">\n\t\t\t\t<div class=\"elementor-widget-container\">\n\t\t\t<style>\/*! elementor - v3.7.1 - 14-08-2022 *\/\n.elementor-widget-text-editor.elementor-drop-cap-view-stacked .elementor-drop-cap{background-color:#818a91;color:#fff}.elementor-widget-text-editor.elementor-drop-cap-view-framed .elementor-drop-cap{color:#818a91;border:3px solid;background-color:transparent}.elementor-widget-text-editor:not(.elementor-drop-cap-view-default) .elementor-drop-cap{margin-top:8px}.elementor-widget-text-editor:not(.elementor-drop-cap-view-default) .elementor-drop-cap-letter{width:1em;height:1em}.elementor-widget-text-editor .elementor-drop-cap{float:left;text-align:center;line-height:1;font-size:50px}.elementor-widget-text-editor .elementor-drop-cap-letter{display:inline-block}<\/style>\t\t\t\t<h3>Playa de Santa Mar\u00eda<\/h3>\n<p>La Praia de Santa Maria se encuentra en el sur de la isla de Sal, y se extiende unos 7 kil\u00f3metros a lo largo de la costa desde la ciudad de Santa Maria.<\/p>\n<p>Presume de un mar turquesa y esmeralda que invita a darse un largo chapuz\u00f3n. La arena blanca, larga y suavemente inclinada, es ba\u00f1ada por suaves olas.<\/p>\n<p>El mar de esta playa suele ser tranquilo y c\u00e1lido, por lo que es ideal tanto para nadadores aficionados como experimentados. Estos \u00faltimos apreciar\u00e1n las aguas cristalinas de Santa Mar\u00eda, que permiten ver con claridad la belleza del fondo marino.<\/p>\n<p>En esta playa tambi\u00e9n se encuentra el cl\u00e1sico Pont\u00e3o de Santa Maria, donde las risas de los ni\u00f1os que saltan al agua se mezclan con el frenes\u00ed de los barcos pesqueros que traen la caza fresca del d\u00eda para vender.<\/p>\n<figure id=\"attachment_2327\" aria-describedby=\"caption-attachment-2327\" style=\"width: 1200px\" class=\"wp-caption alignnone\"><img decoding=\"async\" class=\"wp-image-2327 size-full\" src=\"http:\/\/feelcaboverde.com\/wp-content\/uploads\/2022\/10\/Pontao-Santa-Maria-Ilha-do-Sal.png\" alt=\"Pont\u00e3o en la playa de Santa Maria, isla de Sal en Cabo Verde\" width=\"1200\" height=\"900\" srcset=\"https:\/\/feelcaboverde.com\/wp-content\/uploads\/2022\/10\/Pontao-Santa-Maria-Ilha-do-Sal.png 1200w, https:\/\/feelcaboverde.com\/wp-content\/uploads\/2022\/10\/Pontao-Santa-Maria-Ilha-do-Sal-300x225.png 300w, https:\/\/feelcaboverde.com\/wp-content\/uploads\/2022\/10\/Pontao-Santa-Maria-Ilha-do-Sal-1024x768.png 1024w, https:\/\/feelcaboverde.com\/wp-content\/uploads\/2022\/10\/Pontao-Santa-Maria-Ilha-do-Sal-768x576.png 768w\" sizes=\"(max-width: 1200px) 100vw, 1200px\" \/><figcaption id=\"caption-attachment-2327\" class=\"wp-caption-text\">Ponnt\u00e3o de Santa Maria, Isla de Sal - Cabo Verde<\/figcaption><\/figure>\n<p>La belleza de Praia de Santa Maria es ampliamente conocida, lo que la convierte en una de las playas m\u00e1s visitadas del pa\u00eds. Por esta raz\u00f3n, los visitantes encontrar\u00e1n una infraestructura bien establecida de hoteles, restaurantes y actividades de ocio, con algo para todos los gustos.<\/p>\n<p>Cuando visite Santa Mar\u00eda, deje que su cuerpo descanse en la c\u00e1lida arena de la playa y desconecte del estr\u00e9s con largos ba\u00f1os en el mar azul turquesa. Aproveche para apreciar las hermosas puestas de sol desde la playa mientras disfruta de un plato de marisco fresco.<\/p>\n<p>Praia de Santa Maria fue elegida una de las 7 Maravillas de Cabo Verde en la categor\u00eda de \"Playas costeras de arena blanca o negra\".<\/p>\t\t\t\t\t\t<\/div>\n\t\t\t\t<\/div>\n\t\t\t\t\t<\/div>\n\t\t<\/div>\n\t\t\t\t\t\t\t<\/div>\n\t\t<\/section>\n\t\t\t\t\t\t\t<\/div>","protected":false},"excerpt":{"rendered":"<p>Praia de Santa Maria La Praia de Santa Maria est\u00e1 situada en el sur de la isla de Sal, y se extiende unos 7 kil\u00f3metros a lo largo de la costa de la localidad de Santa Maria. Tiene un mar turquesa y esmeralda que invita a darse un largo chapuz\u00f3n. La arena blanca, larga y ligeramente inclinada, es ba\u00f1ada por suaves olas. El mar [...]<\/p>","protected":false},"author":1,"featured_media":0,"parent":0,"menu_order":0,"comment_status":"closed","ping_status":"closed","template":"","meta":{"footnotes":""},"categories":[21],"tags":[],"class_list":["post-3208","page","type-page","status-publish","hentry","category-7-maravilhas"],"_links":{"self":[{"href":"https:\/\/feelcaboverde.com\/es\/wp-json\/wp\/v2\/pages\/3208","targetHints":{"allow":["GET"]}}],"collection":[{"href":"https:\/\/feelcaboverde.com\/es\/wp-json\/wp\/v2\/pages"}],"about":[{"href":"https:\/\/feelcaboverde.com\/es\/wp-json\/wp\/v2\/types\/page"}],"author":[{"embeddable":true,"href":"https:\/\/feelcaboverde.com\/es\/wp-json\/wp\/v2\/users\/1"}],"replies":[{"embeddable":true,"href":"https:\/\/feelcaboverde.com\/es\/wp-json\/wp\/v2\/comments?post=3208"}],"version-history":[{"count":15,"href":"https:\/\/feelcaboverde.com\/es\/wp-json\/wp\/v2\/pages\/3208\/revisions"}],"predecessor-version":[{"id":4483,"href":"https:\/\/feelcaboverde.com\/es\/wp-json\/wp\/v2\/pages\/3208\/revisions\/4483"}],"wp:attachment":[{"href":"https:\/\/feelcaboverde.com\/es\/wp-json\/wp\/v2\/media?parent=3208"}],"wp:term":[{"taxonomy":"category","embeddable":true,"href":"https:\/\/feelcaboverde.com\/es\/wp-json\/wp\/v2\/categories?post=3208"},{"taxonomy":"post_tag","embeddable":true,"href":"https:\/\/feelcaboverde.com\/es\/wp-json\/wp\/v2\/tags?post=3208"}],"curies":[{"name":"wp","href":"https:\/\/api.w.org\/{rel}","templated":true}]}}