{"id":3163,"date":"2022-11-30T10:18:34","date_gmt":"2022-11-30T10:18:34","guid":{"rendered":"https:\/\/feelcaboverde.com\/?page_id=3163"},"modified":"2023-04-02T19:54:59","modified_gmt":"2023-04-02T19:54:59","slug":"monte-cara-ilha-de-sao-vicente","status":"publish","type":"page","link":"https:\/\/feelcaboverde.com\/es\/monte-cara-isla-de-sao-vicente\/","title":{"rendered":"Monte Cara - Isla de S\u00e3o Vicente"},"content":{"rendered":"<div data-elementor-type=\"wp-page\" data-elementor-id=\"3163\" class=\"elementor elementor-3163\">\n\t\t\t\t\t\t\t\t\t<section data-particle_enable=\"false\" data-particle-mobile-disabled=\"false\" class=\"elementor-section elementor-top-section elementor-element elementor-element-7d82efc1 elementor-section-boxed elementor-section-height-default elementor-section-height-default\" data-id=\"7d82efc1\" data-element_type=\"section\">\n\t\t\t\t\t\t<div class=\"elementor-container elementor-column-gap-default\">\n\t\t\t\t\t<div class=\"elementor-column elementor-col-100 elementor-top-column elementor-element elementor-element-6e6df1f9\" data-id=\"6e6df1f9\" data-element_type=\"column\">\n\t\t\t<div class=\"elementor-widget-wrap elementor-element-populated\">\n\t\t\t\t\t\t\t\t<div class=\"elementor-element elementor-element-7a23810c elementor-widget elementor-widget-text-editor\" data-id=\"7a23810c\" data-element_type=\"widget\" data-widget_type=\"text-editor.default\">\n\t\t\t\t<div class=\"elementor-widget-container\">\n\t\t\t<style>\/*! elementor - v3.7.1 - 14-08-2022 *\/\n.elementor-widget-text-editor.elementor-drop-cap-view-stacked .elementor-drop-cap{background-color:#818a91;color:#fff}.elementor-widget-text-editor.elementor-drop-cap-view-framed .elementor-drop-cap{color:#818a91;border:3px solid;background-color:transparent}.elementor-widget-text-editor:not(.elementor-drop-cap-view-default) .elementor-drop-cap{margin-top:8px}.elementor-widget-text-editor:not(.elementor-drop-cap-view-default) .elementor-drop-cap-letter{width:1em;height:1em}.elementor-widget-text-editor .elementor-drop-cap{float:left;text-align:center;line-height:1;font-size:50px}.elementor-widget-text-editor .elementor-drop-cap-letter{display:inline-block}<\/style>\t\t\t\t<p>Monte Cara es una formaci\u00f3n rocosa de 490 metros de altura situada al oeste de la hist\u00f3rica bah\u00eda de Porto Grande, frente a la capital, Mindelo.<\/p><p>Postal de la isla de S\u00e3o Vicente, el Monte Cara debe su nombre a la forma de un rostro humano mirando al cielo. Guardi\u00e1n de la ciudad de Mindelo, esta maravilla de la naturaleza ofrece una de las puestas de sol m\u00e1s espl\u00e9ndidas del pa\u00eds.<\/p><p><img decoding=\"async\" class=\"alignnone size-full wp-image-3164\" src=\"http:\/\/feelcaboverde.com\/wp-content\/uploads\/2022\/11\/01-1.png\" alt=\"\" width=\"1374\" height=\"559\" srcset=\"https:\/\/feelcaboverde.com\/wp-content\/uploads\/2022\/11\/01-1.png 1374w, https:\/\/feelcaboverde.com\/wp-content\/uploads\/2022\/11\/01-1-300x122.png 300w, https:\/\/feelcaboverde.com\/wp-content\/uploads\/2022\/11\/01-1-1024x417.png 1024w, https:\/\/feelcaboverde.com\/wp-content\/uploads\/2022\/11\/01-1-768x312.png 768w\" sizes=\"(max-width: 1374px) 100vw, 1374px\" \/><\/p><p>Monte Cara ocupa un lugar cautivo en el coraz\u00f3n de los habitantes de Mindelo, inspirando a poetas y artistas por igual. La eterna Ces\u00e1ria \u00c9vora ya cant\u00f3 sus alabanzas:<\/p><p style=\"text-align: center;\"><strong>\"Sr. Vincent<\/strong><\/p><p style=\"text-align: center;\"><strong>Se b\u00f4 tem um pilom pa cutchi midje<\/strong><\/p><p style=\"text-align: center;\"><strong>B\u00f4 has Monte Cara para namor\u00e1<\/strong><\/p><p style=\"text-align: center;\"><strong>B\u00f4 has Porto Grande pa maravilha\" *<\/strong><\/p><p>*Estrofe de la canci\u00f3n Monte Cara; compuesta por Toy Vieira, interpretada por Ces\u00e1ria \u00c9vora<\/p><p>El Monte Cara fue elegido una de las 7 Maravillas de Cabo Verde en la categor\u00eda \"Monta\u00f1as, cordilleras y acantilados, que incluyen monta\u00f1as, alineaciones monta\u00f1osas y macizos monta\u00f1osos del interior del territorio o de su costa\".<\/p>\t\t\t\t\t\t<\/div>\n\t\t\t\t<\/div>\n\t\t\t\t\t<\/div>\n\t\t<\/div>\n\t\t\t\t\t\t\t<\/div>\n\t\t<\/section>\n\t\t\t\t\t\t\t<\/div>","protected":false},"excerpt":{"rendered":"<p>El Monte Cara es una formaci\u00f3n rocosa de 490 metros de altura situada al oeste de la hist\u00f3rica bah\u00eda de Porto Grande, frente a la capital, Mindelo. Postal de la isla de S\u00e3o Vicente, el Monte Cara debe su nombre a la forma de un rostro humano mirando hacia el cielo. Guardi\u00e1n de la ciudad de Mindelo, esta maravilla [...]<\/p>","protected":false},"author":1,"featured_media":0,"parent":0,"menu_order":0,"comment_status":"closed","ping_status":"closed","template":"","meta":{"footnotes":""},"categories":[21],"tags":[],"class_list":["post-3163","page","type-page","status-publish","hentry","category-7-maravilhas"],"_links":{"self":[{"href":"https:\/\/feelcaboverde.com\/es\/wp-json\/wp\/v2\/pages\/3163","targetHints":{"allow":["GET"]}}],"collection":[{"href":"https:\/\/feelcaboverde.com\/es\/wp-json\/wp\/v2\/pages"}],"about":[{"href":"https:\/\/feelcaboverde.com\/es\/wp-json\/wp\/v2\/types\/page"}],"author":[{"embeddable":true,"href":"https:\/\/feelcaboverde.com\/es\/wp-json\/wp\/v2\/users\/1"}],"replies":[{"embeddable":true,"href":"https:\/\/feelcaboverde.com\/es\/wp-json\/wp\/v2\/comments?post=3163"}],"version-history":[{"count":7,"href":"https:\/\/feelcaboverde.com\/es\/wp-json\/wp\/v2\/pages\/3163\/revisions"}],"predecessor-version":[{"id":4448,"href":"https:\/\/feelcaboverde.com\/es\/wp-json\/wp\/v2\/pages\/3163\/revisions\/4448"}],"wp:attachment":[{"href":"https:\/\/feelcaboverde.com\/es\/wp-json\/wp\/v2\/media?parent=3163"}],"wp:term":[{"taxonomy":"category","embeddable":true,"href":"https:\/\/feelcaboverde.com\/es\/wp-json\/wp\/v2\/categories?post=3163"},{"taxonomy":"post_tag","embeddable":true,"href":"https:\/\/feelcaboverde.com\/es\/wp-json\/wp\/v2\/tags?post=3163"}],"curies":[{"name":"wp","href":"https:\/\/api.w.org\/{rel}","templated":true}]}}