{"id":244,"date":"2021-08-16T21:03:16","date_gmt":"2021-08-16T21:03:16","guid":{"rendered":"https:\/\/feelcaboverde.com\/?page_id=244"},"modified":"2025-02-15T17:25:27","modified_gmt":"2025-02-15T17:25:27","slug":"atividades-aquaticas","status":"publish","type":"page","link":"https:\/\/feelcaboverde.com\/es\/deportes-acuaticos-cabo-verde\/","title":{"rendered":"Actividades acu\u00e1ticas en Cabo Verde"},"content":{"rendered":"<div data-elementor-type=\"wp-page\" data-elementor-id=\"244\" class=\"elementor elementor-244\">\n\t\t\t\t\t\t\t\t\t<section data-particle_enable=\"false\" data-particle-mobile-disabled=\"false\" class=\"elementor-section elementor-top-section elementor-element elementor-element-6fd7d4c elementor-section-boxed elementor-section-height-default elementor-section-height-default\" data-id=\"6fd7d4c\" data-element_type=\"section\">\n\t\t\t\t\t\t<div class=\"elementor-container elementor-column-gap-default\">\n\t\t\t\t\t<div class=\"elementor-column elementor-col-100 elementor-top-column elementor-element elementor-element-c39d51c\" data-id=\"c39d51c\" data-element_type=\"column\">\n\t\t\t<div class=\"elementor-widget-wrap elementor-element-populated\">\n\t\t\t\t\t\t\t\t<div class=\"elementor-element elementor-element-92236e6 elementor-widget elementor-widget-text-editor\" data-id=\"92236e6\" data-element_type=\"widget\" data-widget_type=\"text-editor.default\">\n\t\t\t\t<div class=\"elementor-widget-container\">\n\t\t\t<style>\/*! elementor - v3.7.1 - 14-08-2022 *\/\n.elementor-widget-text-editor.elementor-drop-cap-view-stacked .elementor-drop-cap{background-color:#818a91;color:#fff}.elementor-widget-text-editor.elementor-drop-cap-view-framed .elementor-drop-cap{color:#818a91;border:3px solid;background-color:transparent}.elementor-widget-text-editor:not(.elementor-drop-cap-view-default) .elementor-drop-cap{margin-top:8px}.elementor-widget-text-editor:not(.elementor-drop-cap-view-default) .elementor-drop-cap-letter{width:1em;height:1em}.elementor-widget-text-editor .elementor-drop-cap{float:left;text-align:center;line-height:1;font-size:50px}.elementor-widget-text-editor .elementor-drop-cap-letter{display:inline-block}<\/style>\t\t\t\t<h3><strong>Actividades y deportes n\u00e1uticos en Cabo Verde: Gu\u00eda completa para divertirse en el agua<\/strong><\/h3><p>Cabo Verde, archipi\u00e9lago bendecido con aguas cristalinas, paisajes volc\u00e1nicos y un clima tropical todo el a\u00f1o, es un para\u00edso para los amantes de las actividades n\u00e1uticas y los deportes acu\u00e1ticos. Si busca turismo n\u00e1utico, aventura, relax o simplemente diversi\u00f3n en el agua, Cabo Verde tiene algo que ofrecer para todos los gustos y edades.<\/p><p>\u00a0<\/p><h4><strong>1. sumergirse en las profundidades del Atl\u00e1ntico<\/strong><\/h4><p>Las aguas que rodean el archipi\u00e9lago de Cabo Verde albergan una gran diversidad de vida marina, con ricos corales, peces ex\u00f3ticos e incluso la posibilidad de nadar con tortugas marinas. Bucear en Cabo Verde es una experiencia inolvidable, tanto para buceadores experimentados como para principiantes curiosos.<\/p><p><strong>Islas como <a href=\"https:\/\/feelcaboverde.com\/es\/sal\/\">Sal<\/a>, <a href=\"https:\/\/feelcaboverde.com\/es\/boavista\/\">Boa Vista<\/a> e <a href=\"https:\/\/feelcaboverde.com\/es\/sao-vicente\/\">S\u00e3o Vicente<\/a> ofrecen varios puntos de inmersi\u00f3n<\/strong>Hay distintos niveles de dificultad y profundidad. Si nunca has buceado, no te preocupes, hay servicios de buceo que ofrecen clases y equipos para principiantes.<\/p><p>\u00a0<\/p><h4><strong>2. Bucear en aguas cristalinas<\/strong><\/h4><p>Si prefiere explorar la vida marina sin adentrarse demasiado, el buceo con tubo es la actividad perfecta para usted. <strong>Las aguas tranquilas y transparentes de Cabo Verde son ideales para observar peces de colores, corales y otras criaturas marinas.<\/strong>.<\/p><p>Puede practicar snorkel en varias playas del archipi\u00e9lago, como Praia de Santa Maria en Sal, Praia de Chaves en Boa Vista, Praia de Bitche Rotxa en <a href=\"https:\/\/feelcaboverde.com\/es\/mayo\/\">Maio<\/a> y muchas otras. Traiga sus gafas y tubos de buceo o alqu\u00edlelos en los servicios locales (no todas las islas los ofrecen) y prep\u00e1rese para maravillarse con la belleza del mundo submarino.<\/p><h4>\u00a0<\/h4><h4><strong>3. Surfear las olas de viento de Cabo Verde<\/strong><\/h4><p>Cabo Verde es un destino cada vez m\u00e1s popular entre los surfistas, con <strong>olas perfectas para todos los niveles de experiencia<\/strong>. Si es un surfista experimentado, le encantar\u00e1n las desafiantes olas de Ponta Preta, en Sal, o Boca da Lapa (playa de arena) -isla de S\u00e3o Vicente-, donde se celebra el \"Open Sandy\", uno de los mayores eventos del circuito nacional de surf y bodyboard de Cabo Verde.<\/p><p>Si est\u00e1 empezando, en algunas islas hay escuelas de surf que ofrecen clases y alquiler de tablas.<\/p><p><strong>La mejor \u00e9poca para surfear en Cabo Verde es de octubre a marzo.<\/strong>Es entonces cuando las olas son m\u00e1s consistentes y el viento sopla con m\u00e1s fuerza. Pero no se preocupe, es posible encontrar buenas olas durante todo el a\u00f1o.<\/p><p>\u00a0<\/p><h4><strong>4. Windsurf y Kitesurf: Vientos aventureros<\/strong><\/h4><p>Cabo Verde es reconocido mundialmente como destino de windsurf y kitesurf, con vientos alisios constantes y condiciones ideales para la pr\u00e1ctica de estos deportes. <strong>Las islas de Sal y Boa Vista son para\u00edsos de la vela<\/strong>con playas como Ponta Preta, Kite Beach y Praia de Chaves que atraen a deportistas de todo el mundo.<\/p><p>Si quiere aprender a navegar, hay varias escuelas que ofrecen clases para todos los niveles, desde principiantes hasta navegantes experimentados. <strong>Alquilar material es f\u00e1cil en la isla de Sal y puedes elegir entre tablas, velas y cometas de diferentes tama\u00f1os.<\/strong>. En otras islas, inf\u00f3rmese antes de su visita de si alquilan material in situ.<\/p><p data-start=\"0\" data-end=\"202\">El mejor momento para practicar <strong data-start=\"29\" data-end=\"41\">windsurf<\/strong> e <strong data-start=\"44\" data-end=\"56\">kitesurf<\/strong> en Cabo Verde oscila entre <strong data-start=\"78\" data-end=\"97\">De noviembre a marzo<\/strong>cuando los alisios son m\u00e1s fuertes y constantes\u00a0<span style=\"font-family: var( --e-global-typography-text-font-family ), Sans-serif; font-weight: var( --e-global-typography-text-font-weight ); text-align: var(--text-align); font-size: 1rem;\">creando las condiciones perfectas para maniobras radicales.<\/span><\/p><p data-start=\"0\" data-end=\"202\"><span style=\"font-family: var( --e-global-typography-text-font-family ), Sans-serif; font-weight: var( --e-global-typography-text-font-weight ); text-align: var(--text-align); font-size: 1rem;\">\u00a0<\/span><\/p><h4><span style=\"font-weight: bold; text-align: var(--text-align); font-size: 1.5rem;\">5. Stand-Up\u00a0<\/span><span style=\"font-size: 24px; font-weight: bold; font-family: var( --e-global-typography-text-font-family ), Sans-serif; text-align: var(--text-align);\">P\u00e1del<\/span><b style=\"color: inherit; font-family: inherit; text-align: var(--text-align); font-size: 1.5rem;\">: Flotando en azul<\/b><\/h4><div><span style=\"color: inherit; font-family: var( --e-global-typography-text-font-family ), Sans-serif; text-align: var(--text-align); font-weight: var( --e-global-typography-text-font-weight ); font-size: 1rem;\">El surf de remo es una actividad relajante y divertida que permite explorar los paisajes costeros de Cabo Verde desde una nueva perspectiva. <\/span><strong style=\"color: inherit; font-family: var( --e-global-typography-text-font-family ), Sans-serif; text-align: var(--text-align); font-size: 1rem;\">Remar erguido sobre una tabla, con el azul del mar como tel\u00f3n de fondo, es una experiencia \u00fanica<\/strong><span style=\"color: inherit; font-family: var( --e-global-typography-text-font-family ), Sans-serif; text-align: var(--text-align); font-weight: var( --e-global-typography-text-font-weight ); font-size: 1rem;\">.<\/span><\/div><p>Puede practicar stand-up paddle en varias de las tranquilas playas del archipi\u00e9lago, como la Praia de Santa Maria en Sal, la Praia de Chaves en Boa Vista o la Praia de S\u00e3o Francisco en Santiago. <strong>Alquile una tabla y un remo y prep\u00e1rese para dejarse hechizar por la belleza de la costa caboverdiana.<\/strong>.<\/p><p>\u00a0<\/p><h4><strong>6. Pesca tradicional: la cultura viva de Cabo Verde<\/strong><\/h4><p>Cabo Verde ofrece muchas opciones para los aficionados a la pesca, desde la pesca con arp\u00f3n en alta mar hasta la pesca tradicional desde peque\u00f1as embarcaciones. <strong>Lugares como Tarrafal de Monte Trigo, con su historia pesquera y sus largas playas de arena negra, son ideales para quienes buscan una experiencia aut\u00e9ntica<\/strong>.<\/p><p>Podr\u00e1 capturar diversas especies de peces, como at\u00fan, mero, pez espada, pez sierra, dorado y muchos otros.<\/p><h4><strong>\u00a0<\/strong><\/h4><h4><strong>7. Ba\u00f1arse en piscinas naturales: una inmersi\u00f3n en la belleza natural<\/strong><\/h4><p>Las piscinas naturales de Cabo Verde invitan a relajarse y contemplar la naturaleza. <strong>Juncalinho en <a href=\"https:\/\/feelcaboverde.com\/es\/sao-nicolau\/\">S\u00e3o Nicolau<\/a>las piscinas de Faj\u00e3 d'\u00c1gua en el <a href=\"https:\/\/feelcaboverde.com\/es\/brava\/\">Brava<\/a>Salina, en la isla de <a href=\"https:\/\/feelcaboverde.com\/es\/fuego\/\">Fogo<\/a> y la Piscina Natural de Cuba, isla de <a href=\"https:\/\/feelcaboverde.com\/es\/santiago\/\">Santiago<\/a> son ejemplos de lugares donde ba\u00f1arse en aguas tranquilas<\/strong>rodeado de exuberantes paisajes.<\/p><p>Aproveche para relajarse, nadar y hacer fotos incre\u00edbles en estos para\u00edsos naturales. <strong>Traiga su traje de ba\u00f1o, crema solar y una c\u00e1mara resistente al agua<\/strong> para grabar momentos inolvidables.<\/p><p>\u00a0<\/p><h4><strong>8. Avistamiento de ballenas: Un encuentro con criaturas majestuosas<\/strong><\/h4><p>Cabo Verde es un punto de tr\u00e1nsito para las ballenas jorobadas durante su migraci\u00f3n anual. <strong>De febrero a mayo, es posible avistar ballenas marinas en varias islas de Cabo Verde.<\/strong>.<\/p><p>Las empresas tur\u00edsticas ofrecen excursiones en barco para avistar ballenas, con gu\u00edas expertos que informan sobre el comportamiento y la biolog\u00eda de estos gigantes. <strong>Prep\u00e1rese para emocionarse con la belleza y grandeza de las ballenas jorobadas<\/strong>.<\/p><p>\u00a0<\/p><h4><strong>9. Observaci\u00f3n y encuentros con tiburones: una aventura emocionante<\/strong><\/h4><p>Si es valiente y le gustan las emociones fuertes, puede aventurarse en una excursi\u00f3n con tiburones en la Bah\u00eda de los Tiburones de Sal. <strong>Una experiencia \u00fanica y emocionante en la que podr\u00e1 nadar con tiburones lim\u00f3n en su h\u00e1bitat natural.<\/strong>. Esta especie <b>no es<\/b><strong> considerado un depredador de humanos<\/strong>. Aunque son animales salvajes y capaces de morder, por lo general no suponen una amenaza para las personas.<\/p><p>La actividad se realiza bajo la supervisi\u00f3n de gu\u00edas locales que garantizan su protecci\u00f3n y la de los animales. <strong>Prep\u00e1rate para sentir la adrenalina correr por tus venas cuando te encuentres cara a cara con estas hermosas criaturas.<\/strong>.<\/p><p>\u00a0<\/p><h4><strong>10. Bucear con tortugas: un encuentro inolvidable<\/strong><\/h4><p>Praia de S\u00e3o Pedro, en <a href=\"https:\/\/feelcaboverde.com\/es\/sao-vicente\/\">S\u00e3o Vicente<\/a>es uno de los mejores lugares para practicar snorkel con tortugas marinas en Cabo Verde. <strong>Estos d\u00f3ciles y curiosos animales se acercan a los buceadores, proporcion\u00e1ndoles un encuentro m\u00e1gico e inolvidable<\/strong>.<\/p><p>Adem\u00e1s de bucear con las tortugas, <strong>puede aprovechar para relajarse en la Praia de S\u00e3o Pedro y admirar una de las puestas de sol m\u00e1s bellas del archipi\u00e9lago <\/strong>mientras come unas rodajas de nuestra cl\u00e1sica morena frita.\u00a0<\/p><p>\u00a0<\/p><h4><strong>11. Ba\u00f1arse en las Salinas de Pedra de Lume: una experiencia hist\u00f3rica y relajante<\/strong><\/h4><p>En <a href=\"https:\/\/feelcaboverde.com\/es\/salinas-de-pedra-de-lume-isla-de-sal\/\">Salinas de Pedra de Lume<\/a>en Sal, son un lugar \u00fanico en Cabo Verde, donde podr\u00e1 ba\u00f1arse en aguas saladas de gran densidad que no dejar\u00e1n que su cuerpo se hunda. <strong>Adem\u00e1s de relajarte y divertirte, podr\u00e1s conocer un poco la historia del comercio de la sal en el archipi\u00e9lago<\/strong>.<\/p><p>Las Salinas de Pedra de Lume est\u00e1n consideradas una de las <a href=\"https:\/\/feelcaboverde.com\/es\/\">7 Maravillas de Cabo Verde<\/a> e <strong>A sus aguas se les atribuyen propiedades medicinales<\/strong>. Traiga su ba\u00f1ador, crema solar y prep\u00e1rese para una experiencia relajante y culturalmente rica.<\/p><p>\u00a0<\/p><h4><strong>12. Excursiones en barco por Tarrafal de Santiago: cuevas y paisajes impresionantes<\/strong><\/h4><p>Si te gusta la aventura y los paisajes exuberantes, no puedes perderte los paseos en barco por Tarrafal de Santiago. <strong>Durante el recorrido, tendr\u00e1 la oportunidad de visitar cuevas marinas, playas desiertas e impresionantes formaciones rocosas<\/strong>.<\/p><p>Es una forma estupenda de explorar la costa de Santiago y ver lugares a los que no se puede acceder por tierra. <strong>Las empresas tur\u00edsticas locales ofrecen excursiones en barco de distinta duraci\u00f3n y recorrido<\/strong>.<\/p><p>\u00a0<\/p><h4><strong>13. Kayak y pirag\u00fcismo: Remar en armon\u00eda con la naturaleza<\/strong><\/h4><p>El kayak es una actividad f\u00edsica y relajante que permite explorar la costa de Cabo Verde de una forma diferente. <strong>Remar en kayak en compa\u00f1\u00eda del mar es una experiencia estimulante e inspiradora.<\/strong>.<\/p><p>Puede alquilar kayaks en varias playas de Sal y Boavista y explorar calas escondidas, cuevas marinas y paisajes exuberantes. <strong>Es una forma estupenda de conectar con la naturaleza y disfrutar de la belleza de la costa caboverdiana.<\/strong>. Para otras islas, consulte con su proveedor de viajes la posibilidad de alquilar equipos.<\/p><p>\u00a0<\/p><h3><b>Qu\u00e9 llevar para las actividades acu\u00e1ticas en Cabo Verde<\/b><\/h3><p data-sourcepos=\"3:1-3:173\">Para aprovechar al m\u00e1ximo las actividades acu\u00e1ticas en Cabo Verde, es importante estar <strong>preparado con lo esencial<\/strong>. Tenemos un art\u00edculo que detalla lo que debe <a href=\"https:\/\/feelcaboverde.com\/es\/que-llevar-para-las-vacaciones-en-cabo-verde\/\">vacaciones en Cabo Verde<\/a>. Aqu\u00ed tienes una lista de lo que no debes olvidar para las actividades acu\u00e1ticas:<\/p><h4 data-sourcepos=\"5:1-5:18\">\u00a0<\/h4><h4 data-sourcepos=\"5:1-5:18\"><strong>Imprescindible<\/strong><\/h4><ul data-sourcepos=\"7:1-13:0\"><li data-sourcepos=\"7:1-7:66\"><strong>Ba\u00f1adores<\/strong>Imprescindible para cualquier actividad en el agua.<\/li><li data-sourcepos=\"8:1-8:116\"><strong>Protector solar<\/strong>El sol en Cabo Verde es fuerte, as\u00ed que prot\u00e9jase la piel con un protector solar de factor alto.<\/li><li data-sourcepos=\"9:1-9:54\"><strong>Sombrero o gorra<\/strong>Para proteger la cabeza del sol.<\/li><li data-sourcepos=\"10:1-10:74\"><strong>Gafas de sol<\/strong>Para proteger los ojos del sol y del reflejo del agua.<\/li><li data-sourcepos=\"11:1-11:49\"><strong>Toallas<\/strong>Para secarse despu\u00e9s de las actividades.<\/li><li data-sourcepos=\"12:1-13:0\"><strong>Botella de agua<\/strong>Para mantenerse hidratado durante las actividades.<\/li><\/ul><h4 data-sourcepos=\"14:1-14:13\">\u00a0<\/h4><h4 data-sourcepos=\"14:1-14:13\"><strong>Opcional<\/strong><\/h4><ul data-sourcepos=\"16:1-21:0\"><li data-sourcepos=\"16:1-16:105\"><strong>Camisa de manga larga<\/strong>Para protegerse del sol, especialmente durante las actividades m\u00e1s prolongadas.<\/li><li data-sourcepos=\"17:1-17:125\"><strong>Calzado adecuado<\/strong>Para los paseos a playas o piscinas naturales, elija calzado c\u00f3modo y antideslizante.<\/li><li data-sourcepos=\"18:1-18:136\"><strong>Equipo de buceo<\/strong>Si tienes tus propias gafas, tubo y aletas, puedes llev\u00e1rtelos para ahorrarte el alquiler.<\/li><li data-sourcepos=\"19:1-19:71\"><strong>C\u00e1mara estanca<\/strong>Para grabar tus aventuras acu\u00e1ticas.<\/li><li data-sourcepos=\"20:1-21:0\"><strong>Repelente<\/strong>Para protegerse de los mosquitos, sobre todo al atardecer.<\/li><\/ul><h4 data-sourcepos=\"22:1-22:16\">\u00a0<\/h4><h4 data-sourcepos=\"22:1-22:16\"><strong>Consejos adicionales<\/strong><\/h4><ul data-sourcepos=\"24:1-27:0\"><li data-sourcepos=\"24:1-24:157\"><strong>Alquiler de material<\/strong>Si no quiere llevar su propio equipo, es posible alquilarlo en algunas tiendas y escuelas de buceo de las islas m\u00e1s tur\u00edsticas, como Sal y Boavista, pero muchas playas, sobre todo en las islas menos tur\u00edsticas, no dispondr\u00e1n de estos servicios. Compru\u00e9belo a la hora de planificar.<\/li><li data-sourcepos=\"25:1-25:111\"><strong>Respeto de la naturaleza<\/strong>Cuando practiques actividades acu\u00e1ticas, recuerda respetar la vida marina y el medio ambiente. No toques el coral, no tires basura al mar. Si vas de pesca, respeta las normas locales: no pesques especies protegidas ni fuera de la talla permitida.<\/li><li><strong>Respetar los h\u00e1bitats naturales<\/strong>Tanto en piscinas naturales como en cuevas, evite dejar marcas, quitar piedras o modificar el entorno.<\/li><li><strong>Reducir el uso de pl\u00e1sticos de un solo uso:<\/strong> Traiga su propia botella reutilizable y evite el uso excesivo de envases de pl\u00e1stico.<\/li><\/ul><p data-sourcepos=\"28:1-28:144\">\u00a0<\/p><p data-sourcepos=\"28:1-28:144\">Con estos art\u00edculos esenciales y <a href=\"https:\/\/feelcaboverde.com\/es\/que-llevar-para-las-vacaciones-en-cabo-verde\/\">algunas opciones<\/a>estar\u00e1 listo para divertirse y aprovechar al m\u00e1ximo las actividades acu\u00e1ticas en <a href=\"https:\/\/feelcaboverde.com\/es\/cabo-verde\/\">Cabo Verde<\/a>!<\/p>\t\t\t\t\t\t<\/div>\n\t\t\t\t<\/div>\n\t\t\t\t\t<\/div>\n\t\t<\/div>\n\t\t\t\t\t\t\t<\/div>\n\t\t<\/section>\n\t\t\t\t\t\t\t<\/div>","protected":false},"excerpt":{"rendered":"<p>Atividades e Desportos Aqu\u00e1ticos em Cabo Verde: Guia Completo para se Divertir na \u00c1gua Cabo Verde, um arquip\u00e9lago aben\u00e7oado com \u00e1guas cristalinas, paisagens vulc\u00e2nicas e um clima tropical durante todo o ano, \u00e9 um para\u00edso para os amantes de atividades aqu\u00e1ticas e desportos n\u00e1uticos. Se voc\u00ea est\u00e1 em busca de turismo n\u00e1utico, aventura, relaxamento ou [&hellip;]<\/p>","protected":false},"author":1,"featured_media":0,"parent":0,"menu_order":0,"comment_status":"closed","ping_status":"closed","template":"","meta":{"footnotes":""},"categories":[],"tags":[],"class_list":["post-244","page","type-page","status-publish","hentry"],"_links":{"self":[{"href":"https:\/\/feelcaboverde.com\/es\/wp-json\/wp\/v2\/pages\/244","targetHints":{"allow":["GET"]}}],"collection":[{"href":"https:\/\/feelcaboverde.com\/es\/wp-json\/wp\/v2\/pages"}],"about":[{"href":"https:\/\/feelcaboverde.com\/es\/wp-json\/wp\/v2\/types\/page"}],"author":[{"embeddable":true,"href":"https:\/\/feelcaboverde.com\/es\/wp-json\/wp\/v2\/users\/1"}],"replies":[{"embeddable":true,"href":"https:\/\/feelcaboverde.com\/es\/wp-json\/wp\/v2\/comments?post=244"}],"version-history":[{"count":49,"href":"https:\/\/feelcaboverde.com\/es\/wp-json\/wp\/v2\/pages\/244\/revisions"}],"predecessor-version":[{"id":5271,"href":"https:\/\/feelcaboverde.com\/es\/wp-json\/wp\/v2\/pages\/244\/revisions\/5271"}],"wp:attachment":[{"href":"https:\/\/feelcaboverde.com\/es\/wp-json\/wp\/v2\/media?parent=244"}],"wp:term":[{"taxonomy":"category","embeddable":true,"href":"https:\/\/feelcaboverde.com\/es\/wp-json\/wp\/v2\/categories?post=244"},{"taxonomy":"post_tag","embeddable":true,"href":"https:\/\/feelcaboverde.com\/es\/wp-json\/wp\/v2\/tags?post=244"}],"curies":[{"name":"wp","href":"https:\/\/api.w.org\/{rel}","templated":true}]}}