{"id":2081,"date":"2022-09-29T15:46:12","date_gmt":"2022-09-29T15:46:12","guid":{"rendered":"https:\/\/feelcaboverde.com\/?page_id=2081"},"modified":"2023-04-04T00:50:58","modified_gmt":"2023-04-04T00:50:58","slug":"voos-para-cabo-verde","status":"publish","type":"page","link":"https:\/\/feelcaboverde.com\/es\/vuelos-a-cabo-verde\/","title":{"rendered":"Vuelos a Cabo Verde"},"content":{"rendered":"<div data-elementor-type=\"wp-page\" data-elementor-id=\"2081\" class=\"elementor elementor-2081\">\n\t\t\t\t\t\t\t<div class=\"elementor-element elementor-element-7a76645 e-container--row e-container\" data-id=\"7a76645\" data-element_type=\"container\">\t\t\t\t<div class=\"elementor-element elementor-element-284c0c7 elementor-widget elementor-widget-text-editor\" data-id=\"284c0c7\" data-element_type=\"widget\" data-widget_type=\"text-editor.default\">\n\t\t\t\t<div class=\"elementor-widget-container\">\n\t\t\t<style>\/*! elementor - v3.7.1 - 14-08-2022 *\/\n.elementor-widget-text-editor.elementor-drop-cap-view-stacked .elementor-drop-cap{background-color:#818a91;color:#fff}.elementor-widget-text-editor.elementor-drop-cap-view-framed .elementor-drop-cap{color:#818a91;border:3px solid;background-color:transparent}.elementor-widget-text-editor:not(.elementor-drop-cap-view-default) .elementor-drop-cap{margin-top:8px}.elementor-widget-text-editor:not(.elementor-drop-cap-view-default) .elementor-drop-cap-letter{width:1em;height:1em}.elementor-widget-text-editor .elementor-drop-cap{float:left;text-align:center;line-height:1;font-size:50px}.elementor-widget-text-editor .elementor-drop-cap-letter{display:inline-block}<\/style>\t\t\t\t<h3><span style=\"font-weight: 400;\">Aeropuertos internacionales de Cabo Verde<\/span><\/h3><p><span style=\"font-weight: 400;\">Cabo Verde tiene <\/span><b>cuatro aeropuertos internacionales<\/b><span style=\"font-weight: 400;\"> a trav\u00e9s de la cual puede entrar en el pa\u00eds:<\/span><\/p>\n<ul>\n<li style=\"font-weight: 400;\" aria-level=\"1\"><span style=\"font-weight: 400;\">Aeropuerto Internacional Nelson Mandela (RAI) de Santiago<\/span><\/li>\n<li style=\"font-weight: 400;\" aria-level=\"1\"><span style=\"font-weight: 400;\">Aeropuerto Internacional Ces\u00e1ria \u00c9vora ((VXE), en S\u00e3o Vicente<\/span><\/li>\n<li style=\"font-weight: 400;\" aria-level=\"1\"><span style=\"font-weight: 400;\">Aeropuerto Internacional Am\u00edlcar Cabral (SID), en la isla de Sal<\/span><\/li>\n<li style=\"font-weight: 400;\" aria-level=\"1\"><span style=\"font-weight: 400;\">Aeropuerto Internacional Ar\u00edstides Pereira (BVC), en la isla de Boavista&nbsp;<\/span><\/li>\n<\/ul>\n<p><span style=\"font-weight: 400;\">Varias compa\u00f1\u00edas a\u00e9reas, incluidas algunas de bajo coste, operan vuelos a Cabo Verde. Algunas rutas operan todo el a\u00f1o y otras de forma estacional. Debido a la pandemia de COVID-19, algunas rutas est\u00e1n actualmente suspendidas<\/span><\/p>\n<h3><span style=\"font-weight: 400;\"><br><\/span><\/h3><h3><span style=\"font-weight: 400;\">Vuelos a Cabo Verde<\/span><\/h3><p><span style=\"font-weight: 400;\">El principal <\/span><b>aerol\u00edneas que operan vuelos a Cabo Verde<\/b><span style=\"font-weight: 400;\"> son:<\/span><\/p>\n<ul>\n<li style=\"font-weight: 400;\" aria-level=\"1\"><a href=\"https:\/\/caboverdeairlines.com\" target=\"_blank\" rel=\"noopener nofollow\"><span style=\"font-weight: 400;\">Cabo Verde Airlines<\/span><\/a><span style=\"font-weight: 400;\"> (Cabo Verde)<\/span><\/li>\n<li style=\"font-weight: 400;\" aria-level=\"1\"><a href=\"http:\/\/www.flytap.com\/\" target=\"_blank\" rel=\"noopener nofollow\"><span style=\"font-weight: 400;\">TAP<\/span><\/a><span style=\"font-weight: 400;\"> (Portugal)<\/span><\/li>\n<li style=\"font-weight: 400;\" aria-level=\"1\"><a href=\"http:\/\/www.royalairmaroc.com\/\" target=\"_blank\" rel=\"noopener nofollow\"><span style=\"font-weight: 400;\">Royal Air Maroc<\/span><\/a><span style=\"font-weight: 400;\"> (Marruecos)<\/span><\/li>\n<li style=\"font-weight: 400;\" aria-level=\"1\"><a href=\"http:\/\/www.tuifly.com\/\" target=\"_blank\" rel=\"noopener nofollow\"><span style=\"font-weight: 400;\">Tui Fly<\/span><\/a><span style=\"font-weight: 400;\"> (Pa\u00edses Bajos y Alemania)<\/span><\/li>\n<li style=\"font-weight: 400;\" aria-level=\"1\"><a href=\"https:\/\/www.tui.co.uk\/flight\/\" target=\"_blank\" rel=\"noopener nofollow\"><span style=\"font-weight: 400;\">TUI<\/span><\/a><span style=\"font-weight: 400;\"> (Reino Unido, Suecia, B\u00e9lgica)&nbsp;<\/span><\/li>\n<li style=\"font-weight: 400;\" aria-level=\"1\"><a href=\"http:\/\/www.bintercanarias.com\/\" target=\"_blank\" rel=\"noopener nofollow\"><span style=\"font-weight: 400;\">Binter Canarias<\/span><\/a><span style=\"font-weight: 400;\"> (Islas Canarias)<\/span><\/li>\n<li style=\"font-weight: 400;\" aria-level=\"1\"><a href=\"http:\/\/www.neosair.it\/\" target=\"_blank\" rel=\"noopener nofollow\"><span style=\"font-weight: 400;\">Neos Air<\/span><\/a> <span style=\"font-weight: 400;\">(Italia)<\/span><\/li>\n<li style=\"font-weight: 400;\" aria-level=\"1\"><a href=\"http:\/\/www.thomson.co.uk\/flight\/\" target=\"_blank\" rel=\"noopener nofollow\"><span style=\"font-weight: 400;\">Thomson Airways<\/span><\/a><span style=\"font-weight: 400;\"> (Reino Unido)<\/span><\/li>\n<li style=\"font-weight: 400;\" aria-level=\"1\"><a href=\"http:\/\/www.luxair.lu\/\" target=\"_blank\" rel=\"noopener nofollow\"><span style=\"font-weight: 400;\">Luxair<\/span><\/a><span style=\"font-weight: 400;\"> (Luxemburgo)<\/span><\/li>\n<li style=\"font-weight: 400;\" aria-level=\"1\"><a href=\"http:\/\/flyairsenegal.com\" target=\"_blank\" rel=\"noopener nofollow\"><span style=\"font-weight: 400;\">Air Senegal<\/span><\/a><span style=\"font-weight: 400;\"> (Senegal)<\/span><\/li>\n<li style=\"font-weight: 400;\" aria-level=\"1\"><a href=\"https:\/\/groupetransair.sn\/\" rel=\"nofollow noopener\" target=\"_blank\"><span style=\"font-weight: 400;\">Grupo Transair S.A<\/span><\/a><span style=\"font-weight: 400;\"> (Senegal)<\/span><\/li>\n<li style=\"font-weight: 400;\" aria-level=\"1\"><a href=\"https:\/\/www.flyasky.com\/\" target=\"_blank\" rel=\"noopener nofollow\"><span style=\"font-weight: 400;\">Aerol\u00ednea Asky<\/span><\/a><span style=\"font-weight: 400;\"><a href=\"\/es\/_wp_link_placeholder\/\">s<\/a> (Panafricano)<\/span><\/li>\n<\/ul>\n<p><span style=\"font-weight: 400;\">Para conocer los mejores vuelos desde y hacia Cabo Verde, consulte la p\u00e1gina <\/span><a href=\"http:\/\/www.skyscanner.net\" target=\"_blank\" rel=\"noopener nofollow\"><span style=\"font-weight: 400;\">Skyscanner <\/span><\/a><span style=\"font-weight: 400;\">o el <\/span><a href=\"http:\/\/www.expedia.com\" target=\"_blank\" rel=\"noopener nofollow\"><span style=\"font-weight: 400;\">Expedia<\/span><\/a><span style=\"font-weight: 400;\">.<\/span><\/p>\n<p><span style=\"font-weight: 400;\">Adem\u00e1s de los cuatro aeropuertos internacionales, Cabo Verde cuenta con<\/span><b> tres aer\u00f3dromos nacionales<\/b><span style=\"font-weight: 400;\"> activo, destinado \u00fanicamente a vuelos nacionales.&nbsp;<\/span><\/p>\n<ul>\n<li style=\"font-weight: 400;\" aria-level=\"1\"><span style=\"font-weight: 400;\">Aer\u00f3dromo de S\u00e3o Filipe (SFL), Isla de Fogo<\/span><\/li>\n<li style=\"font-weight: 400;\" aria-level=\"1\"><span style=\"font-weight: 400;\">Aer\u00f3dromo de Maio (MMO), Isla de Maio<\/span><\/li>\n<li style=\"font-weight: 400;\" aria-level=\"1\"><span style=\"font-weight: 400;\">Aer\u00f3dromo de Pregui\u00e7a (SNE), Isla de S\u00e3o Nicolau<\/span><\/li>\n<\/ul>\n<p><span style=\"font-weight: 400;\">Los vuelos entre las islas de Cabo Verde son operados actualmente por la compa\u00f1\u00eda<\/span><a href=\"http:\/\/bestflycaboverde.com\" target=\"_blank\" rel=\"noopener nofollow\"><span style=\"font-weight: 400;\"> Best Fly Cabo Verde<\/span><\/a><span style=\"font-weight: 400;\">.&nbsp;<\/span><\/p>\n<p><span style=\"font-weight: 400;\">Para obtener informaci\u00f3n detallada sobre los viajes entre las islas de Cabo Verde, itinerarios y precios, consulte la p\u00e1gina <\/span><span style=\"font-weight: 400;\">art\u00edculo <\/span><span style=\"font-weight: 400;\">C\u00f3mo moverse por Cabo Verde<\/span><span style=\"font-weight: 400;\">.&nbsp;<\/span><\/p>\t\t\t\t\t\t<\/div>\n\t\t\t\t<\/div>\n\t\t<\/div><div class=\"elementor-element elementor-element-08094e7 elementor-hidden-desktop elementor-hidden-tablet elementor-hidden-mobile e-container--row e-container\" data-id=\"08094e7\" data-element_type=\"container\">\t\t<div class=\"elementor-element elementor-element-09071ca e-container--column e-container\" data-id=\"09071ca\" data-element_type=\"container\" data-settings=\"{&quot;background_background&quot;:&quot;classic&quot;}\">\t\t\t\t<div class=\"elementor-element elementor-element-1873583 elementor-view-framed elementor-shape-circle elementor-mobile-position-top elementor-vertical-align-top elementor-widget elementor-widget-icon-box\" data-id=\"1873583\" data-element_type=\"widget\" data-widget_type=\"icon-box.default\">\n\t\t\t\t<div class=\"elementor-widget-container\">\n\t\t\t<link rel=\"stylesheet\" href=\"https:\/\/feelcaboverde.com\/wp-content\/plugins\/elementor\/assets\/css\/widget-icon-box.min.css\">\t\t<div class=\"elementor-icon-box-wrapper\">\n\t\t\t\t\t\t<div class=\"elementor-icon-box-icon\">\n\t\t\t\t<a class=\"elementor-icon elementor-animation-\" href=\"https:\/\/feelcaboverde.com\/es\/historia\/\">\n\t\t\t\t<svg aria-hidden=\"true\" class=\"e-font-icon-svg e-fas-luggage-cart\"><use xlink:href=\"#fas-luggage-cart\" \/><\/svg>\t\t\t\t<\/a>\n\t\t\t<\/div>\n\t\t\t\t\t\t<div class=\"elementor-icon-box-content\">\n\t\t\t\t<h3 class=\"elementor-icon-box-title\">\n\t\t\t\t\t<a href=\"https:\/\/feelcaboverde.com\/es\/historia\/\">\n\t\t\t\t\t\tLuxair \t\t\t\t\t<\/a>\n\t\t\t\t<\/h3>\n\t\t\t\t\t\t\t\t\t<p class=\"elementor-icon-box-description\">\n\t\t\t\t\t\tLuxemburgo\t\t\t\t\t<\/p>\n\t\t\t\t\t\t\t<\/div>\n\t\t<\/div>\n\t\t\t\t<\/div>\n\t\t\t\t<\/div>\n\t\t<\/div><div class=\"elementor-element elementor-element-ec3b1df e-container--column e-container\" data-id=\"ec3b1df\" data-element_type=\"container\" data-settings=\"{&quot;background_background&quot;:&quot;classic&quot;}\">\t\t\t\t<div class=\"elementor-element elementor-element-f267320 elementor-view-framed elementor-shape-circle elementor-mobile-position-top elementor-vertical-align-top elementor-widget elementor-widget-icon-box\" data-id=\"f267320\" data-element_type=\"widget\" data-widget_type=\"icon-box.default\">\n\t\t\t\t<div class=\"elementor-widget-container\">\n\t\t\t\t\t<div class=\"elementor-icon-box-wrapper\">\n\t\t\t\t\t\t<div class=\"elementor-icon-box-icon\">\n\t\t\t\t<a class=\"elementor-icon elementor-animation-\" href=\"https:\/\/feelcaboverde.com\/es\/historia\/\">\n\t\t\t\t<svg aria-hidden=\"true\" class=\"e-font-icon-svg e-fas-luggage-cart\"><use xlink:href=\"#fas-luggage-cart\" \/><\/svg>\t\t\t\t<\/a>\n\t\t\t<\/div>\n\t\t\t\t\t\t<div class=\"elementor-icon-box-content\">\n\t\t\t\t<h3 class=\"elementor-icon-box-title\">\n\t\t\t\t\t<a href=\"https:\/\/feelcaboverde.com\/es\/historia\/\">\n\t\t\t\t\t\tAir Senegal \t\t\t\t\t<\/a>\n\t\t\t\t<\/h3>\n\t\t\t\t\t\t\t\t\t<p class=\"elementor-icon-box-description\">\n\t\t\t\t\t\tSenegal\t\t\t\t\t<\/p>\n\t\t\t\t\t\t\t<\/div>\n\t\t<\/div>\n\t\t\t\t<\/div>\n\t\t\t\t<\/div>\n\t\t<\/div><div class=\"elementor-element elementor-element-c201e3b e-container--column e-container\" data-id=\"c201e3b\" data-element_type=\"container\" data-settings=\"{&quot;background_background&quot;:&quot;classic&quot;}\">\t\t\t\t<div class=\"elementor-element elementor-element-73a6968 elementor-view-framed elementor-shape-circle elementor-mobile-position-top elementor-vertical-align-top elementor-widget elementor-widget-icon-box\" data-id=\"73a6968\" data-element_type=\"widget\" data-widget_type=\"icon-box.default\">\n\t\t\t\t<div class=\"elementor-widget-container\">\n\t\t\t\t\t<div class=\"elementor-icon-box-wrapper\">\n\t\t\t\t\t\t<div class=\"elementor-icon-box-icon\">\n\t\t\t\t<a class=\"elementor-icon elementor-animation-\" href=\"https:\/\/feelcaboverde.com\/es\/historia\/\">\n\t\t\t\t<svg aria-hidden=\"true\" class=\"e-font-icon-svg e-fas-luggage-cart\"><use xlink:href=\"#fas-luggage-cart\" \/><\/svg>\t\t\t\t<\/a>\n\t\t\t<\/div>\n\t\t\t\t\t\t<div class=\"elementor-icon-box-content\">\n\t\t\t\t<h3 class=\"elementor-icon-box-title\">\n\t\t\t\t\t<a href=\"https:\/\/feelcaboverde.com\/es\/historia\/\">\n\t\t\t\t\t\tGrupo Transair S.A \t\t\t\t\t<\/a>\n\t\t\t\t<\/h3>\n\t\t\t\t\t\t\t\t\t<p class=\"elementor-icon-box-description\">\n\t\t\t\t\t\tSenegal\t\t\t\t\t<\/p>\n\t\t\t\t\t\t\t<\/div>\n\t\t<\/div>\n\t\t\t\t<\/div>\n\t\t\t\t<\/div>\n\t\t<\/div><div class=\"elementor-element elementor-element-1f481f5 e-container--column e-container\" data-id=\"1f481f5\" data-element_type=\"container\" data-settings=\"{&quot;background_background&quot;:&quot;classic&quot;}\">\t\t\t\t<div class=\"elementor-element elementor-element-d8b63b6 elementor-view-framed elementor-shape-circle elementor-mobile-position-top elementor-vertical-align-top elementor-widget elementor-widget-icon-box\" data-id=\"d8b63b6\" data-element_type=\"widget\" data-widget_type=\"icon-box.default\">\n\t\t\t\t<div class=\"elementor-widget-container\">\n\t\t\t\t\t<div class=\"elementor-icon-box-wrapper\">\n\t\t\t\t\t\t<div class=\"elementor-icon-box-icon\">\n\t\t\t\t<a class=\"elementor-icon elementor-animation-\" href=\"https:\/\/feelcaboverde.com\/es\/historia\/\">\n\t\t\t\t<svg aria-hidden=\"true\" class=\"e-font-icon-svg e-fas-luggage-cart\"><use xlink:href=\"#fas-luggage-cart\" \/><\/svg>\t\t\t\t<\/a>\n\t\t\t<\/div>\n\t\t\t\t\t\t<div class=\"elementor-icon-box-content\">\n\t\t\t\t<h3 class=\"elementor-icon-box-title\">\n\t\t\t\t\t<a href=\"https:\/\/feelcaboverde.com\/es\/historia\/\">\n\t\t\t\t\t\tAerol\u00edneas Asky\t\t\t\t\t<\/a>\n\t\t\t\t<\/h3>\n\t\t\t\t\t\t\t\t\t<p class=\"elementor-icon-box-description\">\n\t\t\t\t\t\tPanafricano\t\t\t\t\t<\/p>\n\t\t\t\t\t\t\t<\/div>\n\t\t<\/div>\n\t\t\t\t<\/div>\n\t\t\t\t<\/div>\n\t\t<\/div><\/div>\t\t\t\t\t<\/div>","protected":false},"excerpt":{"rendered":"<p>Aeropuertos internacionales de Cabo Verde Cabo Verde cuenta con cuatro aeropuertos internacionales por los que se puede entrar en el pa\u00eds: Aeropuerto Internacional Nelson Mandela (RAI), en Santiago Aeropuerto Internacional Ces\u00e1ria \u00c9vora ((VXE), en S\u00e3o Vicente Aeropuerto Internacional Am\u00edlcar Cabral (SID), en la isla de Sal Aeropuerto Internacional Ar\u00edstides Pereira (BVC), en la isla de Boavista Varias compa\u00f1\u00edas a\u00e9reas, [...].<\/p>","protected":false},"author":1,"featured_media":0,"parent":0,"menu_order":0,"comment_status":"closed","ping_status":"closed","template":"","meta":{"footnotes":""},"categories":[],"tags":[],"class_list":["post-2081","page","type-page","status-publish","hentry"],"_links":{"self":[{"href":"https:\/\/feelcaboverde.com\/es\/wp-json\/wp\/v2\/pages\/2081","targetHints":{"allow":["GET"]}}],"collection":[{"href":"https:\/\/feelcaboverde.com\/es\/wp-json\/wp\/v2\/pages"}],"about":[{"href":"https:\/\/feelcaboverde.com\/es\/wp-json\/wp\/v2\/types\/page"}],"author":[{"embeddable":true,"href":"https:\/\/feelcaboverde.com\/es\/wp-json\/wp\/v2\/users\/1"}],"replies":[{"embeddable":true,"href":"https:\/\/feelcaboverde.com\/es\/wp-json\/wp\/v2\/comments?post=2081"}],"version-history":[{"count":47,"href":"https:\/\/feelcaboverde.com\/es\/wp-json\/wp\/v2\/pages\/2081\/revisions"}],"predecessor-version":[{"id":4588,"href":"https:\/\/feelcaboverde.com\/es\/wp-json\/wp\/v2\/pages\/2081\/revisions\/4588"}],"wp:attachment":[{"href":"https:\/\/feelcaboverde.com\/es\/wp-json\/wp\/v2\/media?parent=2081"}],"wp:term":[{"taxonomy":"category","embeddable":true,"href":"https:\/\/feelcaboverde.com\/es\/wp-json\/wp\/v2\/categories?post=2081"},{"taxonomy":"post_tag","embeddable":true,"href":"https:\/\/feelcaboverde.com\/es\/wp-json\/wp\/v2\/tags?post=2081"}],"curies":[{"name":"wp","href":"https:\/\/api.w.org\/{rel}","templated":true}]}}