{"id":2023,"date":"2022-09-29T12:39:23","date_gmt":"2022-09-29T12:39:23","guid":{"rendered":"https:\/\/feelcaboverde.com\/?page_id=2023"},"modified":"2023-04-03T22:47:24","modified_gmt":"2023-04-03T22:47:24","slug":"simbolos-nacionais-de-cabo-verde","status":"publish","type":"page","link":"https:\/\/feelcaboverde.com\/es\/simbolos-nacionales-de-cabo-verde\/","title":{"rendered":"S\u00edmbolos nacionales de Cabo Verde"},"content":{"rendered":"<div data-elementor-type=\"wp-page\" data-elementor-id=\"2023\" class=\"elementor elementor-2023\">\n\t\t\t\t\t\t\t<div class=\"elementor-element elementor-element-7a76645 e-container--column e-container\" data-id=\"7a76645\" data-element_type=\"container\">\t\t\t\t<div class=\"elementor-element elementor-element-284c0c7 elementor-widget elementor-widget-text-editor\" data-id=\"284c0c7\" data-element_type=\"widget\" data-widget_type=\"text-editor.default\">\n\t\t\t\t<div class=\"elementor-widget-container\">\n\t\t\t<style>\/*! elementor - v3.7.1 - 14-08-2022 *\/\n.elementor-widget-text-editor.elementor-drop-cap-view-stacked .elementor-drop-cap{background-color:#818a91;color:#fff}.elementor-widget-text-editor.elementor-drop-cap-view-framed .elementor-drop-cap{color:#818a91;border:3px solid;background-color:transparent}.elementor-widget-text-editor:not(.elementor-drop-cap-view-default) .elementor-drop-cap{margin-top:8px}.elementor-widget-text-editor:not(.elementor-drop-cap-view-default) .elementor-drop-cap-letter{width:1em;height:1em}.elementor-widget-text-editor .elementor-drop-cap{float:left;text-align:center;line-height:1;font-size:50px}.elementor-widget-text-editor .elementor-drop-cap-letter{display:inline-block}<\/style>\t\t\t\t<p><span style=\"font-weight: 400;\">Cuando en 1992 se revis\u00f3 la Constituci\u00f3n de Cabo Verde para introducir el multipartidismo, se crearon nuevos s\u00edmbolos nacionales.<\/span><\/p><p><span style=\"font-weight: 400;\">El art\u00edculo 8 de la Constituci\u00f3n de la Rep\u00fablica de Cabo Verde establece los s\u00edmbolos de la soberan\u00eda nacional:\u00a0<\/span><\/p><ul><li><span style=\"font-weight: 400;\">\u00a0La bandera;<\/span><\/li><li><span style=\"font-weight: 400;\">El himno;<\/span><\/li><li><span style=\"font-weight: 400;\">Las armas nacionales.\u00a0<\/span><\/li><\/ul><p><span style=\"font-weight: 400;\"><br \/>Como s\u00edmbolos de la Rep\u00fablica de Cabo Verde, representan la independencia, la unidad y la integridad del pa\u00eds.\u00a0<\/span><\/p><h3><b>\u00a0<\/b><\/h3><h3><b>1. Bandera nacional de Cabo Verde<\/b><\/h3><p><span style=\"font-weight: 400;\">La bandera actual de Cabo Verde se adopt\u00f3 oficialmente en 1992, tras la revisi\u00f3n constitucional. Desde su independencia en 1975 hasta 1992, la bandera de Cabo Verde comparti\u00f3 las mismas caracter\u00edsticas que la de Guinea-Bissau, diferenci\u00e1ndose s\u00f3lo en algunos s\u00edmbolos.<\/span><\/p><figure style=\"width: 354px\" class=\"wp-caption aligncenter\"><a href=\"http:\/\/feelcaboverde.com\/wp-content\/uploads\/2022\/09\/03.png\"><img decoding=\"async\" src=\"http:\/\/feelcaboverde.com\/wp-content\/uploads\/2022\/09\/03-300x179.png\" alt=\"Bandera nacional de Cabo Verde\" width=\"354\" height=\"211\" \/><\/a><figcaption class=\"wp-caption-text\">Bandera nacional de Cabo Verde<\/figcaption><\/figure><h5><strong>Descripci\u00f3n oficial de la bandera nacional de Cabo Verde<\/strong><\/h5><table width=\"602\"><tbody><tr><td width=\"602\"><p>La bandera est\u00e1 formada por cinco rect\u00e1ngulos dispuestos longitudinalmente y superpuestos:<\/p><p>a) Los rect\u00e1ngulos superior e inferior son de color azul, ocupando el rect\u00e1ngulo superior una superficie igual a la mitad de la bandera y el rect\u00e1ngulo inferior una cuarta parte;<\/p><p>b) Separando los dos rect\u00e1ngulos azules, hay tres franjas, cada una con una superficie igual a la doceava parte de la superficie de la bandera;<\/p><p>c) Las rayas adyacentes a los rect\u00e1ngulos azules son blancas y la que est\u00e1 entre ellas es roja;<\/p><p>d) Encima de los cinco rect\u00e1ngulos, diez estrellas amarillas de cinco puntas, con el v\u00e9rtice superior a noventa grados, definen un c\u00edrculo cuyo centro est\u00e1 en la intersecci\u00f3n de la mediana del segundo cuarto vertical desde la izquierda y la mediana del segundo cuarto horizontal desde el borde inferior. La estrella m\u00e1s cercana a este borde est\u00e1 inscrita en un c\u00edrculo invisible cuyo centro est\u00e1 en la mediana de la banda azul inferior.<\/p><\/td><\/tr><\/tbody><\/table><p><strong>\u00a0<\/strong><\/p><h5><strong>Simbolismo de la bandera nacional de Cabo Verde<\/strong><\/h5><ul><li>Franjas azules: predominantes en la bandera, representan el mar y el cielo.<\/li><li>Estrellas amarillas: simbolizan las diez islas del archipi\u00e9lago, dispuestas en c\u00edrculo, signo de unidad.<\/li><li>Dos rayas blancas y una roja: hacen referencia a la historia de la construcci\u00f3n del pa\u00eds. El blanco simboliza la paz que queremos, y el rojo el esfuerzo y la lucha del pueblo.<\/li><li>El azul, el blanco, el rojo y el amarillo se consideran los colores nacionales de Cabo Verde.<\/li><\/ul><p><strong>\u00a0<\/strong><\/p><h3><strong>2. Himno Nacional de Cabo Verde<\/strong><\/h3><figure style=\"width: 800px\" class=\"wp-caption aligncenter\"><a href=\"http:\/\/feelcaboverde.com\/wp-content\/uploads\/2022\/09\/04.png\"><img decoding=\"async\" src=\"http:\/\/feelcaboverde.com\/wp-content\/uploads\/2022\/09\/04-1024x685.png\" alt=\"Himno nacional de Cabo Verde\" width=\"800\" height=\"535\" \/><\/a><figcaption class=\"wp-caption-text\">\u00a0 \u00a0 \u00a0 \u00a0Partitura del Himno Nacional de Cabo Verde<\/figcaption><\/figure><p>O <strong>Canci\u00f3n de libertad<\/strong> es el Himno Nacional de Cabo Verde, y fue adoptado oficialmente en 1996.<\/p><p>El himno se divide en tres estrofas, dos cuartetas y una novena.<\/p><figure style=\"width: 800px\" class=\"wp-caption aligncenter\"><a href=\"http:\/\/feelcaboverde.com\/wp-content\/uploads\/2022\/09\/unnamed-file.jpg\"><img decoding=\"async\" src=\"http:\/\/feelcaboverde.com\/wp-content\/uploads\/2022\/09\/unnamed-file-1024x978.jpg\" alt=\"Himno nacional de Cabo Verde\" width=\"800\" height=\"764\" \/><\/a><figcaption class=\"wp-caption-text\">Himno nacional de Cabo Verde<\/figcaption><\/figure><p><strong>\u00a0<\/strong><\/p><h3><strong>3. Escudo de Cabo Verde<\/strong><\/h3><p>\u00a0<\/p><p><a href=\"http:\/\/feelcaboverde.com\/wp-content\/uploads\/2022\/09\/07.png\"><img decoding=\"async\" src=\"http:\/\/feelcaboverde.com\/wp-content\/uploads\/2022\/09\/07-300x300.png\" alt=\"Escudo de Cabo Verde\" width=\"324\" height=\"324\" \/><\/a><\/p><p><strong>\u00a0<\/strong><\/p><h5><strong>Descripci\u00f3n oficial del Escudo de Cabo Verde<\/strong><\/h5><p>Las Armas Nacionales reflejan una composici\u00f3n radial que presenta los siguientes elementos desde el centro hacia la periferia:<\/p><p>a) Un tri\u00e1ngulo equil\u00e1tero azul en el que est\u00e1 inscrita una antorcha blanca;<\/p><p>b) Un c\u00edrculo que delimita un espacio en el que est\u00e1n inscritas las palabras \"REP\u00daBLICA DE CABO VERDE\" desde el \u00e1ngulo izquierdo hacia la derecha del tri\u00e1ngulo;<\/p><p>c) Tres segmentos de recta de color azul paralelos a la base del tri\u00e1ngulo, delimitados por el primer c\u00edrculo;<\/p><p>d) Un segundo c\u00edrculo;<\/p><p>e) Una plomada de color amarillo, alineada con el v\u00e9rtice del tri\u00e1ngulo equil\u00e1tero, superpuesta a los dos c\u00edrculos de la parte superior;<\/p><p>f) Tres eslabones amarillos en la base de la composici\u00f3n, seguidos de dos palmas verdes y diez estrellas amarillas de cinco puntas dispuestas sim\u00e9tricamente en dos grupos de cinco.<\/p><h5><strong>\u00a0<\/strong><\/h5><h5><strong>Simbolismo del escudo de armas de <\/strong><a href=\"https:\/\/www.governo.cv\/o-arquipelago\/simbolos\/armas-da-republica\/\" rel=\"nofollow noopener\" target=\"_blank\"><strong>Cabo Verde<\/strong><\/a><\/h5><ul><li><strong>La ca\u00edda en picado<\/strong>simboliza la verticalidad y la rectitud, que constituyen la \"clave de b\u00f3veda\" de la Constituci\u00f3n caboverdiana.<\/li><li><strong>El tri\u00e1ngulo equil\u00e1tero<\/strong>: representa la unidad, la igualdad de los derechos civiles reconocidos al Pueblo por el sistema democr\u00e1tico.<\/li><li><strong>La antorcha<\/strong>libertad conquistada tras muchos a\u00f1os de sacrificio, tortura y lucha contra los opresores.<\/li><li><strong>El mar<\/strong>simboliza la nostalgia; el brazo de agua que rodea las islas; la inspiraci\u00f3n de los poetas; el sustento de la gente; el territorio del pa\u00eds.<\/li><li><strong>El aplauso<\/strong>Son las victorias conseguidas en la lucha por la independencia nacional, un objetivo que anim\u00f3 al pueblo y fue su apoyo moral en los dif\u00edciles tiempos de sequ\u00eda.<\/li><li><strong>Las estrellas<\/strong>: simbolizan las diez islas que componen el archipi\u00e9lago de Cabo Verde.<\/li><\/ul><p><strong>\u00a0<\/strong><\/p><p><strong>\u00a0<\/strong><\/p><p><strong>Fuentes<\/strong>:<\/p><p><a href=\"https:\/\/www.governo.cv\/\" rel=\"nofollow noopener\" target=\"_blank\">Gobierno de Cabo Verde<\/a>S\u00edmbolos de la Rep\u00fablica de Cabo Verde<\/p><p><a href=\"https:\/\/portais.parlamento.cv\/SimbolosNacionais\/\" rel=\"nofollow noopener\" target=\"_blank\">Asamblea Nacional<\/a>S\u00edmbolos de la Rep\u00fablica de Cabo Verde<\/p><p><a href=\"http:\/\/www.ministeriopublico.cv\/index.php\/component\/jdownloads\/send\/8-ministerio-publico-na-jurisdicao-junto-dotrinunal-constitucinal\/246-simbolos-nacionais?option=com_jdownloads\" rel=\"nofollow noopener\" target=\"_blank\">Bolet\u00edn Oficial<\/a> N\u00ba16, Serie I, 21 de abril de 2008<\/p><p><a href=\"https:\/\/portais.parlamento.cv\/Constituicao\/arquivos\/CR_CV.pdf\" rel=\"nofollow noopener\" target=\"_blank\">Constituci\u00f3n <\/a>de la Rep\u00fablica de Cabo Verde<\/p>\t\t\t\t\t\t<\/div>\n\t\t\t\t<\/div>\n\t\t<\/div><div class=\"elementor-element elementor-element-180b3df e-container--column e-container\" data-id=\"180b3df\" data-element_type=\"container\">\t\t<\/div>\t\t\t\t\t<\/div>","protected":false},"excerpt":{"rendered":"<p>S\u00edmbolos nacionales de Cabo Verde Cuando se revis\u00f3 la Constituci\u00f3n de Cabo Verde para establecer el multipartidismo en 1992, se crearon nuevos s\u00edmbolos nacionales. El art\u00edculo 8 de la Constituci\u00f3n de la Rep\u00fablica de Cabo Verde establece como s\u00edmbolos de la soberan\u00eda nacional: La Bandera; El Himno; Las Armas Nacionales. Como s\u00edmbolos de la Rep\u00fablica de Cabo Verde representan [...]<\/p>","protected":false},"author":1,"featured_media":0,"parent":0,"menu_order":0,"comment_status":"closed","ping_status":"closed","template":"","meta":{"footnotes":""},"categories":[],"tags":[],"class_list":["post-2023","page","type-page","status-publish","hentry"],"_links":{"self":[{"href":"https:\/\/feelcaboverde.com\/es\/wp-json\/wp\/v2\/pages\/2023","targetHints":{"allow":["GET"]}}],"collection":[{"href":"https:\/\/feelcaboverde.com\/es\/wp-json\/wp\/v2\/pages"}],"about":[{"href":"https:\/\/feelcaboverde.com\/es\/wp-json\/wp\/v2\/types\/page"}],"author":[{"embeddable":true,"href":"https:\/\/feelcaboverde.com\/es\/wp-json\/wp\/v2\/users\/1"}],"replies":[{"embeddable":true,"href":"https:\/\/feelcaboverde.com\/es\/wp-json\/wp\/v2\/comments?post=2023"}],"version-history":[{"count":36,"href":"https:\/\/feelcaboverde.com\/es\/wp-json\/wp\/v2\/pages\/2023\/revisions"}],"predecessor-version":[{"id":4546,"href":"https:\/\/feelcaboverde.com\/es\/wp-json\/wp\/v2\/pages\/2023\/revisions\/4546"}],"wp:attachment":[{"href":"https:\/\/feelcaboverde.com\/es\/wp-json\/wp\/v2\/media?parent=2023"}],"wp:term":[{"taxonomy":"category","embeddable":true,"href":"https:\/\/feelcaboverde.com\/es\/wp-json\/wp\/v2\/categories?post=2023"},{"taxonomy":"post_tag","embeddable":true,"href":"https:\/\/feelcaboverde.com\/es\/wp-json\/wp\/v2\/tags?post=2023"}],"curies":[{"name":"wp","href":"https:\/\/api.w.org\/{rel}","templated":true}]}}