{"id":1924,"date":"2022-09-27T17:16:52","date_gmt":"2022-09-27T17:16:52","guid":{"rendered":"https:\/\/feelcaboverde.com\/?page_id=1924"},"modified":"2023-03-16T22:55:23","modified_gmt":"2023-03-16T22:55:23","slug":"brava","status":"publish","type":"page","link":"https:\/\/feelcaboverde.com\/es\/brava\/","title":{"rendered":"Brava"},"content":{"rendered":"<div data-elementor-type=\"wp-page\" data-elementor-id=\"1924\" class=\"elementor elementor-1924\">\n\t\t\t\t\t\t\t<div class=\"elementor-element elementor-element-680395d e-container--column e-container\" data-id=\"680395d\" data-element_type=\"container\">\t\t\t\t<div class=\"elementor-element elementor-element-e595508 elementor--h-position-center elementor--v-position-middle elementor-arrows-position-inside elementor-pagination-position-inside elementor-widget elementor-widget-slides\" data-id=\"e595508\" data-element_type=\"widget\" data-settings=\"{&quot;navigation&quot;:&quot;both&quot;,&quot;autoplay&quot;:&quot;yes&quot;,&quot;pause_on_hover&quot;:&quot;yes&quot;,&quot;pause_on_interaction&quot;:&quot;yes&quot;,&quot;autoplay_speed&quot;:5000,&quot;infinite&quot;:&quot;yes&quot;,&quot;transition&quot;:&quot;slide&quot;,&quot;transition_speed&quot;:500}\" data-widget_type=\"slides.default\">\n\t\t\t\t<div class=\"elementor-widget-container\">\n\t\t\t<style>\/*! elementor-pro - v3.5.2 - 28-11-2021 *\/\n.elementor-slides .swiper-slide-bg{-webkit-background-size:cover;background-size:cover;background-position:50%;background-repeat:no-repeat;min-width:100%;min-height:100%}.elementor-slides .swiper-slide-inner{background-repeat:no-repeat;background-position:50%;position:absolute;top:0;left:0;bottom:0;right:0;padding:50px;margin:auto}.elementor-slides .swiper-slide-inner,.elementor-slides .swiper-slide-inner:hover{color:#fff;display:-webkit-box;display:-ms-flexbox;display:flex}.elementor-slides .swiper-slide-inner .elementor-background-overlay{position:absolute;z-index:0;top:0;bottom:0;left:0;right:0}.elementor-slides .swiper-slide-inner .elementor-slide-content{position:relative;z-index:1;width:100%}.elementor-slides .swiper-slide-inner .elementor-slide-heading{font-size:35px;font-weight:700;line-height:1}.elementor-slides .swiper-slide-inner .elementor-slide-description{font-size:17px;line-height:1.4}.elementor-slides .swiper-slide-inner .elementor-slide-description:not(:last-child),.elementor-slides .swiper-slide-inner .elementor-slide-heading:not(:last-child){margin-bottom:30px}.elementor-slides .swiper-slide-inner .elementor-slide-button{border:2px solid #fff;color:#fff;background:transparent;display:inline-block}.elementor-slides .swiper-slide-inner .elementor-slide-button,.elementor-slides .swiper-slide-inner .elementor-slide-button:hover{background:transparent;color:inherit;text-decoration:none}.elementor--v-position-top .swiper-slide-inner{-webkit-box-align:start;-ms-flex-align:start;align-items:flex-start}.elementor--v-position-bottom .swiper-slide-inner{-webkit-box-align:end;-ms-flex-align:end;align-items:flex-end}.elementor--v-position-middle .swiper-slide-inner{-webkit-box-align:center;-ms-flex-align:center;align-items:center}.elementor--h-position-left .swiper-slide-inner{-webkit-box-pack:start;-ms-flex-pack:start;justify-content:flex-start}.elementor--h-position-right .swiper-slide-inner{-webkit-box-pack:end;-ms-flex-pack:end;justify-content:flex-end}.elementor--h-position-center .swiper-slide-inner{-webkit-box-pack:center;-ms-flex-pack:center;justify-content:center}body.rtl .elementor-widget-slides .elementor-swiper-button-next{left:10px;right:auto}body.rtl .elementor-widget-slides .elementor-swiper-button-prev{right:10px;left:auto}.elementor-slides-wrapper div:not(.swiper-slide)>.swiper-slide-inner{display:none}@media (max-width:767px){.elementor-slides .swiper-slide-inner{padding:30px}.elementor-slides .swiper-slide-inner .elementor-slide-heading{font-size:23px;line-height:1;margin-bottom:15px}.elementor-slides .swiper-slide-inner .elementor-slide-description{font-size:13px;line-height:1.4;margin-bottom:15px}}<\/style>\t\t<div class=\"elementor-swiper\">\n\t\t\t<div class=\"elementor-slides-wrapper elementor-main-swiper swiper-container\" dir=\"ltr\" data-animation=\"\">\n\t\t\t\t<div class=\"swiper-wrapper elementor-slides\">\n\t\t\t\t\t\t\t\t\t\t<div class=\"elementor-repeater-item-0b8d762 swiper-slide\"><div class=\"swiper-slide-bg elementor-ken-burns elementor-ken-burns--in\"><\/div><div class=\"swiper-slide-inner\" ><div class=\"swiper-slide-contents\"><\/div><\/div><\/div><div class=\"elementor-repeater-item-d56afb1 swiper-slide\"><div class=\"swiper-slide-bg elementor-ken-burns elementor-ken-burns--in\"><\/div><div class=\"swiper-slide-inner\" ><div class=\"swiper-slide-contents\"><\/div><\/div><\/div><div class=\"elementor-repeater-item-302cf13 swiper-slide\"><div class=\"swiper-slide-bg elementor-ken-burns elementor-ken-burns--in\"><\/div><div class=\"swiper-slide-inner\" ><div class=\"swiper-slide-contents\"><\/div><\/div><\/div><div class=\"elementor-repeater-item-795d139 swiper-slide\"><div class=\"swiper-slide-bg elementor-ken-burns elementor-ken-burns--in\"><\/div><div class=\"swiper-slide-inner\" ><div class=\"swiper-slide-contents\"><\/div><\/div><\/div>\t\t\t\t<\/div>\n\t\t\t\t\t\t\t\t\t\t\t\t\t\t\t<div class=\"swiper-pagination\"><\/div>\n\t\t\t\t\t\t\t\t\t\t\t\t\t\t\t\t<div class=\"elementor-swiper-button elementor-swiper-button-prev\">\n\t\t\t\t\t\t\t<svg aria-hidden=\"true\" class=\"e-font-icon-svg e-eicon-chevron-left\"><use xlink:href=\"#eicon-chevron-left\" \/><\/svg>\t\t\t\t\t\t\t<span class=\"elementor-screen-only\">Anterior<\/span>\n\t\t\t\t\t\t<\/div>\n\t\t\t\t\t\t<div class=\"elementor-swiper-button elementor-swiper-button-next\">\n\t\t\t\t\t\t\t<svg aria-hidden=\"true\" class=\"e-font-icon-svg e-eicon-chevron-right\"><use xlink:href=\"#eicon-chevron-right\" \/><\/svg>\t\t\t\t\t\t\t<span class=\"elementor-screen-only\">Siguiente<\/span>\n\t\t\t\t\t\t<\/div>\n\t\t\t\t\t\t\t\t\t\t\t\t<\/div>\n\t\t<\/div>\n\t\t\t\t<\/div>\n\t\t\t\t<\/div>\n\t\t<\/div>\t\t<section data-particle_enable=\"false\" data-particle-mobile-disabled=\"false\" class=\"elementor-section elementor-top-section elementor-element elementor-element-4fe6f1b elementor-section-boxed elementor-section-height-default elementor-section-height-default elementor-invisible\" data-id=\"4fe6f1b\" data-element_type=\"section\" data-settings=\"{&quot;motion_fx_motion_fx_scrolling&quot;:&quot;yes&quot;,&quot;animation&quot;:&quot;zoomIn&quot;,&quot;motion_fx_devices&quot;:[&quot;desktop&quot;,&quot;tablet&quot;,&quot;mobile&quot;]}\">\n\t\t\t\t\t\t<div class=\"elementor-container elementor-column-gap-default\">\n\t\t\t\t\t<div class=\"elementor-column elementor-col-100 elementor-top-column elementor-element elementor-element-351c9a8\" data-id=\"351c9a8\" data-element_type=\"column\">\n\t\t\t<div class=\"elementor-widget-wrap elementor-element-populated\">\n\t\t\t\t\t\t\t\t<section data-particle_enable=\"false\" data-particle-mobile-disabled=\"false\" class=\"elementor-section elementor-inner-section elementor-element elementor-element-b585a59 elementor-section-boxed elementor-section-height-default elementor-section-height-default\" data-id=\"b585a59\" data-element_type=\"section\">\n\t\t\t\t\t\t<div class=\"elementor-container elementor-column-gap-default\">\n\t\t\t\t\t<div class=\"elementor-column elementor-col-100 elementor-inner-column elementor-element elementor-element-08e3431\" data-id=\"08e3431\" data-element_type=\"column\">\n\t\t\t<div class=\"elementor-widget-wrap elementor-element-populated\">\n\t\t\t\t\t\t\t\t<div class=\"elementor-element elementor-element-a628d03 elementor-widget elementor-widget-heading\" data-id=\"a628d03\" data-element_type=\"widget\" data-widget_type=\"heading.default\">\n\t\t\t\t<div class=\"elementor-widget-container\">\n\t\t\t<style>\/*! elementor - v3.7.1 - 14-08-2022 *\/\n.elementor-heading-title{padding:0;margin:0;line-height:1}.elementor-widget-heading .elementor-heading-title[class*=elementor-size-]>a{color:inherit;font-size:inherit;line-height:inherit}.elementor-widget-heading .elementor-heading-title.elementor-size-small{font-size:15px}.elementor-widget-heading .elementor-heading-title.elementor-size-medium{font-size:19px}.elementor-widget-heading .elementor-heading-title.elementor-size-large{font-size:29px}.elementor-widget-heading .elementor-heading-title.elementor-size-xl{font-size:39px}.elementor-widget-heading .elementor-heading-title.elementor-size-xxl{font-size:59px}<\/style><h2 class=\"elementor-heading-title elementor-size-default\">Isla Brava: marav\u00edllese con la belleza y la paz de este tesoro escondido de Cabo Verde<\/h2>\t\t<\/div>\n\t\t\t\t<\/div>\n\t\t\t\t<div class=\"elementor-element elementor-element-e86f908 elementor-widget elementor-widget-text-editor\" data-id=\"e86f908\" data-element_type=\"widget\" data-widget_type=\"text-editor.default\">\n\t\t\t\t<div class=\"elementor-widget-container\">\n\t\t\t<style>\/*! elementor - v3.7.1 - 14-08-2022 *\/\n.elementor-widget-text-editor.elementor-drop-cap-view-stacked .elementor-drop-cap{background-color:#818a91;color:#fff}.elementor-widget-text-editor.elementor-drop-cap-view-framed .elementor-drop-cap{color:#818a91;border:3px solid;background-color:transparent}.elementor-widget-text-editor:not(.elementor-drop-cap-view-default) .elementor-drop-cap{margin-top:8px}.elementor-widget-text-editor:not(.elementor-drop-cap-view-default) .elementor-drop-cap-letter{width:1em;height:1em}.elementor-widget-text-editor .elementor-drop-cap{float:left;text-align:center;line-height:1;font-size:50px}.elementor-widget-text-editor .elementor-drop-cap-letter{display:inline-block}<\/style>\t\t\t\t<p>Brava es la isla habitada m\u00e1s peque\u00f1a de Cabo Verde, situada en el extremo sur del archipi\u00e9lago. Brava es pura poes\u00eda, no hay otra forma de describirla.<\/p><p>El final del amanecer brumoso es anunciado por el armonioso canto de los p\u00e1jaros. La luz comienza a revelar los valles ocultos por la oscuridad de la noche.  El alba se rompe con los primeros rayos del sol que asoman tras las f\u00e9rtiles colinas. A lo lejos se oyen los gallos abri\u00e9ndose paso en la quietud de la ma\u00f1ana. El aire h\u00famedo con restos de roc\u00edo huele a caf\u00e9 fresco rodeado del aroma de las flores. Las plantas frutales est\u00e1n salpicadas de tonos amarillos, rojos y naranjas. Hay pl\u00e1tanos, pitangas y papayas para desayunar. Abre la ventana y siente, \u00a1Brava est\u00e1 despierta!<\/p><p>Brava est\u00e1 pintada con flores de colores y valles en tonos de verde denso. El sol no brilla mucho, por lo que el aire es fresco. Aunque es peque\u00f1a, aqu\u00ed hay mucho que ver. Brava quiere ser vista y por eso cuenta con multitud de miradores repartidos por toda la isla. Son visitas obligadas el mirador de Fontainhas, que es el punto m\u00e1s alto de la isla, el mirador de Mira Beleza, el mirador de Mira Grandeza, el mirador de Nova Sintra y el mirador de Mato Grande.<\/p><p>El Ayuntamiento de Brava es el \u00fanico de la isla y tiene su sede en la ciudad de Nova Sintra. Nova Sintra es un pueblecito encantador hasta decir basta. Se caracteriza por sus callejuelas llenas de historia y arquitectura tradicional portuguesa. Una visita obligada en esta localidad es el Museo Eug\u00e9nio Tavares, poeta y exponente de la literatura caboverdiana. Tambi\u00e9n puede disfrutar de una visita al Centrum Sete S\u00f3is Sete Luas, un espacio para exposiciones de arte, eventos culturales y festivales de m\u00fasica en directo. Tambi\u00e9n podr\u00e1 disfrutar del trabajo de las encajeras de la isla.<\/p><p>Brava es para los amantes de la naturaleza. Para los amantes del senderismo, las temperaturas agradables y no demasiado calurosas permiten explorar la isla por sus verdes y misteriosos senderos.<\/p><p>Para los que no pueden vivir sin el mar, pueden contemplar las actividades portuarias y pesqueras en Porto da Furna y visitar Faj\u00e3 de \u00c1gua. Esta localidad est\u00e1 situada en una bah\u00eda contra un acantilado, mostrando una belleza singular. El oc\u00e9ano inunda las enormes piscinas naturales formadas por el acantilado, donde el agua es azul, la temperatura perfecta y los paisajes rom\u00e1nticos. Aqu\u00ed tambi\u00e9n podr\u00e1 sentarse en un bar-restaurante junto al mar a esperar la magn\u00edfica puesta de sol mientras saborea una rica raci\u00f3n de morena frita.<\/p><p><strong>Elijas lo que elijas, no te equivocar\u00e1s. Brava s\u00f3lo deja nostalgia en el coraz\u00f3n de los que pasan por all\u00ed. \u00a1Ven y si\u00e9ntelo!<\/strong><\/p>\t\t\t\t\t\t<\/div>\n\t\t\t\t<\/div>\n\t\t\t\t\t<\/div>\n\t\t<\/div>\n\t\t\t\t\t\t\t<\/div>\n\t\t<\/section>\n\t\t\t\t\t<\/div>\n\t\t<\/div>\n\t\t\t\t\t\t\t<\/div>\n\t\t<\/section>\n\t\t\t\t\t\t\t<\/div>","protected":false},"excerpt":{"rendered":"<p>Anterior Siguiente Isla Brava: marav\u00edllese ante la belleza y la paz de este tesoro escondido de Cabo Verde Brava es la isla habitada m\u00e1s peque\u00f1a de Cabo Verde, situada en el extremo sur del archipi\u00e9lago. Brava es pura poes\u00eda, no hay otra forma de describirla. El final del amanecer brumoso es anunciado por el canto armonioso de [...]<\/p>","protected":false},"author":1,"featured_media":0,"parent":0,"menu_order":0,"comment_status":"closed","ping_status":"closed","template":"elementor_header_footer","meta":{"footnotes":""},"categories":[],"tags":[],"class_list":["post-1924","page","type-page","status-publish","hentry"],"_links":{"self":[{"href":"https:\/\/feelcaboverde.com\/es\/wp-json\/wp\/v2\/pages\/1924","targetHints":{"allow":["GET"]}}],"collection":[{"href":"https:\/\/feelcaboverde.com\/es\/wp-json\/wp\/v2\/pages"}],"about":[{"href":"https:\/\/feelcaboverde.com\/es\/wp-json\/wp\/v2\/types\/page"}],"author":[{"embeddable":true,"href":"https:\/\/feelcaboverde.com\/es\/wp-json\/wp\/v2\/users\/1"}],"replies":[{"embeddable":true,"href":"https:\/\/feelcaboverde.com\/es\/wp-json\/wp\/v2\/comments?post=1924"}],"version-history":[{"count":13,"href":"https:\/\/feelcaboverde.com\/es\/wp-json\/wp\/v2\/pages\/1924\/revisions"}],"predecessor-version":[{"id":4047,"href":"https:\/\/feelcaboverde.com\/es\/wp-json\/wp\/v2\/pages\/1924\/revisions\/4047"}],"wp:attachment":[{"href":"https:\/\/feelcaboverde.com\/es\/wp-json\/wp\/v2\/media?parent=1924"}],"wp:term":[{"taxonomy":"category","embeddable":true,"href":"https:\/\/feelcaboverde.com\/es\/wp-json\/wp\/v2\/categories?post=1924"},{"taxonomy":"post_tag","embeddable":true,"href":"https:\/\/feelcaboverde.com\/es\/wp-json\/wp\/v2\/tags?post=1924"}],"curies":[{"name":"wp","href":"https:\/\/api.w.org\/{rel}","templated":true}]}}